{"id":3493,"date":"2025-04-19T12:14:12","date_gmt":"2025-04-19T12:14:12","guid":{"rendered":"https:\/\/babypillowwholesale.com\/?post_type=product&#038;p=3493"},"modified":"2025-06-05T14:36:07","modified_gmt":"2025-06-05T14:36:07","slug":"memory-foam-pillow-c-shaped-pillow-core","status":"publish","type":"product","link":"https:\/\/babypillowwholesale.com\/pt\/product\/memory-foam-pillow-c-shaped-pillow-core\/","title":{"rendered":"Almofada de espuma viscoel\u00e1stica - N\u00facleo da almofada em forma de C"},"content":{"rendered":"<div class=\"auto-hide-last-sibling-br paragraph-qzbcQC paragraph-element br-paragraph-space\">\n<div class=\"auto-hide-last-sibling-br paragraph-qzbcQC paragraph-element br-paragraph-space\">\n<div class=\"auto-hide-last-sibling-br paragraph-qzbcQC paragraph-element br-paragraph-space\">\n<div class=\"auto-hide-last-sibling-br paragraph-qzbcQC paragraph-element br-paragraph-space\">\n<div class=\"inter-wlTS5w\" data-immersive-translate-walked=\"d12d8f94-b8ff-4d99-b7de-4fecb356978f\">\n<div class=\"container-QE4ayg\">\n<div class=\"item-jU10IN\">\n<div class=\"container-jODEnh chrome70-container\">\n<div class=\"inner-eE95c9 inner-item-aL3Ui_\" data-target-id=\"message-box-target-id\" data-testid=\"union_message\">\n<div class=\"message-block-container-liuetz\" data-testid=\"message-block-container\">\n<div class=\"message-box-ZWbBdF\" data-testid=\"receive_message\" data-message-id=\"3380063449561346\">\n<div class=\"message-box-content-wrapper-srHdUj\">\n<div class=\"message-content message-box-content-otxGGw receive-message-box-content-_lREFj samantha-message-box-content-Qjmpja\" data-testid=\"message_content\">\n<div class=\"container-hfX5E8 flow-markdown-body theme-samantha-yJEgBp\" dir=\"ltr\" data-testid=\"message_text_content\" data-show-indicator=\"false\">\n<div class=\"auto-hide-last-sibling-br paragraph-qzbcQC paragraph-element br-paragraph-space\">Eis a almofada Memory Foam Pillow - C - shaped Pillow Core, uma almofada essencial para o sono, meticulosamente concebida para o conforto dos beb\u00e9s dos 0 aos 6 meses. A sua forma ic\u00f3nica em C n\u00e3o \u00e9 apenas uma forma; \u00e9 um ponto de partida para uma viagem personalizada.<\/div>\n<p>&nbsp;<\/p>\n<div class=\"auto-hide-last-sibling-br paragraph-qzbcQC paragraph-element br-paragraph-space\">Compreendemos que os contornos de cada beb\u00e9 s\u00e3o t\u00e3o \u00fanicos como o seu primeiro sorriso. \u00c9 por isso que oferecemos a capacidade inigual\u00e1vel de aperfei\u00e7oar a curvatura e a espessura do n\u00facleo desta almofada. Quer o seu filho precise de um abra\u00e7o suave e confort\u00e1vel ou de uma estrutura de apoio mais robusta, podemos esculpi-la na perfei\u00e7\u00e3o, garantindo um ajuste t\u00e3o individual como ele.<\/div>\n<p>&nbsp;<\/p>\n<div class=\"auto-hide-last-sibling-br paragraph-qzbcQC paragraph-element br-paragraph-space\">A superf\u00edcie desta maravilha em forma de C \u00e9 um portal para um mundo de imagina\u00e7\u00e3o. Utilizando apenas as tintas mais seguras e n\u00e3o t\u00f3xicas, podemos adorn\u00e1-lo com padr\u00f5es que parecem dan\u00e7ar com capricho. Imagine uma cascata de ondas em tons pastel, como se levasse o seu beb\u00e9 para um sono de sonho \u00e0 beira-mar, ou uma constela\u00e7\u00e3o de estrelas cintilantes, transformando cada sesta numa aventura celestial. Estes n\u00e3o s\u00e3o apenas desenhos; s\u00e3o portas de entrada para um reino onde o conforto encontra a criatividade.<\/div>\n<p>&nbsp;<\/p>\n<div class=\"auto-hide-last-sibling-br paragraph-qzbcQC paragraph-element br-paragraph-space\">Mas a personaliza\u00e7\u00e3o n\u00e3o termina aqui. A espuma hidrof\u00edlica no seu n\u00facleo \u00e9 uma tela de possibilidades t\u00e1cteis. Podemos adaptar a sua firmeza \u00e0s suas especifica\u00e7\u00f5es exactas, quer deseje a suavidade de uma nuvem - como um ber\u00e7o - ou a estabilidade tranquilizadora de um apoio mais estruturado. \u00c9 esta dedica\u00e7\u00e3o \u00e0 individualidade, esta busca do extraordin\u00e1rio, que transforma a nossa Almofada de espuma hidrof\u00edlica - N\u00facleo da almofada em forma de C - de um mero produto numa can\u00e7\u00e3o de embalar \u00fanica e acarinhada para o sono do seu beb\u00e9.<\/div>\n<\/div>\n<\/div>\n<\/div>\n<\/div>\n<\/div>\n<\/div>\n<\/div>\n<\/div>\n<\/div>\n<\/div>\n<\/div>\n<\/div>\n<\/div>\n<\/div>","protected":false},"excerpt":{"rendered":"<div class=\"auto-hide-last-sibling-br paragraph-qzbcQC paragraph-element br-paragraph-space\">Esta almofada de espuma viscoel\u00e1stica - n\u00facleo em forma de C, concebida para beb\u00e9s dos 0 aos 6 meses, oferece in\u00fameras possibilidades de personaliza\u00e7\u00e3o e design. A sua forma distintiva em C pode ser ainda mais aperfei\u00e7oada. Podemos ajustar a curvatura e a espessura do n\u00facleo da almofada para melhor se adaptar ao contorno do corpo do beb\u00e9, aumentando o conforto e o apoio. A superf\u00edcie pode ser personalizada com padr\u00f5es n\u00e3o t\u00f3xicos e amigos do beb\u00e9, tais como suaves ondas em tons pastel ou pequenas estrelas, acrescentando um toque de encanto. Al\u00e9m disso, a firmeza da espuma hidrof\u00edlica pode ser adaptada de acordo com as necessidades espec\u00edficas, quer se trate de uma sensa\u00e7\u00e3o mais suave para uma experi\u00eancia mais amortecida ou de uma textura mais firme para maior estabilidade. Desta forma, os pais podem criar um n\u00facleo de almofada verdadeiramente personalizado que satisfa\u00e7a as necessidades \u00fanicas do seu beb\u00e9.<\/div>","protected":false},"featured_media":3494,"comment_status":"open","ping_status":"closed","template":"","meta":{"_uag_custom_page_level_css":"","site-sidebar-layout":"default","site-content-layout":"","ast-site-content-layout":"default","site-content-style":"default","site-sidebar-style":"default","ast-global-header-display":"","ast-banner-title-visibility":"","ast-main-header-display":"","ast-hfb-above-header-display":"","ast-hfb-below-header-display":"","ast-hfb-mobile-header-display":"","site-post-title":"","ast-breadcrumbs-content":"","ast-featured-img":"","footer-sml-layout":"","ast-disable-related-posts":"","theme-transparent-header-meta":"default","adv-header-id-meta":"","stick-header-meta":"","header-above-stick-meta":"","header-main-stick-meta":"","header-below-stick-meta":"","astra-migrate-meta-layouts":"set","ast-page-background-enabled":"default","ast-page-background-meta":{"desktop":{"background-color":"","background-image":"","background-repeat":"repeat","background-position":"center center","background-size":"auto","background-attachment":"scroll","background-type":"","background-media":"","overlay-type":"","overlay-color":"","overlay-opacity":"","overlay-gradient":""},"tablet":{"background-color":"","background-image":"","background-repeat":"repeat","background-position":"center center","background-size":"auto","background-attachment":"scroll","background-type":"","background-media":"","overlay-type":"","overlay-color":"","overlay-opacity":"","overlay-gradient":""},"mobile":{"background-color":"","background-image":"","background-repeat":"repeat","background-position":"center center","background-size":"auto","background-attachment":"scroll","background-type":"","background-media":"","overlay-type":"","overlay-color":"","overlay-opacity":"","overlay-gradient":""}},"ast-content-background-meta":{"desktop":{"background-color":"var(--ast-global-color-5)","background-image":"","background-repeat":"repeat","background-position":"center center","background-size":"auto","background-attachment":"scroll","background-type":"","background-media":"","overlay-type":"","overlay-color":"","overlay-opacity":"","overlay-gradient":""},"tablet":{"background-color":"var(--ast-global-color-5)","background-image":"","background-repeat":"repeat","background-position":"center center","background-size":"auto","background-attachment":"scroll","background-type":"","background-media":"","overlay-type":"","overlay-color":"","overlay-opacity":"","overlay-gradient":""},"mobile":{"background-color":"var(--ast-global-color-5)","background-image":"","background-repeat":"repeat","background-position":"center center","background-size":"auto","background-attachment":"scroll","background-type":"","background-media":"","overlay-type":"","overlay-color":"","overlay-opacity":"","overlay-gradient":""}}},"product_brand":[],"product_cat":[65,32],"product_tag":[70,68,71,69],"class_list":{"0":"post-3493","1":"product","2":"type-product","3":"status-publish","4":"has-post-thumbnail","6":"product_cat-0-to-6months-oem","7":"product_cat-customize","8":"product_tag-babypillow","9":"product_tag-cuteanimalpillow","10":"product_tag-headshapesupport","11":"product_tag-kouniushapingpillow","12":"desktop-align-left","13":"tablet-align-left","14":"mobile-align-left","16":"first","17":"instock","18":"shipping-taxable","19":"product-type-simple"},"aioseo_notices":[],"uagb_featured_image_src":{"full":["https:\/\/babypillowwholesale.com\/wp-content\/uploads\/2025\/04\/0005.jpg",1000,1000,false],"thumbnail":["https:\/\/babypillowwholesale.com\/wp-content\/uploads\/2025\/04\/0005-150x150.jpg",150,150,true],"medium":["https:\/\/babypillowwholesale.com\/wp-content\/uploads\/2025\/04\/0005-300x300.jpg",300,300,true],"medium_large":["https:\/\/babypillowwholesale.com\/wp-content\/uploads\/2025\/04\/0005-768x768.jpg",768,768,true],"large":["https:\/\/babypillowwholesale.com\/wp-content\/uploads\/2025\/04\/0005.jpg",1000,1000,false],"1536x1536":["https:\/\/babypillowwholesale.com\/wp-content\/uploads\/2025\/04\/0005.jpg",1000,1000,false],"2048x2048":["https:\/\/babypillowwholesale.com\/wp-content\/uploads\/2025\/04\/0005.jpg",1000,1000,false],"trp-custom-language-flag":["https:\/\/babypillowwholesale.com\/wp-content\/uploads\/2025\/04\/0005.jpg",12,12,false],"woocommerce_thumbnail":["https:\/\/babypillowwholesale.com\/wp-content\/uploads\/2025\/04\/0005-300x300.jpg",300,300,true],"woocommerce_single":["https:\/\/babypillowwholesale.com\/wp-content\/uploads\/2025\/04\/0005-600x600.jpg",600,600,true],"woocommerce_gallery_thumbnail":["https:\/\/babypillowwholesale.com\/wp-content\/uploads\/2025\/04\/0005-100x100.jpg",100,100,true]},"uagb_author_info":{"display_name":"Etnen zhong","author_link":"https:\/\/babypillowwholesale.com\/pt\/author\/"},"uagb_comment_info":0,"uagb_excerpt":"This Memory Foam Pillow - C - shaped Pillow Core, designed for babies aged 0 - 6 months, presents a wealth of customization and design possibilities. Its distinctive C - shape can be further refined. We can adjust the curvature and thickness of the pillow core to better fit the baby's body contour, enhancing comfort&hellip;","jetpack_sharing_enabled":true,"_links":{"self":[{"href":"https:\/\/babypillowwholesale.com\/pt\/wp-json\/wp\/v2\/product\/3493","targetHints":{"allow":["GET"]}}],"collection":[{"href":"https:\/\/babypillowwholesale.com\/pt\/wp-json\/wp\/v2\/product"}],"about":[{"href":"https:\/\/babypillowwholesale.com\/pt\/wp-json\/wp\/v2\/types\/product"}],"replies":[{"embeddable":true,"href":"https:\/\/babypillowwholesale.com\/pt\/wp-json\/wp\/v2\/comments?post=3493"}],"wp:featuredmedia":[{"embeddable":true,"href":"https:\/\/babypillowwholesale.com\/pt\/wp-json\/wp\/v2\/media\/3494"}],"wp:attachment":[{"href":"https:\/\/babypillowwholesale.com\/pt\/wp-json\/wp\/v2\/media?parent=3493"}],"wp:term":[{"taxonomy":"product_brand","embeddable":true,"href":"https:\/\/babypillowwholesale.com\/pt\/wp-json\/wp\/v2\/product_brand?post=3493"},{"taxonomy":"product_cat","embeddable":true,"href":"https:\/\/babypillowwholesale.com\/pt\/wp-json\/wp\/v2\/product_cat?post=3493"},{"taxonomy":"product_tag","embeddable":true,"href":"https:\/\/babypillowwholesale.com\/pt\/wp-json\/wp\/v2\/product_tag?post=3493"}],"curies":[{"name":"wp","href":"https:\/\/api.w.org\/{rel}","templated":true}]}}