{"id":3491,"date":"2025-04-19T09:25:10","date_gmt":"2025-04-19T09:25:10","guid":{"rendered":"https:\/\/babypillowwholesale.com\/?post_type=product&#038;p=3491"},"modified":"2025-06-05T14:43:03","modified_gmt":"2025-06-05T14:43:03","slug":"memory-foam-pillow-small-apple-shaped-pillow-core","status":"publish","type":"product","link":"https:\/\/babypillowwholesale.com\/pt\/product\/memory-foam-pillow-small-apple-shaped-pillow-core\/","title":{"rendered":"Almofada de espuma viscoel\u00e1stica - Ma\u00e7\u00e3 pequena - n\u00facleo da almofada"},"content":{"rendered":"<div class=\"auto-hide-last-sibling-br paragraph-qzbcQC paragraph-element br-paragraph-space\">\n<div class=\"auto-hide-last-sibling-br paragraph-qzbcQC paragraph-element br-paragraph-space\">\n<div class=\"auto-hide-last-sibling-br paragraph-qzbcQC paragraph-element br-paragraph-space\">\n<div class=\"auto-hide-last-sibling-br paragraph-qzbcQC paragraph-element br-paragraph-space\">Apresentamos a Almofada de Espuma com Mem\u00f3ria - N\u00facleo da Almofada em Forma de Ma\u00e7\u00e3 Pequena, uma deliciosa almofada essencial para dormir, concebida para os mais pequenos sonhadores com idades entre os 0 e os 6 meses. A sua encantadora silhueta inspirada na ma\u00e7\u00e3 n\u00e3o \u00e9 apenas um deleite visual; \u00e9 uma porta de entrada para um reino de personaliza\u00e7\u00e3o sem paralelo.<\/div>\n<p>&nbsp;<\/p>\n<div class=\"auto-hide-last-sibling-br paragraph-qzbcQC paragraph-element br-paragraph-space\">Reconhecemos que cada beb\u00e9 \u00e9 \u00fanico, e o seu conforto tamb\u00e9m o deve ser. \u00c9 por isso que oferecemos a possibilidade de afinar a densidade da espuma hidrof\u00edlica. Quer o seu pequeno prefira a suavidade de um abra\u00e7o como uma nuvem ou a firmeza tranquilizadora que proporciona um apoio suave, podemos criar a experi\u00eancia t\u00e1til perfeita.<\/div>\n<p>&nbsp;<\/p>\n<div class=\"auto-hide-last-sibling-br paragraph-qzbcQC paragraph-element br-paragraph-space\">A superf\u00edcie desta maravilha em forma de ma\u00e7\u00e3 \u00e9 uma tela em branco para a criatividade. Utilizando apenas as tintas mais seguras e n\u00e3o t\u00f3xicas, podemos adorn\u00e1-la com impress\u00f5es encantadoras. Imagine uma constela\u00e7\u00e3o de delicadas flores de macieira, com as suas p\u00e9talas a esvoa\u00e7ar ao sabor de uma brisa suave, ou um desfile de joaninhas brincalhonas, como se estivessem numa miss\u00e3o para trazer sorrisos ao sono do seu beb\u00e9. Estes estampados n\u00e3o s\u00e3o apenas decora\u00e7\u00f5es; s\u00e3o hist\u00f3rias \u00e0 espera de serem contadas, acrescentando uma camada de magia a cada sesta.<\/div>\n<p>&nbsp;<\/p>\n<div class=\"auto-hide-last-sibling-br paragraph-qzbcQC paragraph-element br-paragraph-space\">Mas a personaliza\u00e7\u00e3o n\u00e3o se fica por aqui. O entalhe central, uma carater\u00edstica crucial para o conforto do seu beb\u00e9, pode ser meticulosamente ajustado. Podemos modificar com precis\u00e3o o seu tamanho e curvatura, assegurando que embala a cabe\u00e7a do seu beb\u00e9 como um abra\u00e7o carinhoso. \u00c9 esta aten\u00e7\u00e3o ao pormenor, este compromisso com a exclusividade, que faz da nossa Almofada de espuma viscoel\u00e1stica - Pequena ma\u00e7\u00e3 - em forma de almofada n\u00e3o apenas um produto, mas uma recorda\u00e7\u00e3o acarinhada, uma can\u00e7\u00e3o de embalar \u00fanica para o sono do seu beb\u00e9.<\/div>\n<\/div>\n<\/div>\n<\/div>","protected":false},"excerpt":{"rendered":"<div class=\"auto-hide-last-sibling-br paragraph-qzbcQC paragraph-element br-paragraph-space\">Esta almofada de espuma viscoel\u00e1stica - N\u00facleo da almofada em forma de ma\u00e7\u00e3 pequena, adequada para beb\u00e9s dos 0 aos 6 meses, oferece um potencial de personaliza\u00e7\u00e3o e design not\u00e1vel. A sua bonita forma de ma\u00e7\u00e3 \u00e9 apenas o ponto de partida. Podemos modificar a densidade da espuma hidrof\u00edlica para satisfazer as necessidades espec\u00edficas de conforto do seu beb\u00e9, quer seja uma sensa\u00e7\u00e3o mais suave para um maior aconchego ou uma textura mais firme para um maior apoio. Pense em delicados padr\u00f5es de flores de macieira ou pequenos motivos de joaninhas que d\u00e3o um toque caprichoso. Al\u00e9m disso, o tamanho e a curvatura do entalhe central podem ser ajustados com precis\u00e3o para proporcionar o ajuste perfeito \u00e0 cabe\u00e7a do seu beb\u00e9, garantindo um conforto e apoio ideais. Isto permite-lhe criar um n\u00facleo de almofada verdadeiramente \u00fanico que satisfaz tanto as necessidades do seu beb\u00e9 como as suas prefer\u00eancias est\u00e9ticas.<\/div>","protected":false},"featured_media":3492,"comment_status":"open","ping_status":"closed","template":"","meta":{"_uag_custom_page_level_css":"","site-sidebar-layout":"default","site-content-layout":"","ast-site-content-layout":"default","site-content-style":"default","site-sidebar-style":"default","ast-global-header-display":"","ast-banner-title-visibility":"","ast-main-header-display":"","ast-hfb-above-header-display":"","ast-hfb-below-header-display":"","ast-hfb-mobile-header-display":"","site-post-title":"","ast-breadcrumbs-content":"","ast-featured-img":"","footer-sml-layout":"","ast-disable-related-posts":"","theme-transparent-header-meta":"default","adv-header-id-meta":"","stick-header-meta":"","header-above-stick-meta":"","header-main-stick-meta":"","header-below-stick-meta":"","astra-migrate-meta-layouts":"set","ast-page-background-enabled":"default","ast-page-background-meta":{"desktop":{"background-color":"","background-image":"","background-repeat":"repeat","background-position":"center center","background-size":"auto","background-attachment":"scroll","background-type":"","background-media":"","overlay-type":"","overlay-color":"","overlay-opacity":"","overlay-gradient":""},"tablet":{"background-color":"","background-image":"","background-repeat":"repeat","background-position":"center center","background-size":"auto","background-attachment":"scroll","background-type":"","background-media":"","overlay-type":"","overlay-color":"","overlay-opacity":"","overlay-gradient":""},"mobile":{"background-color":"","background-image":"","background-repeat":"repeat","background-position":"center center","background-size":"auto","background-attachment":"scroll","background-type":"","background-media":"","overlay-type":"","overlay-color":"","overlay-opacity":"","overlay-gradient":""}},"ast-content-background-meta":{"desktop":{"background-color":"var(--ast-global-color-5)","background-image":"","background-repeat":"repeat","background-position":"center center","background-size":"auto","background-attachment":"scroll","background-type":"","background-media":"","overlay-type":"","overlay-color":"","overlay-opacity":"","overlay-gradient":""},"tablet":{"background-color":"var(--ast-global-color-5)","background-image":"","background-repeat":"repeat","background-position":"center center","background-size":"auto","background-attachment":"scroll","background-type":"","background-media":"","overlay-type":"","overlay-color":"","overlay-opacity":"","overlay-gradient":""},"mobile":{"background-color":"var(--ast-global-color-5)","background-image":"","background-repeat":"repeat","background-position":"center center","background-size":"auto","background-attachment":"scroll","background-type":"","background-media":"","overlay-type":"","overlay-color":"","overlay-opacity":"","overlay-gradient":""}}},"product_brand":[],"product_cat":[65,32],"product_tag":[70,68,71,69],"class_list":{"0":"post-3491","1":"product","2":"type-product","3":"status-publish","4":"has-post-thumbnail","6":"product_cat-0-to-6months-oem","7":"product_cat-customize","8":"product_tag-babypillow","9":"product_tag-cuteanimalpillow","10":"product_tag-headshapesupport","11":"product_tag-kouniushapingpillow","12":"desktop-align-left","13":"tablet-align-left","14":"mobile-align-left","16":"first","17":"instock","18":"shipping-taxable","19":"product-type-simple"},"aioseo_notices":[],"uagb_featured_image_src":{"full":["https:\/\/babypillowwholesale.com\/wp-content\/uploads\/2025\/04\/0004.jpg",1000,1000,false],"thumbnail":["https:\/\/babypillowwholesale.com\/wp-content\/uploads\/2025\/04\/0004-150x150.jpg",150,150,true],"medium":["https:\/\/babypillowwholesale.com\/wp-content\/uploads\/2025\/04\/0004-300x300.jpg",300,300,true],"medium_large":["https:\/\/babypillowwholesale.com\/wp-content\/uploads\/2025\/04\/0004-768x768.jpg",768,768,true],"large":["https:\/\/babypillowwholesale.com\/wp-content\/uploads\/2025\/04\/0004.jpg",1000,1000,false],"1536x1536":["https:\/\/babypillowwholesale.com\/wp-content\/uploads\/2025\/04\/0004.jpg",1000,1000,false],"2048x2048":["https:\/\/babypillowwholesale.com\/wp-content\/uploads\/2025\/04\/0004.jpg",1000,1000,false],"trp-custom-language-flag":["https:\/\/babypillowwholesale.com\/wp-content\/uploads\/2025\/04\/0004.jpg",12,12,false],"woocommerce_thumbnail":["https:\/\/babypillowwholesale.com\/wp-content\/uploads\/2025\/04\/0004-300x300.jpg",300,300,true],"woocommerce_single":["https:\/\/babypillowwholesale.com\/wp-content\/uploads\/2025\/04\/0004-600x600.jpg",600,600,true],"woocommerce_gallery_thumbnail":["https:\/\/babypillowwholesale.com\/wp-content\/uploads\/2025\/04\/0004-100x100.jpg",100,100,true]},"uagb_author_info":{"display_name":"Etnen zhong","author_link":"https:\/\/babypillowwholesale.com\/pt\/author\/"},"uagb_comment_info":0,"uagb_excerpt":"This Memory Foam Pillow - Small Apple - shaped Pillow Core, suitable for babies aged 0 - 6 months, offers remarkable customization and design potential. Its cute apple - like shape is just the starting point. We can modify the density of the hydrophilic foam to suit your baby's specific comfort requirements, whether it's a&hellip;","jetpack_sharing_enabled":true,"_links":{"self":[{"href":"https:\/\/babypillowwholesale.com\/pt\/wp-json\/wp\/v2\/product\/3491","targetHints":{"allow":["GET"]}}],"collection":[{"href":"https:\/\/babypillowwholesale.com\/pt\/wp-json\/wp\/v2\/product"}],"about":[{"href":"https:\/\/babypillowwholesale.com\/pt\/wp-json\/wp\/v2\/types\/product"}],"replies":[{"embeddable":true,"href":"https:\/\/babypillowwholesale.com\/pt\/wp-json\/wp\/v2\/comments?post=3491"}],"wp:featuredmedia":[{"embeddable":true,"href":"https:\/\/babypillowwholesale.com\/pt\/wp-json\/wp\/v2\/media\/3492"}],"wp:attachment":[{"href":"https:\/\/babypillowwholesale.com\/pt\/wp-json\/wp\/v2\/media?parent=3491"}],"wp:term":[{"taxonomy":"product_brand","embeddable":true,"href":"https:\/\/babypillowwholesale.com\/pt\/wp-json\/wp\/v2\/product_brand?post=3491"},{"taxonomy":"product_cat","embeddable":true,"href":"https:\/\/babypillowwholesale.com\/pt\/wp-json\/wp\/v2\/product_cat?post=3491"},{"taxonomy":"product_tag","embeddable":true,"href":"https:\/\/babypillowwholesale.com\/pt\/wp-json\/wp\/v2\/product_tag?post=3491"}],"curies":[{"name":"wp","href":"https:\/\/api.w.org\/{rel}","templated":true}]}}