{"id":3485,"date":"2025-04-19T02:35:27","date_gmt":"2025-04-19T02:35:27","guid":{"rendered":"https:\/\/babypillowwholesale.com\/?post_type=product&#038;p=3485"},"modified":"2025-06-05T14:53:09","modified_gmt":"2025-06-05T14:53:09","slug":"memory-foam-pillow-thick-bear-shaped-pillow-core","status":"publish","type":"product","link":"https:\/\/babypillowwholesale.com\/pt\/product\/memory-foam-pillow-thick-bear-shaped-pillow-core\/","title":{"rendered":"Almofada de espuma viscoel\u00e1stica - Urso espesso - N\u00facleo da almofada em forma de urso"},"content":{"rendered":"<div class=\"auto-hide-last-sibling-br paragraph-qzbcQC paragraph-element br-paragraph-space\">\n<div class=\"auto-hide-last-sibling-br paragraph-qzbcQC paragraph-element br-paragraph-space\">Esta almofada de espuma viscoel\u00e1stica - n\u00facleo de almofada espesso em forma de urso, concebida especialmente para beb\u00e9s dos 0 aos 6 meses, \u00e9 um exemplo de singularidade e potencial de personaliza\u00e7\u00e3o. A sua silhueta em forma de urso, inerentemente encantadora, n\u00e3o \u00e9 apenas uma escolha de design gira; \u00e9 um ponto de partida para criar uma almofada essencial para o beb\u00e9, \u00fanica no seu g\u00e9nero.<\/div>\n<p>&nbsp;<\/p>\n<div class=\"auto-hide-last-sibling-br paragraph-qzbcQC paragraph-element br-paragraph-space\">Os orif\u00edcios de ventila\u00e7\u00e3o, uma carater\u00edstica funcional fundamental, n\u00e3o s\u00e3o imut\u00e1veis. Podemos ajustar meticulosamente o seu n\u00famero e dimens\u00f5es, aperfei\u00e7oando a respirabilidade do n\u00facleo da almofada para satisfazer as necessidades espec\u00edficas de conforto do seu beb\u00e9. \u00c9 um n\u00edvel de personaliza\u00e7\u00e3o que vai para al\u00e9m do normal, garantindo uma \u00f3ptima circula\u00e7\u00e3o de ar para o sono tranquilo do seu beb\u00e9.<\/div>\n<p>&nbsp;<\/p>\n<div class=\"auto-hide-last-sibling-br paragraph-qzbcQC paragraph-element br-paragraph-space\">No que diz respeito \u00e0 apar\u00eancia, as possibilidades s\u00e3o t\u00e3o ilimitadas como a sua imagina\u00e7\u00e3o. Utilizando apenas os pigmentos mais seguros e n\u00e3o t\u00f3xicos, podemos transformar o \"pelo\" do urso numa profus\u00e3o de cores. Imagine um urso com uma camada dos mais suaves tons pastel, evocando uma sensa\u00e7\u00e3o de tranquilidade, ou um adornado com tons brilhantes e alegres para despertar a curiosidade do seu beb\u00e9. N\u00e3o se trata apenas de est\u00e9tica; trata-se de criar uma experi\u00eancia visual que acalma e estimula em igual medida.<\/div>\n<p>&nbsp;<\/p>\n<div class=\"auto-hide-last-sibling-br paragraph-qzbcQC paragraph-element br-paragraph-space\">Mas a personaliza\u00e7\u00e3o n\u00e3o se fica por aqui. Podemos acrescentar adornos deliciosos, como olhos bordados \u00e0 m\u00e3o que parecem brilhar com calor, ou um nariz cosido que d\u00e1 ao urso um toque de encanto realista. Estes pequenos detalhes n\u00e3o s\u00e3o apenas decorativos; transformam o n\u00facleo da almofada de um simples acess\u00f3rio num companheiro querido para o seu beb\u00e9.<\/div>\n<p>&nbsp;<\/p>\n<div class=\"auto-hide-last-sibling-br paragraph-qzbcQC paragraph-element br-paragraph-space\">Com esta almofada de espuma viscoel\u00e1stica - n\u00facleo de almofada em forma de urso, n\u00e3o est\u00e1 apenas a adquirir um produto; est\u00e1 a criar um ref\u00fagio personalizado de conforto e fofura, uma recorda\u00e7\u00e3o que ocupar\u00e1 um lugar especial nas primeiras mem\u00f3rias do seu beb\u00e9.<\/div>\n<\/div>","protected":false},"excerpt":{"rendered":"<p>Esta almofada de espuma viscoel\u00e1stica - n\u00facleo de almofada espesso em forma de urso, concebida para beb\u00e9s dos 0 aos 6 meses, oferece um vasto potencial de personaliza\u00e7\u00e3o e design. A sua ador\u00e1vel forma de urso serve como uma base encantadora para uma maior personaliza\u00e7\u00e3o. O n\u00famero e o tamanho dos orif\u00edcios de ventila\u00e7\u00e3o podem ser ajustados de acordo com as necessidades espec\u00edficas, optimizando a respirabilidade. Em termos de apar\u00eancia, podem ser utilizadas cores n\u00e3o t\u00f3xicas e seguras para beb\u00e9s para pintar o \"pelo\" do urso, criando uma variedade de esquemas de cores bonitos, como um urso de cor pastel suave para um aspeto delicado ou um mais vibrante para um toque divertido. Al\u00e9m disso, podem ser acrescentados pequenos enfeites, como olhos bordados ou um nariz cosido, para tornar a forma do urso mais viva e cativante. Esta personaliza\u00e7\u00e3o permite aos pais criar um n\u00facleo de almofada \u00fanico e especial que n\u00e3o s\u00f3 satisfaz os requisitos funcionais, como tamb\u00e9m se torna uma recorda\u00e7\u00e3o querida para os seus filhos.<\/p>","protected":false},"featured_media":3486,"comment_status":"open","ping_status":"closed","template":"","meta":{"_uag_custom_page_level_css":"","site-sidebar-layout":"default","site-content-layout":"","ast-site-content-layout":"default","site-content-style":"default","site-sidebar-style":"default","ast-global-header-display":"","ast-banner-title-visibility":"","ast-main-header-display":"","ast-hfb-above-header-display":"","ast-hfb-below-header-display":"","ast-hfb-mobile-header-display":"","site-post-title":"","ast-breadcrumbs-content":"","ast-featured-img":"","footer-sml-layout":"","ast-disable-related-posts":"","theme-transparent-header-meta":"default","adv-header-id-meta":"","stick-header-meta":"","header-above-stick-meta":"","header-main-stick-meta":"","header-below-stick-meta":"","astra-migrate-meta-layouts":"set","ast-page-background-enabled":"default","ast-page-background-meta":{"desktop":{"background-color":"","background-image":"","background-repeat":"repeat","background-position":"center center","background-size":"auto","background-attachment":"scroll","background-type":"","background-media":"","overlay-type":"","overlay-color":"","overlay-opacity":"","overlay-gradient":""},"tablet":{"background-color":"","background-image":"","background-repeat":"repeat","background-position":"center center","background-size":"auto","background-attachment":"scroll","background-type":"","background-media":"","overlay-type":"","overlay-color":"","overlay-opacity":"","overlay-gradient":""},"mobile":{"background-color":"","background-image":"","background-repeat":"repeat","background-position":"center center","background-size":"auto","background-attachment":"scroll","background-type":"","background-media":"","overlay-type":"","overlay-color":"","overlay-opacity":"","overlay-gradient":""}},"ast-content-background-meta":{"desktop":{"background-color":"var(--ast-global-color-5)","background-image":"","background-repeat":"repeat","background-position":"center center","background-size":"auto","background-attachment":"scroll","background-type":"","background-media":"","overlay-type":"","overlay-color":"","overlay-opacity":"","overlay-gradient":""},"tablet":{"background-color":"var(--ast-global-color-5)","background-image":"","background-repeat":"repeat","background-position":"center center","background-size":"auto","background-attachment":"scroll","background-type":"","background-media":"","overlay-type":"","overlay-color":"","overlay-opacity":"","overlay-gradient":""},"mobile":{"background-color":"var(--ast-global-color-5)","background-image":"","background-repeat":"repeat","background-position":"center center","background-size":"auto","background-attachment":"scroll","background-type":"","background-media":"","overlay-type":"","overlay-color":"","overlay-opacity":"","overlay-gradient":""}}},"product_brand":[],"product_cat":[65,32],"product_tag":[70,68,71,69],"class_list":{"0":"post-3485","1":"product","2":"type-product","3":"status-publish","4":"has-post-thumbnail","6":"product_cat-0-to-6months-oem","7":"product_cat-customize","8":"product_tag-babypillow","9":"product_tag-cuteanimalpillow","10":"product_tag-headshapesupport","11":"product_tag-kouniushapingpillow","12":"desktop-align-left","13":"tablet-align-left","14":"mobile-align-left","16":"first","17":"instock","18":"shipping-taxable","19":"product-type-simple"},"aioseo_notices":[],"uagb_featured_image_src":{"full":["https:\/\/babypillowwholesale.com\/wp-content\/uploads\/2025\/04\/0002.jpg",1000,1000,false],"thumbnail":["https:\/\/babypillowwholesale.com\/wp-content\/uploads\/2025\/04\/0002-150x150.jpg",150,150,true],"medium":["https:\/\/babypillowwholesale.com\/wp-content\/uploads\/2025\/04\/0002-300x300.jpg",300,300,true],"medium_large":["https:\/\/babypillowwholesale.com\/wp-content\/uploads\/2025\/04\/0002-768x768.jpg",768,768,true],"large":["https:\/\/babypillowwholesale.com\/wp-content\/uploads\/2025\/04\/0002.jpg",1000,1000,false],"1536x1536":["https:\/\/babypillowwholesale.com\/wp-content\/uploads\/2025\/04\/0002.jpg",1000,1000,false],"2048x2048":["https:\/\/babypillowwholesale.com\/wp-content\/uploads\/2025\/04\/0002.jpg",1000,1000,false],"trp-custom-language-flag":["https:\/\/babypillowwholesale.com\/wp-content\/uploads\/2025\/04\/0002.jpg",12,12,false],"woocommerce_thumbnail":["https:\/\/babypillowwholesale.com\/wp-content\/uploads\/2025\/04\/0002-300x300.jpg",300,300,true],"woocommerce_single":["https:\/\/babypillowwholesale.com\/wp-content\/uploads\/2025\/04\/0002-600x600.jpg",600,600,true],"woocommerce_gallery_thumbnail":["https:\/\/babypillowwholesale.com\/wp-content\/uploads\/2025\/04\/0002-100x100.jpg",100,100,true]},"uagb_author_info":{"display_name":"Etnen zhong","author_link":"https:\/\/babypillowwholesale.com\/pt\/author\/"},"uagb_comment_info":0,"uagb_excerpt":"This Memory Foam Pillow - Thick Bear - shaped Pillow Core, designed for babies aged 0 - 6 months, offers extensive customization and design potential. Its adorable bear - like form serves as a charming base for further personalization. The number and size of the ventilation holes can be adjusted according to specific needs, optimizing&hellip;","jetpack_sharing_enabled":true,"_links":{"self":[{"href":"https:\/\/babypillowwholesale.com\/pt\/wp-json\/wp\/v2\/product\/3485","targetHints":{"allow":["GET"]}}],"collection":[{"href":"https:\/\/babypillowwholesale.com\/pt\/wp-json\/wp\/v2\/product"}],"about":[{"href":"https:\/\/babypillowwholesale.com\/pt\/wp-json\/wp\/v2\/types\/product"}],"replies":[{"embeddable":true,"href":"https:\/\/babypillowwholesale.com\/pt\/wp-json\/wp\/v2\/comments?post=3485"}],"wp:featuredmedia":[{"embeddable":true,"href":"https:\/\/babypillowwholesale.com\/pt\/wp-json\/wp\/v2\/media\/3486"}],"wp:attachment":[{"href":"https:\/\/babypillowwholesale.com\/pt\/wp-json\/wp\/v2\/media?parent=3485"}],"wp:term":[{"taxonomy":"product_brand","embeddable":true,"href":"https:\/\/babypillowwholesale.com\/pt\/wp-json\/wp\/v2\/product_brand?post=3485"},{"taxonomy":"product_cat","embeddable":true,"href":"https:\/\/babypillowwholesale.com\/pt\/wp-json\/wp\/v2\/product_cat?post=3485"},{"taxonomy":"product_tag","embeddable":true,"href":"https:\/\/babypillowwholesale.com\/pt\/wp-json\/wp\/v2\/product_tag?post=3485"}],"curies":[{"name":"wp","href":"https:\/\/api.w.org\/{rel}","templated":true}]}}