{"id":3469,"date":"2025-04-18T15:46:47","date_gmt":"2025-04-18T15:46:47","guid":{"rendered":"https:\/\/babypillowwholesale.com\/?post_type=product&#038;p=3469"},"modified":"2025-06-05T16:08:42","modified_gmt":"2025-06-05T16:08:42","slug":"multifunctional-positioning-baby-sleep-pillow","status":"publish","type":"product","link":"https:\/\/babypillowwholesale.com\/pt\/product\/multifunctional-positioning-baby-sleep-pillow\/","title":{"rendered":"Almofada de posicionamento multifuncional para dormir para beb\u00e9"},"content":{"rendered":"<div class=\"auto-hide-last-sibling-br paragraph-qzbcQC paragraph-element br-paragraph-space\" data-immersive-translate-walked=\"8e61f2e7-6af2-46e5-9672-3b9e4f4033d9\" data-immersive-translate-paragraph=\"1\">\n<div class=\"auto-hide-last-sibling-br paragraph-qzbcQC paragraph-element br-paragraph-space\">\n<div class=\"auto-hide-last-sibling-br paragraph-qzbcQC paragraph-element br-paragraph-space\">\n<div class=\"auto-hide-last-sibling-br paragraph-qzbcQC paragraph-element br-paragraph-space\">\n<div class=\"auto-hide-last-sibling-br paragraph-qzbcQC paragraph-element br-paragraph-space\">\n<div class=\"auto-hide-last-sibling-br paragraph-qzbcQC paragraph-element br-paragraph-space\">\n<div class=\"inter-wlTS5w\">\n<div class=\"container-QE4ayg\">\n<div class=\"item-jU10IN\">\n<div class=\"container-jODEnh chrome70-container\">\n<div class=\"inner-eE95c9 inner-item-aL3Ui_\" data-target-id=\"message-box-target-id\" data-testid=\"union_message\">\n<div class=\"message-block-container-liuetz\" data-testid=\"message-block-container\">\n<div class=\"message-box-ZWbBdF\" data-testid=\"receive_message\">\n<div class=\"message-box-content-wrapper-srHdUj\">\n<div class=\"message-content message-box-content-otxGGw receive-message-box-content-_lREFj samantha-message-box-content-Qjmpja\" data-testid=\"message_content\">\n<div class=\"container-hfX5E8 flow-markdown-body theme-samantha-yJEgBp\" dir=\"ltr\" data-testid=\"message_text_content\" data-show-indicator=\"false\">\n<div class=\"auto-hide-last-sibling-br paragraph-qzbcQC paragraph-element br-paragraph-space\">\n<div class=\"auto-hide-last-sibling-br paragraph-qzbcQC paragraph-element br-paragraph-space\">\n<div class=\"auto-hide-last-sibling-br paragraph-qzbcQC paragraph-element br-paragraph-space\">\n<div class=\"auto-hide-last-sibling-br paragraph-qzbcQC paragraph-element br-paragraph-space\">\n<div class=\"message-box-content-wrapper-srHdUj\">\n<div class=\"message-content message-box-content-otxGGw receive-message-box-content-_lREFj samantha-message-box-content-Qjmpja\" data-testid=\"message_content\">\n<div class=\"container-hfX5E8 flow-markdown-body theme-samantha-yJEgBp\" dir=\"ltr\" data-testid=\"message_text_content\" data-show-indicator=\"false\">\n<div class=\"auto-hide-last-sibling-br paragraph-qzbcQC paragraph-element br-paragraph-space\">\n<div class=\"auto-hide-last-sibling-br paragraph-qzbcQC paragraph-element br-paragraph-space\">\n<div class=\"auto-hide-last-sibling-br paragraph-qzbcQC paragraph-element br-paragraph-space\">Apresentamos a Almofada de Dormir para Beb\u00e9s com Posicionamento Multifuncional, um companheiro indispens\u00e1vel para beb\u00e9s preciosos dos 0 aos 6 meses. Esta almofada \u00e9 um para\u00edso de conforto, meticulosamente concebida a pensar no bem-estar do seu beb\u00e9.<\/div>\n<p>&nbsp;<\/p>\n<div class=\"auto-hide-last-sibling-br paragraph-qzbcQC paragraph-element br-paragraph-space\">O n\u00facleo interior, fabricado em algod\u00e3o resistente \u00e0 compress\u00e3o, \u00e9 uma maravilha da engenharia. Oferece um abra\u00e7o suave, mas de apoio, adaptando-se \u00e0 forma delicada do seu beb\u00e9 e mantendo a sua forma ao longo do tempo. Isto garante que cada utiliza\u00e7\u00e3o \u00e9 t\u00e3o confort\u00e1vel como a primeira, proporcionando um local de repouso consistente e acolhedor.<\/div>\n<p>&nbsp;<\/p>\n<div class=\"auto-hide-last-sibling-br paragraph-qzbcQC paragraph-element br-paragraph-space\">A camada exterior, uma mistura harmoniosa de algod\u00e3o macio e fibra de poli\u00e9ster dur\u00e1vel, \u00e9 um deleite para a pele sens\u00edvel do seu beb\u00e9. N\u00e3o s\u00f3 \u00e9 incrivelmente suave, como tamb\u00e9m foi concebida para resistir aos rigores da utiliza\u00e7\u00e3o di\u00e1ria, tornando a limpeza muito f\u00e1cil.<\/div>\n<p>&nbsp;<\/p>\n<div class=\"auto-hide-last-sibling-br paragraph-qzbcQC paragraph-element br-paragraph-space\">Medi\u00e7\u00e3o 28*<em>40*<\/em>Com 60 cm, proporciona uma \u00e1rea espa\u00e7osa e segura para o seu beb\u00e9. Durante a hora da alimenta\u00e7\u00e3o, apoia o beb\u00e9 na posi\u00e7\u00e3o perfeita, reduzindo o risco de derrames e tornando a experi\u00eancia mais confort\u00e1vel para o beb\u00e9 e para os pais. Para a sesta ou apenas para um momento de relaxamento, embala o seu beb\u00e9, ajudando-o a sentir-se seguro e aconchegado.<\/div>\n<p>&nbsp;<\/p>\n<div class=\"auto-hide-last-sibling-br paragraph-qzbcQC paragraph-element br-paragraph-space\">Os pais ficaram muito satisfeitos com este produto. \"Esta almofada \u00e9 um divisor de \u00e1guas! Torna a alimenta\u00e7\u00e3o muito mais f\u00e1cil e o meu beb\u00e9 parece t\u00e3o confort\u00e1vel nela. Adoro a sua suavidade\", partilhou uma nova m\u00e3e. Outro pai elogiou: \"Estava preocupada com a posi\u00e7\u00e3o do meu beb\u00e9 durante o sono, mas esta almofada mant\u00e9m-no no lugar. \u00c9 uma almofada imprescind\u00edvel para qualquer novo pai\".<\/div>\n<p>&nbsp;<\/p>\n<div class=\"auto-hide-last-sibling-br paragraph-qzbcQC paragraph-element br-paragraph-space\">Na sua ess\u00eancia, a Almofada Multifuncional Posicionadora para o Sono do Beb\u00e9 \u00e9 mais do que uma simples almofada; \u00e9 uma fonte de paz de esp\u00edrito, um ber\u00e7o de conforto e um complemento essencial para o quarto do seu beb\u00e9.<\/div>\n<\/div>\n<\/div>\n<\/div>\n<\/div>\n<\/div>\n<\/div>\n<\/div>\n<\/div>\n<\/div>\n<\/div>\n<\/div>\n<\/div>\n<\/div>\n<\/div>\n<\/div>\n<\/div>\n<\/div>\n<\/div>\n<\/div>\n<\/div>\n<\/div>\n<\/div>\n<\/div>\n<\/div>\n<\/div>","protected":false},"excerpt":{"rendered":"<p>A almofada de posicionamento multifuncional para beb\u00e9 \u00e9 um artigo essencial para beb\u00e9s dos 0 aos 6 meses. O seu design ergon\u00f3mico proporciona um espa\u00e7o seguro e confort\u00e1vel para os beb\u00e9s. O n\u00facleo interior, feito de algod\u00e3o resistente \u00e0 compress\u00e3o, oferece um apoio suave e mant\u00e9m a sua forma, garantindo um conforto duradouro. A camada exterior, uma combina\u00e7\u00e3o de fibras de algod\u00e3o e poli\u00e9ster, \u00e9 macia e n\u00e3o prejudica a pele, sendo tamb\u00e9m dur\u00e1vel e f\u00e1cil de limpar. Com uma especifica\u00e7\u00e3o de 28*<em>40*<\/em>Com uma altura de 60 cm, oferece um espa\u00e7o amplo para o beb\u00e9 se deitar confortavelmente. Quer seja para alimentar, dormir a sesta ou simplesmente descansar, esta almofada ajuda a manter o beb\u00e9 numa posi\u00e7\u00e3o correta, promovendo um sono melhor e mais seguro.<\/p>","protected":false},"featured_media":3470,"comment_status":"open","ping_status":"closed","template":"","meta":{"_uag_custom_page_level_css":"","site-sidebar-layout":"default","site-content-layout":"","ast-site-content-layout":"default","site-content-style":"default","site-sidebar-style":"default","ast-global-header-display":"","ast-banner-title-visibility":"","ast-main-header-display":"","ast-hfb-above-header-display":"","ast-hfb-below-header-display":"","ast-hfb-mobile-header-display":"","site-post-title":"","ast-breadcrumbs-content":"","ast-featured-img":"","footer-sml-layout":"","ast-disable-related-posts":"","theme-transparent-header-meta":"default","adv-header-id-meta":"","stick-header-meta":"","header-above-stick-meta":"","header-main-stick-meta":"","header-below-stick-meta":"","astra-migrate-meta-layouts":"set","ast-page-background-enabled":"default","ast-page-background-meta":{"desktop":{"background-color":"","background-image":"","background-repeat":"repeat","background-position":"center center","background-size":"auto","background-attachment":"scroll","background-type":"","background-media":"","overlay-type":"","overlay-color":"","overlay-opacity":"","overlay-gradient":""},"tablet":{"background-color":"","background-image":"","background-repeat":"repeat","background-position":"center center","background-size":"auto","background-attachment":"scroll","background-type":"","background-media":"","overlay-type":"","overlay-color":"","overlay-opacity":"","overlay-gradient":""},"mobile":{"background-color":"","background-image":"","background-repeat":"repeat","background-position":"center center","background-size":"auto","background-attachment":"scroll","background-type":"","background-media":"","overlay-type":"","overlay-color":"","overlay-opacity":"","overlay-gradient":""}},"ast-content-background-meta":{"desktop":{"background-color":"var(--ast-global-color-5)","background-image":"","background-repeat":"repeat","background-position":"center center","background-size":"auto","background-attachment":"scroll","background-type":"","background-media":"","overlay-type":"","overlay-color":"","overlay-opacity":"","overlay-gradient":""},"tablet":{"background-color":"var(--ast-global-color-5)","background-image":"","background-repeat":"repeat","background-position":"center center","background-size":"auto","background-attachment":"scroll","background-type":"","background-media":"","overlay-type":"","overlay-color":"","overlay-opacity":"","overlay-gradient":""},"mobile":{"background-color":"var(--ast-global-color-5)","background-image":"","background-repeat":"repeat","background-position":"center center","background-size":"auto","background-attachment":"scroll","background-type":"","background-media":"","overlay-type":"","overlay-color":"","overlay-opacity":"","overlay-gradient":""}}},"product_brand":[],"product_cat":[21],"product_tag":[70,68,71,69],"class_list":{"0":"post-3469","1":"product","2":"type-product","3":"status-publish","4":"has-post-thumbnail","6":"product_cat-others","7":"product_tag-babypillow","8":"product_tag-cuteanimalpillow","9":"product_tag-headshapesupport","10":"product_tag-kouniushapingpillow","11":"desktop-align-left","12":"tablet-align-left","13":"mobile-align-left","15":"first","16":"instock","17":"shipping-taxable","18":"product-type-simple"},"aioseo_notices":[],"uagb_featured_image_src":{"full":["https:\/\/babypillowwholesale.com\/wp-content\/uploads\/2025\/04\/028.jpg",1000,1000,false],"thumbnail":["https:\/\/babypillowwholesale.com\/wp-content\/uploads\/2025\/04\/028-150x150.jpg",150,150,true],"medium":["https:\/\/babypillowwholesale.com\/wp-content\/uploads\/2025\/04\/028-300x300.jpg",300,300,true],"medium_large":["https:\/\/babypillowwholesale.com\/wp-content\/uploads\/2025\/04\/028-768x768.jpg",768,768,true],"large":["https:\/\/babypillowwholesale.com\/wp-content\/uploads\/2025\/04\/028.jpg",1000,1000,false],"1536x1536":["https:\/\/babypillowwholesale.com\/wp-content\/uploads\/2025\/04\/028.jpg",1000,1000,false],"2048x2048":["https:\/\/babypillowwholesale.com\/wp-content\/uploads\/2025\/04\/028.jpg",1000,1000,false],"trp-custom-language-flag":["https:\/\/babypillowwholesale.com\/wp-content\/uploads\/2025\/04\/028.jpg",12,12,false],"woocommerce_thumbnail":["https:\/\/babypillowwholesale.com\/wp-content\/uploads\/2025\/04\/028-300x300.jpg",300,300,true],"woocommerce_single":["https:\/\/babypillowwholesale.com\/wp-content\/uploads\/2025\/04\/028-600x600.jpg",600,600,true],"woocommerce_gallery_thumbnail":["https:\/\/babypillowwholesale.com\/wp-content\/uploads\/2025\/04\/028-100x100.jpg",100,100,true]},"uagb_author_info":{"display_name":"Etnen zhong","author_link":"https:\/\/babypillowwholesale.com\/pt\/author\/"},"uagb_comment_info":0,"uagb_excerpt":"The Multifunctional Positioning Baby Sleep Pillow is an essential item for infants aged 0 - 6 months. Its ergonomic design provides a secure and comfortable space for babies. The inner core, made of compression - resistant rebound cotton, offers gentle support and maintains its shape well, ensuring long - lasting comfort. The outer layer, a&hellip;","jetpack_sharing_enabled":true,"_links":{"self":[{"href":"https:\/\/babypillowwholesale.com\/pt\/wp-json\/wp\/v2\/product\/3469","targetHints":{"allow":["GET"]}}],"collection":[{"href":"https:\/\/babypillowwholesale.com\/pt\/wp-json\/wp\/v2\/product"}],"about":[{"href":"https:\/\/babypillowwholesale.com\/pt\/wp-json\/wp\/v2\/types\/product"}],"replies":[{"embeddable":true,"href":"https:\/\/babypillowwholesale.com\/pt\/wp-json\/wp\/v2\/comments?post=3469"}],"wp:featuredmedia":[{"embeddable":true,"href":"https:\/\/babypillowwholesale.com\/pt\/wp-json\/wp\/v2\/media\/3470"}],"wp:attachment":[{"href":"https:\/\/babypillowwholesale.com\/pt\/wp-json\/wp\/v2\/media?parent=3469"}],"wp:term":[{"taxonomy":"product_brand","embeddable":true,"href":"https:\/\/babypillowwholesale.com\/pt\/wp-json\/wp\/v2\/product_brand?post=3469"},{"taxonomy":"product_cat","embeddable":true,"href":"https:\/\/babypillowwholesale.com\/pt\/wp-json\/wp\/v2\/product_cat?post=3469"},{"taxonomy":"product_tag","embeddable":true,"href":"https:\/\/babypillowwholesale.com\/pt\/wp-json\/wp\/v2\/product_tag?post=3469"}],"curies":[{"name":"wp","href":"https:\/\/api.w.org\/{rel}","templated":true}]}}