{"id":3408,"date":"2025-04-15T07:56:02","date_gmt":"2025-04-15T07:56:02","guid":{"rendered":"https:\/\/babypillowwholesale.com\/?post_type=product&#038;p=3408"},"modified":"2025-06-08T07:48:00","modified_gmt":"2025-06-08T07:48:00","slug":"neck-protecting-pillow","status":"publish","type":"product","link":"https:\/\/babypillowwholesale.com\/pt\/product\/neck-protecting-pillow\/","title":{"rendered":"Almofada protetora do pesco\u00e7o"},"content":{"rendered":"<div class=\"auto-hide-last-sibling-br paragraph-qzbcQC paragraph-element br-paragraph-space\" data-immersive-translate-walked=\"8e61f2e7-6af2-46e5-9672-3b9e4f4033d9\" data-immersive-translate-paragraph=\"1\">\n<div class=\"auto-hide-last-sibling-br paragraph-qzbcQC paragraph-element br-paragraph-space\">\n<div class=\"auto-hide-last-sibling-br paragraph-qzbcQC paragraph-element br-paragraph-space\">\n<div class=\"auto-hide-last-sibling-br paragraph-qzbcQC paragraph-element br-paragraph-space\">\n<div class=\"auto-hide-last-sibling-br paragraph-qzbcQC paragraph-element br-paragraph-space\">\n<div class=\"auto-hide-last-sibling-br paragraph-qzbcQC paragraph-element br-paragraph-space\">\n<div class=\"inter-wlTS5w\">\n<div class=\"container-QE4ayg\">\n<div class=\"item-jU10IN\">\n<div class=\"container-jODEnh chrome70-container\">\n<div class=\"inner-eE95c9 inner-item-aL3Ui_\" data-target-id=\"message-box-target-id\" data-testid=\"union_message\">\n<div class=\"message-block-container-liuetz\" data-testid=\"message-block-container\">\n<div class=\"message-box-ZWbBdF\" data-testid=\"receive_message\">\n<div class=\"message-box-content-wrapper-srHdUj\">\n<div class=\"message-content message-box-content-otxGGw receive-message-box-content-_lREFj samantha-message-box-content-Qjmpja\" data-testid=\"message_content\">\n<div class=\"container-hfX5E8 flow-markdown-body theme-samantha-yJEgBp\" dir=\"ltr\" data-testid=\"message_text_content\" data-show-indicator=\"false\">\n<div class=\"auto-hide-last-sibling-br paragraph-qzbcQC paragraph-element br-paragraph-space\">\n<div class=\"auto-hide-last-sibling-br paragraph-qzbcQC paragraph-element br-paragraph-space\">\n<div class=\"auto-hide-last-sibling-br paragraph-qzbcQC paragraph-element br-paragraph-space\">Apresentamos a Almofada Protetora do Pesco\u00e7o, uma combina\u00e7\u00e3o perfeita de conforto e funcionalidade para crian\u00e7as. Meticulosamente concebida com uma forma ergon\u00f3mica, proporciona um apoio excecional ao pesco\u00e7o, mantendo eficazmente o alinhamento adequado da coluna cervical e minimizando o risco de tens\u00e3o no pesco\u00e7o. Quer o seu filho esteja a adormecer, a ler um livro de hist\u00f3rias ou a ver um desenho animado favorito, esta almofada oferece um ref\u00fagio acolhedor.<\/div>\n<p>&nbsp;<\/p>\n<div class=\"auto-hide-last-sibling-br paragraph-qzbcQC paragraph-element br-paragraph-space\">Adornado com um ador\u00e1vel motivo de panda e o texto divertido \"KungFu PANQA\", acrescenta um toque de divers\u00e3o a qualquer quarto. Dispon\u00edvel numa paleta vibrante de rosa, azul, roxo e azul profundo, satisfaz diversas prefer\u00eancias est\u00e9ticas. Fabricado com materiais macios e de alta qualidade, garante uma experi\u00eancia confort\u00e1vel e repousante.<\/div>\n<p>&nbsp;<\/p>\n<div class=\"auto-hide-last-sibling-br paragraph-qzbcQC paragraph-element br-paragraph-space\">Os pais elogiam o seu impacto: \"O meu filho adora esta almofada! \u00c9 macia, gira e fez uma verdadeira diferen\u00e7a no seu conforto durante o sono e as brincadeiras\", partilhou uma m\u00e3e encantada. Outro pai referiu: \"O design \u00e9 encantador e saber que apoia a sa\u00fade do pesco\u00e7o do meu filho d\u00e1-me paz de esp\u00edrito. \u00c9 uma \u00f3ptima adi\u00e7\u00e3o \u00e0 roupa de cama deles!<\/div>\n<p>&nbsp;<\/p>\n<div class=\"auto-hide-last-sibling-br paragraph-qzbcQC paragraph-element br-paragraph-space\">Em suma, esta Almofada Protetora do Pesco\u00e7o \u00e9 mais do que um simples acess\u00f3rio para dormir; \u00e9 uma companheira que proporciona conforto, sa\u00fade e alegria em todos os momentos do dia do seu filho.<\/div>\n<\/div>\n<\/div>\n<\/div>\n<\/div>\n<\/div>\n<\/div>\n<\/div>\n<\/div>\n<\/div>\n<\/div>\n<\/div>\n<\/div>\n<\/div>\n<\/div>\n<\/div>\n<\/div>\n<\/div>\n<\/div>","protected":false},"excerpt":{"rendered":"<p>A almofada Neck - Protecting \u00e9 a escolha ideal para as crian\u00e7as. O seu design exclusivo \u00e9 ergonomicamente concebido para proporcionar um excelente apoio ao pesco\u00e7o, ajudando a manter uma postura correta da coluna cervical e a reduzir o risco de desconforto no pesco\u00e7o. A almofada apresenta um bonito motivo de panda com as palavras \"KungFu PANQA\", acrescentando um elemento de divers\u00e3o. Dispon\u00edvel numa variedade de cores, incluindo rosa, azul, roxo e azul profundo, pode satisfazer diferentes prefer\u00eancias est\u00e9ticas. Com uma especifica\u00e7\u00e3o de 26*<em>24*<\/em>10CM, oferece um tamanho adequado para crian\u00e7as. Fabricado com materiais macios e confort\u00e1veis, garante uma experi\u00eancia de sono confort\u00e1vel, tornando-o um \u00f3timo complemento para a roupa de cama de uma crian\u00e7a.<\/p>","protected":false},"featured_media":3409,"comment_status":"open","ping_status":"closed","template":"","meta":{"_uag_custom_page_level_css":"","site-sidebar-layout":"default","site-content-layout":"","ast-site-content-layout":"default","site-content-style":"default","site-sidebar-style":"default","ast-global-header-display":"","ast-banner-title-visibility":"","ast-main-header-display":"","ast-hfb-above-header-display":"","ast-hfb-below-header-display":"","ast-hfb-mobile-header-display":"","site-post-title":"","ast-breadcrumbs-content":"","ast-featured-img":"","footer-sml-layout":"","ast-disable-related-posts":"","theme-transparent-header-meta":"default","adv-header-id-meta":"","stick-header-meta":"","header-above-stick-meta":"","header-main-stick-meta":"","header-below-stick-meta":"","astra-migrate-meta-layouts":"set","ast-page-background-enabled":"default","ast-page-background-meta":{"desktop":{"background-color":"","background-image":"","background-repeat":"repeat","background-position":"center center","background-size":"auto","background-attachment":"scroll","background-type":"","background-media":"","overlay-type":"","overlay-color":"","overlay-opacity":"","overlay-gradient":""},"tablet":{"background-color":"","background-image":"","background-repeat":"repeat","background-position":"center center","background-size":"auto","background-attachment":"scroll","background-type":"","background-media":"","overlay-type":"","overlay-color":"","overlay-opacity":"","overlay-gradient":""},"mobile":{"background-color":"","background-image":"","background-repeat":"repeat","background-position":"center center","background-size":"auto","background-attachment":"scroll","background-type":"","background-media":"","overlay-type":"","overlay-color":"","overlay-opacity":"","overlay-gradient":""}},"ast-content-background-meta":{"desktop":{"background-color":"var(--ast-global-color-5)","background-image":"","background-repeat":"repeat","background-position":"center center","background-size":"auto","background-attachment":"scroll","background-type":"","background-media":"","overlay-type":"","overlay-color":"","overlay-opacity":"","overlay-gradient":""},"tablet":{"background-color":"var(--ast-global-color-5)","background-image":"","background-repeat":"repeat","background-position":"center center","background-size":"auto","background-attachment":"scroll","background-type":"","background-media":"","overlay-type":"","overlay-color":"","overlay-opacity":"","overlay-gradient":""},"mobile":{"background-color":"var(--ast-global-color-5)","background-image":"","background-repeat":"repeat","background-position":"center center","background-size":"auto","background-attachment":"scroll","background-type":"","background-media":"","overlay-type":"","overlay-color":"","overlay-opacity":"","overlay-gradient":""}}},"product_brand":[],"product_cat":[21],"product_tag":[70,68,71,69],"class_list":{"0":"post-3408","1":"product","2":"type-product","3":"status-publish","4":"has-post-thumbnail","6":"product_cat-others","7":"product_tag-babypillow","8":"product_tag-cuteanimalpillow","9":"product_tag-headshapesupport","10":"product_tag-kouniushapingpillow","11":"desktop-align-left","12":"tablet-align-left","13":"mobile-align-left","15":"first","16":"instock","17":"shipping-taxable","18":"product-type-simple"},"aioseo_notices":[],"uagb_featured_image_src":{"full":["https:\/\/babypillowwholesale.com\/wp-content\/uploads\/2025\/04\/1103.jpg",1000,1000,false],"thumbnail":["https:\/\/babypillowwholesale.com\/wp-content\/uploads\/2025\/04\/1103-150x150.jpg",150,150,true],"medium":["https:\/\/babypillowwholesale.com\/wp-content\/uploads\/2025\/04\/1103-300x300.jpg",300,300,true],"medium_large":["https:\/\/babypillowwholesale.com\/wp-content\/uploads\/2025\/04\/1103-768x768.jpg",768,768,true],"large":["https:\/\/babypillowwholesale.com\/wp-content\/uploads\/2025\/04\/1103.jpg",1000,1000,false],"1536x1536":["https:\/\/babypillowwholesale.com\/wp-content\/uploads\/2025\/04\/1103.jpg",1000,1000,false],"2048x2048":["https:\/\/babypillowwholesale.com\/wp-content\/uploads\/2025\/04\/1103.jpg",1000,1000,false],"trp-custom-language-flag":["https:\/\/babypillowwholesale.com\/wp-content\/uploads\/2025\/04\/1103.jpg",12,12,false],"woocommerce_thumbnail":["https:\/\/babypillowwholesale.com\/wp-content\/uploads\/2025\/04\/1103-300x300.jpg",300,300,true],"woocommerce_single":["https:\/\/babypillowwholesale.com\/wp-content\/uploads\/2025\/04\/1103-600x600.jpg",600,600,true],"woocommerce_gallery_thumbnail":["https:\/\/babypillowwholesale.com\/wp-content\/uploads\/2025\/04\/1103-100x100.jpg",100,100,true]},"uagb_author_info":{"display_name":"Etnen zhong","author_link":"https:\/\/babypillowwholesale.com\/pt\/author\/"},"uagb_comment_info":0,"uagb_excerpt":"The Neck - Protecting Pillow is an ideal choice for children. Its unique design is ergonomically crafted to provide excellent support for the neck, helping to maintain a proper cervical spine posture and reduce the risk of neck discomfort. The pillow features a cute panda motif with the words \u201cKungFu PANQA\u201d, adding an element of&hellip;","jetpack_sharing_enabled":true,"_links":{"self":[{"href":"https:\/\/babypillowwholesale.com\/pt\/wp-json\/wp\/v2\/product\/3408","targetHints":{"allow":["GET"]}}],"collection":[{"href":"https:\/\/babypillowwholesale.com\/pt\/wp-json\/wp\/v2\/product"}],"about":[{"href":"https:\/\/babypillowwholesale.com\/pt\/wp-json\/wp\/v2\/types\/product"}],"replies":[{"embeddable":true,"href":"https:\/\/babypillowwholesale.com\/pt\/wp-json\/wp\/v2\/comments?post=3408"}],"wp:featuredmedia":[{"embeddable":true,"href":"https:\/\/babypillowwholesale.com\/pt\/wp-json\/wp\/v2\/media\/3409"}],"wp:attachment":[{"href":"https:\/\/babypillowwholesale.com\/pt\/wp-json\/wp\/v2\/media?parent=3408"}],"wp:term":[{"taxonomy":"product_brand","embeddable":true,"href":"https:\/\/babypillowwholesale.com\/pt\/wp-json\/wp\/v2\/product_brand?post=3408"},{"taxonomy":"product_cat","embeddable":true,"href":"https:\/\/babypillowwholesale.com\/pt\/wp-json\/wp\/v2\/product_cat?post=3408"},{"taxonomy":"product_tag","embeddable":true,"href":"https:\/\/babypillowwholesale.com\/pt\/wp-json\/wp\/v2\/product_tag?post=3408"}],"curies":[{"name":"wp","href":"https:\/\/api.w.org\/{rel}","templated":true}]}}