{"id":3389,"date":"2025-04-11T08:14:21","date_gmt":"2025-04-11T08:14:21","guid":{"rendered":"https:\/\/babypillowwholesale.com\/?post_type=product&#038;p=3389"},"modified":"2025-06-08T08:00:10","modified_gmt":"2025-06-08T08:00:10","slug":"heart-printed-shaping-pillow","status":"publish","type":"product","link":"https:\/\/babypillowwholesale.com\/pt\/product\/heart-printed-shaping-pillow\/","title":{"rendered":"Cora\u00e7\u00e3o - Almofada modeladora estampada"},"content":{"rendered":"<div class=\"auto-hide-last-sibling-br paragraph-qzbcQC paragraph-element br-paragraph-space\" data-immersive-translate-walked=\"8e61f2e7-6af2-46e5-9672-3b9e4f4033d9\" data-immersive-translate-paragraph=\"1\">\n<div class=\"auto-hide-last-sibling-br paragraph-qzbcQC paragraph-element br-paragraph-space\">\n<div class=\"auto-hide-last-sibling-br paragraph-qzbcQC paragraph-element br-paragraph-space\">\n<div class=\"auto-hide-last-sibling-br paragraph-qzbcQC paragraph-element br-paragraph-space\">\n<div class=\"auto-hide-last-sibling-br paragraph-qzbcQC paragraph-element br-paragraph-space\">\n<div class=\"auto-hide-last-sibling-br paragraph-qzbcQC paragraph-element br-paragraph-space\">Apresentamos a almofada modeladora Heart - Printed, uma companheira de sono cativante e essencial, concebida para beb\u00e9s dos 0 aos 6 meses. Esta almofada \u00e9 uma mistura harmoniosa de beleza e funcionalidade, com a sua superf\u00edcie a servir de tela para uma deliciosa variedade de estampados aleat\u00f3rios. Cora\u00e7\u00f5es delicados, p\u00e1ssaros esvoa\u00e7antes e elementos florais delicados dan\u00e7am no tecido, criando uma sinfonia visual que acalma os sentidos e evoca uma sensa\u00e7\u00e3o de calor e ternura.<\/div>\n<p>&nbsp;<\/p>\n<div class=\"auto-hide-last-sibling-br paragraph-qzbcQC paragraph-element br-paragraph-space\">Meticulosamente trabalhada, a almofada oferece um apoio suave, mas firme, que \u00e9 crucial para ajudar a moldar e manter a cabe\u00e7a do seu beb\u00e9 durante os primeiros meses cruciais. Medindo 27*<em>26*<\/em>2,5CM, aconchega-se perfeitamente no ber\u00e7o do beb\u00e9, proporcionando um ref\u00fagio acolhedor e seguro para o seu pequeno.<\/div>\n<p>&nbsp;<\/p>\n<div class=\"auto-hide-last-sibling-br paragraph-qzbcQC paragraph-element br-paragraph-space\">Imagine o seu precioso beb\u00e9, deitado no ber\u00e7o, com a cabe\u00e7a confortavelmente embalada por esta almofada. Durante as sestas diurnas, torna-se um ref\u00fagio suave e convidativo, enquanto \u00e0 noite oferece uma sensa\u00e7\u00e3o de seguran\u00e7a, ajudando o seu beb\u00e9 a adormecer tranquilamente. Tamb\u00e9m d\u00e1 um toque de charme ao quarto do beb\u00e9, transformando o espa\u00e7o num ambiente mais convidativo e caloroso.<\/div>\n<p>&nbsp;<\/p>\n<div class=\"auto-hide-last-sibling-br paragraph-qzbcQC paragraph-element br-paragraph-space\">Os pais t\u00eam sido efusivos nos seus elogios a este produto. \"Estou absolutamente apaixonada pela almofada modeladora Heart - Printed! N\u00e3o s\u00f3 \u00e9 ador\u00e1vel, como tamb\u00e9m parece manter o meu beb\u00e9 muito confort\u00e1vel. As estampas s\u00e3o t\u00e3o queridas e adoro o facto de ajudar a moldar a cabe\u00e7a\", disse uma nova m\u00e3e. Um pai acrescentou: \"Not\u00e1mos uma verdadeira diferen\u00e7a no sono do nosso beb\u00e9 desde que come\u00e7\u00e1mos a usar esta almofada. \u00c9 bem feita e o design \u00e9 perfeito para o nosso quarto de beb\u00e9. Um \u00f3timo achado!\"<\/div>\n<p>&nbsp;<\/p>\n<div class=\"auto-hide-last-sibling-br paragraph-qzbcQC paragraph-element br-paragraph-space\">Essencialmente, a Almofada Modeladora com Estampado Cora\u00e7\u00e3o \u00e9 mais do que um simples artigo de cama; \u00e9 uma parte querida da vida inicial do seu beb\u00e9, infundindo cada momento de sono com conforto, fofura e uma sensa\u00e7\u00e3o de seguran\u00e7a.<\/div>\n<\/div>\n<\/div>\n<\/div>\n<\/div>\n<\/div>","protected":false},"excerpt":{"rendered":"<p>A almofada modeladora Heart - Printed \u00e9 um acess\u00f3rio de dormir encantador e funcional, concebido para beb\u00e9s dos 0 aos 6 meses. A sua superf\u00edcie \u00e9 adornada com bonitas estampas aleat\u00f3rias de cora\u00e7\u00f5es, p\u00e1ssaros e elementos florais, criando um aspeto visual doce e calmante. Fabricado com cuidado, proporciona um apoio suave para ajudar a moldar e manter a cabe\u00e7a do beb\u00e9. Mede 27*<em>26*<\/em>2,5CM, cabe confortavelmente no ber\u00e7o do beb\u00e9. Esta almofada n\u00e3o s\u00f3 oferece um local de repouso suave e acolhedor para o beb\u00e9, como tamb\u00e9m acrescenta um toque de calor e fofura ao quarto do beb\u00e9, tornando-a a escolha ideal para garantir um ambiente de sono tranquilo para o seu pequeno.<\/p>","protected":false},"featured_media":3390,"comment_status":"open","ping_status":"closed","template":"","meta":{"_uag_custom_page_level_css":"","site-sidebar-layout":"default","site-content-layout":"","ast-site-content-layout":"default","site-content-style":"default","site-sidebar-style":"default","ast-global-header-display":"","ast-banner-title-visibility":"","ast-main-header-display":"","ast-hfb-above-header-display":"","ast-hfb-below-header-display":"","ast-hfb-mobile-header-display":"","site-post-title":"","ast-breadcrumbs-content":"","ast-featured-img":"","footer-sml-layout":"","ast-disable-related-posts":"","theme-transparent-header-meta":"default","adv-header-id-meta":"","stick-header-meta":"","header-above-stick-meta":"","header-main-stick-meta":"","header-below-stick-meta":"","astra-migrate-meta-layouts":"set","ast-page-background-enabled":"default","ast-page-background-meta":{"desktop":{"background-color":"","background-image":"","background-repeat":"repeat","background-position":"center center","background-size":"auto","background-attachment":"scroll","background-type":"","background-media":"","overlay-type":"","overlay-color":"","overlay-opacity":"","overlay-gradient":""},"tablet":{"background-color":"","background-image":"","background-repeat":"repeat","background-position":"center center","background-size":"auto","background-attachment":"scroll","background-type":"","background-media":"","overlay-type":"","overlay-color":"","overlay-opacity":"","overlay-gradient":""},"mobile":{"background-color":"","background-image":"","background-repeat":"repeat","background-position":"center center","background-size":"auto","background-attachment":"scroll","background-type":"","background-media":"","overlay-type":"","overlay-color":"","overlay-opacity":"","overlay-gradient":""}},"ast-content-background-meta":{"desktop":{"background-color":"var(--ast-global-color-5)","background-image":"","background-repeat":"repeat","background-position":"center center","background-size":"auto","background-attachment":"scroll","background-type":"","background-media":"","overlay-type":"","overlay-color":"","overlay-opacity":"","overlay-gradient":""},"tablet":{"background-color":"var(--ast-global-color-5)","background-image":"","background-repeat":"repeat","background-position":"center center","background-size":"auto","background-attachment":"scroll","background-type":"","background-media":"","overlay-type":"","overlay-color":"","overlay-opacity":"","overlay-gradient":""},"mobile":{"background-color":"var(--ast-global-color-5)","background-image":"","background-repeat":"repeat","background-position":"center center","background-size":"auto","background-attachment":"scroll","background-type":"","background-media":"","overlay-type":"","overlay-color":"","overlay-opacity":"","overlay-gradient":""}}},"product_brand":[],"product_cat":[54,42],"product_tag":[70,68,71,69],"class_list":{"0":"post-3389","1":"product","2":"type-product","3":"status-publish","4":"has-post-thumbnail","6":"product_cat-0-to-6months","7":"product_cat-merchandise","8":"product_tag-babypillow","9":"product_tag-cuteanimalpillow","10":"product_tag-headshapesupport","11":"product_tag-kouniushapingpillow","12":"desktop-align-left","13":"tablet-align-left","14":"mobile-align-left","16":"first","17":"instock","18":"shipping-taxable","19":"product-type-simple"},"aioseo_notices":[],"uagb_featured_image_src":{"full":["https:\/\/babypillowwholesale.com\/wp-content\/uploads\/2025\/04\/1009.jpg",1000,1000,false],"thumbnail":["https:\/\/babypillowwholesale.com\/wp-content\/uploads\/2025\/04\/1009-150x150.jpg",150,150,true],"medium":["https:\/\/babypillowwholesale.com\/wp-content\/uploads\/2025\/04\/1009-300x300.jpg",300,300,true],"medium_large":["https:\/\/babypillowwholesale.com\/wp-content\/uploads\/2025\/04\/1009-768x768.jpg",768,768,true],"large":["https:\/\/babypillowwholesale.com\/wp-content\/uploads\/2025\/04\/1009.jpg",1000,1000,false],"1536x1536":["https:\/\/babypillowwholesale.com\/wp-content\/uploads\/2025\/04\/1009.jpg",1000,1000,false],"2048x2048":["https:\/\/babypillowwholesale.com\/wp-content\/uploads\/2025\/04\/1009.jpg",1000,1000,false],"trp-custom-language-flag":["https:\/\/babypillowwholesale.com\/wp-content\/uploads\/2025\/04\/1009.jpg",12,12,false],"woocommerce_thumbnail":["https:\/\/babypillowwholesale.com\/wp-content\/uploads\/2025\/04\/1009-300x300.jpg",300,300,true],"woocommerce_single":["https:\/\/babypillowwholesale.com\/wp-content\/uploads\/2025\/04\/1009-600x600.jpg",600,600,true],"woocommerce_gallery_thumbnail":["https:\/\/babypillowwholesale.com\/wp-content\/uploads\/2025\/04\/1009-100x100.jpg",100,100,true]},"uagb_author_info":{"display_name":"Etnen zhong","author_link":"https:\/\/babypillowwholesale.com\/pt\/author\/"},"uagb_comment_info":0,"uagb_excerpt":"The Heart - Printed Shaping Pillow is a charming and functional sleep accessory designed for infants aged 0 - 6 months. Its surface is adorned with lovely random prints of hearts, birds, and floral elements, creating a sweet and soothing visual appeal. Crafted with care, it provides gentle support to help shape and maintain the&hellip;","jetpack_sharing_enabled":true,"_links":{"self":[{"href":"https:\/\/babypillowwholesale.com\/pt\/wp-json\/wp\/v2\/product\/3389","targetHints":{"allow":["GET"]}}],"collection":[{"href":"https:\/\/babypillowwholesale.com\/pt\/wp-json\/wp\/v2\/product"}],"about":[{"href":"https:\/\/babypillowwholesale.com\/pt\/wp-json\/wp\/v2\/types\/product"}],"replies":[{"embeddable":true,"href":"https:\/\/babypillowwholesale.com\/pt\/wp-json\/wp\/v2\/comments?post=3389"}],"wp:featuredmedia":[{"embeddable":true,"href":"https:\/\/babypillowwholesale.com\/pt\/wp-json\/wp\/v2\/media\/3390"}],"wp:attachment":[{"href":"https:\/\/babypillowwholesale.com\/pt\/wp-json\/wp\/v2\/media?parent=3389"}],"wp:term":[{"taxonomy":"product_brand","embeddable":true,"href":"https:\/\/babypillowwholesale.com\/pt\/wp-json\/wp\/v2\/product_brand?post=3389"},{"taxonomy":"product_cat","embeddable":true,"href":"https:\/\/babypillowwholesale.com\/pt\/wp-json\/wp\/v2\/product_cat?post=3389"},{"taxonomy":"product_tag","embeddable":true,"href":"https:\/\/babypillowwholesale.com\/pt\/wp-json\/wp\/v2\/product_tag?post=3389"}],"curies":[{"name":"wp","href":"https:\/\/api.w.org\/{rel}","templated":true}]}}