{"id":3383,"date":"2025-04-11T07:55:31","date_gmt":"2025-04-11T07:55:31","guid":{"rendered":"https:\/\/babypillowwholesale.com\/?post_type=product&#038;p=3383"},"modified":"2025-06-08T08:07:13","modified_gmt":"2025-06-08T08:07:13","slug":"little-apple-memory-pillow","status":"publish","type":"product","link":"https:\/\/babypillowwholesale.com\/pt\/product\/little-apple-memory-pillow\/","title":{"rendered":"Almofada com mem\u00f3ria Little Apple"},"content":{"rendered":"<div class=\"auto-hide-last-sibling-br paragraph-qzbcQC paragraph-element br-paragraph-space\" data-immersive-translate-walked=\"8e61f2e7-6af2-46e5-9672-3b9e4f4033d9\" data-immersive-translate-paragraph=\"1\">\n<div class=\"auto-hide-last-sibling-br paragraph-qzbcQC paragraph-element br-paragraph-space\">\n<div class=\"auto-hide-last-sibling-br paragraph-qzbcQC paragraph-element br-paragraph-space\">\n<div class=\"auto-hide-last-sibling-br paragraph-qzbcQC paragraph-element br-paragraph-space\">Apresentamos a Almofada com Mem\u00f3ria Little Apple, uma companheira de sono querida e indispens\u00e1vel, criada especialmente para beb\u00e9s na fase dos 0-3 meses. Esta almofada, com a sua encantadora silhueta em forma de ma\u00e7\u00e3, chama imediatamente a aten\u00e7\u00e3o, exalando uma sensa\u00e7\u00e3o de do\u00e7ura e brincadeira desde o in\u00edcio.<\/div>\n<p>&nbsp;<\/p>\n<div class=\"auto-hide-last-sibling-br paragraph-qzbcQC paragraph-element br-paragraph-space\">Fabricada em espuma viscoel\u00e1stica de primeira qualidade, \u00e9 um modelo de conforto. Suavemente e sem falhas, molda-se aos contornos \u00fanicos da cabe\u00e7a do seu beb\u00e9, proporcionando um n\u00edvel de apoio personalizado que \u00e9 simultaneamente terno e reconfortante. A superf\u00edcie da almofada \u00e9 uma tela de encanto, adornada com deliciosas estampas aleat\u00f3rias que acrescentam um toque de capricho e calor. Cada impress\u00e3o \u00e9 como uma pequena hist\u00f3ria, contribuindo para a beleza geral da almofada.<\/div>\n<p>&nbsp;<\/p>\n<div class=\"auto-hide-last-sibling-br paragraph-qzbcQC paragraph-element br-paragraph-space\">Medindo uns delicados 20*<em>22*<\/em>Com 1,5 cm de altura, a almofada adapta-se perfeitamente ao ber\u00e7o do beb\u00e9, criando um ref\u00fagio acolhedor para o seu pequeno. Imagine o seu precioso beb\u00e9, deitado no ber\u00e7o, com a cabe\u00e7a suavemente embalada por esta pequena almofada em forma de ma\u00e7\u00e3. Torna-se um local macio e seguro onde o beb\u00e9 pode adormecer tranquilamente, rodeado pelo abra\u00e7o suave da espuma viscoel\u00e1stica e dos bonitos estampados.<\/div>\n<p>&nbsp;<\/p>\n<div class=\"auto-hide-last-sibling-br paragraph-qzbcQC paragraph-element br-paragraph-space\">Durante os primeiros dias, quando o seu beb\u00e9 passa a maior parte do tempo a dormir, a almofada com mem\u00f3ria Little Apple \u00e9 uma fonte constante de conforto. Quer se trate de uma sesta curta durante o dia ou de uma sesta mais longa durante a noite, esta almofada proporciona uma superf\u00edcie consistente e calmante. Tamb\u00e9m se torna um ponto focal no quarto do beb\u00e9, acrescentando um toque de fofura \u00e0 decora\u00e7\u00e3o geral.<\/div>\n<p>&nbsp;<\/p>\n<div class=\"auto-hide-last-sibling-br paragraph-qzbcQC paragraph-element br-paragraph-space\">Os pais t\u00eam sido efusivos nos seus elogios a esta almofada encantadora. \"Estou apaixonada pela Almofada com Mem\u00f3ria Little Apple! \u00c9 t\u00e3o gira e o meu rec\u00e9m-nascido parece muito mais confort\u00e1vel. A espuma viscoel\u00e1stica \u00e9 um divisor de \u00e1guas\", exclamou uma nova m\u00e3e. Um pai acrescentou: \"Adoramos o facto de dar um pouco de charme ao quarto do beb\u00e9. Tem-se aguentado bem e parece mesmo ajudar o nosso beb\u00e9 a dormir melhor.\"<\/div>\n<p>&nbsp;<\/p>\n<div class=\"auto-hide-last-sibling-br paragraph-qzbcQC paragraph-element br-paragraph-space\">Na sua ess\u00eancia, a Almofada com Mem\u00f3ria Little Apple \u00e9 uma mistura harmoniosa de conforto, fofura e funcionalidade. N\u00e3o \u00e9 apenas uma pe\u00e7a de roupa de cama; \u00e9 uma parte querida dos primeiros anos de vida do seu beb\u00e9, infundindo cada momento de sono com uma sensa\u00e7\u00e3o de tranquilidade e ternura.<\/div>\n<\/div>\n<\/div>\n<\/div>","protected":false},"excerpt":{"rendered":"<p>A Almofada com Mem\u00f3ria Little Apple \u00e9 uma almofada de dormir doce e pr\u00e1tica, concebida para beb\u00e9s dos 0 aos 3 meses. Com a forma de uma bonita ma\u00e7\u00e3, chama imediatamente a aten\u00e7\u00e3o pela sua forma ador\u00e1vel. Feita de espuma viscoel\u00e1stica, adapta-se suavemente \u00e0 cabe\u00e7a do beb\u00e9, proporcionando um apoio suave e personalizado. A superf\u00edcie est\u00e1 decorada com encantadoras estampas aleat\u00f3rias, que d\u00e3o um toque de encanto. Com um tamanho compacto de 20*<em>22*<\/em>1,5 cm, cabe perfeitamente no ber\u00e7o do beb\u00e9. Esta almofada n\u00e3o s\u00f3 ajuda a manter a forma da cabe\u00e7a do beb\u00e9, como tamb\u00e9m oferece um local de repouso acolhedor e confort\u00e1vel, criando um ambiente sereno para o sono tranquilo do beb\u00e9.<\/p>","protected":false},"featured_media":3384,"comment_status":"open","ping_status":"closed","template":"","meta":{"_uag_custom_page_level_css":"","site-sidebar-layout":"default","site-content-layout":"","ast-site-content-layout":"default","site-content-style":"default","site-sidebar-style":"default","ast-global-header-display":"","ast-banner-title-visibility":"","ast-main-header-display":"","ast-hfb-above-header-display":"","ast-hfb-below-header-display":"","ast-hfb-mobile-header-display":"","site-post-title":"","ast-breadcrumbs-content":"","ast-featured-img":"","footer-sml-layout":"","ast-disable-related-posts":"","theme-transparent-header-meta":"default","adv-header-id-meta":"","stick-header-meta":"","header-above-stick-meta":"","header-main-stick-meta":"","header-below-stick-meta":"","astra-migrate-meta-layouts":"set","ast-page-background-enabled":"default","ast-page-background-meta":{"desktop":{"background-color":"","background-image":"","background-repeat":"repeat","background-position":"center center","background-size":"auto","background-attachment":"scroll","background-type":"","background-media":"","overlay-type":"","overlay-color":"","overlay-opacity":"","overlay-gradient":""},"tablet":{"background-color":"","background-image":"","background-repeat":"repeat","background-position":"center center","background-size":"auto","background-attachment":"scroll","background-type":"","background-media":"","overlay-type":"","overlay-color":"","overlay-opacity":"","overlay-gradient":""},"mobile":{"background-color":"","background-image":"","background-repeat":"repeat","background-position":"center center","background-size":"auto","background-attachment":"scroll","background-type":"","background-media":"","overlay-type":"","overlay-color":"","overlay-opacity":"","overlay-gradient":""}},"ast-content-background-meta":{"desktop":{"background-color":"var(--ast-global-color-5)","background-image":"","background-repeat":"repeat","background-position":"center center","background-size":"auto","background-attachment":"scroll","background-type":"","background-media":"","overlay-type":"","overlay-color":"","overlay-opacity":"","overlay-gradient":""},"tablet":{"background-color":"var(--ast-global-color-5)","background-image":"","background-repeat":"repeat","background-position":"center center","background-size":"auto","background-attachment":"scroll","background-type":"","background-media":"","overlay-type":"","overlay-color":"","overlay-opacity":"","overlay-gradient":""},"mobile":{"background-color":"var(--ast-global-color-5)","background-image":"","background-repeat":"repeat","background-position":"center center","background-size":"auto","background-attachment":"scroll","background-type":"","background-media":"","overlay-type":"","overlay-color":"","overlay-opacity":"","overlay-gradient":""}}},"product_brand":[],"product_cat":[54,42],"product_tag":[70,68,71,69],"class_list":{"0":"post-3383","1":"product","2":"type-product","3":"status-publish","4":"has-post-thumbnail","6":"product_cat-0-to-6months","7":"product_cat-merchandise","8":"product_tag-babypillow","9":"product_tag-cuteanimalpillow","10":"product_tag-headshapesupport","11":"product_tag-kouniushapingpillow","12":"desktop-align-left","13":"tablet-align-left","14":"mobile-align-left","16":"first","17":"instock","18":"shipping-taxable","19":"product-type-simple"},"aioseo_notices":[],"uagb_featured_image_src":{"full":["https:\/\/babypillowwholesale.com\/wp-content\/uploads\/2025\/04\/1003.jpg",1000,1000,false],"thumbnail":["https:\/\/babypillowwholesale.com\/wp-content\/uploads\/2025\/04\/1003-150x150.jpg",150,150,true],"medium":["https:\/\/babypillowwholesale.com\/wp-content\/uploads\/2025\/04\/1003-300x300.jpg",300,300,true],"medium_large":["https:\/\/babypillowwholesale.com\/wp-content\/uploads\/2025\/04\/1003-768x768.jpg",768,768,true],"large":["https:\/\/babypillowwholesale.com\/wp-content\/uploads\/2025\/04\/1003.jpg",1000,1000,false],"1536x1536":["https:\/\/babypillowwholesale.com\/wp-content\/uploads\/2025\/04\/1003.jpg",1000,1000,false],"2048x2048":["https:\/\/babypillowwholesale.com\/wp-content\/uploads\/2025\/04\/1003.jpg",1000,1000,false],"trp-custom-language-flag":["https:\/\/babypillowwholesale.com\/wp-content\/uploads\/2025\/04\/1003.jpg",12,12,false],"woocommerce_thumbnail":["https:\/\/babypillowwholesale.com\/wp-content\/uploads\/2025\/04\/1003-300x300.jpg",300,300,true],"woocommerce_single":["https:\/\/babypillowwholesale.com\/wp-content\/uploads\/2025\/04\/1003-600x600.jpg",600,600,true],"woocommerce_gallery_thumbnail":["https:\/\/babypillowwholesale.com\/wp-content\/uploads\/2025\/04\/1003-100x100.jpg",100,100,true]},"uagb_author_info":{"display_name":"Etnen zhong","author_link":"https:\/\/babypillowwholesale.com\/pt\/author\/"},"uagb_comment_info":0,"uagb_excerpt":"The Little Apple Memory Pillow is a sweet and practical sleep essential designed for infants aged 0 - 3 months. Shaped like a cute apple, it immediately catches the eye with its adorable form. Made of memory foam, it softly conforms to the baby's head, providing gentle and customized support. The surface is decorated with&hellip;","jetpack_sharing_enabled":true,"_links":{"self":[{"href":"https:\/\/babypillowwholesale.com\/pt\/wp-json\/wp\/v2\/product\/3383","targetHints":{"allow":["GET"]}}],"collection":[{"href":"https:\/\/babypillowwholesale.com\/pt\/wp-json\/wp\/v2\/product"}],"about":[{"href":"https:\/\/babypillowwholesale.com\/pt\/wp-json\/wp\/v2\/types\/product"}],"replies":[{"embeddable":true,"href":"https:\/\/babypillowwholesale.com\/pt\/wp-json\/wp\/v2\/comments?post=3383"}],"wp:featuredmedia":[{"embeddable":true,"href":"https:\/\/babypillowwholesale.com\/pt\/wp-json\/wp\/v2\/media\/3384"}],"wp:attachment":[{"href":"https:\/\/babypillowwholesale.com\/pt\/wp-json\/wp\/v2\/media?parent=3383"}],"wp:term":[{"taxonomy":"product_brand","embeddable":true,"href":"https:\/\/babypillowwholesale.com\/pt\/wp-json\/wp\/v2\/product_brand?post=3383"},{"taxonomy":"product_cat","embeddable":true,"href":"https:\/\/babypillowwholesale.com\/pt\/wp-json\/wp\/v2\/product_cat?post=3383"},{"taxonomy":"product_tag","embeddable":true,"href":"https:\/\/babypillowwholesale.com\/pt\/wp-json\/wp\/v2\/product_tag?post=3383"}],"curies":[{"name":"wp","href":"https:\/\/api.w.org\/{rel}","templated":true}]}}