{"id":3380,"date":"2025-04-11T07:23:24","date_gmt":"2025-04-11T07:23:24","guid":{"rendered":"https:\/\/babypillowwholesale.com\/?post_type=product&#038;p=3380"},"modified":"2025-06-08T08:11:45","modified_gmt":"2025-06-08T08:11:45","slug":"little-bear-memory-pillow","status":"publish","type":"product","link":"https:\/\/babypillowwholesale.com\/pt\/product\/little-bear-memory-pillow\/","title":{"rendered":"Almofada com mem\u00f3ria Urso Pequeno"},"content":{"rendered":"<div class=\"auto-hide-last-sibling-br paragraph-qzbcQC paragraph-element br-paragraph-space\" data-immersive-translate-walked=\"8e61f2e7-6af2-46e5-9672-3b9e4f4033d9\" data-immersive-translate-paragraph=\"1\">\n<div class=\"auto-hide-last-sibling-br paragraph-qzbcQC paragraph-element br-paragraph-space\">\n<div class=\"auto-hide-last-sibling-br paragraph-qzbcQC paragraph-element br-paragraph-space\">Apresentamos a Almofada com Mem\u00f3ria Little Bear, uma companheira de sono terna e essencial, meticulosamente concebida para beb\u00e9s dos 0 aos 6 meses. Esta almofada \u00e9 um modelo de conforto, fabricada com espuma viscoel\u00e1stica de primeira qualidade que se molda graciosamente aos contornos da cabe\u00e7a do seu beb\u00e9. Oferece um abra\u00e7o \u00e0 medida, assegurando um conforto suave mas de apoio, o que \u00e9 crucial para o desenvolvimento da cabe\u00e7a do seu beb\u00e9.<\/div>\n<p>&nbsp;<\/p>\n<div class=\"auto-hide-last-sibling-br paragraph-qzbcQC paragraph-element br-paragraph-space\">A superf\u00edcie da almofada \u00e9 uma tela de fofura, adornada com uma s\u00e9rie de impress\u00f5es aleat\u00f3rias deliciosas com motivos de ursinhos encantadores. Cada urso, com a sua express\u00e3o cativante e comportamento brincalh\u00e3o, acrescenta uma pitada de capricho e calor, tornando a almofada n\u00e3o s\u00f3 um objeto funcional, mas tamb\u00e9m uma fonte de alegria visual.<\/div>\n<p>&nbsp;<\/p>\n<div class=\"auto-hide-last-sibling-br paragraph-qzbcQC paragraph-element br-paragraph-space\">Medi\u00e7\u00e3o de um compacto 25*<em>20*<\/em>1,5 cm, \u00e9 a almofada ideal para o ber\u00e7o ou a alcofa de um beb\u00e9. Imagine o seu precioso beb\u00e9, aninhado no seu aconchegante espa\u00e7o de dormir, com a sua pequena cabe\u00e7a a descansar suavemente nesta almofada. Torna-se um ref\u00fagio de suavidade, um local onde o beb\u00e9 pode adormecer tranquilamente, rodeado pela presen\u00e7a reconfortante das estampas de ursinhos.<\/div>\n<p>&nbsp;<\/p>\n<div class=\"auto-hide-last-sibling-br paragraph-qzbcQC paragraph-element br-paragraph-space\">Durante os primeiros dias, quando o beb\u00e9 dorme pequenas sestas ao longo do dia, a Almofada com Mem\u00f3ria Little Bear proporciona um local consistente e confort\u00e1vel. \u00c9 tamb\u00e9m uma adi\u00e7\u00e3o tranquilizadora durante o sono noturno, ajudando o seu beb\u00e9 a sentir-se seguro e \u00e0 vontade.<\/div>\n<p>&nbsp;<\/p>\n<div class=\"auto-hide-last-sibling-br paragraph-qzbcQC paragraph-element br-paragraph-space\">Os pais ficaram muito satisfeitos com este produto. \"Esta Almofada com Mem\u00f3ria para Ursinhos \u00e9 um divisor de \u00e1guas! O meu rec\u00e9m-nascido parece muito mais confort\u00e1vel e adoro as estampas giras de ursos. Fico descansada por saber que tamb\u00e9m ajuda a moldar a cabe\u00e7a\", disse uma m\u00e3e. Um pai acrescentou: \"Estamos muito impressionados com a qualidade. Tem-se aguentado bem e tornou-se uma parte essencial da organiza\u00e7\u00e3o do sono do nosso beb\u00e9.\"<\/div>\n<p>&nbsp;<\/p>\n<div class=\"auto-hide-last-sibling-br paragraph-qzbcQC paragraph-element br-paragraph-space\">Na sua ess\u00eancia, a almofada com mem\u00f3ria Little Bear \u00e9 uma mistura harmoniosa de conforto, fofura e funcionalidade. N\u00e3o \u00e9 apenas um artigo de cama; \u00e9 uma parte querida dos primeiros dias do seu beb\u00e9, infundindo cada momento de sono com uma sensa\u00e7\u00e3o de seguran\u00e7a e ternura.<\/div>\n<\/div>\n<\/div>","protected":false},"excerpt":{"rendered":"<p>A Almofada com Mem\u00f3ria Little Bear \u00e9 um acess\u00f3rio de dormir delicado e funcional, concebido para beb\u00e9s dos 0 aos 6 meses. Fabricada com espuma viscoel\u00e1stica, adapta-se suavemente \u00e0 forma da cabe\u00e7a do beb\u00e9, proporcionando um apoio personalizado. A sua superf\u00edcie \u00e9 decorada com bonitas estampas aleat\u00f3rias de motivos de ursinhos, acrescentando um elemento de charme. Com um tamanho compacto de 25*<em>20*<\/em>1,5 cm, \u00e9 adequada para o ber\u00e7o ou o ber\u00e7o do beb\u00e9. Esta almofada n\u00e3o s\u00f3 ajuda a manter a forma da cabe\u00e7a do beb\u00e9, como tamb\u00e9m oferece um local de repouso suave e confort\u00e1vel, criando um ambiente acolhedor para o sono do beb\u00e9.<\/p>","protected":false},"featured_media":3381,"comment_status":"open","ping_status":"closed","template":"","meta":{"_uag_custom_page_level_css":"","site-sidebar-layout":"default","site-content-layout":"","ast-site-content-layout":"default","site-content-style":"default","site-sidebar-style":"default","ast-global-header-display":"","ast-banner-title-visibility":"","ast-main-header-display":"","ast-hfb-above-header-display":"","ast-hfb-below-header-display":"","ast-hfb-mobile-header-display":"","site-post-title":"","ast-breadcrumbs-content":"","ast-featured-img":"","footer-sml-layout":"","ast-disable-related-posts":"","theme-transparent-header-meta":"default","adv-header-id-meta":"","stick-header-meta":"","header-above-stick-meta":"","header-main-stick-meta":"","header-below-stick-meta":"","astra-migrate-meta-layouts":"set","ast-page-background-enabled":"default","ast-page-background-meta":{"desktop":{"background-color":"","background-image":"","background-repeat":"repeat","background-position":"center center","background-size":"auto","background-attachment":"scroll","background-type":"","background-media":"","overlay-type":"","overlay-color":"","overlay-opacity":"","overlay-gradient":""},"tablet":{"background-color":"","background-image":"","background-repeat":"repeat","background-position":"center center","background-size":"auto","background-attachment":"scroll","background-type":"","background-media":"","overlay-type":"","overlay-color":"","overlay-opacity":"","overlay-gradient":""},"mobile":{"background-color":"","background-image":"","background-repeat":"repeat","background-position":"center center","background-size":"auto","background-attachment":"scroll","background-type":"","background-media":"","overlay-type":"","overlay-color":"","overlay-opacity":"","overlay-gradient":""}},"ast-content-background-meta":{"desktop":{"background-color":"var(--ast-global-color-5)","background-image":"","background-repeat":"repeat","background-position":"center center","background-size":"auto","background-attachment":"scroll","background-type":"","background-media":"","overlay-type":"","overlay-color":"","overlay-opacity":"","overlay-gradient":""},"tablet":{"background-color":"var(--ast-global-color-5)","background-image":"","background-repeat":"repeat","background-position":"center center","background-size":"auto","background-attachment":"scroll","background-type":"","background-media":"","overlay-type":"","overlay-color":"","overlay-opacity":"","overlay-gradient":""},"mobile":{"background-color":"var(--ast-global-color-5)","background-image":"","background-repeat":"repeat","background-position":"center center","background-size":"auto","background-attachment":"scroll","background-type":"","background-media":"","overlay-type":"","overlay-color":"","overlay-opacity":"","overlay-gradient":""}}},"product_brand":[],"product_cat":[54,42],"product_tag":[70,68,71,69],"class_list":{"0":"post-3380","1":"product","2":"type-product","3":"status-publish","4":"has-post-thumbnail","6":"product_cat-0-to-6months","7":"product_cat-merchandise","8":"product_tag-babypillow","9":"product_tag-cuteanimalpillow","10":"product_tag-headshapesupport","11":"product_tag-kouniushapingpillow","12":"desktop-align-left","13":"tablet-align-left","14":"mobile-align-left","16":"first","17":"instock","18":"shipping-taxable","19":"product-type-simple"},"aioseo_notices":[],"uagb_featured_image_src":{"full":["https:\/\/babypillowwholesale.com\/wp-content\/uploads\/2025\/04\/1002.jpg",1000,1000,false],"thumbnail":["https:\/\/babypillowwholesale.com\/wp-content\/uploads\/2025\/04\/1002-150x150.jpg",150,150,true],"medium":["https:\/\/babypillowwholesale.com\/wp-content\/uploads\/2025\/04\/1002-300x300.jpg",300,300,true],"medium_large":["https:\/\/babypillowwholesale.com\/wp-content\/uploads\/2025\/04\/1002-768x768.jpg",768,768,true],"large":["https:\/\/babypillowwholesale.com\/wp-content\/uploads\/2025\/04\/1002.jpg",1000,1000,false],"1536x1536":["https:\/\/babypillowwholesale.com\/wp-content\/uploads\/2025\/04\/1002.jpg",1000,1000,false],"2048x2048":["https:\/\/babypillowwholesale.com\/wp-content\/uploads\/2025\/04\/1002.jpg",1000,1000,false],"trp-custom-language-flag":["https:\/\/babypillowwholesale.com\/wp-content\/uploads\/2025\/04\/1002.jpg",12,12,false],"woocommerce_thumbnail":["https:\/\/babypillowwholesale.com\/wp-content\/uploads\/2025\/04\/1002-300x300.jpg",300,300,true],"woocommerce_single":["https:\/\/babypillowwholesale.com\/wp-content\/uploads\/2025\/04\/1002-600x600.jpg",600,600,true],"woocommerce_gallery_thumbnail":["https:\/\/babypillowwholesale.com\/wp-content\/uploads\/2025\/04\/1002-100x100.jpg",100,100,true]},"uagb_author_info":{"display_name":"Etnen zhong","author_link":"https:\/\/babypillowwholesale.com\/pt\/author\/"},"uagb_comment_info":0,"uagb_excerpt":"The Little Bear Memory Pillow is a delicate and functional sleep accessory designed for infants aged 0 - 6 months. Made with memory foam, it gently conforms to the shape of the baby's head, providing customized support. Its surface is adorned with cute random prints of little bear motifs, adding an element of charm. With&hellip;","jetpack_sharing_enabled":true,"_links":{"self":[{"href":"https:\/\/babypillowwholesale.com\/pt\/wp-json\/wp\/v2\/product\/3380","targetHints":{"allow":["GET"]}}],"collection":[{"href":"https:\/\/babypillowwholesale.com\/pt\/wp-json\/wp\/v2\/product"}],"about":[{"href":"https:\/\/babypillowwholesale.com\/pt\/wp-json\/wp\/v2\/types\/product"}],"replies":[{"embeddable":true,"href":"https:\/\/babypillowwholesale.com\/pt\/wp-json\/wp\/v2\/comments?post=3380"}],"wp:featuredmedia":[{"embeddable":true,"href":"https:\/\/babypillowwholesale.com\/pt\/wp-json\/wp\/v2\/media\/3381"}],"wp:attachment":[{"href":"https:\/\/babypillowwholesale.com\/pt\/wp-json\/wp\/v2\/media?parent=3380"}],"wp:term":[{"taxonomy":"product_brand","embeddable":true,"href":"https:\/\/babypillowwholesale.com\/pt\/wp-json\/wp\/v2\/product_brand?post=3380"},{"taxonomy":"product_cat","embeddable":true,"href":"https:\/\/babypillowwholesale.com\/pt\/wp-json\/wp\/v2\/product_cat?post=3380"},{"taxonomy":"product_tag","embeddable":true,"href":"https:\/\/babypillowwholesale.com\/pt\/wp-json\/wp\/v2\/product_tag?post=3380"}],"curies":[{"name":"wp","href":"https:\/\/api.w.org\/{rel}","templated":true}]}}