{"id":3336,"date":"2025-04-04T08:45:12","date_gmt":"2025-04-04T08:45:12","guid":{"rendered":"https:\/\/babypillowwholesale.com\/?post_type=product&#038;p=3336"},"modified":"2025-06-08T14:07:34","modified_gmt":"2025-06-08T14:07:34","slug":"big-faced-cat-infant-pillow","status":"publish","type":"product","link":"https:\/\/babypillowwholesale.com\/pt\/product\/big-faced-cat-infant-pillow\/","title":{"rendered":"Almofada para beb\u00e9 com cara de gato"},"content":{"rendered":"<div class=\"auto-hide-last-sibling-br paragraph-qzbcQC paragraph-element br-paragraph-space\" data-immersive-translate-walked=\"8e61f2e7-6af2-46e5-9672-3b9e4f4033d9\" data-immersive-translate-paragraph=\"1\">\n<div class=\"auto-hide-last-sibling-br paragraph-qzbcQC paragraph-element br-paragraph-space\">\n<div class=\"auto-hide-last-sibling-br paragraph-qzbcQC paragraph-element br-paragraph-space\">\n<div class=\"auto-hide-last-sibling-br paragraph-qzbcQC paragraph-element br-paragraph-space\">\n<div class=\"auto-hide-last-sibling-br paragraph-qzbcQC paragraph-element br-paragraph-space\">\n<div class=\"auto-hide-last-sibling-br paragraph-qzbcQC paragraph-element br-paragraph-space\">\n<div class=\"auto-hide-last-sibling-br paragraph-qzbcQC paragraph-element br-paragraph-space\">\n<div class=\"auto-hide-last-sibling-br paragraph-qzbcQC paragraph-element br-paragraph-space\">\n<div class=\"auto-hide-last-sibling-br paragraph-qzbcQC paragraph-element br-paragraph-space\">\n<div class=\"auto-hide-last-sibling-br paragraph-qzbcQC paragraph-element br-paragraph-space\">\n<div class=\"auto-hide-last-sibling-br paragraph-qzbcQC paragraph-element br-paragraph-space\">\n<div class=\"auto-hide-last-sibling-br paragraph-qzbcQC paragraph-element br-paragraph-space\">Apresentamos a Almofada para Beb\u00e9s Gato de Cara Grande, uma ador\u00e1vel companheira de sono criada especialmente para crian\u00e7as entre os 1 e os 3 anos de idade. O seu design \u00e9 uma homenagem encantadora ao ador\u00e1vel gato de cara grande, com olhos grandes e cheios de alma que parecem conter um mundo de inoc\u00eancia, orelhas delicadas que d\u00e3o um toque de brincadeira e uma express\u00e3o doce que \u00e9 imposs\u00edvel n\u00e3o adorar.<\/div>\n<p>&nbsp;<\/p>\n<div class=\"auto-hide-last-sibling-br paragraph-qzbcQC paragraph-element br-paragraph-space\">Com dimens\u00f5es de 40*<em>24*<\/em>3CM, esta almofada \u00e9 perfeitamente proporcionada para oferecer um apoio \u00f3timo \u00e0 cabe\u00e7a e ao pesco\u00e7o do seu filho. \u00c0 medida que se instala para dormir, embala-o suavemente, promovendo uma posi\u00e7\u00e3o de sono confort\u00e1vel e saud\u00e1vel. Fabricada com materiais sumptuosamente macios, \u00e9 como uma car\u00edcia suave contra a pele, criando um ref\u00fagio de aconchego que embala o seu filho num sono tranquilo.<\/div>\n<p>&nbsp;<\/p>\n<div class=\"auto-hide-last-sibling-br paragraph-qzbcQC paragraph-element br-paragraph-space\">Dispon\u00edvel em tons suaves de rosa e azul, complementa sem esfor\u00e7o qualquer decora\u00e7\u00e3o de quarto de beb\u00e9, acrescentando um toque de cor e charme. Imagine a magia da hora de dormir quando o seu filho se aconchega na Almofada para Beb\u00e9s Gato de Cara Grande. Torna-se mais do que uma simples almofada; \u00e9 um amigo que lhe faz companhia durante a noite. Durante o dia, pode transformar-se num adere\u00e7o para brincadeiras imaginativas, um local macio para sestas improvisadas no ch\u00e3o da sala ou uma presen\u00e7a reconfortante em momentos de inquieta\u00e7\u00e3o.<\/div>\n<p>&nbsp;<\/p>\n<div class=\"auto-hide-last-sibling-br paragraph-qzbcQC paragraph-element br-paragraph-space\">Os pais s\u00e3o efusivos nos seus elogios a esta almofada encantadora. \"A minha filha de 2 anos n\u00e3o consegue dormir sem a Almofada para gatos de cara grande! \u00c9 t\u00e3o macia e o design giro faz com que a hora de dormir seja algo que eles esperam ansiosamente\", partilhou uma m\u00e3e feliz. Um pai acrescentou: \"Adoramos a forma como acrescenta um pouco de divers\u00e3o ao quarto do nosso filho. Tem-se aguentado bem, mesmo com todas as brincadeiras. Sem d\u00favida, uma \u00f3ptima compra\".<\/div>\n<p>&nbsp;<\/p>\n<div class=\"auto-hide-last-sibling-br paragraph-qzbcQC paragraph-element br-paragraph-space\">Na sua ess\u00eancia, a Almofada para beb\u00e9 com cara de gato \u00e9 uma mistura harmoniosa de conforto, fofura e funcionalidade. N\u00e3o \u00e9 apenas um artigo de cama; \u00e9 uma parte querida da vida quotidiana do seu filho, infundindo cada momento com uma pitada de charme de inspira\u00e7\u00e3o felina.<\/div>\n<\/div>\n<\/div>\n<\/div>\n<\/div>\n<\/div>\n<\/div>\n<\/div>\n<\/div>\n<\/div>\n<\/div>\n<\/div>","protected":false},"excerpt":{"rendered":"<div class=\"container-QE4ayg\">\n<div class=\"item-jU10IN\">\n<div class=\"container-jODEnh chrome70-container\">\n<div class=\"inner-eE95c9 inner-item-aL3Ui_\" data-target-id=\"message-box-target-id\" data-testid=\"union_message\">\n<div class=\"message-block-container-liuetz\" data-testid=\"message-block-container\">\n<div class=\"message-box-ZWbBdF\" data-testid=\"receive_message\">\n<div class=\"message-box-content-wrapper-srHdUj\">\n<div class=\"message-content message-box-content-otxGGw receive-message-box-content-_lREFj samantha-message-box-content-Qjmpja\" data-testid=\"message_content\">\n<div class=\"container-hfX5E8 flow-markdown-body theme-samantha-yJEgBp\" dir=\"ltr\" data-testid=\"message_text_content\" data-show-indicator=\"false\">\n<div class=\"auto-hide-last-sibling-br paragraph-qzbcQC paragraph-element br-paragraph-space\">A Almofada para Beb\u00e9 Gato de Cara Grande \u00e9 uma almofada de dormir deliciosa e essencial, concebida para crian\u00e7as de 1 a 3 anos. O seu design \u00e9 inspirado num bonito gato de cara grande, com olhos grandes e redondos, orelhas ador\u00e1veis e uma express\u00e3o encantadora que exala fofura. Medindo 40*<em>24*<\/em>3CM, oferece um apoio adequado \u00e0 cabe\u00e7a e ao pesco\u00e7o da crian\u00e7a, assegurando uma postura de sono confort\u00e1vel. Fabricado com materiais macios e aconchegantes, proporciona um toque suave e agrad\u00e1vel contra a pele. Dispon\u00edvel em cor-de-rosa e azul, pode combinar facilmente com diferentes decora\u00e7\u00f5es de quarto de crian\u00e7a. Esta almofada n\u00e3o s\u00f3 ajuda o seu filho a desfrutar de um sono tranquilo, como tamb\u00e9m d\u00e1 um toque de capricho e calor \u00e0 rotina da hora de deitar, tornando-a um complemento maravilhoso para os essenciais da hora de dormir.<\/div>\n<\/div>\n<\/div>\n<\/div>\n<\/div>\n<\/div>\n<\/div>\n<\/div>\n<\/div>\n<\/div>","protected":false},"featured_media":3337,"comment_status":"open","ping_status":"closed","template":"","meta":{"_uag_custom_page_level_css":"","site-sidebar-layout":"default","site-content-layout":"","ast-site-content-layout":"default","site-content-style":"default","site-sidebar-style":"default","ast-global-header-display":"","ast-banner-title-visibility":"","ast-main-header-display":"","ast-hfb-above-header-display":"","ast-hfb-below-header-display":"","ast-hfb-mobile-header-display":"","site-post-title":"","ast-breadcrumbs-content":"","ast-featured-img":"","footer-sml-layout":"","ast-disable-related-posts":"","theme-transparent-header-meta":"default","adv-header-id-meta":"","stick-header-meta":"","header-above-stick-meta":"","header-main-stick-meta":"","header-below-stick-meta":"","astra-migrate-meta-layouts":"set","ast-page-background-enabled":"default","ast-page-background-meta":{"desktop":{"background-color":"","background-image":"","background-repeat":"repeat","background-position":"center center","background-size":"auto","background-attachment":"scroll","background-type":"","background-media":"","overlay-type":"","overlay-color":"","overlay-opacity":"","overlay-gradient":""},"tablet":{"background-color":"","background-image":"","background-repeat":"repeat","background-position":"center center","background-size":"auto","background-attachment":"scroll","background-type":"","background-media":"","overlay-type":"","overlay-color":"","overlay-opacity":"","overlay-gradient":""},"mobile":{"background-color":"","background-image":"","background-repeat":"repeat","background-position":"center center","background-size":"auto","background-attachment":"scroll","background-type":"","background-media":"","overlay-type":"","overlay-color":"","overlay-opacity":"","overlay-gradient":""}},"ast-content-background-meta":{"desktop":{"background-color":"var(--ast-global-color-5)","background-image":"","background-repeat":"repeat","background-position":"center center","background-size":"auto","background-attachment":"scroll","background-type":"","background-media":"","overlay-type":"","overlay-color":"","overlay-opacity":"","overlay-gradient":""},"tablet":{"background-color":"var(--ast-global-color-5)","background-image":"","background-repeat":"repeat","background-position":"center center","background-size":"auto","background-attachment":"scroll","background-type":"","background-media":"","overlay-type":"","overlay-color":"","overlay-opacity":"","overlay-gradient":""},"mobile":{"background-color":"var(--ast-global-color-5)","background-image":"","background-repeat":"repeat","background-position":"center center","background-size":"auto","background-attachment":"scroll","background-type":"","background-media":"","overlay-type":"","overlay-color":"","overlay-opacity":"","overlay-gradient":""}}},"product_brand":[],"product_cat":[56,42],"product_tag":[70,68,71,69],"class_list":{"0":"post-3336","1":"product","2":"type-product","3":"status-publish","4":"has-post-thumbnail","6":"product_cat-1-to-3-years","7":"product_cat-merchandise","8":"product_tag-babypillow","9":"product_tag-cuteanimalpillow","10":"product_tag-headshapesupport","11":"product_tag-kouniushapingpillow","12":"desktop-align-left","13":"tablet-align-left","14":"mobile-align-left","16":"first","17":"instock","18":"featured","19":"shipping-taxable","20":"product-type-simple"},"aioseo_notices":[],"uagb_featured_image_src":{"full":["https:\/\/babypillowwholesale.com\/wp-content\/uploads\/2025\/04\/1528.jpg",1000,1000,false],"thumbnail":["https:\/\/babypillowwholesale.com\/wp-content\/uploads\/2025\/04\/1528-150x150.jpg",150,150,true],"medium":["https:\/\/babypillowwholesale.com\/wp-content\/uploads\/2025\/04\/1528-300x300.jpg",300,300,true],"medium_large":["https:\/\/babypillowwholesale.com\/wp-content\/uploads\/2025\/04\/1528-768x768.jpg",768,768,true],"large":["https:\/\/babypillowwholesale.com\/wp-content\/uploads\/2025\/04\/1528.jpg",1000,1000,false],"1536x1536":["https:\/\/babypillowwholesale.com\/wp-content\/uploads\/2025\/04\/1528.jpg",1000,1000,false],"2048x2048":["https:\/\/babypillowwholesale.com\/wp-content\/uploads\/2025\/04\/1528.jpg",1000,1000,false],"trp-custom-language-flag":["https:\/\/babypillowwholesale.com\/wp-content\/uploads\/2025\/04\/1528.jpg",12,12,false],"woocommerce_thumbnail":["https:\/\/babypillowwholesale.com\/wp-content\/uploads\/2025\/04\/1528-300x300.jpg",300,300,true],"woocommerce_single":["https:\/\/babypillowwholesale.com\/wp-content\/uploads\/2025\/04\/1528-600x600.jpg",600,600,true],"woocommerce_gallery_thumbnail":["https:\/\/babypillowwholesale.com\/wp-content\/uploads\/2025\/04\/1528-100x100.jpg",100,100,true]},"uagb_author_info":{"display_name":"Etnen zhong","author_link":"https:\/\/babypillowwholesale.com\/pt\/author\/"},"uagb_comment_info":0,"uagb_excerpt":"The Big - Faced Cat Infant Pillow is a delightful sleep essential designed for children aged 1 - 3 years. Its design is inspired by a cute big - faced cat, featuring large, round eyes, adorable ears, and a charming expression that exudes cuteness. Measuring 40*24*3CM, it offers proper support for a child's head and&hellip;","jetpack_sharing_enabled":true,"_links":{"self":[{"href":"https:\/\/babypillowwholesale.com\/pt\/wp-json\/wp\/v2\/product\/3336","targetHints":{"allow":["GET"]}}],"collection":[{"href":"https:\/\/babypillowwholesale.com\/pt\/wp-json\/wp\/v2\/product"}],"about":[{"href":"https:\/\/babypillowwholesale.com\/pt\/wp-json\/wp\/v2\/types\/product"}],"replies":[{"embeddable":true,"href":"https:\/\/babypillowwholesale.com\/pt\/wp-json\/wp\/v2\/comments?post=3336"}],"wp:featuredmedia":[{"embeddable":true,"href":"https:\/\/babypillowwholesale.com\/pt\/wp-json\/wp\/v2\/media\/3337"}],"wp:attachment":[{"href":"https:\/\/babypillowwholesale.com\/pt\/wp-json\/wp\/v2\/media?parent=3336"}],"wp:term":[{"taxonomy":"product_brand","embeddable":true,"href":"https:\/\/babypillowwholesale.com\/pt\/wp-json\/wp\/v2\/product_brand?post=3336"},{"taxonomy":"product_cat","embeddable":true,"href":"https:\/\/babypillowwholesale.com\/pt\/wp-json\/wp\/v2\/product_cat?post=3336"},{"taxonomy":"product_tag","embeddable":true,"href":"https:\/\/babypillowwholesale.com\/pt\/wp-json\/wp\/v2\/product_tag?post=3336"}],"curies":[{"name":"wp","href":"https:\/\/api.w.org\/{rel}","templated":true}]}}