{"id":3320,"date":"2025-04-02T16:39:31","date_gmt":"2025-04-02T16:39:31","guid":{"rendered":"https:\/\/babypillowwholesale.com\/?post_type=product&#038;p=3320"},"modified":"2025-06-07T07:26:29","modified_gmt":"2025-06-07T07:26:29","slug":"hydrophilic-sponge-contour-pillow","status":"publish","type":"product","link":"https:\/\/babypillowwholesale.com\/pt\/product\/hydrophilic-sponge-contour-pillow\/","title":{"rendered":"Almofada de contorno de esponja hidrof\u00edlica"},"content":{"rendered":"<div class=\"auto-hide-last-sibling-br paragraph-qzbcQC paragraph-element br-paragraph-space\" data-immersive-translate-walked=\"8e61f2e7-6af2-46e5-9672-3b9e4f4033d9\" data-immersive-translate-paragraph=\"1\">\n<div class=\"auto-hide-last-sibling-br paragraph-qzbcQC paragraph-element br-paragraph-space\">\n<div class=\"auto-hide-last-sibling-br paragraph-qzbcQC paragraph-element br-paragraph-space\">\n<div class=\"auto-hide-last-sibling-br paragraph-qzbcQC paragraph-element br-paragraph-space\">\n<div class=\"auto-hide-last-sibling-br paragraph-qzbcQC paragraph-element br-paragraph-space\">\n<div class=\"auto-hide-last-sibling-br paragraph-qzbcQC paragraph-element br-paragraph-space\">\n<div class=\"auto-hide-last-sibling-br paragraph-qzbcQC paragraph-element br-paragraph-space\">Descubra a Almofada de contorno em esponja hidrof\u00edlica, uma verdadeira joia concebida para beb\u00e9s dos 0 aos 12 meses. O seu design encantador, inspirado em criaturas ador\u00e1veis como o delicioso pinguim, apresenta uma express\u00e3o doce, um la\u00e7o delicado e p\u00e9s de cores vivas que captam a imagina\u00e7\u00e3o \u00e0 primeira vista. Fabricado em esponja hidrof\u00edlica de primeira qualidade, oferece um toque aveludado e macio que \u00e9 suave contra a pele delicada do seu beb\u00e9.<\/div>\n<p>&nbsp;<\/p>\n<div class=\"auto-hide-last-sibling-br paragraph-qzbcQC paragraph-element br-paragraph-space\">O design de contorno da almofada \u00e9 uma maravilha da engenharia ergon\u00f3mica. Molda-se graciosamente \u00e0 forma \u00fanica da cabe\u00e7a do seu beb\u00e9, proporcionando um apoio suave mas eficaz que \u00e9 vital para nutrir uma forma saud\u00e1vel da cabe\u00e7a ao longo do seu desenvolvimento inicial. Medindo 29<em>21<\/em>1,5 cm, \u00e9 um complemento vers\u00e1til para os artigos essenciais do seu beb\u00e9. Quer esteja aninhada num ber\u00e7o, criando um ref\u00fagio acolhedor para um sono tranquilo; quer acompanhe o seu filho num carrinho de beb\u00e9 durante uma aventura no parque; quer seja colocada num tapete de brincar para um tempo de barriga cheia e divertido em casa, esta almofada garante que o conforto est\u00e1 sempre ao seu alcance.<\/div>\n<p>&nbsp;<\/p>\n<div class=\"auto-hide-last-sibling-br paragraph-qzbcQC paragraph-element br-paragraph-space\">Os pais est\u00e3o a elogi\u00e1-la. \"Esta almofada \u00e9 um divisor de \u00e1guas! O meu beb\u00e9 dorme t\u00e3o bem nela, e a suavidade da esponja hidr\u00f3fila \u00e9 espantosa. Para al\u00e9m disso, o design do pinguim \u00e9 um sucesso na nossa casa\", elogiou uma m\u00e3e encantada. Um pai acrescentou: \"Adoramos a forma como o design de contorno apoia a cabe\u00e7a do nosso beb\u00e9. E com tantas op\u00e7\u00f5es de cores giras, podemos troc\u00e1-lo para combinar com diferentes roupas ou estados de esp\u00edrito. Tornou-se uma parte indispens\u00e1vel da rotina do nosso beb\u00e9.\"<\/div>\n<p>&nbsp;<\/p>\n<div class=\"auto-hide-last-sibling-br paragraph-qzbcQC paragraph-element br-paragraph-space\">Com uma deliciosa variedade de op\u00e7\u00f5es de cores, incluindo Elefante Azul, Guaxinim Branco, Pinguim Amarelo Claro e Pinguim Azul, a Almofada de Contorno de Esponja Hidr\u00f3fila combina perfeitamente conforto, funcionalidade e charme irresist\u00edvel. N\u00e3o \u00e9 apenas uma almofada; \u00e9 uma companheira querida que envolve o seu pequenino em carinho e fofura durante todos os momentos preciosos dos seus primeiros dias.<\/div>\n<\/div>\n<\/div>\n<\/div>\n<\/div>\n<\/div>\n<\/div>","protected":false},"excerpt":{"rendered":"<p>A Almofada de contorno em esponja hidrof\u00edlica \u00e9 um produto not\u00e1vel concebido para beb\u00e9s dos 0 aos 12 meses. O seu design \u00e9 inspirado em motivos de animais fofos, como o pinguim apresentado, com uma cara meiga, um la\u00e7o encantador e patas de cores vivas, tornando-a visualmente apelativa. Fabricada em esponja hidrof\u00edlica, oferece um toque suave e confort\u00e1vel. O design de contorno da almofada adapta-se ergonomicamente \u00e0 cabe\u00e7a do beb\u00e9, proporcionando um apoio ideal para ajudar a manter uma forma saud\u00e1vel da cabe\u00e7a. Com uma especifica\u00e7\u00e3o de 29*<em>21*<\/em>1,5 cm, cabe bem em ber\u00e7os, carrinhos de beb\u00e9, etc. A variedade de op\u00e7\u00f5es de cores, incluindo Elefante Azul, Guaxinim Branco, Pinguim Amarelo Claro e Pinguim Azul, permite aos pais escolherem de acordo com as suas prefer\u00eancias. Esta almofada combina conforto, funcionalidade e uma est\u00e9tica ador\u00e1vel, tornando-se uma \u00f3ptima companhia para o crescimento inicial dos beb\u00e9s.<\/p>","protected":false},"featured_media":3321,"comment_status":"open","ping_status":"closed","template":"","meta":{"_uag_custom_page_level_css":"","site-sidebar-layout":"default","site-content-layout":"","ast-site-content-layout":"default","site-content-style":"default","site-sidebar-style":"default","ast-global-header-display":"","ast-banner-title-visibility":"","ast-main-header-display":"","ast-hfb-above-header-display":"","ast-hfb-below-header-display":"","ast-hfb-mobile-header-display":"","site-post-title":"","ast-breadcrumbs-content":"","ast-featured-img":"","footer-sml-layout":"","ast-disable-related-posts":"","theme-transparent-header-meta":"default","adv-header-id-meta":"","stick-header-meta":"","header-above-stick-meta":"","header-main-stick-meta":"","header-below-stick-meta":"","astra-migrate-meta-layouts":"set","ast-page-background-enabled":"default","ast-page-background-meta":{"desktop":{"background-color":"","background-image":"","background-repeat":"repeat","background-position":"center center","background-size":"auto","background-attachment":"scroll","background-type":"","background-media":"","overlay-type":"","overlay-color":"","overlay-opacity":"","overlay-gradient":""},"tablet":{"background-color":"","background-image":"","background-repeat":"repeat","background-position":"center center","background-size":"auto","background-attachment":"scroll","background-type":"","background-media":"","overlay-type":"","overlay-color":"","overlay-opacity":"","overlay-gradient":""},"mobile":{"background-color":"","background-image":"","background-repeat":"repeat","background-position":"center center","background-size":"auto","background-attachment":"scroll","background-type":"","background-media":"","overlay-type":"","overlay-color":"","overlay-opacity":"","overlay-gradient":""}},"ast-content-background-meta":{"desktop":{"background-color":"var(--ast-global-color-5)","background-image":"","background-repeat":"repeat","background-position":"center center","background-size":"auto","background-attachment":"scroll","background-type":"","background-media":"","overlay-type":"","overlay-color":"","overlay-opacity":"","overlay-gradient":""},"tablet":{"background-color":"var(--ast-global-color-5)","background-image":"","background-repeat":"repeat","background-position":"center center","background-size":"auto","background-attachment":"scroll","background-type":"","background-media":"","overlay-type":"","overlay-color":"","overlay-opacity":"","overlay-gradient":""},"mobile":{"background-color":"var(--ast-global-color-5)","background-image":"","background-repeat":"repeat","background-position":"center center","background-size":"auto","background-attachment":"scroll","background-type":"","background-media":"","overlay-type":"","overlay-color":"","overlay-opacity":"","overlay-gradient":""}}},"product_brand":[],"product_cat":[55,42],"product_tag":[70,68,71,69],"class_list":{"0":"post-3320","1":"product","2":"type-product","3":"status-publish","4":"has-post-thumbnail","6":"product_cat-0-to-1-year","7":"product_cat-merchandise","8":"product_tag-babypillow","9":"product_tag-cuteanimalpillow","10":"product_tag-headshapesupport","11":"product_tag-kouniushapingpillow","12":"desktop-align-left","13":"tablet-align-left","14":"mobile-align-left","16":"first","17":"instock","18":"shipping-taxable","19":"product-type-simple"},"aioseo_notices":[],"uagb_featured_image_src":{"full":["https:\/\/babypillowwholesale.com\/wp-content\/uploads\/2025\/04\/1168.jpg",1000,1000,false],"thumbnail":["https:\/\/babypillowwholesale.com\/wp-content\/uploads\/2025\/04\/1168-150x150.jpg",150,150,true],"medium":["https:\/\/babypillowwholesale.com\/wp-content\/uploads\/2025\/04\/1168-300x300.jpg",300,300,true],"medium_large":["https:\/\/babypillowwholesale.com\/wp-content\/uploads\/2025\/04\/1168-768x768.jpg",768,768,true],"large":["https:\/\/babypillowwholesale.com\/wp-content\/uploads\/2025\/04\/1168.jpg",1000,1000,false],"1536x1536":["https:\/\/babypillowwholesale.com\/wp-content\/uploads\/2025\/04\/1168.jpg",1000,1000,false],"2048x2048":["https:\/\/babypillowwholesale.com\/wp-content\/uploads\/2025\/04\/1168.jpg",1000,1000,false],"trp-custom-language-flag":["https:\/\/babypillowwholesale.com\/wp-content\/uploads\/2025\/04\/1168.jpg",12,12,false],"woocommerce_thumbnail":["https:\/\/babypillowwholesale.com\/wp-content\/uploads\/2025\/04\/1168-300x300.jpg",300,300,true],"woocommerce_single":["https:\/\/babypillowwholesale.com\/wp-content\/uploads\/2025\/04\/1168-600x600.jpg",600,600,true],"woocommerce_gallery_thumbnail":["https:\/\/babypillowwholesale.com\/wp-content\/uploads\/2025\/04\/1168-100x100.jpg",100,100,true]},"uagb_author_info":{"display_name":"Etnen zhong","author_link":"https:\/\/babypillowwholesale.com\/pt\/author\/"},"uagb_comment_info":0,"uagb_excerpt":"The Hydrophilic Sponge Contour Pillow is a remarkable product designed for infants aged 0 - 12 months. Its design is inspired by cute animal motifs, such as the penguin shown, with a sweet face, a charming bow, and vivid - colored feet, making it visually appealing. Crafted from hydrophilic sponge, it offers a soft and&hellip;","jetpack_sharing_enabled":true,"_links":{"self":[{"href":"https:\/\/babypillowwholesale.com\/pt\/wp-json\/wp\/v2\/product\/3320","targetHints":{"allow":["GET"]}}],"collection":[{"href":"https:\/\/babypillowwholesale.com\/pt\/wp-json\/wp\/v2\/product"}],"about":[{"href":"https:\/\/babypillowwholesale.com\/pt\/wp-json\/wp\/v2\/types\/product"}],"replies":[{"embeddable":true,"href":"https:\/\/babypillowwholesale.com\/pt\/wp-json\/wp\/v2\/comments?post=3320"}],"wp:featuredmedia":[{"embeddable":true,"href":"https:\/\/babypillowwholesale.com\/pt\/wp-json\/wp\/v2\/media\/3321"}],"wp:attachment":[{"href":"https:\/\/babypillowwholesale.com\/pt\/wp-json\/wp\/v2\/media?parent=3320"}],"wp:term":[{"taxonomy":"product_brand","embeddable":true,"href":"https:\/\/babypillowwholesale.com\/pt\/wp-json\/wp\/v2\/product_brand?post=3320"},{"taxonomy":"product_cat","embeddable":true,"href":"https:\/\/babypillowwholesale.com\/pt\/wp-json\/wp\/v2\/product_cat?post=3320"},{"taxonomy":"product_tag","embeddable":true,"href":"https:\/\/babypillowwholesale.com\/pt\/wp-json\/wp\/v2\/product_tag?post=3320"}],"curies":[{"name":"wp","href":"https:\/\/api.w.org\/{rel}","templated":true}]}}