{"id":3273,"date":"2025-03-18T07:02:19","date_gmt":"2025-03-18T07:02:19","guid":{"rendered":"https:\/\/babypillowwholesale.com\/?post_type=product&#038;p=3273"},"modified":"2025-06-08T16:12:27","modified_gmt":"2025-06-08T16:12:27","slug":"adorable-bunny-shaping-pillow","status":"publish","type":"product","link":"https:\/\/babypillowwholesale.com\/pt\/product\/adorable-bunny-shaping-pillow\/","title":{"rendered":"Almofada modeladora de coelhinhos ador\u00e1vel"},"content":{"rendered":"<div class=\"auto-hide-last-sibling-br paragraph-qzbcQC paragraph-element br-paragraph-space\" data-immersive-translate-walked=\"8e61f2e7-6af2-46e5-9672-3b9e4f4033d9\" data-immersive-translate-paragraph=\"1\">\n<div class=\"auto-hide-last-sibling-br paragraph-qzbcQC paragraph-element br-paragraph-space\">Delicie-se com o conforto do seu pequenino com a nossa Ador\u00e1vel Almofada Modeladora de Coelhinhos, um must - have para beb\u00e9s dos 0 aos 6 meses. Concebida para imitar um precioso coelhinho, com orelhas desca\u00eddas e uma express\u00e3o serena de olhos semicerrados, \u00e9 uma obra-prima visual que d\u00e1 um toque de encanto de conto de fadas a qualquer quarto de beb\u00e9. Esta almofada \u00e9 um exemplo de funcionalidade. O recorte central estrategicamente colocado oferece um apoio suave \u00e0 cabe\u00e7a delicada do seu beb\u00e9, guiando-o graciosamente para uma forma perfeita enquanto experimenta as maravilhas dos seus primeiros meses. Com o tamanho de 26,5*25*1,5CM, \u00e9 incrivelmente vers\u00e1til. Quer esteja aninhada no abra\u00e7o macio do ber\u00e7o do seu beb\u00e9, transformando a hora da sesta numa fuga de sonho, ou colocada no carrinho de beb\u00e9 para um passeio na praia, esta almofada garante que o seu pequeno pacote de alegria est\u00e1 sempre confort\u00e1vel. Tamb\u00e9m se adapta perfeitamente \u00e0s cadeiras de beb\u00e9 para autom\u00f3vel, tornando as longas viagens de carro num momento de tranquilidade para o seu beb\u00e9. Os pais est\u00e3o apaixonados por esta almofada! \"No momento em que coloquei esta Ador\u00e1vel Almofada Modeladora de Coelhinhos no ber\u00e7o do meu beb\u00e9, soube que era uma vencedora. N\u00e3o s\u00f3 \u00e9 super macia, como tamb\u00e9m fez uma diferen\u00e7a not\u00e1vel na forma da cabe\u00e7a do meu beb\u00e9\", exclamou uma m\u00e3e feliz. Um pai partilhou: \"Levo-o connosco para onde quer que vamos. As diferentes op\u00e7\u00f5es de cores s\u00e3o \u00f3ptimas e o desenho do coelhinho faz sempre o meu beb\u00e9 sorrir. \u00c9 definitivamente uma compra obrigat\u00f3ria para os novos pais\". Dispon\u00edvel nos encantadores tons de rosa, azul e verde escuro, a Adorable Bunny Shaping Pillow \u00e9 mais do que um simples acess\u00f3rio para o beb\u00e9; \u00e9 uma companheira adorada, que promete conforto, apoio e muita fofura para os primeiros dias do seu beb\u00e9.<\/div>\n<\/div>","protected":false},"excerpt":{"rendered":"<p>A Adorable Bunny Shaping Pillow \u00e9 um produto encantador concebido para beb\u00e9s dos 0 aos 6 meses. O seu design, inspirado num ador\u00e1vel coelhinho com orelhas compridas e uma express\u00e3o doce e sonolenta, \u00e9 visualmente apelativo e vai certamente encantar tanto os pais como os beb\u00e9s. O recorte central da almofada foi ergonomicamente concebido para apoiar suavemente a cabe\u00e7a do beb\u00e9, ajudando a manter uma forma adequada da cabe\u00e7a durante o per\u00edodo cr\u00edtico de desenvolvimento inicial. Medindo 26,5*<em>25*<\/em>1,5 cm, adapta-se confortavelmente a ber\u00e7os, carrinhos de beb\u00e9 ou cadeiras auto, proporcionando um local de descanso acolhedor onde quer que o beb\u00e9 esteja. Com op\u00e7\u00f5es de cor rosa, azul e verde-escuro, permite aos pais escolherem a tonalidade que mais se adequa \u00e0s suas prefer\u00eancias ou \u00e0 decora\u00e7\u00e3o do quarto do beb\u00e9, combinando fofura e praticidade para um cuidado ideal do beb\u00e9.<\/p>","protected":false},"featured_media":3285,"comment_status":"open","ping_status":"closed","template":"","meta":{"_uag_custom_page_level_css":"","site-sidebar-layout":"default","site-content-layout":"","ast-site-content-layout":"default","site-content-style":"default","site-sidebar-style":"default","ast-global-header-display":"","ast-banner-title-visibility":"","ast-main-header-display":"","ast-hfb-above-header-display":"","ast-hfb-below-header-display":"","ast-hfb-mobile-header-display":"","site-post-title":"","ast-breadcrumbs-content":"","ast-featured-img":"","footer-sml-layout":"","ast-disable-related-posts":"","theme-transparent-header-meta":"default","adv-header-id-meta":"","stick-header-meta":"","header-above-stick-meta":"","header-main-stick-meta":"","header-below-stick-meta":"","astra-migrate-meta-layouts":"set","ast-page-background-enabled":"default","ast-page-background-meta":{"desktop":{"background-color":"","background-image":"","background-repeat":"repeat","background-position":"center center","background-size":"auto","background-attachment":"scroll","background-type":"","background-media":"","overlay-type":"","overlay-color":"","overlay-opacity":"","overlay-gradient":""},"tablet":{"background-color":"","background-image":"","background-repeat":"repeat","background-position":"center center","background-size":"auto","background-attachment":"scroll","background-type":"","background-media":"","overlay-type":"","overlay-color":"","overlay-opacity":"","overlay-gradient":""},"mobile":{"background-color":"","background-image":"","background-repeat":"repeat","background-position":"center center","background-size":"auto","background-attachment":"scroll","background-type":"","background-media":"","overlay-type":"","overlay-color":"","overlay-opacity":"","overlay-gradient":""}},"ast-content-background-meta":{"desktop":{"background-color":"var(--ast-global-color-5)","background-image":"","background-repeat":"repeat","background-position":"center center","background-size":"auto","background-attachment":"scroll","background-type":"","background-media":"","overlay-type":"","overlay-color":"","overlay-opacity":"","overlay-gradient":""},"tablet":{"background-color":"var(--ast-global-color-5)","background-image":"","background-repeat":"repeat","background-position":"center center","background-size":"auto","background-attachment":"scroll","background-type":"","background-media":"","overlay-type":"","overlay-color":"","overlay-opacity":"","overlay-gradient":""},"mobile":{"background-color":"var(--ast-global-color-5)","background-image":"","background-repeat":"repeat","background-position":"center center","background-size":"auto","background-attachment":"scroll","background-type":"","background-media":"","overlay-type":"","overlay-color":"","overlay-opacity":"","overlay-gradient":""}}},"product_brand":[],"product_cat":[54,42],"product_tag":[70,68,71,69],"class_list":{"0":"post-3273","1":"product","2":"type-product","3":"status-publish","4":"has-post-thumbnail","6":"product_cat-0-to-6months","7":"product_cat-merchandise","8":"product_tag-babypillow","9":"product_tag-cuteanimalpillow","10":"product_tag-headshapesupport","11":"product_tag-kouniushapingpillow","12":"desktop-align-left","13":"tablet-align-left","14":"mobile-align-left","16":"first","17":"instock","18":"shipping-taxable","19":"product-type-simple"},"aioseo_notices":[],"uagb_featured_image_src":{"full":["https:\/\/babypillowwholesale.com\/wp-content\/uploads\/2025\/03\/1506-1.jpg",1000,1000,false],"thumbnail":["https:\/\/babypillowwholesale.com\/wp-content\/uploads\/2025\/03\/1506-1-150x150.jpg",150,150,true],"medium":["https:\/\/babypillowwholesale.com\/wp-content\/uploads\/2025\/03\/1506-1-300x300.jpg",300,300,true],"medium_large":["https:\/\/babypillowwholesale.com\/wp-content\/uploads\/2025\/03\/1506-1-768x768.jpg",768,768,true],"large":["https:\/\/babypillowwholesale.com\/wp-content\/uploads\/2025\/03\/1506-1.jpg",1000,1000,false],"1536x1536":["https:\/\/babypillowwholesale.com\/wp-content\/uploads\/2025\/03\/1506-1.jpg",1000,1000,false],"2048x2048":["https:\/\/babypillowwholesale.com\/wp-content\/uploads\/2025\/03\/1506-1.jpg",1000,1000,false],"trp-custom-language-flag":["https:\/\/babypillowwholesale.com\/wp-content\/uploads\/2025\/03\/1506-1.jpg",12,12,false],"woocommerce_thumbnail":["https:\/\/babypillowwholesale.com\/wp-content\/uploads\/2025\/03\/1506-1-300x300.jpg",300,300,true],"woocommerce_single":["https:\/\/babypillowwholesale.com\/wp-content\/uploads\/2025\/03\/1506-1-600x600.jpg",600,600,true],"woocommerce_gallery_thumbnail":["https:\/\/babypillowwholesale.com\/wp-content\/uploads\/2025\/03\/1506-1-100x100.jpg",100,100,true]},"uagb_author_info":{"display_name":"Etnen zhong","author_link":"https:\/\/babypillowwholesale.com\/pt\/author\/"},"uagb_comment_info":1,"uagb_excerpt":"The Adorable Bunny Shaping Pillow is a delightful product tailored for infants aged 0 to 6 months. Its design, modeled after an adorable bunny with long ears and a sweet, sleepy - eyed expression, is visually appealing and sure to charm both parents and babies. The central cut - out of the pillow is ergonomically&hellip;","jetpack_sharing_enabled":true,"_links":{"self":[{"href":"https:\/\/babypillowwholesale.com\/pt\/wp-json\/wp\/v2\/product\/3273","targetHints":{"allow":["GET"]}}],"collection":[{"href":"https:\/\/babypillowwholesale.com\/pt\/wp-json\/wp\/v2\/product"}],"about":[{"href":"https:\/\/babypillowwholesale.com\/pt\/wp-json\/wp\/v2\/types\/product"}],"replies":[{"embeddable":true,"href":"https:\/\/babypillowwholesale.com\/pt\/wp-json\/wp\/v2\/comments?post=3273"}],"wp:featuredmedia":[{"embeddable":true,"href":"https:\/\/babypillowwholesale.com\/pt\/wp-json\/wp\/v2\/media\/3285"}],"wp:attachment":[{"href":"https:\/\/babypillowwholesale.com\/pt\/wp-json\/wp\/v2\/media?parent=3273"}],"wp:term":[{"taxonomy":"product_brand","embeddable":true,"href":"https:\/\/babypillowwholesale.com\/pt\/wp-json\/wp\/v2\/product_brand?post=3273"},{"taxonomy":"product_cat","embeddable":true,"href":"https:\/\/babypillowwholesale.com\/pt\/wp-json\/wp\/v2\/product_cat?post=3273"},{"taxonomy":"product_tag","embeddable":true,"href":"https:\/\/babypillowwholesale.com\/pt\/wp-json\/wp\/v2\/product_tag?post=3273"}],"curies":[{"name":"wp","href":"https:\/\/api.w.org\/{rel}","templated":true}]}}