{"id":3519,"date":"2025-04-20T13:20:23","date_gmt":"2025-04-20T13:20:23","guid":{"rendered":"https:\/\/babypillowwholesale.com\/?post_type=product&#038;p=3519"},"modified":"2025-06-05T09:21:52","modified_gmt":"2025-06-05T09:21:52","slug":"memory-foam-pillow-crescent-shaped-pillow-core","status":"publish","type":"product","link":"https:\/\/babypillowwholesale.com\/pl\/product\/memory-foam-pillow-crescent-shaped-pillow-core\/","title":{"rendered":"Poduszka z pianki z pami\u0119ci\u0105 kszta\u0142tu Crescent - rdze\u0144 poduszki"},"content":{"rendered":"<div class=\"auto-hide-last-sibling-br paragraph-qzbcQC paragraph-element br-paragraph-space\">\n<div class=\"auto-hide-last-sibling-br paragraph-qzbcQC paragraph-element br-paragraph-space\">\n<div class=\"auto-hide-last-sibling-br paragraph-qzbcQC paragraph-element br-paragraph-space\">\n<div class=\"auto-hide-last-sibling-br paragraph-qzbcQC paragraph-element br-paragraph-space\">\n<div class=\"inter-wlTS5w\" data-immersive-translate-walked=\"d12d8f94-b8ff-4d99-b7de-4fecb356978f\">\n<div class=\"container-QE4ayg\">\n<div class=\"item-jU10IN\">\n<div class=\"container-jODEnh chrome70-container\">\n<div class=\"inner-eE95c9 inner-item-aL3Ui_\" data-target-id=\"message-box-target-id\" data-testid=\"union_message\">\n<div class=\"message-block-container-liuetz\" data-testid=\"message-block-container\">\n<div class=\"message-box-ZWbBdF\" data-testid=\"receive_message\" data-message-id=\"3380063449561346\">\n<div class=\"message-box-content-wrapper-srHdUj\">\n<div class=\"message-content message-box-content-otxGGw receive-message-box-content-_lREFj samantha-message-box-content-Qjmpja\" data-testid=\"message_content\">\n<div class=\"container-hfX5E8 flow-markdown-body theme-samantha-yJEgBp\" dir=\"ltr\" data-testid=\"message_text_content\" data-show-indicator=\"false\">\n<div class=\"auto-hide-last-sibling-br paragraph-qzbcQC paragraph-element br-paragraph-space\">\n<div class=\"auto-hide-last-sibling-br paragraph-qzbcQC paragraph-element br-paragraph-space\">\n<div class=\"auto-hide-last-sibling-br paragraph-qzbcQC paragraph-element br-paragraph-space\">\n<div class=\"inter-wlTS5w\" data-immersive-translate-walked=\"77882c95-9b81-4aae-b0d0-5a9dcc5f81ae\">\n<div class=\"container-QE4ayg\">\n<div class=\"item-jU10IN\">\n<div class=\"container-jODEnh chrome70-container\">\n<div class=\"inner-eE95c9 inner-item-aL3Ui_\" data-target-id=\"message-box-target-id\" data-testid=\"union_message\">\n<div class=\"message-block-container-liuetz\" data-testid=\"message-block-container\">\n<div class=\"message-box-ZWbBdF\" data-testid=\"receive_message\" data-message-id=\"3380868125114114\">\n<div class=\"message-box-content-wrapper-srHdUj\">\n<div class=\"message-content message-box-content-otxGGw receive-message-box-content-_lREFj samantha-message-box-content-Qjmpja\" data-testid=\"message_content\">\n<div class=\"container-hfX5E8 flow-markdown-body theme-samantha-yJEgBp\" dir=\"ltr\" data-testid=\"message_text_content\" data-show-indicator=\"false\">\n<div class=\"auto-hide-last-sibling-br paragraph-qzbcQC paragraph-element br-paragraph-space\">\n<div class=\"inter-wlTS5w\" data-immersive-translate-walked=\"ae741d9a-c7b7-4553-8b9c-89d410298392\">\n<div class=\"container-QE4ayg\">\n<div class=\"item-jU10IN\">\n<div class=\"container-jODEnh chrome70-container\">\n<div class=\"inner-eE95c9 inner-item-aL3Ui_\" data-target-id=\"message-box-target-id\" data-testid=\"union_message\">\n<div class=\"message-block-container-liuetz\" data-testid=\"message-block-container\">\n<div class=\"message-box-ZWbBdF\" data-testid=\"receive_message\" data-message-id=\"3440923554912770\">\n<div class=\"message-box-content-wrapper-srHdUj\">\n<div class=\"message-content message-box-content-otxGGw receive-message-box-content-_lREFj samantha-message-box-content-Qjmpja\" data-testid=\"message_content\">\n<div class=\"container-hfX5E8 flow-markdown-body theme-samantha-yJEgBp\" dir=\"ltr\" data-testid=\"message_text_content\" data-show-indicator=\"false\">\n<div class=\"auto-hide-last-sibling-br paragraph-qzbcQC paragraph-element br-paragraph-space\">\n<div class=\"auto-hide-last-sibling-br paragraph-qzbcQC paragraph-element br-paragraph-space\">\n<div class=\"auto-hide-last-sibling-br paragraph-qzbcQC paragraph-element br-paragraph-space\">\n<div class=\"inter-wlTS5w\" data-immersive-translate-walked=\"ae741d9a-c7b7-4553-8b9c-89d410298392\">\n<div class=\"container-QE4ayg\">\n<div class=\"item-jU10IN\">\n<div class=\"container-jODEnh chrome70-container\">\n<div class=\"inner-eE95c9 inner-item-aL3Ui_\" data-target-id=\"message-box-target-id\" data-testid=\"union_message\">\n<div class=\"message-block-container-liuetz\" data-testid=\"message-block-container\">\n<div class=\"message-box-ZWbBdF\" data-testid=\"receive_message\" data-message-id=\"3530982425931266\">\n<div class=\"message-box-content-wrapper-srHdUj\">\n<div class=\"message-content message-box-content-otxGGw receive-message-box-content-_lREFj samantha-message-box-content-Qjmpja\" data-testid=\"message_content\">\n<div class=\"container-hfX5E8 flow-markdown-body theme-samantha-yJEgBp\" dir=\"ltr\" data-testid=\"message_text_content\" data-show-indicator=\"false\">\n<div class=\"auto-hide-last-sibling-br paragraph-qzbcQC paragraph-element br-paragraph-space\">\n<div class=\"auto-hide-last-sibling-br paragraph-qzbcQC paragraph-element br-paragraph-space\">\n<div class=\"auto-hide-last-sibling-br paragraph-qzbcQC paragraph-element br-paragraph-space\">Przedstawiamy nasz\u0105 poduszk\u0119 z pianki Memory Foam - Crescent - shaped Pillow Core, idealnego towarzysza snu dla niemowl\u0105t w wieku od 0 do 6 miesi\u0119cy. To, co naprawd\u0119 czyni j\u0105 wyj\u0105tkow\u0105, to nasza us\u0142uga personalizacji na zam\u00f3wienie.<\/div>\n<p>&nbsp;<\/p>\n<div class=\"auto-hide-last-sibling-br paragraph-qzbcQC paragraph-element br-paragraph-space\">Dla tych, kt\u00f3rzy marz\u0105 o niebia\u0144skim pokoju dzieci\u0119cym, mo\u017cemy przekszta\u0142ci\u0107 powierzchni\u0119 w kszta\u0142cie p\u00f3\u0142ksi\u0119\u017cyca w przestrze\u0144 wype\u0142nion\u0105 gwiazdami. Wyobra\u017a sobie bogaty gobelin migocz\u0105cych gwiazd w r\u00f3\u017cnych rozmiarach i odcieniach, z delikatnie \u015bwiec\u0105cym ksi\u0119\u017cycem w centrum. Spadaj\u0105ce gwiazdy mog\u0105 by\u0107 artystycznie rozmieszczone na poduszce, dodaj\u0105c odrobin\u0119 magii i cudowno\u015bci.<\/div>\n<p>&nbsp;<\/p>\n<div class=\"auto-hide-last-sibling-br paragraph-qzbcQC paragraph-element br-paragraph-space\">Je\u015bli preferowany jest motyw inspirowany natur\u0105, mo\u017cemy stworzy\u0107 spokojn\u0105 le\u015bn\u0105 scen\u0119 na p\u00f3\u0142ksi\u0119\u017cycu. Delikatne ga\u0142\u0119zie z trzepocz\u0105cymi li\u015b\u0107mi, kolorowe polne kwiaty i male\u0144kie le\u015bne stworzenia mog\u0105 by\u0107 misternie drukowane, wprowadzaj\u0105c spok\u00f3j na \u015bwie\u017cym powietrzu do miejsca snu dziecka.<\/div>\n<p>&nbsp;<\/p>\n<div class=\"auto-hide-last-sibling-br paragraph-qzbcQC paragraph-element br-paragraph-space\">Aby uzyska\u0107 nowoczesn\u0105 i minimalistyczn\u0105 estetyk\u0119, mo\u017cemy zastosowa\u0107 proste, ale eleganckie wzory geometryczne. Tr\u00f3jk\u0105ty i ko\u0142a o mi\u0119kkich kraw\u0119dziach w stonowanych odcieniach mog\u0105 by\u0107 u\u0142o\u017cone tak, aby uzupe\u0142nia\u0107 kszta\u0142t p\u00f3\u0142ksi\u0119\u017cyca, tworz\u0105c elegancki i nowoczesny wygl\u0105d.<\/div>\n<p>&nbsp;<\/p>\n<div class=\"auto-hide-last-sibling-br paragraph-qzbcQC paragraph-element br-paragraph-space\">Te niestandardowe projekty to nie tylko pi\u0119kno; chodzi o to, aby Tw\u00f3j produkt wyr\u00f3\u017cnia\u0142 si\u0119 na rynku. Dostosowuj\u0105c wzory do konkretnej wizji, pomagamy przyci\u0105gn\u0105\u0107 wi\u0119cej klient\u00f3w i zwi\u0119kszy\u0107 sprzeda\u017c, zapewniaj\u0105c, \u017ce ten rdze\u0144 poduszki w kszta\u0142cie p\u00f3\u0142ksi\u0119\u017cyca stanie si\u0119 cenionym przedmiotem w ka\u017cdym pokoju dzieci\u0119cym.<\/div>\n<\/div>\n<\/div>\n<\/div>\n<\/div>\n<\/div>\n<\/div>\n<\/div>\n<\/div>\n<\/div>\n<\/div>\n<\/div>\n<\/div>\n<\/div>\n<\/div>\n<\/div>\n<\/div>\n<\/div>\n<\/div>\n<\/div>\n<\/div>\n<\/div>\n<\/div>\n<\/div>\n<\/div>\n<\/div>\n<\/div>\n<\/div>\n<\/div>\n<\/div>\n<\/div>\n<\/div>\n<\/div>\n<\/div>\n<\/div>\n<\/div>\n<\/div>\n<\/div>\n<\/div>\n<\/div>\n<\/div>\n<\/div>\n<\/div>\n<\/div>\n<\/div>\n<\/div>\n<\/div>\n<\/div>\n<\/div>\n<\/div>\n<\/div>\n<\/div>\n<\/div>\n<\/div>","protected":false},"excerpt":{"rendered":"<div class=\"auto-hide-last-sibling-br paragraph-qzbcQC paragraph-element br-paragraph-space\">\n<div class=\"message-box-content-wrapper-srHdUj\">\n<div class=\"message-content message-box-content-otxGGw receive-message-box-content-_lREFj samantha-message-box-content-Qjmpja\" data-testid=\"message_content\">\n<div class=\"container-hfX5E8 flow-markdown-body theme-samantha-yJEgBp\" dir=\"ltr\" data-testid=\"message_text_content\" data-show-indicator=\"false\">\n<div class=\"auto-hide-last-sibling-br paragraph-qzbcQC paragraph-element br-paragraph-space\">Nasza poduszka Memory Foam Pillow - Crescent - shaped Pillow Core, odpowiednia dla niemowl\u0105t w wieku od 0 do 6 miesi\u0119cy, oferuje niesamowite mo\u017cliwo\u015bci personalizacji. Mo\u017cemy stworzy\u0107 wspania\u0142e wzory w oparciu o Twoje potrzeby. Mo\u017cemy na przyk\u0142ad wydrukowa\u0107 magiczne nocne niebo z migocz\u0105cymi gwiazdami i \u015bwiec\u0105cym ksi\u0119\u017cycem na jego powierzchni lub doda\u0107 seri\u0119 uroczych motyw\u00f3w o tematyce niebieskiej, takich jak spadaj\u0105ce gwiazdy i konstelacje. Te unikalne projekty sprawi\u0105, \u017ce Tw\u00f3j produkt wyr\u00f3\u017cni si\u0119 na rynku, przyci\u0105gaj\u0105c wi\u0119cej klient\u00f3w i zwi\u0119kszaj\u0105c sprzeda\u017c.<\/div>\n<\/div>\n<\/div>\n<\/div>\n<\/div>","protected":false},"featured_media":3520,"comment_status":"open","ping_status":"closed","template":"","meta":{"_uag_custom_page_level_css":"","site-sidebar-layout":"default","site-content-layout":"","ast-site-content-layout":"default","site-content-style":"default","site-sidebar-style":"default","ast-global-header-display":"","ast-banner-title-visibility":"","ast-main-header-display":"","ast-hfb-above-header-display":"","ast-hfb-below-header-display":"","ast-hfb-mobile-header-display":"","site-post-title":"","ast-breadcrumbs-content":"","ast-featured-img":"","footer-sml-layout":"","ast-disable-related-posts":"","theme-transparent-header-meta":"default","adv-header-id-meta":"","stick-header-meta":"","header-above-stick-meta":"","header-main-stick-meta":"","header-below-stick-meta":"","astra-migrate-meta-layouts":"set","ast-page-background-enabled":"default","ast-page-background-meta":{"desktop":{"background-color":"","background-image":"","background-repeat":"repeat","background-position":"center center","background-size":"auto","background-attachment":"scroll","background-type":"","background-media":"","overlay-type":"","overlay-color":"","overlay-opacity":"","overlay-gradient":""},"tablet":{"background-color":"","background-image":"","background-repeat":"repeat","background-position":"center center","background-size":"auto","background-attachment":"scroll","background-type":"","background-media":"","overlay-type":"","overlay-color":"","overlay-opacity":"","overlay-gradient":""},"mobile":{"background-color":"","background-image":"","background-repeat":"repeat","background-position":"center center","background-size":"auto","background-attachment":"scroll","background-type":"","background-media":"","overlay-type":"","overlay-color":"","overlay-opacity":"","overlay-gradient":""}},"ast-content-background-meta":{"desktop":{"background-color":"var(--ast-global-color-5)","background-image":"","background-repeat":"repeat","background-position":"center center","background-size":"auto","background-attachment":"scroll","background-type":"","background-media":"","overlay-type":"","overlay-color":"","overlay-opacity":"","overlay-gradient":""},"tablet":{"background-color":"var(--ast-global-color-5)","background-image":"","background-repeat":"repeat","background-position":"center center","background-size":"auto","background-attachment":"scroll","background-type":"","background-media":"","overlay-type":"","overlay-color":"","overlay-opacity":"","overlay-gradient":""},"mobile":{"background-color":"var(--ast-global-color-5)","background-image":"","background-repeat":"repeat","background-position":"center center","background-size":"auto","background-attachment":"scroll","background-type":"","background-media":"","overlay-type":"","overlay-color":"","overlay-opacity":"","overlay-gradient":""}}},"product_brand":[],"product_cat":[65,32],"product_tag":[70,68,71,69],"class_list":{"0":"post-3519","1":"product","2":"type-product","3":"status-publish","4":"has-post-thumbnail","6":"product_cat-0-to-6months-oem","7":"product_cat-customize","8":"product_tag-babypillow","9":"product_tag-cuteanimalpillow","10":"product_tag-headshapesupport","11":"product_tag-kouniushapingpillow","12":"desktop-align-left","13":"tablet-align-left","14":"mobile-align-left","16":"first","17":"instock","18":"shipping-taxable","19":"product-type-simple"},"aioseo_notices":[],"uagb_featured_image_src":{"full":["https:\/\/babypillowwholesale.com\/wp-content\/uploads\/2025\/04\/0021.jpg",1000,1000,false],"thumbnail":["https:\/\/babypillowwholesale.com\/wp-content\/uploads\/2025\/04\/0021-150x150.jpg",150,150,true],"medium":["https:\/\/babypillowwholesale.com\/wp-content\/uploads\/2025\/04\/0021-300x300.jpg",300,300,true],"medium_large":["https:\/\/babypillowwholesale.com\/wp-content\/uploads\/2025\/04\/0021-768x768.jpg",768,768,true],"large":["https:\/\/babypillowwholesale.com\/wp-content\/uploads\/2025\/04\/0021.jpg",1000,1000,false],"1536x1536":["https:\/\/babypillowwholesale.com\/wp-content\/uploads\/2025\/04\/0021.jpg",1000,1000,false],"2048x2048":["https:\/\/babypillowwholesale.com\/wp-content\/uploads\/2025\/04\/0021.jpg",1000,1000,false],"trp-custom-language-flag":["https:\/\/babypillowwholesale.com\/wp-content\/uploads\/2025\/04\/0021.jpg",12,12,false],"woocommerce_thumbnail":["https:\/\/babypillowwholesale.com\/wp-content\/uploads\/2025\/04\/0021-300x300.jpg",300,300,true],"woocommerce_single":["https:\/\/babypillowwholesale.com\/wp-content\/uploads\/2025\/04\/0021-600x600.jpg",600,600,true],"woocommerce_gallery_thumbnail":["https:\/\/babypillowwholesale.com\/wp-content\/uploads\/2025\/04\/0021-100x100.jpg",100,100,true]},"uagb_author_info":{"display_name":"Etnen zhong","author_link":"https:\/\/babypillowwholesale.com\/pl\/author\/"},"uagb_comment_info":0,"uagb_excerpt":"Our Memory Foam Pillow - Crescent - shaped Pillow Core, suitable for babies aged 0 - 6 months, comes with amazing customization possibilities. We can create stunning patterns based on your needs. For example, we can print a magical night sky with twinkling stars and a glowing moon on its surface, or add a series&hellip;","jetpack_sharing_enabled":true,"_links":{"self":[{"href":"https:\/\/babypillowwholesale.com\/pl\/wp-json\/wp\/v2\/product\/3519","targetHints":{"allow":["GET"]}}],"collection":[{"href":"https:\/\/babypillowwholesale.com\/pl\/wp-json\/wp\/v2\/product"}],"about":[{"href":"https:\/\/babypillowwholesale.com\/pl\/wp-json\/wp\/v2\/types\/product"}],"replies":[{"embeddable":true,"href":"https:\/\/babypillowwholesale.com\/pl\/wp-json\/wp\/v2\/comments?post=3519"}],"wp:featuredmedia":[{"embeddable":true,"href":"https:\/\/babypillowwholesale.com\/pl\/wp-json\/wp\/v2\/media\/3520"}],"wp:attachment":[{"href":"https:\/\/babypillowwholesale.com\/pl\/wp-json\/wp\/v2\/media?parent=3519"}],"wp:term":[{"taxonomy":"product_brand","embeddable":true,"href":"https:\/\/babypillowwholesale.com\/pl\/wp-json\/wp\/v2\/product_brand?post=3519"},{"taxonomy":"product_cat","embeddable":true,"href":"https:\/\/babypillowwholesale.com\/pl\/wp-json\/wp\/v2\/product_cat?post=3519"},{"taxonomy":"product_tag","embeddable":true,"href":"https:\/\/babypillowwholesale.com\/pl\/wp-json\/wp\/v2\/product_tag?post=3519"}],"curies":[{"name":"wp","href":"https:\/\/api.w.org\/{rel}","templated":true}]}}