{"id":3497,"date":"2025-04-19T12:47:24","date_gmt":"2025-04-19T12:47:24","guid":{"rendered":"https:\/\/babypillowwholesale.com\/?post_type=product&#038;p=3497"},"modified":"2025-06-05T13:57:14","modified_gmt":"2025-06-05T13:57:14","slug":"memory-foam-pillow-heart-shaped-pillow-core","status":"publish","type":"product","link":"https:\/\/babypillowwholesale.com\/pl\/product\/memory-foam-pillow-heart-shaped-pillow-core\/","title":{"rendered":"Poduszka z pianki memory - rdze\u0144 poduszki w kszta\u0142cie serca"},"content":{"rendered":"<div class=\"auto-hide-last-sibling-br paragraph-qzbcQC paragraph-element br-paragraph-space\">\n<div class=\"auto-hide-last-sibling-br paragraph-qzbcQC paragraph-element br-paragraph-space\">\n<div class=\"auto-hide-last-sibling-br paragraph-qzbcQC paragraph-element br-paragraph-space\">\n<div class=\"auto-hide-last-sibling-br paragraph-qzbcQC paragraph-element br-paragraph-space\">\n<div class=\"inter-wlTS5w\" data-immersive-translate-walked=\"d12d8f94-b8ff-4d99-b7de-4fecb356978f\">\n<div class=\"container-QE4ayg\">\n<div class=\"item-jU10IN\">\n<div class=\"container-jODEnh chrome70-container\">\n<div class=\"inner-eE95c9 inner-item-aL3Ui_\" data-target-id=\"message-box-target-id\" data-testid=\"union_message\">\n<div class=\"message-block-container-liuetz\" data-testid=\"message-block-container\">\n<div class=\"message-box-ZWbBdF\" data-testid=\"receive_message\" data-message-id=\"3380063449561346\">\n<div class=\"message-box-content-wrapper-srHdUj\">\n<div class=\"message-content message-box-content-otxGGw receive-message-box-content-_lREFj samantha-message-box-content-Qjmpja\" data-testid=\"message_content\">\n<div class=\"container-hfX5E8 flow-markdown-body theme-samantha-yJEgBp\" dir=\"ltr\" data-testid=\"message_text_content\" data-show-indicator=\"false\">\n<div class=\"auto-hide-last-sibling-br paragraph-qzbcQC paragraph-element br-paragraph-space\">\n<div class=\"auto-hide-last-sibling-br paragraph-qzbcQC paragraph-element br-paragraph-space\">Stworzona specjalnie dla niemowl\u0105t w wieku od 0 do 6 miesi\u0119cy poduszka Memory Foam Pillow - Heart - shaped Pillow Core jest \u015bwiadectwem spersonalizowanego luksusu. Jeste\u015bmy dumni z naszej zdolno\u015bci do przekszta\u0142cenia tego i tak ju\u017c uroczego rdzenia w kszta\u0142cie serca w dzie\u0142o sztuki na zam\u00f3wienie, dostosowane do najbardziej wymagaj\u0105cych gust\u00f3w.<\/div>\n<p>&nbsp;<\/p>\n<div class=\"auto-hide-last-sibling-br paragraph-qzbcQC paragraph-element br-paragraph-space\">Dla tych, kt\u00f3rzy marz\u0105 w kapry\u015bny spos\u00f3b, wyobra\u017a sobie konstelacj\u0119 migocz\u0105cych gwiazd i u\u015bmiechni\u0119ty p\u00f3\u0142ksi\u0119\u017cyc, delikatnie nadrukowany na sercu. Ka\u017cda gwiazda wydaje si\u0119 zawiera\u0107 wszech\u015bwiat marze\u0144, tworz\u0105c niebia\u0144sk\u0105 przysta\u0144, kt\u00f3ra koi i urzeka. Je\u015bli preferujesz pi\u0119kno natury, wyobra\u017a sobie bujne, zielone li\u015bcie przeplataj\u0105ce si\u0119 z delikatnymi, kwitn\u0105cymi kwiatami. P\u0142atki w delikatnych, koj\u0105cych odcieniach przynosz\u0105 na poduszk\u0119 \u015bwie\u017co\u015b\u0107 wiosennego ogrodu, oferuj\u0105c spokojny i orze\u017awiaj\u0105cy wizualny u\u015bcisk.<\/div>\n<p>&nbsp;<\/p>\n<div class=\"auto-hide-last-sibling-br paragraph-qzbcQC paragraph-element br-paragraph-space\">Dla nowocze\u015bnie my\u015bl\u0105cych, czyste, minimalistyczne linie i geometryczne wzory mog\u0105 by\u0107 p\u0142ynnie zintegrowane. Ostre k\u0105ty i g\u0142adkie krzywizny przecinaj\u0105 si\u0119 w ta\u0144cu wsp\u00f3\u0142czesnego wzornictwa, tworz\u0105c wygl\u0105d, kt\u00f3ry jest zar\u00f3wno stylowy, jak i ciep\u0142y. Te wzory to nie tylko dekoracje; to o\u015bwiadczenia, odzwierciedlaj\u0105ce wyj\u0105tkow\u0105 osobowo\u015b\u0107 i gust pokoju dzieci\u0119cego.<\/div>\n<p>&nbsp;<\/p>\n<div class=\"auto-hide-last-sibling-br paragraph-qzbcQC paragraph-element br-paragraph-space\">Ka\u017cdy niestandardowy wz\u00f3r jest wykonywany z najwy\u017csz\u0105 precyzj\u0105 i staranno\u015bci\u0105, przy u\u017cyciu wy\u0142\u0105cznie najbezpieczniejszych, nietoksycznych farb. Gwarantuje to, \u017ce ka\u017cdy rdze\u0144 poduszki jest nie tylko wizualnym arcydzie\u0142em, ale tak\u017ce bezpieczn\u0105 i wygodn\u0105 przystani\u0105 dla Twojego malucha.<\/div>\n<p>&nbsp;<\/p>\n<div class=\"auto-hide-last-sibling-br paragraph-qzbcQC paragraph-element br-paragraph-space\">Oferuj\u0105c tak szerokie spektrum personalizacji, umo\u017cliwiamy zaspokojenie wszelkich preferencji estetycznych. Niezale\u017cnie od tego, czy jest to kapry\u015bna kraina czar\u00f3w, naturalne odosobnienie, czy nowoczesna minimalistyczna oaza, ten rdze\u0144 poduszki w kszta\u0142cie serca mo\u017cna przekszta\u0142ci\u0107, aby spe\u0142ni\u0107 i przekroczy\u0107 oczekiwania. Na rynku nasyconym og\u00f3lnymi produktami, nasze niestandardowe projekty zapewniaj\u0105, \u017ce Twoja oferta wyr\u00f3\u017cnia si\u0119, przyci\u0105gaj\u0105c uwag\u0119 i podbijaj\u0105c serca. Ten poziom personalizacji nie tylko zwi\u0119ksza sprzeda\u017c; tworzy g\u0142\u0119bsz\u0105 wi\u0119\u017a z klientami, oferuj\u0105c im produkt, kt\u00f3ry jest tak wyj\u0105tkowy, jak ich dziecko.<\/div>\n<p>&nbsp;<\/p>\n<div class=\"auto-hide-last-sibling-br paragraph-qzbcQC paragraph-element br-paragraph-space\">Podnie\u015b swoj\u0105 lini\u0119 produkt\u00f3w dzi\u0119ki naszej poduszce z pianki Memory Foam Pillow - Heart - shaped Pillow Core, w kt\u00f3rej personalizacja \u0142\u0105czy si\u0119 z luksusem, a ka\u017cda poduszka opowiada wyj\u0105tkow\u0105 histori\u0119.<\/div>\n<\/div>\n<\/div>\n<\/div>\n<\/div>\n<\/div>\n<\/div>\n<\/div>\n<\/div>\n<\/div>\n<\/div>\n<\/div>\n<\/div>\n<\/div>\n<\/div>\n<\/div>","protected":false},"excerpt":{"rendered":"<div class=\"auto-hide-last-sibling-br paragraph-qzbcQC paragraph-element br-paragraph-space\">Poduszka Memory Foam Pillow - Heart - shaped Pillow Core, zaprojektowana dla niemowl\u0105t w wieku od 0 do 6 miesi\u0119cy, oferuje pot\u0119\u017cn\u0105 przewag\u0119 w zakresie personalizacji. Mo\u017cemy stworzy\u0107 wykwintne, dopasowane wzory, aby spe\u0142ni\u0107 Twoje specyficzne potrzeby. Na przyk\u0142ad, je\u015bli Twoi klienci uwielbiaj\u0105 s\u0142odkie style, mo\u017cemy wydrukowa\u0107 urocze postacie z kresk\u00f3wek lub delikatne motywy kwiatowe. Preferujesz elegancki styl? Mo\u017cna zastosowa\u0107 proste, ale stylowe wzory geometryczne lub delikatne pastelowe gradienty. Te niestandardowe projekty nie tylko podnosz\u0105 atrakcyjno\u015b\u0107 wizualn\u0105 produktu, ale tak\u017ce wyr\u00f3\u017cniaj\u0105 go na rynku, przyci\u0105gaj\u0105c wi\u0119cej kupuj\u0105cych i zwi\u0119kszaj\u0105c sprzeda\u017c. Dostosowuj\u0105c si\u0119 do r\u00f3\u017cnorodnych preferencji projektowych, mo\u017cesz zaoferowa\u0107 produkt, kt\u00f3ry idealnie pasuje do estetyki r\u00f3\u017cnych konsument\u00f3w, zapewniaj\u0105c przewag\u0119 konkurencyjn\u0105.<\/div>","protected":false},"featured_media":3498,"comment_status":"open","ping_status":"closed","template":"","meta":{"_uag_custom_page_level_css":"","site-sidebar-layout":"default","site-content-layout":"","ast-site-content-layout":"default","site-content-style":"default","site-sidebar-style":"default","ast-global-header-display":"","ast-banner-title-visibility":"","ast-main-header-display":"","ast-hfb-above-header-display":"","ast-hfb-below-header-display":"","ast-hfb-mobile-header-display":"","site-post-title":"","ast-breadcrumbs-content":"","ast-featured-img":"","footer-sml-layout":"","ast-disable-related-posts":"","theme-transparent-header-meta":"default","adv-header-id-meta":"","stick-header-meta":"","header-above-stick-meta":"","header-main-stick-meta":"","header-below-stick-meta":"","astra-migrate-meta-layouts":"set","ast-page-background-enabled":"default","ast-page-background-meta":{"desktop":{"background-color":"","background-image":"","background-repeat":"repeat","background-position":"center center","background-size":"auto","background-attachment":"scroll","background-type":"","background-media":"","overlay-type":"","overlay-color":"","overlay-opacity":"","overlay-gradient":""},"tablet":{"background-color":"","background-image":"","background-repeat":"repeat","background-position":"center center","background-size":"auto","background-attachment":"scroll","background-type":"","background-media":"","overlay-type":"","overlay-color":"","overlay-opacity":"","overlay-gradient":""},"mobile":{"background-color":"","background-image":"","background-repeat":"repeat","background-position":"center center","background-size":"auto","background-attachment":"scroll","background-type":"","background-media":"","overlay-type":"","overlay-color":"","overlay-opacity":"","overlay-gradient":""}},"ast-content-background-meta":{"desktop":{"background-color":"var(--ast-global-color-5)","background-image":"","background-repeat":"repeat","background-position":"center center","background-size":"auto","background-attachment":"scroll","background-type":"","background-media":"","overlay-type":"","overlay-color":"","overlay-opacity":"","overlay-gradient":""},"tablet":{"background-color":"var(--ast-global-color-5)","background-image":"","background-repeat":"repeat","background-position":"center center","background-size":"auto","background-attachment":"scroll","background-type":"","background-media":"","overlay-type":"","overlay-color":"","overlay-opacity":"","overlay-gradient":""},"mobile":{"background-color":"var(--ast-global-color-5)","background-image":"","background-repeat":"repeat","background-position":"center center","background-size":"auto","background-attachment":"scroll","background-type":"","background-media":"","overlay-type":"","overlay-color":"","overlay-opacity":"","overlay-gradient":""}}},"product_brand":[],"product_cat":[65,32],"product_tag":[70,68,71,69],"class_list":{"0":"post-3497","1":"product","2":"type-product","3":"status-publish","4":"has-post-thumbnail","6":"product_cat-0-to-6months-oem","7":"product_cat-customize","8":"product_tag-babypillow","9":"product_tag-cuteanimalpillow","10":"product_tag-headshapesupport","11":"product_tag-kouniushapingpillow","12":"desktop-align-left","13":"tablet-align-left","14":"mobile-align-left","16":"first","17":"instock","18":"shipping-taxable","19":"product-type-simple"},"aioseo_notices":[],"uagb_featured_image_src":{"full":["https:\/\/babypillowwholesale.com\/wp-content\/uploads\/2025\/04\/0020.jpg",1000,1000,false],"thumbnail":["https:\/\/babypillowwholesale.com\/wp-content\/uploads\/2025\/04\/0020-150x150.jpg",150,150,true],"medium":["https:\/\/babypillowwholesale.com\/wp-content\/uploads\/2025\/04\/0020-300x300.jpg",300,300,true],"medium_large":["https:\/\/babypillowwholesale.com\/wp-content\/uploads\/2025\/04\/0020-768x768.jpg",768,768,true],"large":["https:\/\/babypillowwholesale.com\/wp-content\/uploads\/2025\/04\/0020.jpg",1000,1000,false],"1536x1536":["https:\/\/babypillowwholesale.com\/wp-content\/uploads\/2025\/04\/0020.jpg",1000,1000,false],"2048x2048":["https:\/\/babypillowwholesale.com\/wp-content\/uploads\/2025\/04\/0020.jpg",1000,1000,false],"trp-custom-language-flag":["https:\/\/babypillowwholesale.com\/wp-content\/uploads\/2025\/04\/0020.jpg",12,12,false],"woocommerce_thumbnail":["https:\/\/babypillowwholesale.com\/wp-content\/uploads\/2025\/04\/0020-300x300.jpg",300,300,true],"woocommerce_single":["https:\/\/babypillowwholesale.com\/wp-content\/uploads\/2025\/04\/0020-600x600.jpg",600,600,true],"woocommerce_gallery_thumbnail":["https:\/\/babypillowwholesale.com\/wp-content\/uploads\/2025\/04\/0020-100x100.jpg",100,100,true]},"uagb_author_info":{"display_name":"Etnen zhong","author_link":"https:\/\/babypillowwholesale.com\/pl\/author\/"},"uagb_comment_info":0,"uagb_excerpt":"This Memory Foam Pillow - Heart - shaped Pillow Core, designed for babies aged 0 - 6 months, offers a powerful customization advantage. We can craft exquisite, tailored patterns to meet your specific needs. For example, if your customers adore cute styles, we can print charming cartoon characters or dainty floral motifs. Prefer an elegant&hellip;","jetpack_sharing_enabled":true,"_links":{"self":[{"href":"https:\/\/babypillowwholesale.com\/pl\/wp-json\/wp\/v2\/product\/3497","targetHints":{"allow":["GET"]}}],"collection":[{"href":"https:\/\/babypillowwholesale.com\/pl\/wp-json\/wp\/v2\/product"}],"about":[{"href":"https:\/\/babypillowwholesale.com\/pl\/wp-json\/wp\/v2\/types\/product"}],"replies":[{"embeddable":true,"href":"https:\/\/babypillowwholesale.com\/pl\/wp-json\/wp\/v2\/comments?post=3497"}],"wp:featuredmedia":[{"embeddable":true,"href":"https:\/\/babypillowwholesale.com\/pl\/wp-json\/wp\/v2\/media\/3498"}],"wp:attachment":[{"href":"https:\/\/babypillowwholesale.com\/pl\/wp-json\/wp\/v2\/media?parent=3497"}],"wp:term":[{"taxonomy":"product_brand","embeddable":true,"href":"https:\/\/babypillowwholesale.com\/pl\/wp-json\/wp\/v2\/product_brand?post=3497"},{"taxonomy":"product_cat","embeddable":true,"href":"https:\/\/babypillowwholesale.com\/pl\/wp-json\/wp\/v2\/product_cat?post=3497"},{"taxonomy":"product_tag","embeddable":true,"href":"https:\/\/babypillowwholesale.com\/pl\/wp-json\/wp\/v2\/product_tag?post=3497"}],"curies":[{"name":"wp","href":"https:\/\/api.w.org\/{rel}","templated":true}]}}