{"id":3493,"date":"2025-04-19T12:14:12","date_gmt":"2025-04-19T12:14:12","guid":{"rendered":"https:\/\/babypillowwholesale.com\/?post_type=product&#038;p=3493"},"modified":"2025-06-05T14:36:07","modified_gmt":"2025-06-05T14:36:07","slug":"memory-foam-pillow-c-shaped-pillow-core","status":"publish","type":"product","link":"https:\/\/babypillowwholesale.com\/pl\/product\/memory-foam-pillow-c-shaped-pillow-core\/","title":{"rendered":"Poduszka z pianki z pami\u0119ci\u0105 kszta\u0142tu C - rdze\u0144 poduszki"},"content":{"rendered":"<div class=\"auto-hide-last-sibling-br paragraph-qzbcQC paragraph-element br-paragraph-space\">\n<div class=\"auto-hide-last-sibling-br paragraph-qzbcQC paragraph-element br-paragraph-space\">\n<div class=\"auto-hide-last-sibling-br paragraph-qzbcQC paragraph-element br-paragraph-space\">\n<div class=\"auto-hide-last-sibling-br paragraph-qzbcQC paragraph-element br-paragraph-space\">\n<div class=\"inter-wlTS5w\" data-immersive-translate-walked=\"d12d8f94-b8ff-4d99-b7de-4fecb356978f\">\n<div class=\"container-QE4ayg\">\n<div class=\"item-jU10IN\">\n<div class=\"container-jODEnh chrome70-container\">\n<div class=\"inner-eE95c9 inner-item-aL3Ui_\" data-target-id=\"message-box-target-id\" data-testid=\"union_message\">\n<div class=\"message-block-container-liuetz\" data-testid=\"message-block-container\">\n<div class=\"message-box-ZWbBdF\" data-testid=\"receive_message\" data-message-id=\"3380063449561346\">\n<div class=\"message-box-content-wrapper-srHdUj\">\n<div class=\"message-content message-box-content-otxGGw receive-message-box-content-_lREFj samantha-message-box-content-Qjmpja\" data-testid=\"message_content\">\n<div class=\"container-hfX5E8 flow-markdown-body theme-samantha-yJEgBp\" dir=\"ltr\" data-testid=\"message_text_content\" data-show-indicator=\"false\">\n<div class=\"auto-hide-last-sibling-br paragraph-qzbcQC paragraph-element br-paragraph-space\">Oto poduszka Memory Foam Pillow - C - shaped Pillow Core, niezb\u0119dna do snu, starannie wykonana z my\u015bl\u0105 o delikatnym komforcie niemowl\u0105t w wieku od 0 do 6 miesi\u0119cy. Jej kultowy kszta\u0142t litery C to nie tylko forma; to punkt wyj\u015bcia do indywidualnej podr\u00f3\u017cy.<\/div>\n<p>&nbsp;<\/p>\n<div class=\"auto-hide-last-sibling-br paragraph-qzbcQC paragraph-element br-paragraph-space\">Rozumiemy, \u017ce kontury ka\u017cdego dziecka s\u0105 tak wyj\u0105tkowe, jak jego pierwszy u\u015bmiech. W\u0142a\u015bnie dlatego oferujemy niezr\u00f3wnan\u0105 mo\u017cliwo\u015b\u0107 dopracowania krzywizny i grubo\u015bci rdzenia poduszki. Niezale\u017cnie od tego, czy Tw\u00f3j maluch potrzebuje delikatnego, przytulnego u\u015bcisku, czy bardziej solidnej struktury wsparcia, mo\u017cemy wyrze\u017abi\u0107 go do perfekcji, zapewniaj\u0105c dopasowanie tak indywidualne, jak on sam.<\/div>\n<p>&nbsp;<\/p>\n<div class=\"auto-hide-last-sibling-br paragraph-qzbcQC paragraph-element br-paragraph-space\">Powierzchnia tego cude\u0144ka w kszta\u0142cie litery C jest portalem do \u015bwiata wyobra\u017ani. U\u017cywaj\u0105c tylko najbezpieczniejszych, nietoksycznych farb, mo\u017cemy ozdobi\u0107 go wzorami, kt\u00f3re wydaj\u0105 si\u0119 ta\u0144czy\u0107 z kaprysem. Wyobra\u017a sobie kaskad\u0119 fal w pastelowych odcieniach, jakby nios\u0105cych Twoje dziecko na senn\u0105 nadmorsk\u0105 drzemk\u0119, lub konstelacj\u0119 migocz\u0105cych gwiazd, zamieniaj\u0105cych ka\u017cd\u0105 drzemk\u0119 w niebia\u0144sk\u0105 przygod\u0119. To nie s\u0105 tylko projekty; to bramy do kr\u00f3lestwa, w kt\u00f3rym komfort spotyka si\u0119 z kreatywno\u015bci\u0105.<\/div>\n<p>&nbsp;<\/p>\n<div class=\"auto-hide-last-sibling-br paragraph-qzbcQC paragraph-element br-paragraph-space\">Na tym jednak personalizacja si\u0119 nie ko\u0144czy. Hydrofilowa pianka, kt\u00f3ra stanowi jej rdze\u0144, jest p\u0142\u00f3tnem mo\u017cliwo\u015bci dotykowych. Mo\u017cemy dostosowa\u0107 jej twardo\u015b\u0107 do twoich dok\u0142adnych specyfikacji, niezale\u017cnie od tego, czy pragniesz pluszowej mi\u0119kko\u015bci chmury - jak ko\u0142yska, czy te\u017c uspokajaj\u0105cej stabilno\u015bci bardziej ustrukturyzowanego wsparcia. To w\u0142a\u015bnie to po\u015bwi\u0119cenie dla indywidualno\u015bci, to d\u0105\u017cenie do niezwyk\u0142o\u015bci, przekszta\u0142ca nasz\u0105 poduszk\u0119 z pianki hydrofilowej w kszta\u0142cie litery C ze zwyk\u0142ego produktu w ukochan\u0105, jedyn\u0105 w swoim rodzaju ko\u0142ysank\u0119 dla snu Twojego dziecka.<\/div>\n<\/div>\n<\/div>\n<\/div>\n<\/div>\n<\/div>\n<\/div>\n<\/div>\n<\/div>\n<\/div>\n<\/div>\n<\/div>\n<\/div>\n<\/div>\n<\/div>","protected":false},"excerpt":{"rendered":"<div class=\"auto-hide-last-sibling-br paragraph-qzbcQC paragraph-element br-paragraph-space\">Poduszka Memory Foam Pillow - C - shaped Pillow Core, zaprojektowana dla niemowl\u0105t w wieku od 0 do 6 miesi\u0119cy, oferuje bogactwo mo\u017cliwo\u015bci personalizacji i projektowania. Jej charakterystyczny kszta\u0142t litery C mo\u017ce by\u0107 dalej udoskonalany. Mo\u017cemy dostosowa\u0107 krzywizn\u0119 i grubo\u015b\u0107 rdzenia poduszki, aby lepiej dopasowa\u0107 j\u0105 do kontur\u00f3w cia\u0142a dziecka, zwi\u0119kszaj\u0105c komfort i wsparcie. Powierzchni\u0119 mo\u017cna dostosowa\u0107 za pomoc\u0105 nietoksycznych, przyjaznych dla dziecka wzor\u00f3w, takich jak delikatne pastelowe fale lub urocze ma\u0142e gwiazdki, dodaj\u0105c odrobin\u0119 uroku. Co wi\u0119cej, twardo\u015b\u0107 pianki hydrofilowej mo\u017cna dostosowa\u0107 do konkretnych potrzeb, niezale\u017cnie od tego, czy chodzi o bardziej mi\u0119kkie odczucie dla bardziej amortyzuj\u0105cego do\u015bwiadczenia, czy o twardsz\u0105 tekstur\u0119 dla wi\u0119kszej stabilno\u015bci. W ten spos\u00f3b rodzice mog\u0105 stworzy\u0107 prawdziwie spersonalizowany rdze\u0144 poduszki, kt\u00f3ry spe\u0142nia unikalne wymagania ich dziecka.<\/div>","protected":false},"featured_media":3494,"comment_status":"open","ping_status":"closed","template":"","meta":{"_uag_custom_page_level_css":"","site-sidebar-layout":"default","site-content-layout":"","ast-site-content-layout":"default","site-content-style":"default","site-sidebar-style":"default","ast-global-header-display":"","ast-banner-title-visibility":"","ast-main-header-display":"","ast-hfb-above-header-display":"","ast-hfb-below-header-display":"","ast-hfb-mobile-header-display":"","site-post-title":"","ast-breadcrumbs-content":"","ast-featured-img":"","footer-sml-layout":"","ast-disable-related-posts":"","theme-transparent-header-meta":"default","adv-header-id-meta":"","stick-header-meta":"","header-above-stick-meta":"","header-main-stick-meta":"","header-below-stick-meta":"","astra-migrate-meta-layouts":"set","ast-page-background-enabled":"default","ast-page-background-meta":{"desktop":{"background-color":"","background-image":"","background-repeat":"repeat","background-position":"center center","background-size":"auto","background-attachment":"scroll","background-type":"","background-media":"","overlay-type":"","overlay-color":"","overlay-opacity":"","overlay-gradient":""},"tablet":{"background-color":"","background-image":"","background-repeat":"repeat","background-position":"center center","background-size":"auto","background-attachment":"scroll","background-type":"","background-media":"","overlay-type":"","overlay-color":"","overlay-opacity":"","overlay-gradient":""},"mobile":{"background-color":"","background-image":"","background-repeat":"repeat","background-position":"center center","background-size":"auto","background-attachment":"scroll","background-type":"","background-media":"","overlay-type":"","overlay-color":"","overlay-opacity":"","overlay-gradient":""}},"ast-content-background-meta":{"desktop":{"background-color":"var(--ast-global-color-5)","background-image":"","background-repeat":"repeat","background-position":"center center","background-size":"auto","background-attachment":"scroll","background-type":"","background-media":"","overlay-type":"","overlay-color":"","overlay-opacity":"","overlay-gradient":""},"tablet":{"background-color":"var(--ast-global-color-5)","background-image":"","background-repeat":"repeat","background-position":"center center","background-size":"auto","background-attachment":"scroll","background-type":"","background-media":"","overlay-type":"","overlay-color":"","overlay-opacity":"","overlay-gradient":""},"mobile":{"background-color":"var(--ast-global-color-5)","background-image":"","background-repeat":"repeat","background-position":"center center","background-size":"auto","background-attachment":"scroll","background-type":"","background-media":"","overlay-type":"","overlay-color":"","overlay-opacity":"","overlay-gradient":""}}},"product_brand":[],"product_cat":[65,32],"product_tag":[70,68,71,69],"class_list":{"0":"post-3493","1":"product","2":"type-product","3":"status-publish","4":"has-post-thumbnail","6":"product_cat-0-to-6months-oem","7":"product_cat-customize","8":"product_tag-babypillow","9":"product_tag-cuteanimalpillow","10":"product_tag-headshapesupport","11":"product_tag-kouniushapingpillow","12":"desktop-align-left","13":"tablet-align-left","14":"mobile-align-left","16":"first","17":"instock","18":"shipping-taxable","19":"product-type-simple"},"aioseo_notices":[],"uagb_featured_image_src":{"full":["https:\/\/babypillowwholesale.com\/wp-content\/uploads\/2025\/04\/0005.jpg",1000,1000,false],"thumbnail":["https:\/\/babypillowwholesale.com\/wp-content\/uploads\/2025\/04\/0005-150x150.jpg",150,150,true],"medium":["https:\/\/babypillowwholesale.com\/wp-content\/uploads\/2025\/04\/0005-300x300.jpg",300,300,true],"medium_large":["https:\/\/babypillowwholesale.com\/wp-content\/uploads\/2025\/04\/0005-768x768.jpg",768,768,true],"large":["https:\/\/babypillowwholesale.com\/wp-content\/uploads\/2025\/04\/0005.jpg",1000,1000,false],"1536x1536":["https:\/\/babypillowwholesale.com\/wp-content\/uploads\/2025\/04\/0005.jpg",1000,1000,false],"2048x2048":["https:\/\/babypillowwholesale.com\/wp-content\/uploads\/2025\/04\/0005.jpg",1000,1000,false],"trp-custom-language-flag":["https:\/\/babypillowwholesale.com\/wp-content\/uploads\/2025\/04\/0005.jpg",12,12,false],"woocommerce_thumbnail":["https:\/\/babypillowwholesale.com\/wp-content\/uploads\/2025\/04\/0005-300x300.jpg",300,300,true],"woocommerce_single":["https:\/\/babypillowwholesale.com\/wp-content\/uploads\/2025\/04\/0005-600x600.jpg",600,600,true],"woocommerce_gallery_thumbnail":["https:\/\/babypillowwholesale.com\/wp-content\/uploads\/2025\/04\/0005-100x100.jpg",100,100,true]},"uagb_author_info":{"display_name":"Etnen zhong","author_link":"https:\/\/babypillowwholesale.com\/pl\/author\/"},"uagb_comment_info":0,"uagb_excerpt":"This Memory Foam Pillow - C - shaped Pillow Core, designed for babies aged 0 - 6 months, presents a wealth of customization and design possibilities. Its distinctive C - shape can be further refined. We can adjust the curvature and thickness of the pillow core to better fit the baby's body contour, enhancing comfort&hellip;","jetpack_sharing_enabled":true,"_links":{"self":[{"href":"https:\/\/babypillowwholesale.com\/pl\/wp-json\/wp\/v2\/product\/3493","targetHints":{"allow":["GET"]}}],"collection":[{"href":"https:\/\/babypillowwholesale.com\/pl\/wp-json\/wp\/v2\/product"}],"about":[{"href":"https:\/\/babypillowwholesale.com\/pl\/wp-json\/wp\/v2\/types\/product"}],"replies":[{"embeddable":true,"href":"https:\/\/babypillowwholesale.com\/pl\/wp-json\/wp\/v2\/comments?post=3493"}],"wp:featuredmedia":[{"embeddable":true,"href":"https:\/\/babypillowwholesale.com\/pl\/wp-json\/wp\/v2\/media\/3494"}],"wp:attachment":[{"href":"https:\/\/babypillowwholesale.com\/pl\/wp-json\/wp\/v2\/media?parent=3493"}],"wp:term":[{"taxonomy":"product_brand","embeddable":true,"href":"https:\/\/babypillowwholesale.com\/pl\/wp-json\/wp\/v2\/product_brand?post=3493"},{"taxonomy":"product_cat","embeddable":true,"href":"https:\/\/babypillowwholesale.com\/pl\/wp-json\/wp\/v2\/product_cat?post=3493"},{"taxonomy":"product_tag","embeddable":true,"href":"https:\/\/babypillowwholesale.com\/pl\/wp-json\/wp\/v2\/product_tag?post=3493"}],"curies":[{"name":"wp","href":"https:\/\/api.w.org\/{rel}","templated":true}]}}