{"id":3491,"date":"2025-04-19T09:25:10","date_gmt":"2025-04-19T09:25:10","guid":{"rendered":"https:\/\/babypillowwholesale.com\/?post_type=product&#038;p=3491"},"modified":"2025-06-05T14:43:03","modified_gmt":"2025-06-05T14:43:03","slug":"memory-foam-pillow-small-apple-shaped-pillow-core","status":"publish","type":"product","link":"https:\/\/babypillowwholesale.com\/pl\/product\/memory-foam-pillow-small-apple-shaped-pillow-core\/","title":{"rendered":"Poduszka z pianki z pami\u0119ci\u0105 kszta\u0142tu - ma\u0142e jab\u0142ko"},"content":{"rendered":"<div class=\"auto-hide-last-sibling-br paragraph-qzbcQC paragraph-element br-paragraph-space\">\n<div class=\"auto-hide-last-sibling-br paragraph-qzbcQC paragraph-element br-paragraph-space\">\n<div class=\"auto-hide-last-sibling-br paragraph-qzbcQC paragraph-element br-paragraph-space\">\n<div class=\"auto-hide-last-sibling-br paragraph-qzbcQC paragraph-element br-paragraph-space\">Przedstawiamy poduszk\u0119 Memory Foam Pillow - Small Apple - w kszta\u0142cie jab\u0142ka, zachwycaj\u0105cy niezb\u0119dnik do spania dostosowany do najmniejszych marzycieli w wieku od 0 do 6 miesi\u0119cy. Jej urocza sylwetka inspirowana jab\u0142kiem to nie tylko wizualna gratka; to brama do kr\u00f3lestwa niezr\u00f3wnanej personalizacji.<\/div>\n<p>&nbsp;<\/p>\n<div class=\"auto-hide-last-sibling-br paragraph-qzbcQC paragraph-element br-paragraph-space\">Zdajemy sobie spraw\u0119, \u017ce ka\u017cde dziecko jest wyj\u0105tkowe i tak samo powinno by\u0107 z jego komfortem. Dlatego oferujemy mo\u017cliwo\u015b\u0107 precyzyjnego dostrojenia g\u0119sto\u015bci pianki hydrofilowej. Niezale\u017cnie od tego, czy Tw\u00f3j maluch preferuje pluszow\u0105 mi\u0119kko\u015b\u0107 przypominaj\u0105c\u0105 ob\u0142ok, czy te\u017c uspokajaj\u0105c\u0105 twardo\u015b\u0107, kt\u00f3ra zapewnia delikatne wsparcie, mo\u017cemy stworzy\u0107 idealne wra\u017cenia dotykowe.<\/div>\n<p>&nbsp;<\/p>\n<div class=\"auto-hide-last-sibling-br paragraph-qzbcQC paragraph-element br-paragraph-space\">Powierzchnia tego cude\u0144ka w kszta\u0142cie jab\u0142ka jest czystym p\u0142\u00f3tnem dla kreatywno\u015bci. U\u017cywaj\u0105c wy\u0142\u0105cznie najbezpieczniejszych, nietoksycznych atrament\u00f3w, mo\u017cemy ozdobi\u0107 go czaruj\u0105cymi nadrukami. Wyobra\u017a sobie konstelacj\u0119 delikatnych kwiat\u00f3w jab\u0142oni, kt\u00f3rych p\u0142atki wydaj\u0105 si\u0119 trzepota\u0107 na delikatnym wietrze, lub zabawn\u0105 parad\u0119 biedronek, jakby z misj\u0105 wywo\u0142ania u\u015bmiechu podczas snu Twojego dziecka. Te nadruki to nie tylko dekoracje; to historie, kt\u00f3re czekaj\u0105 na opowiedzenie, dodaj\u0105c warstw\u0119 magii do ka\u017cdej drzemki.<\/div>\n<p>&nbsp;<\/p>\n<div class=\"auto-hide-last-sibling-br paragraph-qzbcQC paragraph-element br-paragraph-space\">Na tym jednak personalizacja si\u0119 nie ko\u0144czy. Centralne wg\u0142\u0119bienie, kluczowe dla komfortu dziecka, mo\u017cna skrupulatnie wyregulowa\u0107. Mo\u017cemy precyzyjnie zmodyfikowa\u0107 jego rozmiar i krzywizn\u0119, upewniaj\u0105c si\u0119, \u017ce obejmuje g\u0142\u00f3wk\u0119 dziecka niczym kochaj\u0105cy u\u015bcisk. To w\u0142a\u015bnie ta dba\u0142o\u015b\u0107 o szczeg\u00f3\u0142y, to przywi\u0105zanie do wyj\u0105tkowo\u015bci sprawia, \u017ce nasza poduszka z pianki Memory Foam Pillow - Small Apple - shaped Pillow Core nie jest tylko produktem, ale cenn\u0105 pami\u0105tk\u0105, jedyn\u0105 w swoim rodzaju ko\u0142ysank\u0105 dla snu Twojego malucha.<\/div>\n<\/div>\n<\/div>\n<\/div>","protected":false},"excerpt":{"rendered":"<div class=\"auto-hide-last-sibling-br paragraph-qzbcQC paragraph-element br-paragraph-space\">Poduszka Memory Foam Pillow - Small Apple - shaped Pillow Core, odpowiednia dla niemowl\u0105t w wieku od 0 do 6 miesi\u0119cy, oferuje niezwyk\u0142e mo\u017cliwo\u015bci personalizacji i projektowania. Jej uroczy kszta\u0142t przypominaj\u0105cy jab\u0142ko to tylko punkt wyj\u015bcia. Mo\u017cemy zmodyfikowa\u0107 g\u0119sto\u015b\u0107 hydrofilowej pianki, aby dopasowa\u0107 j\u0105 do specyficznych wymaga\u0144 Twojego dziecka w zakresie komfortu, niezale\u017cnie od tego, czy chodzi o bardziej mi\u0119kkie odczucie dla dodatkowej przytulno\u015bci, czy o twardsz\u0105 tekstur\u0119 dla lepszego wsparcia. Pomy\u015bl o delikatnych wzorach kwiat\u00f3w jab\u0142oni lub ma\u0142ych motywach biedronek, kt\u00f3re dodadz\u0105 kapry\u015bnego charakteru. Dodatkowo, rozmiar i krzywizn\u0119 centralnego wg\u0142\u0119bienia mo\u017cna precyzyjnie regulowa\u0107, aby zapewni\u0107 idealne dopasowanie do g\u0142\u00f3wki dziecka, zapewniaj\u0105c optymalny komfort i wsparcie. Pozwala to na stworzenie prawdziwie unikalnego rdzenia poduszki, kt\u00f3ry zaspokoi zar\u00f3wno potrzeby dziecka, jak i preferencje estetyczne.<\/div>","protected":false},"featured_media":3492,"comment_status":"open","ping_status":"closed","template":"","meta":{"_uag_custom_page_level_css":"","site-sidebar-layout":"default","site-content-layout":"","ast-site-content-layout":"default","site-content-style":"default","site-sidebar-style":"default","ast-global-header-display":"","ast-banner-title-visibility":"","ast-main-header-display":"","ast-hfb-above-header-display":"","ast-hfb-below-header-display":"","ast-hfb-mobile-header-display":"","site-post-title":"","ast-breadcrumbs-content":"","ast-featured-img":"","footer-sml-layout":"","ast-disable-related-posts":"","theme-transparent-header-meta":"default","adv-header-id-meta":"","stick-header-meta":"","header-above-stick-meta":"","header-main-stick-meta":"","header-below-stick-meta":"","astra-migrate-meta-layouts":"set","ast-page-background-enabled":"default","ast-page-background-meta":{"desktop":{"background-color":"","background-image":"","background-repeat":"repeat","background-position":"center center","background-size":"auto","background-attachment":"scroll","background-type":"","background-media":"","overlay-type":"","overlay-color":"","overlay-opacity":"","overlay-gradient":""},"tablet":{"background-color":"","background-image":"","background-repeat":"repeat","background-position":"center center","background-size":"auto","background-attachment":"scroll","background-type":"","background-media":"","overlay-type":"","overlay-color":"","overlay-opacity":"","overlay-gradient":""},"mobile":{"background-color":"","background-image":"","background-repeat":"repeat","background-position":"center center","background-size":"auto","background-attachment":"scroll","background-type":"","background-media":"","overlay-type":"","overlay-color":"","overlay-opacity":"","overlay-gradient":""}},"ast-content-background-meta":{"desktop":{"background-color":"var(--ast-global-color-5)","background-image":"","background-repeat":"repeat","background-position":"center center","background-size":"auto","background-attachment":"scroll","background-type":"","background-media":"","overlay-type":"","overlay-color":"","overlay-opacity":"","overlay-gradient":""},"tablet":{"background-color":"var(--ast-global-color-5)","background-image":"","background-repeat":"repeat","background-position":"center center","background-size":"auto","background-attachment":"scroll","background-type":"","background-media":"","overlay-type":"","overlay-color":"","overlay-opacity":"","overlay-gradient":""},"mobile":{"background-color":"var(--ast-global-color-5)","background-image":"","background-repeat":"repeat","background-position":"center center","background-size":"auto","background-attachment":"scroll","background-type":"","background-media":"","overlay-type":"","overlay-color":"","overlay-opacity":"","overlay-gradient":""}}},"product_brand":[],"product_cat":[65,32],"product_tag":[70,68,71,69],"class_list":{"0":"post-3491","1":"product","2":"type-product","3":"status-publish","4":"has-post-thumbnail","6":"product_cat-0-to-6months-oem","7":"product_cat-customize","8":"product_tag-babypillow","9":"product_tag-cuteanimalpillow","10":"product_tag-headshapesupport","11":"product_tag-kouniushapingpillow","12":"desktop-align-left","13":"tablet-align-left","14":"mobile-align-left","16":"first","17":"instock","18":"shipping-taxable","19":"product-type-simple"},"aioseo_notices":[],"uagb_featured_image_src":{"full":["https:\/\/babypillowwholesale.com\/wp-content\/uploads\/2025\/04\/0004.jpg",1000,1000,false],"thumbnail":["https:\/\/babypillowwholesale.com\/wp-content\/uploads\/2025\/04\/0004-150x150.jpg",150,150,true],"medium":["https:\/\/babypillowwholesale.com\/wp-content\/uploads\/2025\/04\/0004-300x300.jpg",300,300,true],"medium_large":["https:\/\/babypillowwholesale.com\/wp-content\/uploads\/2025\/04\/0004-768x768.jpg",768,768,true],"large":["https:\/\/babypillowwholesale.com\/wp-content\/uploads\/2025\/04\/0004.jpg",1000,1000,false],"1536x1536":["https:\/\/babypillowwholesale.com\/wp-content\/uploads\/2025\/04\/0004.jpg",1000,1000,false],"2048x2048":["https:\/\/babypillowwholesale.com\/wp-content\/uploads\/2025\/04\/0004.jpg",1000,1000,false],"trp-custom-language-flag":["https:\/\/babypillowwholesale.com\/wp-content\/uploads\/2025\/04\/0004.jpg",12,12,false],"woocommerce_thumbnail":["https:\/\/babypillowwholesale.com\/wp-content\/uploads\/2025\/04\/0004-300x300.jpg",300,300,true],"woocommerce_single":["https:\/\/babypillowwholesale.com\/wp-content\/uploads\/2025\/04\/0004-600x600.jpg",600,600,true],"woocommerce_gallery_thumbnail":["https:\/\/babypillowwholesale.com\/wp-content\/uploads\/2025\/04\/0004-100x100.jpg",100,100,true]},"uagb_author_info":{"display_name":"Etnen zhong","author_link":"https:\/\/babypillowwholesale.com\/pl\/author\/"},"uagb_comment_info":0,"uagb_excerpt":"This Memory Foam Pillow - Small Apple - shaped Pillow Core, suitable for babies aged 0 - 6 months, offers remarkable customization and design potential. Its cute apple - like shape is just the starting point. We can modify the density of the hydrophilic foam to suit your baby's specific comfort requirements, whether it's a&hellip;","jetpack_sharing_enabled":true,"_links":{"self":[{"href":"https:\/\/babypillowwholesale.com\/pl\/wp-json\/wp\/v2\/product\/3491","targetHints":{"allow":["GET"]}}],"collection":[{"href":"https:\/\/babypillowwholesale.com\/pl\/wp-json\/wp\/v2\/product"}],"about":[{"href":"https:\/\/babypillowwholesale.com\/pl\/wp-json\/wp\/v2\/types\/product"}],"replies":[{"embeddable":true,"href":"https:\/\/babypillowwholesale.com\/pl\/wp-json\/wp\/v2\/comments?post=3491"}],"wp:featuredmedia":[{"embeddable":true,"href":"https:\/\/babypillowwholesale.com\/pl\/wp-json\/wp\/v2\/media\/3492"}],"wp:attachment":[{"href":"https:\/\/babypillowwholesale.com\/pl\/wp-json\/wp\/v2\/media?parent=3491"}],"wp:term":[{"taxonomy":"product_brand","embeddable":true,"href":"https:\/\/babypillowwholesale.com\/pl\/wp-json\/wp\/v2\/product_brand?post=3491"},{"taxonomy":"product_cat","embeddable":true,"href":"https:\/\/babypillowwholesale.com\/pl\/wp-json\/wp\/v2\/product_cat?post=3491"},{"taxonomy":"product_tag","embeddable":true,"href":"https:\/\/babypillowwholesale.com\/pl\/wp-json\/wp\/v2\/product_tag?post=3491"}],"curies":[{"name":"wp","href":"https:\/\/api.w.org\/{rel}","templated":true}]}}