{"id":3488,"date":"2025-04-19T02:55:35","date_gmt":"2025-04-19T02:55:35","guid":{"rendered":"https:\/\/babypillowwholesale.com\/?post_type=product&#038;p=3488"},"modified":"2025-06-05T14:47:34","modified_gmt":"2025-06-05T14:47:34","slug":"memory-foam-pillow-thin-bear-shaped-pillow-core","status":"publish","type":"product","link":"https:\/\/babypillowwholesale.com\/pl\/product\/memory-foam-pillow-thin-bear-shaped-pillow-core\/","title":{"rendered":"Poduszka z pianki z pami\u0119ci\u0105 kszta\u0142tu - cienki nied\u017awied\u017a"},"content":{"rendered":"<div class=\"auto-hide-last-sibling-br paragraph-qzbcQC paragraph-element br-paragraph-space\">\n<div class=\"auto-hide-last-sibling-br paragraph-qzbcQC paragraph-element br-paragraph-space\">\n<div class=\"auto-hide-last-sibling-br paragraph-qzbcQC paragraph-element br-paragraph-space\">Oto poduszka z pianki memory - cienki rdze\u0144 w kszta\u0142cie nied\u017awiedzia, arcydzie\u0142o stworzone specjalnie dla najmniejszych \u015bpioch\u00f3w w wieku od 0 do 6 miesi\u0119cy. Jej urzekaj\u0105ca sylwetka przypominaj\u0105ca nied\u017awiedzia to nie tylko wyb\u00f3r estetyczny; to portal do wszech\u015bwiata mo\u017cliwo\u015bci szytych na miar\u0119.<\/div>\n<p>&nbsp;<\/p>\n<div class=\"auto-hide-last-sibling-br paragraph-qzbcQC paragraph-element br-paragraph-space\">Rozumiemy, \u017ce komfort jest tak indywidualny, jak s\u0142odki u\u015bmiech dziecka. Dlatego oferujemy mo\u017cliwo\u015b\u0107 precyzyjnego dostrojenia mi\u0119kko\u015bci pianki hydrofilowej. Niezale\u017cnie od tego, czy potrzebujesz mi\u0119kkiej jak chmurka pianki dla najdelikatniejszych g\u0142\u00f3wek, czy nieco bardziej twardej pianki dla dodatkowego wsparcia, mamy dla Ciebie wszystko. Jest to poziom personalizacji, kt\u00f3ry przekszta\u0142ca ten rdze\u0144 poduszki ze zwyk\u0142ego akcesorium w spersonalizowan\u0105 przysta\u0144 odpoczynku.<\/div>\n<p>&nbsp;<\/p>\n<div class=\"auto-hide-last-sibling-br paragraph-qzbcQC paragraph-element br-paragraph-space\">Powierzchnia tego cude\u0144ka w kszta\u0142cie nied\u017awiedzia to czyste p\u0142\u00f3tno czekaj\u0105ce na artystyczn\u0105 ekspresj\u0119. U\u017cywaj\u0105c wy\u0142\u0105cznie najbezpieczniejszych, nietoksycznych tuszy, mo\u017cemy ozdobi\u0107 go czaruj\u0105cymi nadrukami. Wyobra\u017a sobie konstelacj\u0119 delikatnych stokrotek, kt\u00f3rych p\u0142atki wydaj\u0105 si\u0119 ko\u0142ysa\u0107 na delikatnym wietrze, lub \u015blad uroczych kr\u00f3liczych \u0142apek, jakby prowadzi\u0142y Twoje dziecko do \u015bwiata marze\u0144. Te nadruki to nie tylko dekoracje; to historie, kt\u00f3re czekaj\u0105 na opowiedzenie, dodaj\u0105c warstw\u0119 magii do ka\u017cdej drzemki.<\/div>\n<p>&nbsp;<\/p>\n<div class=\"auto-hide-last-sibling-br paragraph-qzbcQC paragraph-element br-paragraph-space\">Do tego dochodzi centralne wg\u0142\u0119bienie, kluczowa cecha opracowana na nowo z my\u015bl\u0105 o komforcie dziecka. Mo\u017cemy regulowa\u0107 jego rozmiar i g\u0142\u0119boko\u015b\u0107 z chirurgiczn\u0105 precyzj\u0105, zapewniaj\u0105c, \u017ce otuli g\u0142\u00f3wk\u0119 dziecka niczym kochaj\u0105cy u\u015bcisk. To w\u0142a\u015bnie ta dba\u0142o\u015b\u0107 o szczeg\u00f3\u0142y, to przywi\u0105zanie do wyj\u0105tkowo\u015bci sprawia, \u017ce nasza poduszka z pianki Memory Foam Pillow - Thin Bear - shaped Pillow Core nie jest tylko produktem, ale cenn\u0105 pami\u0105tk\u0105, jedyn\u0105 w swoim rodzaju ko\u0142ysank\u0105 dla snu Twojego malucha.<\/div>\n<\/div>\n<\/div>","protected":false},"excerpt":{"rendered":"<p>Ta poduszka z pianki Memory Foam Pillow - Thin Bear - shaped Pillow Core, zaprojektowana dla niemowl\u0105t w wieku od 0 do 6 miesi\u0119cy, oferuje \u015bwiat mo\u017cliwo\u015bci personalizacji i projektowania. Jej urocza forma w kszta\u0142cie nied\u017awiedzia jest idealnym p\u0142\u00f3tnem dla kreatywno\u015bci. Poziom mi\u0119kko\u015bci pianki hydrofilowej mo\u017cna dostosowa\u0107 do w\u0142asnych preferencji, zapewniaj\u0105c maluchowi idealny komfort. Powierzchni\u0119 mo\u017cna ozdobi\u0107 nietoksycznymi, bezpiecznymi dla dziecka nadrukami, takimi jak drobne kwiatowe wzory lub urocze \u015blady zwierz\u0105t, dodaj\u0105c niepowtarzalnego i uroczego akcentu. Dodatkowo, rozmiar i g\u0142\u0119boko\u015b\u0107 centralnego wg\u0142\u0119bienia mo\u017cna regulowa\u0107, aby lepiej wspiera\u0107 kszta\u0142t g\u0142owy dziecka. Pozwala to na stworzenie prawdziwie spersonalizowanego rdzenia poduszki, kt\u00f3ry nie tylko spe\u0142nia potrzeby dziecka w zakresie komfortu, ale tak\u017ce wyr\u00f3\u017cnia si\u0119 jako wyj\u0105tkowy, jedyny w swoim rodzaju przedmiot.<\/p>","protected":false},"featured_media":3489,"comment_status":"open","ping_status":"closed","template":"","meta":{"_uag_custom_page_level_css":"","site-sidebar-layout":"default","site-content-layout":"","ast-site-content-layout":"default","site-content-style":"default","site-sidebar-style":"default","ast-global-header-display":"","ast-banner-title-visibility":"","ast-main-header-display":"","ast-hfb-above-header-display":"","ast-hfb-below-header-display":"","ast-hfb-mobile-header-display":"","site-post-title":"","ast-breadcrumbs-content":"","ast-featured-img":"","footer-sml-layout":"","ast-disable-related-posts":"","theme-transparent-header-meta":"default","adv-header-id-meta":"","stick-header-meta":"","header-above-stick-meta":"","header-main-stick-meta":"","header-below-stick-meta":"","astra-migrate-meta-layouts":"set","ast-page-background-enabled":"default","ast-page-background-meta":{"desktop":{"background-color":"","background-image":"","background-repeat":"repeat","background-position":"center center","background-size":"auto","background-attachment":"scroll","background-type":"","background-media":"","overlay-type":"","overlay-color":"","overlay-opacity":"","overlay-gradient":""},"tablet":{"background-color":"","background-image":"","background-repeat":"repeat","background-position":"center center","background-size":"auto","background-attachment":"scroll","background-type":"","background-media":"","overlay-type":"","overlay-color":"","overlay-opacity":"","overlay-gradient":""},"mobile":{"background-color":"","background-image":"","background-repeat":"repeat","background-position":"center center","background-size":"auto","background-attachment":"scroll","background-type":"","background-media":"","overlay-type":"","overlay-color":"","overlay-opacity":"","overlay-gradient":""}},"ast-content-background-meta":{"desktop":{"background-color":"var(--ast-global-color-5)","background-image":"","background-repeat":"repeat","background-position":"center center","background-size":"auto","background-attachment":"scroll","background-type":"","background-media":"","overlay-type":"","overlay-color":"","overlay-opacity":"","overlay-gradient":""},"tablet":{"background-color":"var(--ast-global-color-5)","background-image":"","background-repeat":"repeat","background-position":"center center","background-size":"auto","background-attachment":"scroll","background-type":"","background-media":"","overlay-type":"","overlay-color":"","overlay-opacity":"","overlay-gradient":""},"mobile":{"background-color":"var(--ast-global-color-5)","background-image":"","background-repeat":"repeat","background-position":"center center","background-size":"auto","background-attachment":"scroll","background-type":"","background-media":"","overlay-type":"","overlay-color":"","overlay-opacity":"","overlay-gradient":""}}},"product_brand":[],"product_cat":[65,32],"product_tag":[70,68,71,69],"class_list":{"0":"post-3488","1":"product","2":"type-product","3":"status-publish","4":"has-post-thumbnail","6":"product_cat-0-to-6months-oem","7":"product_cat-customize","8":"product_tag-babypillow","9":"product_tag-cuteanimalpillow","10":"product_tag-headshapesupport","11":"product_tag-kouniushapingpillow","12":"desktop-align-left","13":"tablet-align-left","14":"mobile-align-left","16":"first","17":"instock","18":"shipping-taxable","19":"product-type-simple"},"aioseo_notices":[],"uagb_featured_image_src":{"full":["https:\/\/babypillowwholesale.com\/wp-content\/uploads\/2025\/04\/0003.jpg",1000,1000,false],"thumbnail":["https:\/\/babypillowwholesale.com\/wp-content\/uploads\/2025\/04\/0003-150x150.jpg",150,150,true],"medium":["https:\/\/babypillowwholesale.com\/wp-content\/uploads\/2025\/04\/0003-300x300.jpg",300,300,true],"medium_large":["https:\/\/babypillowwholesale.com\/wp-content\/uploads\/2025\/04\/0003-768x768.jpg",768,768,true],"large":["https:\/\/babypillowwholesale.com\/wp-content\/uploads\/2025\/04\/0003.jpg",1000,1000,false],"1536x1536":["https:\/\/babypillowwholesale.com\/wp-content\/uploads\/2025\/04\/0003.jpg",1000,1000,false],"2048x2048":["https:\/\/babypillowwholesale.com\/wp-content\/uploads\/2025\/04\/0003.jpg",1000,1000,false],"trp-custom-language-flag":["https:\/\/babypillowwholesale.com\/wp-content\/uploads\/2025\/04\/0003.jpg",12,12,false],"woocommerce_thumbnail":["https:\/\/babypillowwholesale.com\/wp-content\/uploads\/2025\/04\/0003-300x300.jpg",300,300,true],"woocommerce_single":["https:\/\/babypillowwholesale.com\/wp-content\/uploads\/2025\/04\/0003-600x600.jpg",600,600,true],"woocommerce_gallery_thumbnail":["https:\/\/babypillowwholesale.com\/wp-content\/uploads\/2025\/04\/0003-100x100.jpg",100,100,true]},"uagb_author_info":{"display_name":"Etnen zhong","author_link":"https:\/\/babypillowwholesale.com\/pl\/author\/"},"uagb_comment_info":0,"uagb_excerpt":"This Memory Foam Pillow - Thin Bear - shaped Pillow Core, designed for babies aged 0 - 6 months, offers a world of customization and design opportunities. Its endearing bear - shaped form is the perfect canvas for creativity. We can customize the softness level of the hydrophilic foam according to your preference, ensuring the&hellip;","jetpack_sharing_enabled":true,"_links":{"self":[{"href":"https:\/\/babypillowwholesale.com\/pl\/wp-json\/wp\/v2\/product\/3488","targetHints":{"allow":["GET"]}}],"collection":[{"href":"https:\/\/babypillowwholesale.com\/pl\/wp-json\/wp\/v2\/product"}],"about":[{"href":"https:\/\/babypillowwholesale.com\/pl\/wp-json\/wp\/v2\/types\/product"}],"replies":[{"embeddable":true,"href":"https:\/\/babypillowwholesale.com\/pl\/wp-json\/wp\/v2\/comments?post=3488"}],"wp:featuredmedia":[{"embeddable":true,"href":"https:\/\/babypillowwholesale.com\/pl\/wp-json\/wp\/v2\/media\/3489"}],"wp:attachment":[{"href":"https:\/\/babypillowwholesale.com\/pl\/wp-json\/wp\/v2\/media?parent=3488"}],"wp:term":[{"taxonomy":"product_brand","embeddable":true,"href":"https:\/\/babypillowwholesale.com\/pl\/wp-json\/wp\/v2\/product_brand?post=3488"},{"taxonomy":"product_cat","embeddable":true,"href":"https:\/\/babypillowwholesale.com\/pl\/wp-json\/wp\/v2\/product_cat?post=3488"},{"taxonomy":"product_tag","embeddable":true,"href":"https:\/\/babypillowwholesale.com\/pl\/wp-json\/wp\/v2\/product_tag?post=3488"}],"curies":[{"name":"wp","href":"https:\/\/api.w.org\/{rel}","templated":true}]}}