{"id":3485,"date":"2025-04-19T02:35:27","date_gmt":"2025-04-19T02:35:27","guid":{"rendered":"https:\/\/babypillowwholesale.com\/?post_type=product&#038;p=3485"},"modified":"2025-06-05T14:53:09","modified_gmt":"2025-06-05T14:53:09","slug":"memory-foam-pillow-thick-bear-shaped-pillow-core","status":"publish","type":"product","link":"https:\/\/babypillowwholesale.com\/pl\/product\/memory-foam-pillow-thick-bear-shaped-pillow-core\/","title":{"rendered":"Poduszka z pianki z pami\u0119ci\u0105 kszta\u0142tu - gruby nied\u017awied\u017a"},"content":{"rendered":"<div class=\"auto-hide-last-sibling-br paragraph-qzbcQC paragraph-element br-paragraph-space\">\n<div class=\"auto-hide-last-sibling-br paragraph-qzbcQC paragraph-element br-paragraph-space\">Poduszka Memory Foam Pillow - Thick Bear - shaped Pillow Core, stworzona specjalnie dla niemowl\u0105t w wieku od 0 do 6 miesi\u0119cy, jest wzorem wyj\u0105tkowo\u015bci i mo\u017cliwo\u015bci personalizacji. Jego z natury urocza sylwetka przypominaj\u0105ca nied\u017awiedzia to nie tylko uroczy wyb\u00f3r projektu; to punkt wyj\u015bcia do stworzenia jedynego w swoim rodzaju niezb\u0119dnika dla niemowl\u0105t.<\/div>\n<p>&nbsp;<\/p>\n<div class=\"auto-hide-last-sibling-br paragraph-qzbcQC paragraph-element br-paragraph-space\">Otwory wentylacyjne, kluczowa cecha funkcjonalna, nie s\u0105 ustalone w kamieniu. Mo\u017cemy skrupulatnie dostosowa\u0107 ich liczb\u0119 i wymiary, precyzyjnie dostrajaj\u0105c oddychalno\u015b\u0107 rdzenia poduszki, aby zaspokoi\u0107 specyficzne potrzeby dziecka w zakresie komfortu. Jest to poziom personalizacji, kt\u00f3ry wykracza poza zwyk\u0142e rozwi\u0105zania, zapewniaj\u0105c optymaln\u0105 cyrkulacj\u0119 powietrza dla spokojnego snu malucha.<\/div>\n<p>&nbsp;<\/p>\n<div class=\"auto-hide-last-sibling-br paragraph-qzbcQC paragraph-element br-paragraph-space\">Je\u015bli chodzi o wygl\u0105d, mo\u017cliwo\u015bci s\u0105 tak nieograniczone, jak wyobra\u017ania. U\u017cywaj\u0105c tylko najbezpieczniejszych, nietoksycznych pigment\u00f3w, mo\u017cemy przekszta\u0142ci\u0107 \"futro\" nied\u017awiedzia w feeri\u0119 barw. Wyobra\u017a sobie nied\u017awiadka pokrytego sier\u015bci\u0105 w najdelikatniejszych pastelach, przywo\u0142uj\u0105cego poczucie spokoju, lub ozdobionego jasnymi, weso\u0142ymi odcieniami, kt\u00f3re pobudz\u0105 ciekawo\u015b\u0107 Twojego dziecka. Nie chodzi tylko o estetyk\u0119; chodzi o stworzenie wizualnego do\u015bwiadczenia, kt\u00f3re uspokaja i stymuluje w r\u00f3wnym stopniu.<\/div>\n<p>&nbsp;<\/p>\n<div class=\"auto-hide-last-sibling-br paragraph-qzbcQC paragraph-element br-paragraph-space\">Na tym jednak personalizacja si\u0119 nie ko\u0144czy. Mo\u017cemy doda\u0107 zachwycaj\u0105ce ozdoby, takie jak r\u0119cznie haftowane oczy, kt\u00f3re wydaj\u0105 si\u0119 mruga\u0107 z ciep\u0142em, lub wyszywany nos, kt\u00f3ry nadaje misiowi odrobin\u0119 realistycznego uroku. Te ma\u0142e detale nie s\u0105 tylko dekoracyjne; przekszta\u0142caj\u0105 rdze\u0144 poduszki z prostego akcesorium w ukochanego towarzysza dla Twojego dziecka.<\/div>\n<p>&nbsp;<\/p>\n<div class=\"auto-hide-last-sibling-br paragraph-qzbcQC paragraph-element br-paragraph-space\">Dzi\u0119ki tej poduszce z pianki Memory Foam - Thick Bear - w kszta\u0142cie rdzenia poduszki, nie tylko otrzymujesz produkt; tworzysz spersonalizowan\u0105 przysta\u0144 komfortu i uroku, pami\u0105tk\u0119, kt\u00f3ra zajmie szczeg\u00f3lne miejsce we wczesnych wspomnieniach Twojego dziecka.<\/div>\n<\/div>","protected":false},"excerpt":{"rendered":"<p>Poduszka Memory Foam Pillow - Thick Bear - shaped Pillow Core, zaprojektowana dla niemowl\u0105t w wieku od 0 do 6 miesi\u0119cy, oferuje szeroki potencja\u0142 personalizacji i projektowania. Jej uroczy kszta\u0142t przypominaj\u0105cy nied\u017awiedzia s\u0142u\u017cy jako urocza podstawa do dalszej personalizacji. Liczb\u0119 i rozmiar otwor\u00f3w wentylacyjnych mo\u017cna dostosowa\u0107 do konkretnych potrzeb, optymalizuj\u0105c oddychalno\u015b\u0107. Je\u015bli chodzi o wygl\u0105d, nietoksyczne, bezpieczne dla niemowl\u0105t kolory mog\u0105 by\u0107 u\u017cyte do pomalowania \"futra\" misia, tworz\u0105c r\u00f3\u017cnorodne urocze schematy kolor\u00f3w, takie jak mi\u0119kki pastelowy mi\u015b dla delikatnego wygl\u0105du lub bardziej \u017cywy dla zabawnego akcentu. Dodatkowo mo\u017cna doda\u0107 ma\u0142e ozdoby, takie jak haftowane oczy lub wyszywany nos, aby kszta\u0142t nied\u017awiedzia by\u0142 bardziej \u017cywy i ujmuj\u0105cy. Takie dostosowanie pozwala rodzicom stworzy\u0107 unikalny i specjalny rdze\u0144 poduszki, kt\u00f3ry nie tylko spe\u0142nia wymagania funkcjonalne, ale tak\u017ce staje si\u0119 ukochan\u0105 pami\u0105tk\u0105 dla ich dzieci.<\/p>","protected":false},"featured_media":3486,"comment_status":"open","ping_status":"closed","template":"","meta":{"_uag_custom_page_level_css":"","site-sidebar-layout":"default","site-content-layout":"","ast-site-content-layout":"default","site-content-style":"default","site-sidebar-style":"default","ast-global-header-display":"","ast-banner-title-visibility":"","ast-main-header-display":"","ast-hfb-above-header-display":"","ast-hfb-below-header-display":"","ast-hfb-mobile-header-display":"","site-post-title":"","ast-breadcrumbs-content":"","ast-featured-img":"","footer-sml-layout":"","ast-disable-related-posts":"","theme-transparent-header-meta":"default","adv-header-id-meta":"","stick-header-meta":"","header-above-stick-meta":"","header-main-stick-meta":"","header-below-stick-meta":"","astra-migrate-meta-layouts":"set","ast-page-background-enabled":"default","ast-page-background-meta":{"desktop":{"background-color":"","background-image":"","background-repeat":"repeat","background-position":"center center","background-size":"auto","background-attachment":"scroll","background-type":"","background-media":"","overlay-type":"","overlay-color":"","overlay-opacity":"","overlay-gradient":""},"tablet":{"background-color":"","background-image":"","background-repeat":"repeat","background-position":"center center","background-size":"auto","background-attachment":"scroll","background-type":"","background-media":"","overlay-type":"","overlay-color":"","overlay-opacity":"","overlay-gradient":""},"mobile":{"background-color":"","background-image":"","background-repeat":"repeat","background-position":"center center","background-size":"auto","background-attachment":"scroll","background-type":"","background-media":"","overlay-type":"","overlay-color":"","overlay-opacity":"","overlay-gradient":""}},"ast-content-background-meta":{"desktop":{"background-color":"var(--ast-global-color-5)","background-image":"","background-repeat":"repeat","background-position":"center center","background-size":"auto","background-attachment":"scroll","background-type":"","background-media":"","overlay-type":"","overlay-color":"","overlay-opacity":"","overlay-gradient":""},"tablet":{"background-color":"var(--ast-global-color-5)","background-image":"","background-repeat":"repeat","background-position":"center center","background-size":"auto","background-attachment":"scroll","background-type":"","background-media":"","overlay-type":"","overlay-color":"","overlay-opacity":"","overlay-gradient":""},"mobile":{"background-color":"var(--ast-global-color-5)","background-image":"","background-repeat":"repeat","background-position":"center center","background-size":"auto","background-attachment":"scroll","background-type":"","background-media":"","overlay-type":"","overlay-color":"","overlay-opacity":"","overlay-gradient":""}}},"product_brand":[],"product_cat":[65,32],"product_tag":[70,68,71,69],"class_list":{"0":"post-3485","1":"product","2":"type-product","3":"status-publish","4":"has-post-thumbnail","6":"product_cat-0-to-6months-oem","7":"product_cat-customize","8":"product_tag-babypillow","9":"product_tag-cuteanimalpillow","10":"product_tag-headshapesupport","11":"product_tag-kouniushapingpillow","12":"desktop-align-left","13":"tablet-align-left","14":"mobile-align-left","16":"first","17":"instock","18":"shipping-taxable","19":"product-type-simple"},"aioseo_notices":[],"uagb_featured_image_src":{"full":["https:\/\/babypillowwholesale.com\/wp-content\/uploads\/2025\/04\/0002.jpg",1000,1000,false],"thumbnail":["https:\/\/babypillowwholesale.com\/wp-content\/uploads\/2025\/04\/0002-150x150.jpg",150,150,true],"medium":["https:\/\/babypillowwholesale.com\/wp-content\/uploads\/2025\/04\/0002-300x300.jpg",300,300,true],"medium_large":["https:\/\/babypillowwholesale.com\/wp-content\/uploads\/2025\/04\/0002-768x768.jpg",768,768,true],"large":["https:\/\/babypillowwholesale.com\/wp-content\/uploads\/2025\/04\/0002.jpg",1000,1000,false],"1536x1536":["https:\/\/babypillowwholesale.com\/wp-content\/uploads\/2025\/04\/0002.jpg",1000,1000,false],"2048x2048":["https:\/\/babypillowwholesale.com\/wp-content\/uploads\/2025\/04\/0002.jpg",1000,1000,false],"trp-custom-language-flag":["https:\/\/babypillowwholesale.com\/wp-content\/uploads\/2025\/04\/0002.jpg",12,12,false],"woocommerce_thumbnail":["https:\/\/babypillowwholesale.com\/wp-content\/uploads\/2025\/04\/0002-300x300.jpg",300,300,true],"woocommerce_single":["https:\/\/babypillowwholesale.com\/wp-content\/uploads\/2025\/04\/0002-600x600.jpg",600,600,true],"woocommerce_gallery_thumbnail":["https:\/\/babypillowwholesale.com\/wp-content\/uploads\/2025\/04\/0002-100x100.jpg",100,100,true]},"uagb_author_info":{"display_name":"Etnen zhong","author_link":"https:\/\/babypillowwholesale.com\/pl\/author\/"},"uagb_comment_info":0,"uagb_excerpt":"This Memory Foam Pillow - Thick Bear - shaped Pillow Core, designed for babies aged 0 - 6 months, offers extensive customization and design potential. Its adorable bear - like form serves as a charming base for further personalization. The number and size of the ventilation holes can be adjusted according to specific needs, optimizing&hellip;","jetpack_sharing_enabled":true,"_links":{"self":[{"href":"https:\/\/babypillowwholesale.com\/pl\/wp-json\/wp\/v2\/product\/3485","targetHints":{"allow":["GET"]}}],"collection":[{"href":"https:\/\/babypillowwholesale.com\/pl\/wp-json\/wp\/v2\/product"}],"about":[{"href":"https:\/\/babypillowwholesale.com\/pl\/wp-json\/wp\/v2\/types\/product"}],"replies":[{"embeddable":true,"href":"https:\/\/babypillowwholesale.com\/pl\/wp-json\/wp\/v2\/comments?post=3485"}],"wp:featuredmedia":[{"embeddable":true,"href":"https:\/\/babypillowwholesale.com\/pl\/wp-json\/wp\/v2\/media\/3486"}],"wp:attachment":[{"href":"https:\/\/babypillowwholesale.com\/pl\/wp-json\/wp\/v2\/media?parent=3485"}],"wp:term":[{"taxonomy":"product_brand","embeddable":true,"href":"https:\/\/babypillowwholesale.com\/pl\/wp-json\/wp\/v2\/product_brand?post=3485"},{"taxonomy":"product_cat","embeddable":true,"href":"https:\/\/babypillowwholesale.com\/pl\/wp-json\/wp\/v2\/product_cat?post=3485"},{"taxonomy":"product_tag","embeddable":true,"href":"https:\/\/babypillowwholesale.com\/pl\/wp-json\/wp\/v2\/product_tag?post=3485"}],"curies":[{"name":"wp","href":"https:\/\/api.w.org\/{rel}","templated":true}]}}