{"id":3474,"date":"2025-04-18T16:21:06","date_gmt":"2025-04-18T16:21:06","guid":{"rendered":"https:\/\/babypillowwholesale.com\/?post_type=product&#038;p=3474"},"modified":"2025-06-05T14:55:58","modified_gmt":"2025-06-05T14:55:58","slug":"memory-foam-pillow-round-pillow-core","status":"publish","type":"product","link":"https:\/\/babypillowwholesale.com\/pl\/product\/memory-foam-pillow-round-pillow-core\/","title":{"rendered":"Poduszka z pianki z pami\u0119ci\u0105 kszta\u0142tu - okr\u0105g\u0142y rdze\u0144"},"content":{"rendered":"<div class=\"auto-hide-last-sibling-br paragraph-qzbcQC paragraph-element br-paragraph-space\">Okr\u0105g\u0142a poduszka Memory Foam Pillow Core, przeznaczona dla niemowl\u0105t w wieku od 0 do 6 miesi\u0119cy, jest p\u0142\u00f3tnem o niesko\u0144czonych mo\u017cliwo\u015bciach, je\u015bli chodzi o dostosowywanie wzor\u00f3w i projektowanie. Jej elegancka powierzchnia jest przygotowana do transformacji, oferuj\u0105c wyj\u0105tkow\u0105 okazj\u0119 do stworzenia jedynego w swoim rodzaju elementu.<\/div>\n<p>&nbsp;<\/p>\n<div class=\"auto-hide-last-sibling-br paragraph-qzbcQC paragraph-element br-paragraph-space\">Wyobra\u017a sobie, \u017ce ozdobisz go czaruj\u0105cymi motywami, kt\u00f3re nie tylko urzekaj\u0105 wizualnie, ale tak\u017ce rezonuj\u0105 z niewinno\u015bci\u0105 niemowl\u0119ctwa. Delikatne nadruki le\u015bnych stworze\u0144, takich jak \u0142agodne jelenie lub ciekawskie wiewi\u00f3rki, mog\u0105 wnie\u015b\u0107 odrobin\u0119 uroku natury. A mo\u017ce posypka sennych konstelacji, z migocz\u0105cymi gwiazdami i u\u015bmiechni\u0119tym ksi\u0119\u017cycem, aby uko\u0142ysa\u0107 malucha do niebia\u0144skiego snu. Te wzory nie s\u0105 przypadkowe; zosta\u0142y starannie dobrane, aby stworzy\u0107 koj\u0105ce wra\u017cenia wizualne dla Twojego dziecka.<\/div>\n<p>&nbsp;<\/p>\n<div class=\"auto-hide-last-sibling-br paragraph-qzbcQC paragraph-element br-paragraph-space\">Stosuj\u0105c najnowocze\u015bniejsze, nietoksyczne techniki drukowania, zapewniamy, \u017ce ka\u017cdy projekt jest nie tylko uczt\u0105 dla oczu, ale tak\u017ce ca\u0142kowicie bezpieczny dla wra\u017cliwej sk\u00f3ry dziecka. Ten poziom personalizacji wykracza poza zwyk\u0142\u0105 estetyk\u0119; pozwala rodzicom wprowadzi\u0107 sw\u00f3j osobisty styl i wyj\u0105tkow\u0105 atmosfer\u0119 pokoju dzieci\u0119cego do tego niezb\u0119dnego elementu. Niezale\u017cnie od tego, czy d\u0105\u017cysz do nowoczesnego, minimalistycznego wygl\u0105du, czy kapry\u015bnego, inspirowanego bajkami motywu, ten rdze\u0144 poduszki mo\u017cna dostosowa\u0107 tak, aby by\u0142 wyr\u00f3\u017cniaj\u0105cym si\u0119, niestandardowym dodatkiem do \u015bwiata Twojego dziecka.<\/div>","protected":false},"excerpt":{"rendered":"<p>Ta okr\u0105g\u0142a poduszka z pianki memory, odpowiednia dla niemowl\u0105t w wieku od 0 do 6 miesi\u0119cy, oferuje du\u017cy potencja\u0142 w zakresie dostosowywania wzor\u00f3w i projektowania. G\u0142adka powierzchnia rdzenia poduszki stanowi idealne p\u0142\u00f3tno dla r\u00f3\u017cnych wzor\u00f3w. Mo\u017cna doda\u0107 delikatne, przyjazne dla dziecka motywy, takie jak urocze nadruki zwierz\u0105t, delikatne wzory kwiatowe lub kapry\u015bne elementy niebieskie, takie jak gwiazdy i ksi\u0119\u017cyce. Wzory te mog\u0105 by\u0107 nanoszone przy u\u017cyciu nietoksycznych, bezpiecznych dla dziecka technik drukowania, aby zapewni\u0107, \u017ce s\u0105 one bezpieczne dla delikatnej sk\u00f3ry dziecka. Niestandardowe wzory mog\u0105 nie tylko sprawi\u0107, \u017ce poduszka b\u0119dzie bardziej atrakcyjna wizualnie, ale tak\u017ce pozwoli\u0107 rodzicom na wyb\u00f3r wzor\u00f3w pasuj\u0105cych do ich wystroju pokoju dzieci\u0119cego lub osobistych preferencji, dodaj\u0105c wyj\u0105tkowy akcent do tego niezb\u0119dnego przedmiotu dla niemowl\u0105t.<\/p>","protected":false},"featured_media":3484,"comment_status":"open","ping_status":"closed","template":"","meta":{"_uag_custom_page_level_css":"","site-sidebar-layout":"default","site-content-layout":"","ast-site-content-layout":"default","site-content-style":"default","site-sidebar-style":"default","ast-global-header-display":"","ast-banner-title-visibility":"","ast-main-header-display":"","ast-hfb-above-header-display":"","ast-hfb-below-header-display":"","ast-hfb-mobile-header-display":"","site-post-title":"","ast-breadcrumbs-content":"","ast-featured-img":"","footer-sml-layout":"","ast-disable-related-posts":"","theme-transparent-header-meta":"default","adv-header-id-meta":"","stick-header-meta":"","header-above-stick-meta":"","header-main-stick-meta":"","header-below-stick-meta":"","astra-migrate-meta-layouts":"set","ast-page-background-enabled":"default","ast-page-background-meta":{"desktop":{"background-color":"","background-image":"","background-repeat":"repeat","background-position":"center center","background-size":"auto","background-attachment":"scroll","background-type":"","background-media":"","overlay-type":"","overlay-color":"","overlay-opacity":"","overlay-gradient":""},"tablet":{"background-color":"","background-image":"","background-repeat":"repeat","background-position":"center center","background-size":"auto","background-attachment":"scroll","background-type":"","background-media":"","overlay-type":"","overlay-color":"","overlay-opacity":"","overlay-gradient":""},"mobile":{"background-color":"","background-image":"","background-repeat":"repeat","background-position":"center center","background-size":"auto","background-attachment":"scroll","background-type":"","background-media":"","overlay-type":"","overlay-color":"","overlay-opacity":"","overlay-gradient":""}},"ast-content-background-meta":{"desktop":{"background-color":"var(--ast-global-color-5)","background-image":"","background-repeat":"repeat","background-position":"center center","background-size":"auto","background-attachment":"scroll","background-type":"","background-media":"","overlay-type":"","overlay-color":"","overlay-opacity":"","overlay-gradient":""},"tablet":{"background-color":"var(--ast-global-color-5)","background-image":"","background-repeat":"repeat","background-position":"center center","background-size":"auto","background-attachment":"scroll","background-type":"","background-media":"","overlay-type":"","overlay-color":"","overlay-opacity":"","overlay-gradient":""},"mobile":{"background-color":"var(--ast-global-color-5)","background-image":"","background-repeat":"repeat","background-position":"center center","background-size":"auto","background-attachment":"scroll","background-type":"","background-media":"","overlay-type":"","overlay-color":"","overlay-opacity":"","overlay-gradient":""}}},"product_brand":[],"product_cat":[65,32],"product_tag":[70,68,71,69],"class_list":{"0":"post-3474","1":"product","2":"type-product","3":"status-publish","4":"has-post-thumbnail","6":"product_cat-0-to-6months-oem","7":"product_cat-customize","8":"product_tag-babypillow","9":"product_tag-cuteanimalpillow","10":"product_tag-headshapesupport","11":"product_tag-kouniushapingpillow","12":"desktop-align-left","13":"tablet-align-left","14":"mobile-align-left","16":"first","17":"instock","18":"shipping-taxable","19":"product-type-simple"},"aioseo_notices":[],"uagb_featured_image_src":{"full":["https:\/\/babypillowwholesale.com\/wp-content\/uploads\/2025\/04\/0001.jpg",1000,1000,false],"thumbnail":["https:\/\/babypillowwholesale.com\/wp-content\/uploads\/2025\/04\/0001-150x150.jpg",150,150,true],"medium":["https:\/\/babypillowwholesale.com\/wp-content\/uploads\/2025\/04\/0001-300x300.jpg",300,300,true],"medium_large":["https:\/\/babypillowwholesale.com\/wp-content\/uploads\/2025\/04\/0001-768x768.jpg",768,768,true],"large":["https:\/\/babypillowwholesale.com\/wp-content\/uploads\/2025\/04\/0001.jpg",1000,1000,false],"1536x1536":["https:\/\/babypillowwholesale.com\/wp-content\/uploads\/2025\/04\/0001.jpg",1000,1000,false],"2048x2048":["https:\/\/babypillowwholesale.com\/wp-content\/uploads\/2025\/04\/0001.jpg",1000,1000,false],"trp-custom-language-flag":["https:\/\/babypillowwholesale.com\/wp-content\/uploads\/2025\/04\/0001.jpg",12,12,false],"woocommerce_thumbnail":["https:\/\/babypillowwholesale.com\/wp-content\/uploads\/2025\/04\/0001-300x300.jpg",300,300,true],"woocommerce_single":["https:\/\/babypillowwholesale.com\/wp-content\/uploads\/2025\/04\/0001-600x600.jpg",600,600,true],"woocommerce_gallery_thumbnail":["https:\/\/babypillowwholesale.com\/wp-content\/uploads\/2025\/04\/0001-100x100.jpg",100,100,true]},"uagb_author_info":{"display_name":"Etnen zhong","author_link":"https:\/\/babypillowwholesale.com\/pl\/author\/"},"uagb_comment_info":0,"uagb_excerpt":"This Memory Foam Pillow - Round Pillow Core, suitable for babies from 0 - 6 months, offers great potential for pattern customization and design. The smooth surface of the pillow core provides an ideal canvas for various designs. Gentle, baby - friendly motifs such as cute animal prints, soft floral patterns, or whimsical celestial elements&hellip;","jetpack_sharing_enabled":true,"_links":{"self":[{"href":"https:\/\/babypillowwholesale.com\/pl\/wp-json\/wp\/v2\/product\/3474","targetHints":{"allow":["GET"]}}],"collection":[{"href":"https:\/\/babypillowwholesale.com\/pl\/wp-json\/wp\/v2\/product"}],"about":[{"href":"https:\/\/babypillowwholesale.com\/pl\/wp-json\/wp\/v2\/types\/product"}],"replies":[{"embeddable":true,"href":"https:\/\/babypillowwholesale.com\/pl\/wp-json\/wp\/v2\/comments?post=3474"}],"wp:featuredmedia":[{"embeddable":true,"href":"https:\/\/babypillowwholesale.com\/pl\/wp-json\/wp\/v2\/media\/3484"}],"wp:attachment":[{"href":"https:\/\/babypillowwholesale.com\/pl\/wp-json\/wp\/v2\/media?parent=3474"}],"wp:term":[{"taxonomy":"product_brand","embeddable":true,"href":"https:\/\/babypillowwholesale.com\/pl\/wp-json\/wp\/v2\/product_brand?post=3474"},{"taxonomy":"product_cat","embeddable":true,"href":"https:\/\/babypillowwholesale.com\/pl\/wp-json\/wp\/v2\/product_cat?post=3474"},{"taxonomy":"product_tag","embeddable":true,"href":"https:\/\/babypillowwholesale.com\/pl\/wp-json\/wp\/v2\/product_tag?post=3474"}],"curies":[{"name":"wp","href":"https:\/\/api.w.org\/{rel}","templated":true}]}}