{"id":3451,"date":"2025-04-17T15:57:48","date_gmt":"2025-04-17T15:57:48","guid":{"rendered":"https:\/\/babypillowwholesale.com\/?post_type=product&#038;p=3451"},"modified":"2025-06-08T02:16:42","modified_gmt":"2025-06-08T02:16:42","slug":"foldable-travel-pillow","status":"publish","type":"product","link":"https:\/\/babypillowwholesale.com\/pl\/product\/foldable-travel-pillow\/","title":{"rendered":"Sk\u0142adana poduszka podr\u00f3\u017cna"},"content":{"rendered":"<div class=\"auto-hide-last-sibling-br paragraph-qzbcQC paragraph-element br-paragraph-space\" data-immersive-translate-walked=\"8e61f2e7-6af2-46e5-9672-3b9e4f4033d9\" data-immersive-translate-paragraph=\"1\">\n<div class=\"auto-hide-last-sibling-br paragraph-qzbcQC paragraph-element br-paragraph-space\">\n<div class=\"auto-hide-last-sibling-br paragraph-qzbcQC paragraph-element br-paragraph-space\">\n<div class=\"auto-hide-last-sibling-br paragraph-qzbcQC paragraph-element br-paragraph-space\">\n<div class=\"auto-hide-last-sibling-br paragraph-qzbcQC paragraph-element br-paragraph-space\">\n<div class=\"auto-hide-last-sibling-br paragraph-qzbcQC paragraph-element br-paragraph-space\">\n<div class=\"inter-wlTS5w\">\n<div class=\"container-QE4ayg\">\n<div class=\"item-jU10IN\">\n<div class=\"container-jODEnh chrome70-container\">\n<div class=\"inner-eE95c9 inner-item-aL3Ui_\" data-target-id=\"message-box-target-id\" data-testid=\"union_message\">\n<div class=\"message-block-container-liuetz\" data-testid=\"message-block-container\">\n<div class=\"message-box-ZWbBdF\" data-testid=\"receive_message\">\n<div class=\"message-box-content-wrapper-srHdUj\">\n<div class=\"message-content message-box-content-otxGGw receive-message-box-content-_lREFj samantha-message-box-content-Qjmpja\" data-testid=\"message_content\">\n<div class=\"container-hfX5E8 flow-markdown-body theme-samantha-yJEgBp\" dir=\"ltr\" data-testid=\"message_text_content\" data-show-indicator=\"false\">\n<div class=\"auto-hide-last-sibling-br paragraph-qzbcQC paragraph-element br-paragraph-space\">\n<div class=\"auto-hide-last-sibling-br paragraph-qzbcQC paragraph-element br-paragraph-space\">\n<div class=\"auto-hide-last-sibling-br paragraph-qzbcQC paragraph-element br-paragraph-space\">\n<div class=\"auto-hide-last-sibling-br paragraph-qzbcQC paragraph-element br-paragraph-space\">\n<div class=\"message-box-content-wrapper-srHdUj\">\n<div class=\"message-content message-box-content-otxGGw receive-message-box-content-_lREFj samantha-message-box-content-Qjmpja\" data-testid=\"message_content\">\n<div class=\"container-hfX5E8 flow-markdown-body theme-samantha-yJEgBp\" dir=\"ltr\" data-testid=\"message_text_content\" data-show-indicator=\"false\">\n<div class=\"auto-hide-last-sibling-br paragraph-qzbcQC paragraph-element br-paragraph-space\">\n<div class=\"auto-hide-last-sibling-br paragraph-qzbcQC paragraph-element br-paragraph-space\">Zapewnij sobie komfort w podr\u00f3\u017cy dzi\u0119ki naszej sk\u0142adanej poduszce podr\u00f3\u017cnej, niezb\u0119dnemu akcesorium skrupulatnie zaprojektowanemu dla doros\u0142ych. Mierz\u0105ca 26*<em>24*<\/em>7,5 cm, jej ergonomiczny kszta\u0142t litery U delikatnie otula szyj\u0119, oferuj\u0105c oaz\u0119 wsparcia podczas podr\u00f3\u017cy. Niezale\u017cnie od tego, czy wznosisz si\u0119 w przestworzach podczas d\u0142ugodystansowego lotu, podr\u00f3\u017cujesz poci\u0105giem przez kraj, czy po prostu czekasz na czas w t\u0119tni\u0105cej \u017cyciem poczekalni na lotnisku, ta poduszka jest Twoim zaufanym sprzymierze\u0144cem w walce ze zm\u0119czeniem szyi i dyskomfortem.<\/div>\n<p>&nbsp;<\/p>\n<div class=\"auto-hide-last-sibling-br paragraph-qzbcQC paragraph-element br-paragraph-space\">Wykonany z mieszanki mi\u0119kkich i wytrzyma\u0142ych materia\u0142\u00f3w, jest jak delikatny u\u015bcisk, obiecuj\u0105cy d\u0142ugotrwa\u0142y komfort. Ale to, co naprawd\u0119 go wyr\u00f3\u017cnia, to pomys\u0142owa sk\u0142adana konstrukcja. Sk\u0142adany bez wysi\u0142ku, z \u0142atwo\u015bci\u0105 wsuwa si\u0119 do torby lub baga\u017cu, zajmuj\u0105c minimaln\u0105 ilo\u015b\u0107 miejsca. Dzi\u0119ki temu jest idealnym towarzyszem podr\u00f3\u017cy dla tych, kt\u00f3rzy s\u0105 zawsze w ruchu, bez uszczerbku dla stylu. Pokryty eleganck\u0105, stonowan\u0105 szaro\u015bci\u0105, emanuje poczuciem wyrafinowania, zachowuj\u0105c jednocze\u015bnie swoj\u0105 praktyczn\u0105 przewag\u0119.<\/div>\n<p>&nbsp;<\/p>\n<div class=\"auto-hide-last-sibling-br paragraph-qzbcQC paragraph-element br-paragraph-space\">Entuzja\u015bci podr\u00f3\u017cy szybko j\u0105 pochwalili. \"Ta sk\u0142adana poduszka podr\u00f3\u017cna zmienia zasady gry! Kiedy\u015b ba\u0142em si\u0119 d\u0142ugich lot\u00f3w z powodu b\u00f3lu szyi, ale teraz nie mog\u0119 si\u0119 ich doczeka\u0107. Jest tak wygodna i \u0142atwa do spakowania\" - zachwyca\u0142 si\u0119 jeden z cz\u0119sto podr\u00f3\u017cuj\u0105cych pasa\u017cer\u00f3w. Inny podr\u00f3\u017cnik powiedzia\u0142: \"Zabra\u0142em go na wycieczki samochodowe i przeja\u017cd\u017cki poci\u0105giem. Jest kompaktowy, wygodny, a szary kolor nadaje mu elegancki wygl\u0105d. Sta\u0142 si\u0119 nieodzown\u0105 cz\u0119\u015bci\u0105 mojego ekwipunku podr\u00f3\u017cnego\".<\/div>\n<p>&nbsp;<\/p>\n<div class=\"auto-hide-last-sibling-br paragraph-qzbcQC paragraph-element br-paragraph-space\">W istocie, nasza sk\u0142adana poduszka podr\u00f3\u017cna to co\u015b wi\u0119cej ni\u017c tylko akcesorium; to bilet do komfortu, przekszta\u0142caj\u0105cy ka\u017cd\u0105 podr\u00f3\u017c w przyjemniejsze i bardziej relaksuj\u0105ce do\u015bwiadczenie.<\/div>\n<\/div>\n<\/div>\n<\/div>\n<\/div>\n<\/div>\n<\/div>\n<\/div>\n<\/div>\n<\/div>\n<\/div>\n<\/div>\n<\/div>\n<\/div>\n<\/div>\n<\/div>\n<\/div>\n<\/div>\n<\/div>\n<\/div>\n<\/div>\n<\/div>\n<\/div>\n<\/div>\n<\/div>","protected":false},"excerpt":{"rendered":"<p>Sk\u0142adana poduszka podr\u00f3\u017cna jest szyta na miar\u0119 dla doros\u0142ych. Ze specyfikacj\u0105 26*<em>24*<\/em>7,5 cm, jej kompaktowy i ergonomiczny kszta\u0142t litery U \u015bci\u015ble przylega do szyi, zapewniaj\u0105c doskona\u0142e wsparcie podczas podr\u00f3\u017cy. Niezale\u017cnie od tego, czy jeste\u015b w trakcie d\u0142ugodystansowego lotu, m\u0119cz\u0105cej podr\u00f3\u017cy poci\u0105giem, czy po prostu drzemki w poczekalni, ta poduszka pomaga zapobiega\u0107 zm\u0119czeniu szyi i dyskomfortowi. Jest wykonana z mi\u0119kkich i wytrzyma\u0142ych materia\u0142\u00f3w, zapewniaj\u0105c komfort w dotyku. Wyr\u00f3\u017cniaj\u0105c\u0105 si\u0119 cech\u0105 jest jej sk\u0142adana konstrukcja, kt\u00f3ra u\u0142atwia przechowywanie w torbie lub baga\u017cu, zajmuj\u0105c minimaln\u0105 ilo\u015b\u0107 miejsca. Dost\u0119pny w eleganckim szarym kolorze, \u0142\u0105czy w sobie praktyczno\u015b\u0107 z prostym, ale stylowym wygl\u0105dem, dzi\u0119ki czemu jest niezb\u0119dnym towarzyszem podr\u00f3\u017cy dla tych, kt\u00f3rzy s\u0105 w ruchu.<\/p>","protected":false},"featured_media":3452,"comment_status":"open","ping_status":"closed","template":"","meta":{"_uag_custom_page_level_css":"","site-sidebar-layout":"default","site-content-layout":"","ast-site-content-layout":"default","site-content-style":"default","site-sidebar-style":"default","ast-global-header-display":"","ast-banner-title-visibility":"","ast-main-header-display":"","ast-hfb-above-header-display":"","ast-hfb-below-header-display":"","ast-hfb-mobile-header-display":"","site-post-title":"","ast-breadcrumbs-content":"","ast-featured-img":"","footer-sml-layout":"","ast-disable-related-posts":"","theme-transparent-header-meta":"default","adv-header-id-meta":"","stick-header-meta":"","header-above-stick-meta":"","header-main-stick-meta":"","header-below-stick-meta":"","astra-migrate-meta-layouts":"set","ast-page-background-enabled":"default","ast-page-background-meta":{"desktop":{"background-color":"","background-image":"","background-repeat":"repeat","background-position":"center center","background-size":"auto","background-attachment":"scroll","background-type":"","background-media":"","overlay-type":"","overlay-color":"","overlay-opacity":"","overlay-gradient":""},"tablet":{"background-color":"","background-image":"","background-repeat":"repeat","background-position":"center center","background-size":"auto","background-attachment":"scroll","background-type":"","background-media":"","overlay-type":"","overlay-color":"","overlay-opacity":"","overlay-gradient":""},"mobile":{"background-color":"","background-image":"","background-repeat":"repeat","background-position":"center center","background-size":"auto","background-attachment":"scroll","background-type":"","background-media":"","overlay-type":"","overlay-color":"","overlay-opacity":"","overlay-gradient":""}},"ast-content-background-meta":{"desktop":{"background-color":"var(--ast-global-color-5)","background-image":"","background-repeat":"repeat","background-position":"center center","background-size":"auto","background-attachment":"scroll","background-type":"","background-media":"","overlay-type":"","overlay-color":"","overlay-opacity":"","overlay-gradient":""},"tablet":{"background-color":"var(--ast-global-color-5)","background-image":"","background-repeat":"repeat","background-position":"center center","background-size":"auto","background-attachment":"scroll","background-type":"","background-media":"","overlay-type":"","overlay-color":"","overlay-opacity":"","overlay-gradient":""},"mobile":{"background-color":"var(--ast-global-color-5)","background-image":"","background-repeat":"repeat","background-position":"center center","background-size":"auto","background-attachment":"scroll","background-type":"","background-media":"","overlay-type":"","overlay-color":"","overlay-opacity":"","overlay-gradient":""}}},"product_brand":[],"product_cat":[21],"product_tag":[70,68,71,69],"class_list":{"0":"post-3451","1":"product","2":"type-product","3":"status-publish","4":"has-post-thumbnail","6":"product_cat-others","7":"product_tag-babypillow","8":"product_tag-cuteanimalpillow","9":"product_tag-headshapesupport","10":"product_tag-kouniushapingpillow","11":"desktop-align-left","12":"tablet-align-left","13":"mobile-align-left","15":"first","16":"instock","17":"shipping-taxable","18":"product-type-simple"},"aioseo_notices":[],"uagb_featured_image_src":{"full":["https:\/\/babypillowwholesale.com\/wp-content\/uploads\/2025\/04\/1100.jpg",1000,1000,false],"thumbnail":["https:\/\/babypillowwholesale.com\/wp-content\/uploads\/2025\/04\/1100-150x150.jpg",150,150,true],"medium":["https:\/\/babypillowwholesale.com\/wp-content\/uploads\/2025\/04\/1100-300x300.jpg",300,300,true],"medium_large":["https:\/\/babypillowwholesale.com\/wp-content\/uploads\/2025\/04\/1100-768x768.jpg",768,768,true],"large":["https:\/\/babypillowwholesale.com\/wp-content\/uploads\/2025\/04\/1100.jpg",1000,1000,false],"1536x1536":["https:\/\/babypillowwholesale.com\/wp-content\/uploads\/2025\/04\/1100.jpg",1000,1000,false],"2048x2048":["https:\/\/babypillowwholesale.com\/wp-content\/uploads\/2025\/04\/1100.jpg",1000,1000,false],"trp-custom-language-flag":["https:\/\/babypillowwholesale.com\/wp-content\/uploads\/2025\/04\/1100.jpg",12,12,false],"woocommerce_thumbnail":["https:\/\/babypillowwholesale.com\/wp-content\/uploads\/2025\/04\/1100-300x300.jpg",300,300,true],"woocommerce_single":["https:\/\/babypillowwholesale.com\/wp-content\/uploads\/2025\/04\/1100-600x600.jpg",600,600,true],"woocommerce_gallery_thumbnail":["https:\/\/babypillowwholesale.com\/wp-content\/uploads\/2025\/04\/1100-100x100.jpg",100,100,true]},"uagb_author_info":{"display_name":"Etnen zhong","author_link":"https:\/\/babypillowwholesale.com\/pl\/author\/"},"uagb_comment_info":0,"uagb_excerpt":"The Foldable Travel Pillow is tailor - made for adults. With a specification of 26*24*7.5CM, its compact and ergonomic U - shape snugly fits around the neck, providing excellent support during travel. Whether you're on a long - distance flight, a tiring train journey, or simply taking a nap in a waiting lounge, this pillow&hellip;","jetpack_sharing_enabled":true,"_links":{"self":[{"href":"https:\/\/babypillowwholesale.com\/pl\/wp-json\/wp\/v2\/product\/3451","targetHints":{"allow":["GET"]}}],"collection":[{"href":"https:\/\/babypillowwholesale.com\/pl\/wp-json\/wp\/v2\/product"}],"about":[{"href":"https:\/\/babypillowwholesale.com\/pl\/wp-json\/wp\/v2\/types\/product"}],"replies":[{"embeddable":true,"href":"https:\/\/babypillowwholesale.com\/pl\/wp-json\/wp\/v2\/comments?post=3451"}],"wp:featuredmedia":[{"embeddable":true,"href":"https:\/\/babypillowwholesale.com\/pl\/wp-json\/wp\/v2\/media\/3452"}],"wp:attachment":[{"href":"https:\/\/babypillowwholesale.com\/pl\/wp-json\/wp\/v2\/media?parent=3451"}],"wp:term":[{"taxonomy":"product_brand","embeddable":true,"href":"https:\/\/babypillowwholesale.com\/pl\/wp-json\/wp\/v2\/product_brand?post=3451"},{"taxonomy":"product_cat","embeddable":true,"href":"https:\/\/babypillowwholesale.com\/pl\/wp-json\/wp\/v2\/product_cat?post=3451"},{"taxonomy":"product_tag","embeddable":true,"href":"https:\/\/babypillowwholesale.com\/pl\/wp-json\/wp\/v2\/product_tag?post=3451"}],"curies":[{"name":"wp","href":"https:\/\/api.w.org\/{rel}","templated":true}]}}