{"id":3448,"date":"2025-04-17T15:43:57","date_gmt":"2025-04-17T15:43:57","guid":{"rendered":"https:\/\/babypillowwholesale.com\/?post_type=product&#038;p=3448"},"modified":"2025-06-08T02:18:25","modified_gmt":"2025-06-08T02:18:25","slug":"hug-style-multi-purpose-nursing-pillow","status":"publish","type":"product","link":"https:\/\/babypillowwholesale.com\/pl\/product\/hug-style-multi-purpose-nursing-pillow\/","title":{"rendered":"Wielofunkcyjna poduszka do karmienia Hug - style"},"content":{"rendered":"<div class=\"auto-hide-last-sibling-br paragraph-qzbcQC paragraph-element br-paragraph-space\" data-immersive-translate-walked=\"8e61f2e7-6af2-46e5-9672-3b9e4f4033d9\" data-immersive-translate-paragraph=\"1\">\n<div class=\"auto-hide-last-sibling-br paragraph-qzbcQC paragraph-element br-paragraph-space\">\n<div class=\"auto-hide-last-sibling-br paragraph-qzbcQC paragraph-element br-paragraph-space\">\n<div class=\"auto-hide-last-sibling-br paragraph-qzbcQC paragraph-element br-paragraph-space\">\n<div class=\"auto-hide-last-sibling-br paragraph-qzbcQC paragraph-element br-paragraph-space\">\n<div class=\"auto-hide-last-sibling-br paragraph-qzbcQC paragraph-element br-paragraph-space\">\n<div class=\"inter-wlTS5w\">\n<div class=\"container-QE4ayg\">\n<div class=\"item-jU10IN\">\n<div class=\"container-jODEnh chrome70-container\">\n<div class=\"inner-eE95c9 inner-item-aL3Ui_\" data-target-id=\"message-box-target-id\" data-testid=\"union_message\">\n<div class=\"message-block-container-liuetz\" data-testid=\"message-block-container\">\n<div class=\"message-box-ZWbBdF\" data-testid=\"receive_message\">\n<div class=\"message-box-content-wrapper-srHdUj\">\n<div class=\"message-content message-box-content-otxGGw receive-message-box-content-_lREFj samantha-message-box-content-Qjmpja\" data-testid=\"message_content\">\n<div class=\"container-hfX5E8 flow-markdown-body theme-samantha-yJEgBp\" dir=\"ltr\" data-testid=\"message_text_content\" data-show-indicator=\"false\">\n<div class=\"auto-hide-last-sibling-br paragraph-qzbcQC paragraph-element br-paragraph-space\">\n<div class=\"auto-hide-last-sibling-br paragraph-qzbcQC paragraph-element br-paragraph-space\">\n<div class=\"auto-hide-last-sibling-br paragraph-qzbcQC paragraph-element br-paragraph-space\">\n<div class=\"auto-hide-last-sibling-br paragraph-qzbcQC paragraph-element br-paragraph-space\">\n<div class=\"message-box-content-wrapper-srHdUj\">\n<div class=\"message-content message-box-content-otxGGw receive-message-box-content-_lREFj samantha-message-box-content-Qjmpja\" data-testid=\"message_content\">\n<div class=\"container-hfX5E8 flow-markdown-body theme-samantha-yJEgBp\" dir=\"ltr\" data-testid=\"message_text_content\" data-show-indicator=\"false\">\n<div class=\"auto-hide-last-sibling-br paragraph-qzbcQC paragraph-element br-paragraph-space\">Przedstawiamy wielofunkcyjn\u0105 poduszk\u0119 do karmienia Hug - style, zaprojektowan\u0105 z my\u015bl\u0105 o matkach karmi\u0105cych. Jej ergonomicznie wyprofilowany kszta\u0142t litery U o wymiarach 46*<em>42*<\/em>13 cm, z wdzi\u0119kiem otacza cia\u0142o matki, tworz\u0105c ciep\u0142y, wspieraj\u0105cy u\u015bcisk. Ta przemy\u015blana konstrukcja zmienia zasady gry podczas karmienia, zapewniaj\u0105c dziecku stabilne i wygodne oparcie, jednocze\u015bnie odci\u0105\u017caj\u0105c ramiona i plecy matki. Powierzchnia poduszki, ozdobiona mi\u0119kkim, teksturowanym wyko\u0144czeniem, pie\u015bci delikatn\u0105 sk\u00f3r\u0119 dziecka, zapewniaj\u0105c delikatne i przyjemne doznania.<\/div>\n<p>&nbsp;<\/p>\n<div class=\"auto-hide-last-sibling-br paragraph-qzbcQC paragraph-element br-paragraph-space\">Dost\u0119pny w palecie pi\u0119knych kolor\u00f3w - delikatnego r\u00f3\u017cu, uspokajaj\u0105cego b\u0142\u0119kitu, neutralnej szaro\u015bci i weso\u0142ej \u017c\u00f3\u0142ci - p\u0142ynnie \u0142\u0105czy funkcjonalno\u015b\u0107 z odrobin\u0105 stylu, pasuj\u0105c do ka\u017cdego wystroju pokoju dzieci\u0119cego. Ale jego wszechstronno\u015b\u0107 nie ko\u0144czy si\u0119 na karmieniu. Przekszta\u0142ca si\u0119 w niezawodne wsparcie dla dziecka podczas zabawy, oferuj\u0105c bezpieczne i przytulne miejsce do eksploracji. Dla matek mo\u017ce s\u0142u\u017cy\u0107 jako pluszowe oparcie, idealne na chwile relaksu w przerwach mi\u0119dzy opiek\u0105 nad maluchami.<\/div>\n<p>&nbsp;<\/p>\n<div class=\"auto-hide-last-sibling-br paragraph-qzbcQC paragraph-element br-paragraph-space\">Matki nie szcz\u0119dzi\u0142y pochwa\u0142. \"Ta poduszka do karmienia to ratunek! Sprawia, \u017ce karmienie piersi\u0105 jest o wiele \u0142atwiejsze i wygodniejsze. Nie wiem, jak sobie bez niej radzi\u0142am\" - powiedzia\u0142a jedna z mam. Inna doda\u0142a: \"Uwielbiam to, \u017ce nie s\u0142u\u017cy tylko do karmienia. U\u017cywam go do podpierania dziecka podczas karmienia piersi\u0105 i jako oparcia, gdy czytam w \u0142\u00f3\u017cku. To taki por\u0119czny, wielofunkcyjny przedmiot\".<\/div>\n<p>&nbsp;<\/p>\n<div class=\"auto-hide-last-sibling-br paragraph-qzbcQC paragraph-element br-paragraph-space\">W istocie, wielofunkcyjna poduszka do karmienia Hug - style to co\u015b wi\u0119cej ni\u017c tylko poduszka; to zaufany towarzysz dla matek, wzmacniaj\u0105cy wi\u0119\u017a z ich dzie\u0107mi i zapewniaj\u0105cy komfort i wygod\u0119 w tych cennych wczesnych dniach i p\u00f3\u017aniej.<\/div>\n<\/div>\n<\/div>\n<\/div>\n<\/div>\n<\/div>\n<\/div>\n<\/div>\n<\/div>\n<\/div>\n<\/div>\n<\/div>\n<\/div>\n<\/div>\n<\/div>\n<\/div>\n<\/div>\n<\/div>\n<\/div>\n<\/div>\n<\/div>\n<\/div>\n<\/div>\n<\/div>","protected":false},"excerpt":{"rendered":"<p>Wielofunkcyjna poduszka do karmienia Hug to niezb\u0119dna pomoc dla matek karmi\u0105cych. Jej ergonomiczna konstrukcja w kszta\u0142cie litery U, o wymiarach 46*<em>42*<\/em>13 cm, wygodnie owija si\u0119 wok\u00f3\u0142 cia\u0142a matki, zapewniaj\u0105c dziecku stabilne wsparcie podczas karmienia. Pomaga to zmniejszy\u0107 obci\u0105\u017cenie ramion i plec\u00f3w matki, czyni\u0105c proces karmienia bardziej komfortowym i relaksuj\u0105cym. Powierzchnia ma mi\u0119kkie, teksturowane wyko\u0144czenie, kt\u00f3re jest delikatne dla sk\u00f3ry dziecka. Dost\u0119pny w wielu kolorach, w tym r\u00f3\u017cowym, niebieskim, szarym i \u017c\u00f3\u0142tym, \u0142\u0105czy w sobie funkcjonalno\u015b\u0107 z odrobin\u0105 stylu. Poza karmieniem, mo\u017ce by\u0107 r\u00f3wnie\u017c u\u017cywany do podtrzymywania dziecka podczas zabawy lub jako wygodne oparcie dla mamy, co czyni go prawdziwie wielofunkcyjnym dodatkiem do pokoju dzieci\u0119cego.<\/p>","protected":false},"featured_media":3449,"comment_status":"open","ping_status":"closed","template":"","meta":{"_uag_custom_page_level_css":"","site-sidebar-layout":"default","site-content-layout":"","ast-site-content-layout":"default","site-content-style":"default","site-sidebar-style":"default","ast-global-header-display":"","ast-banner-title-visibility":"","ast-main-header-display":"","ast-hfb-above-header-display":"","ast-hfb-below-header-display":"","ast-hfb-mobile-header-display":"","site-post-title":"","ast-breadcrumbs-content":"","ast-featured-img":"","footer-sml-layout":"","ast-disable-related-posts":"","theme-transparent-header-meta":"default","adv-header-id-meta":"","stick-header-meta":"","header-above-stick-meta":"","header-main-stick-meta":"","header-below-stick-meta":"","astra-migrate-meta-layouts":"set","ast-page-background-enabled":"default","ast-page-background-meta":{"desktop":{"background-color":"","background-image":"","background-repeat":"repeat","background-position":"center center","background-size":"auto","background-attachment":"scroll","background-type":"","background-media":"","overlay-type":"","overlay-color":"","overlay-opacity":"","overlay-gradient":""},"tablet":{"background-color":"","background-image":"","background-repeat":"repeat","background-position":"center center","background-size":"auto","background-attachment":"scroll","background-type":"","background-media":"","overlay-type":"","overlay-color":"","overlay-opacity":"","overlay-gradient":""},"mobile":{"background-color":"","background-image":"","background-repeat":"repeat","background-position":"center center","background-size":"auto","background-attachment":"scroll","background-type":"","background-media":"","overlay-type":"","overlay-color":"","overlay-opacity":"","overlay-gradient":""}},"ast-content-background-meta":{"desktop":{"background-color":"var(--ast-global-color-5)","background-image":"","background-repeat":"repeat","background-position":"center center","background-size":"auto","background-attachment":"scroll","background-type":"","background-media":"","overlay-type":"","overlay-color":"","overlay-opacity":"","overlay-gradient":""},"tablet":{"background-color":"var(--ast-global-color-5)","background-image":"","background-repeat":"repeat","background-position":"center center","background-size":"auto","background-attachment":"scroll","background-type":"","background-media":"","overlay-type":"","overlay-color":"","overlay-opacity":"","overlay-gradient":""},"mobile":{"background-color":"var(--ast-global-color-5)","background-image":"","background-repeat":"repeat","background-position":"center center","background-size":"auto","background-attachment":"scroll","background-type":"","background-media":"","overlay-type":"","overlay-color":"","overlay-opacity":"","overlay-gradient":""}}},"product_brand":[],"product_cat":[21],"product_tag":[70,68,71,69],"class_list":{"0":"post-3448","1":"product","2":"type-product","3":"status-publish","4":"has-post-thumbnail","6":"product_cat-others","7":"product_tag-babypillow","8":"product_tag-cuteanimalpillow","9":"product_tag-headshapesupport","10":"product_tag-kouniushapingpillow","11":"desktop-align-left","12":"tablet-align-left","13":"mobile-align-left","15":"first","16":"instock","17":"shipping-taxable","18":"product-type-simple"},"aioseo_notices":[],"uagb_featured_image_src":{"full":["https:\/\/babypillowwholesale.com\/wp-content\/uploads\/2025\/04\/1021.jpg",1000,1000,false],"thumbnail":["https:\/\/babypillowwholesale.com\/wp-content\/uploads\/2025\/04\/1021-150x150.jpg",150,150,true],"medium":["https:\/\/babypillowwholesale.com\/wp-content\/uploads\/2025\/04\/1021-300x300.jpg",300,300,true],"medium_large":["https:\/\/babypillowwholesale.com\/wp-content\/uploads\/2025\/04\/1021-768x768.jpg",768,768,true],"large":["https:\/\/babypillowwholesale.com\/wp-content\/uploads\/2025\/04\/1021.jpg",1000,1000,false],"1536x1536":["https:\/\/babypillowwholesale.com\/wp-content\/uploads\/2025\/04\/1021.jpg",1000,1000,false],"2048x2048":["https:\/\/babypillowwholesale.com\/wp-content\/uploads\/2025\/04\/1021.jpg",1000,1000,false],"trp-custom-language-flag":["https:\/\/babypillowwholesale.com\/wp-content\/uploads\/2025\/04\/1021.jpg",12,12,false],"woocommerce_thumbnail":["https:\/\/babypillowwholesale.com\/wp-content\/uploads\/2025\/04\/1021-300x300.jpg",300,300,true],"woocommerce_single":["https:\/\/babypillowwholesale.com\/wp-content\/uploads\/2025\/04\/1021-600x600.jpg",600,600,true],"woocommerce_gallery_thumbnail":["https:\/\/babypillowwholesale.com\/wp-content\/uploads\/2025\/04\/1021-100x100.jpg",100,100,true]},"uagb_author_info":{"display_name":"Etnen zhong","author_link":"https:\/\/babypillowwholesale.com\/pl\/author\/"},"uagb_comment_info":0,"uagb_excerpt":"The Hug - style Multi - purpose Nursing Pillow is an essential aid for nursing mothers. Its ergonomic U - shaped design, sized at 46*42*13CM, comfortably wraps around the mother's body, providing stable support for the baby during feeding. This helps reduce strain on the mother's arms and back, making the nursing process more comfortable&hellip;","jetpack_sharing_enabled":true,"_links":{"self":[{"href":"https:\/\/babypillowwholesale.com\/pl\/wp-json\/wp\/v2\/product\/3448","targetHints":{"allow":["GET"]}}],"collection":[{"href":"https:\/\/babypillowwholesale.com\/pl\/wp-json\/wp\/v2\/product"}],"about":[{"href":"https:\/\/babypillowwholesale.com\/pl\/wp-json\/wp\/v2\/types\/product"}],"replies":[{"embeddable":true,"href":"https:\/\/babypillowwholesale.com\/pl\/wp-json\/wp\/v2\/comments?post=3448"}],"wp:featuredmedia":[{"embeddable":true,"href":"https:\/\/babypillowwholesale.com\/pl\/wp-json\/wp\/v2\/media\/3449"}],"wp:attachment":[{"href":"https:\/\/babypillowwholesale.com\/pl\/wp-json\/wp\/v2\/media?parent=3448"}],"wp:term":[{"taxonomy":"product_brand","embeddable":true,"href":"https:\/\/babypillowwholesale.com\/pl\/wp-json\/wp\/v2\/product_brand?post=3448"},{"taxonomy":"product_cat","embeddable":true,"href":"https:\/\/babypillowwholesale.com\/pl\/wp-json\/wp\/v2\/product_cat?post=3448"},{"taxonomy":"product_tag","embeddable":true,"href":"https:\/\/babypillowwholesale.com\/pl\/wp-json\/wp\/v2\/product_tag?post=3448"}],"curies":[{"name":"wp","href":"https:\/\/api.w.org\/{rel}","templated":true}]}}