{"id":3415,"date":"2025-04-15T10:00:44","date_gmt":"2025-04-15T10:00:44","guid":{"rendered":"https:\/\/babypillowwholesale.com\/?post_type=product&#038;p=3415"},"modified":"2025-06-08T03:12:46","modified_gmt":"2025-06-08T03:12:46","slug":"dot-plush-childrens-pillow","status":"publish","type":"product","link":"https:\/\/babypillowwholesale.com\/pl\/product\/dot-plush-childrens-pillow\/","title":{"rendered":"Dot - pluszowa poduszka dla dzieci"},"content":{"rendered":"<div class=\"auto-hide-last-sibling-br paragraph-qzbcQC paragraph-element br-paragraph-space\" data-immersive-translate-walked=\"8e61f2e7-6af2-46e5-9672-3b9e4f4033d9\" data-immersive-translate-paragraph=\"1\">\n<div class=\"auto-hide-last-sibling-br paragraph-qzbcQC paragraph-element br-paragraph-space\">\n<div class=\"auto-hide-last-sibling-br paragraph-qzbcQC paragraph-element br-paragraph-space\">\n<div class=\"auto-hide-last-sibling-br paragraph-qzbcQC paragraph-element br-paragraph-space\">\n<div class=\"auto-hide-last-sibling-br paragraph-qzbcQC paragraph-element br-paragraph-space\">\n<div class=\"auto-hide-last-sibling-br paragraph-qzbcQC paragraph-element br-paragraph-space\">\n<div class=\"inter-wlTS5w\">\n<div class=\"container-QE4ayg\">\n<div class=\"item-jU10IN\">\n<div class=\"container-jODEnh chrome70-container\">\n<div class=\"inner-eE95c9 inner-item-aL3Ui_\" data-target-id=\"message-box-target-id\" data-testid=\"union_message\">\n<div class=\"message-block-container-liuetz\" data-testid=\"message-block-container\">\n<div class=\"message-box-ZWbBdF\" data-testid=\"receive_message\">\n<div class=\"message-box-content-wrapper-srHdUj\">\n<div class=\"message-content message-box-content-otxGGw receive-message-box-content-_lREFj samantha-message-box-content-Qjmpja\" data-testid=\"message_content\">\n<div class=\"container-hfX5E8 flow-markdown-body theme-samantha-yJEgBp\" dir=\"ltr\" data-testid=\"message_text_content\" data-show-indicator=\"false\">\n<div class=\"auto-hide-last-sibling-br paragraph-qzbcQC paragraph-element br-paragraph-space\">\n<div class=\"auto-hide-last-sibling-br paragraph-qzbcQC paragraph-element br-paragraph-space\">\n<div class=\"auto-hide-last-sibling-br paragraph-qzbcQC paragraph-element br-paragraph-space\">\n<div class=\"auto-hide-last-sibling-br paragraph-qzbcQC paragraph-element br-paragraph-space\">\n<div class=\"auto-hide-last-sibling-br paragraph-qzbcQC paragraph-element br-paragraph-space\">Rozpie\u015b\u0107 swoje dziecko luksusow\u0105 mi\u0119kko\u015bci\u0105 poduszki Dot - Plush Children's Pillow, starannie zaprojektowanej dla dzieci w wieku od 2 do 8 lat. Jej powierzchnia, ozdobiona szeregiem delikatnych, wypuk\u0142ych kropek, tworzy wyj\u0105tkowe wra\u017cenia dotykowe i pocieszaj\u0105ce - niczym mi\u0119kki u\u015bcisk dla g\u0142owy Twojego malucha. Wymiary 45*<em>28*<\/em>3\/5CM, oferuje optymalne wsparcie dla g\u0142owy i szyi, zapewniaj\u0105c zdrow\u0105 i spokojn\u0105 pozycj\u0119 podczas snu, niezale\u017cnie od tego, czy s\u0105 przytuleni w \u0142\u00f3\u017cku na noc, czy ciesz\u0105 si\u0119 przytuln\u0105 popo\u0142udniow\u0105 drzemk\u0105. Dost\u0119pny w uroczym r\u00f3\u017cowym lub uspokajaj\u0105cym niebieskim kolorze, bez trudu uzupe\u0142ni wystr\u00f3j ka\u017cdej sypialni.<\/div>\n<p>&nbsp;<\/p>\n<div class=\"auto-hide-last-sibling-br paragraph-qzbcQC paragraph-element br-paragraph-space\">Rodzice zachwycaj\u0105 si\u0119 jego atrakcyjno\u015bci\u0105: \"Moje dziecko uwielbia t\u0119 tekstur\u0119 - nazywa j\u0105 \"mi\u0119kk\u0105 chmurk\u0105\"! Sta\u0142 si\u0119 niezb\u0119dny przed snem\" - podzieli\u0142a si\u0119 zachwycona mama. Tata doda\u0142: \"Jest te\u017c trwa\u0142y - po niezliczonych praniach plusz pozostaje mi\u0119kki. Wart ka\u017cdego grosza!\"<\/div>\n<p>&nbsp;<\/p>\n<div class=\"auto-hide-last-sibling-br paragraph-qzbcQC paragraph-element br-paragraph-space\">Idealna do opowiadania bajek na dobranoc, leniwych weekendowych drzemek lub po prostu dodawania odrobiny komfortu do miejsca snu, ta poduszka przekszta\u0142ca zwyk\u0142e chwile w spokojne, przytulne do\u015bwiadczenia. To co\u015b wi\u0119cej ni\u017c tylko poduszka; to ukochany towarzysz ka\u017cdego snu wype\u0142nionego marzeniami.<\/div>\n<\/div>\n<\/div>\n<\/div>\n<\/div>\n<\/div>\n<\/div>\n<\/div>\n<\/div>\n<\/div>\n<\/div>\n<\/div>\n<\/div>\n<\/div>\n<\/div>\n<\/div>\n<\/div>\n<\/div>\n<\/div>\n<\/div>\n<\/div>","protected":false},"excerpt":{"rendered":"<p>Poduszka dzieci\u0119ca Dot - Plush to doskona\u0142y wyb\u00f3r dla dzieci w wieku od 2 do 8 lat. Jej powierzchnia pokryta jest mi\u0119kk\u0105 pluszow\u0105 faktur\u0105 w kropki, kt\u00f3ra nie tylko zapewnia wyj\u0105tkowe wra\u017cenia dotykowe, ale tak\u017ce dodaje odrobin\u0119 luksusu. Ze specyfikacj\u0105 45*<em>28*<\/em>3\/5CM, zapewnia wygodny rozmiar, kt\u00f3ry daje odpowiednie wsparcie dla g\u0142owy i szyi. Dost\u0119pna w dw\u00f3ch uroczych kolorach, r\u00f3\u017cowym i niebieskim, mo\u017ce pasowa\u0107 do r\u00f3\u017cnych wystroj\u00f3w sypialni. Wykonana z wysokiej jako\u015bci materia\u0142\u00f3w, poduszka ta zapewnia przytulny i spokojny sen, pomagaj\u0105c dzieciom zrelaksowa\u0107 si\u0119 i cieszy\u0107 si\u0119 dobrym nocnym odpoczynkiem. To idealne po\u0142\u0105czenie komfortu i stylu dla m\u0142odych \u015bpioch\u00f3w.<\/p>","protected":false},"featured_media":3416,"comment_status":"open","ping_status":"closed","template":"","meta":{"_uag_custom_page_level_css":"","site-sidebar-layout":"default","site-content-layout":"","ast-site-content-layout":"default","site-content-style":"default","site-sidebar-style":"default","ast-global-header-display":"","ast-banner-title-visibility":"","ast-main-header-display":"","ast-hfb-above-header-display":"","ast-hfb-below-header-display":"","ast-hfb-mobile-header-display":"","site-post-title":"","ast-breadcrumbs-content":"","ast-featured-img":"","footer-sml-layout":"","ast-disable-related-posts":"","theme-transparent-header-meta":"default","adv-header-id-meta":"","stick-header-meta":"","header-above-stick-meta":"","header-main-stick-meta":"","header-below-stick-meta":"","astra-migrate-meta-layouts":"set","ast-page-background-enabled":"default","ast-page-background-meta":{"desktop":{"background-color":"","background-image":"","background-repeat":"repeat","background-position":"center center","background-size":"auto","background-attachment":"scroll","background-type":"","background-media":"","overlay-type":"","overlay-color":"","overlay-opacity":"","overlay-gradient":""},"tablet":{"background-color":"","background-image":"","background-repeat":"repeat","background-position":"center center","background-size":"auto","background-attachment":"scroll","background-type":"","background-media":"","overlay-type":"","overlay-color":"","overlay-opacity":"","overlay-gradient":""},"mobile":{"background-color":"","background-image":"","background-repeat":"repeat","background-position":"center center","background-size":"auto","background-attachment":"scroll","background-type":"","background-media":"","overlay-type":"","overlay-color":"","overlay-opacity":"","overlay-gradient":""}},"ast-content-background-meta":{"desktop":{"background-color":"var(--ast-global-color-5)","background-image":"","background-repeat":"repeat","background-position":"center center","background-size":"auto","background-attachment":"scroll","background-type":"","background-media":"","overlay-type":"","overlay-color":"","overlay-opacity":"","overlay-gradient":""},"tablet":{"background-color":"var(--ast-global-color-5)","background-image":"","background-repeat":"repeat","background-position":"center center","background-size":"auto","background-attachment":"scroll","background-type":"","background-media":"","overlay-type":"","overlay-color":"","overlay-opacity":"","overlay-gradient":""},"mobile":{"background-color":"var(--ast-global-color-5)","background-image":"","background-repeat":"repeat","background-position":"center center","background-size":"auto","background-attachment":"scroll","background-type":"","background-media":"","overlay-type":"","overlay-color":"","overlay-opacity":"","overlay-gradient":""}}},"product_brand":[],"product_cat":[57,42],"product_tag":[70,68,71,69],"class_list":{"0":"post-3415","1":"product","2":"type-product","3":"status-publish","4":"has-post-thumbnail","6":"product_cat-2-to-8-years","7":"product_cat-merchandise","8":"product_tag-babypillow","9":"product_tag-cuteanimalpillow","10":"product_tag-headshapesupport","11":"product_tag-kouniushapingpillow","12":"desktop-align-left","13":"tablet-align-left","14":"mobile-align-left","16":"first","17":"instock","18":"shipping-taxable","19":"product-type-simple"},"aioseo_notices":[],"uagb_featured_image_src":{"full":["https:\/\/babypillowwholesale.com\/wp-content\/uploads\/2025\/04\/1703.jpg",1000,1000,false],"thumbnail":["https:\/\/babypillowwholesale.com\/wp-content\/uploads\/2025\/04\/1703-150x150.jpg",150,150,true],"medium":["https:\/\/babypillowwholesale.com\/wp-content\/uploads\/2025\/04\/1703-300x300.jpg",300,300,true],"medium_large":["https:\/\/babypillowwholesale.com\/wp-content\/uploads\/2025\/04\/1703-768x768.jpg",768,768,true],"large":["https:\/\/babypillowwholesale.com\/wp-content\/uploads\/2025\/04\/1703.jpg",1000,1000,false],"1536x1536":["https:\/\/babypillowwholesale.com\/wp-content\/uploads\/2025\/04\/1703.jpg",1000,1000,false],"2048x2048":["https:\/\/babypillowwholesale.com\/wp-content\/uploads\/2025\/04\/1703.jpg",1000,1000,false],"trp-custom-language-flag":["https:\/\/babypillowwholesale.com\/wp-content\/uploads\/2025\/04\/1703.jpg",12,12,false],"woocommerce_thumbnail":["https:\/\/babypillowwholesale.com\/wp-content\/uploads\/2025\/04\/1703-300x300.jpg",300,300,true],"woocommerce_single":["https:\/\/babypillowwholesale.com\/wp-content\/uploads\/2025\/04\/1703-600x600.jpg",600,600,true],"woocommerce_gallery_thumbnail":["https:\/\/babypillowwholesale.com\/wp-content\/uploads\/2025\/04\/1703-100x100.jpg",100,100,true]},"uagb_author_info":{"display_name":"Etnen zhong","author_link":"https:\/\/babypillowwholesale.com\/pl\/author\/"},"uagb_comment_info":0,"uagb_excerpt":"The Dot - Plush Children's Pillow is an excellent choice for children aged 2 - 8 years. Its surface is covered with a soft dot - plush texture, which not only offers a unique tactile experience but also adds a touch of luxury. With a specification of 45*28*3\/5CM, it provides a comfortable size that gives&hellip;","jetpack_sharing_enabled":true,"_links":{"self":[{"href":"https:\/\/babypillowwholesale.com\/pl\/wp-json\/wp\/v2\/product\/3415","targetHints":{"allow":["GET"]}}],"collection":[{"href":"https:\/\/babypillowwholesale.com\/pl\/wp-json\/wp\/v2\/product"}],"about":[{"href":"https:\/\/babypillowwholesale.com\/pl\/wp-json\/wp\/v2\/types\/product"}],"replies":[{"embeddable":true,"href":"https:\/\/babypillowwholesale.com\/pl\/wp-json\/wp\/v2\/comments?post=3415"}],"wp:featuredmedia":[{"embeddable":true,"href":"https:\/\/babypillowwholesale.com\/pl\/wp-json\/wp\/v2\/media\/3416"}],"wp:attachment":[{"href":"https:\/\/babypillowwholesale.com\/pl\/wp-json\/wp\/v2\/media?parent=3415"}],"wp:term":[{"taxonomy":"product_brand","embeddable":true,"href":"https:\/\/babypillowwholesale.com\/pl\/wp-json\/wp\/v2\/product_brand?post=3415"},{"taxonomy":"product_cat","embeddable":true,"href":"https:\/\/babypillowwholesale.com\/pl\/wp-json\/wp\/v2\/product_cat?post=3415"},{"taxonomy":"product_tag","embeddable":true,"href":"https:\/\/babypillowwholesale.com\/pl\/wp-json\/wp\/v2\/product_tag?post=3415"}],"curies":[{"name":"wp","href":"https:\/\/api.w.org\/{rel}","templated":true}]}}