{"id":3386,"date":"2025-04-11T08:03:37","date_gmt":"2025-04-11T08:03:37","guid":{"rendered":"https:\/\/babypillowwholesale.com\/?post_type=product&#038;p=3386"},"modified":"2025-06-08T08:05:40","modified_gmt":"2025-06-08T08:05:40","slug":"bear-ear-printed-shaping-pillow","status":"publish","type":"product","link":"https:\/\/babypillowwholesale.com\/pl\/product\/bear-ear-printed-shaping-pillow\/","title":{"rendered":"Poduszka kszta\u0142tuj\u0105ca z nadrukowanym uchem nied\u017awiedzia"},"content":{"rendered":"<div class=\"auto-hide-last-sibling-br paragraph-qzbcQC paragraph-element br-paragraph-space\" data-immersive-translate-walked=\"8e61f2e7-6af2-46e5-9672-3b9e4f4033d9\" data-immersive-translate-paragraph=\"1\">\n<div class=\"auto-hide-last-sibling-br paragraph-qzbcQC paragraph-element br-paragraph-space\">\n<div class=\"auto-hide-last-sibling-br paragraph-qzbcQC paragraph-element br-paragraph-space\">\n<div class=\"auto-hide-last-sibling-br paragraph-qzbcQC paragraph-element br-paragraph-space\">\n<div class=\"auto-hide-last-sibling-br paragraph-qzbcQC paragraph-element br-paragraph-space\">Przedstawiamy poduszk\u0119 kszta\u0142tuj\u0105c\u0105 z nadrukowanym uchem nied\u017awiedzia, zachwycaj\u0105cego i niezb\u0119dnego towarzysza snu dostosowanego do potrzeb niemowl\u0105t w wieku od 0 do 6 miesi\u0119cy. Ta poduszka to symfonia s\u0142odyczy i funkcjonalno\u015bci, szczyc\u0105ca si\u0119 ujmuj\u0105cym designem z uroczymi konturami przypominaj\u0105cymi uszy nied\u017awiedzia. Jej powierzchnia jest p\u0142\u00f3tnem rado\u015bci, ozdobionym zachwycaj\u0105c\u0105 gam\u0105 losowych nadruk\u00f3w przedstawiaj\u0105cych urocze motywy nied\u017awiedzi, kapry\u015bne balony i s\u0142odkie owoce, kt\u00f3re przyczyniaj\u0105 si\u0119 do atmosfery czystego uroku.<\/div>\n<p>&nbsp;<\/p>\n<div class=\"auto-hide-last-sibling-br paragraph-qzbcQC paragraph-element br-paragraph-space\">Wykonana z najwy\u017cszej jako\u015bci materia\u0142\u00f3w, zapewnia delikatne, ale wspieraj\u0105ce otulenie. Poduszka zosta\u0142a zaprojektowana tak, aby podtrzymywa\u0107 g\u0142\u00f3wk\u0119 dziecka, pomagaj\u0105c zachowa\u0107 zdrowy kszta\u0142t g\u0142\u00f3wki w tych kluczowych pierwszych miesi\u0105cach \u017cycia. Wymiary 28*<em>21*<\/em>1,5 cm, idealnie wpasowuje si\u0119 w \u0142\u00f3\u017ceczko dziecka, tworz\u0105c przytuln\u0105 i bezpieczn\u0105 przysta\u0144 dla malucha.<\/div>\n<p>&nbsp;<\/p>\n<div class=\"auto-hide-last-sibling-br paragraph-qzbcQC paragraph-element br-paragraph-space\">Wyobra\u017a sobie swoje cenne niemowl\u0119, le\u017c\u0105ce w \u0142\u00f3\u017ceczku, z g\u0142\u00f3wk\u0105 wygodnie u\u0142o\u017con\u0105 na tej poduszce. Podczas dziennych drzemek zapewnia mi\u0119kk\u0105 i zach\u0119caj\u0105c\u0105 powierzchni\u0119, a w nocy staje si\u0119 \u017ar\u00f3d\u0142em komfortu i bezpiecze\u0144stwa, pomagaj\u0105c dziecku zasn\u0105\u0107 w spokojnym \u015bnie. S\u0142u\u017cy r\u00f3wnie\u017c jako uroczy element dekoracyjny w pokoju dzieci\u0119cym, dodaj\u0105c odrobin\u0119 kaprysu do wystroju pokoju.<\/div>\n<p>&nbsp;<\/p>\n<div class=\"auto-hide-last-sibling-br paragraph-qzbcQC paragraph-element br-paragraph-space\">Rodzice s\u0105 zachwyceni tym produktem. \"Ta poduszka z nadrukiem ucha nied\u017awiedzia to pozycja obowi\u0105zkowa! Mojemu dziecku jest o wiele wygodniej, a urocze nadruki sprawiaj\u0105, \u017ce wyr\u00f3\u017cnia si\u0119 w pokoju dzieci\u0119cym. Uwielbiam to, \u017ce pomaga r\u00f3wnie\u017c w kszta\u0142towaniu g\u0142owy\" - zachwyca\u0142a si\u0119 nowa mama. Tata doda\u0142: \"Jeste\u015bmy naprawd\u0119 pod wra\u017ceniem jako\u015bci. Jest mi\u0119kki, wytrzyma\u0142y, a jego design jest po prostu uroczy. Sta\u0142 si\u0119 istotn\u0105 cz\u0119\u015bci\u0105 zestawu do spania naszego dziecka\".<\/div>\n<p>&nbsp;<\/p>\n<div class=\"auto-hide-last-sibling-br paragraph-qzbcQC paragraph-element br-paragraph-space\">Poduszka z nadrukiem ucha nied\u017awiedzia to harmonijne po\u0142\u0105czenie wygody, uroku i praktyczno\u015bci. To nie tylko element po\u015bcieli; to ceniona cz\u0119\u015b\u0107 wczesnego \u017cycia Twojego dziecka, wzbogacaj\u0105ca ka\u017cd\u0105 chwil\u0119 wype\u0142nion\u0105 snem swoim czu\u0142ym wsparciem i urocz\u0105 obecno\u015bci\u0105.<\/div>\n<\/div>\n<\/div>\n<\/div>\n<\/div>","protected":false},"excerpt":{"rendered":"<p>Poduszka z nadrukiem ucha nied\u017awiedzia to urocza i praktyczna pomoc w zasypianiu dla niemowl\u0105t w wieku od 0 do 6 miesi\u0119cy. Jej konstrukcja ma urocze kszta\u0142ty przypominaj\u0105ce uszy nied\u017awiedzia i jest ozdobiona zachwycaj\u0105cymi losowymi nadrukami z motywami uroczych nied\u017awiedzi i innymi s\u0142odkimi elementami. Wykonany z wysokiej jako\u015bci materia\u0142\u00f3w, zapewnia delikatne wsparcie, pomagaj\u0105c utrzyma\u0107 kszta\u0142t g\u0142\u00f3wki dziecka. Wymiary 28*<em>21*<\/em>1,5 cm, idealnie pasuje do \u0142\u00f3\u017ceczka dzieci\u0119cego. Ta poduszka nie tylko oferuje mi\u0119kkie i wygodne miejsce do odpoczynku dla dziecka, ale tak\u017ce dodaje odrobin\u0119 uroku do pokoju dzieci\u0119cego, tworz\u0105c przyjemne \u015brodowisko do snu dziecka.<\/p>","protected":false},"featured_media":3387,"comment_status":"open","ping_status":"closed","template":"","meta":{"_uag_custom_page_level_css":"","site-sidebar-layout":"default","site-content-layout":"","ast-site-content-layout":"default","site-content-style":"default","site-sidebar-style":"default","ast-global-header-display":"","ast-banner-title-visibility":"","ast-main-header-display":"","ast-hfb-above-header-display":"","ast-hfb-below-header-display":"","ast-hfb-mobile-header-display":"","site-post-title":"","ast-breadcrumbs-content":"","ast-featured-img":"","footer-sml-layout":"","ast-disable-related-posts":"","theme-transparent-header-meta":"default","adv-header-id-meta":"","stick-header-meta":"","header-above-stick-meta":"","header-main-stick-meta":"","header-below-stick-meta":"","astra-migrate-meta-layouts":"set","ast-page-background-enabled":"default","ast-page-background-meta":{"desktop":{"background-color":"","background-image":"","background-repeat":"repeat","background-position":"center center","background-size":"auto","background-attachment":"scroll","background-type":"","background-media":"","overlay-type":"","overlay-color":"","overlay-opacity":"","overlay-gradient":""},"tablet":{"background-color":"","background-image":"","background-repeat":"repeat","background-position":"center center","background-size":"auto","background-attachment":"scroll","background-type":"","background-media":"","overlay-type":"","overlay-color":"","overlay-opacity":"","overlay-gradient":""},"mobile":{"background-color":"","background-image":"","background-repeat":"repeat","background-position":"center center","background-size":"auto","background-attachment":"scroll","background-type":"","background-media":"","overlay-type":"","overlay-color":"","overlay-opacity":"","overlay-gradient":""}},"ast-content-background-meta":{"desktop":{"background-color":"var(--ast-global-color-5)","background-image":"","background-repeat":"repeat","background-position":"center center","background-size":"auto","background-attachment":"scroll","background-type":"","background-media":"","overlay-type":"","overlay-color":"","overlay-opacity":"","overlay-gradient":""},"tablet":{"background-color":"var(--ast-global-color-5)","background-image":"","background-repeat":"repeat","background-position":"center center","background-size":"auto","background-attachment":"scroll","background-type":"","background-media":"","overlay-type":"","overlay-color":"","overlay-opacity":"","overlay-gradient":""},"mobile":{"background-color":"var(--ast-global-color-5)","background-image":"","background-repeat":"repeat","background-position":"center center","background-size":"auto","background-attachment":"scroll","background-type":"","background-media":"","overlay-type":"","overlay-color":"","overlay-opacity":"","overlay-gradient":""}}},"product_brand":[],"product_cat":[54,42],"product_tag":[70,68,71,69],"class_list":{"0":"post-3386","1":"product","2":"type-product","3":"status-publish","4":"has-post-thumbnail","6":"product_cat-0-to-6months","7":"product_cat-merchandise","8":"product_tag-babypillow","9":"product_tag-cuteanimalpillow","10":"product_tag-headshapesupport","11":"product_tag-kouniushapingpillow","12":"desktop-align-left","13":"tablet-align-left","14":"mobile-align-left","16":"first","17":"instock","18":"shipping-taxable","19":"product-type-simple"},"aioseo_notices":[],"uagb_featured_image_src":{"full":["https:\/\/babypillowwholesale.com\/wp-content\/uploads\/2025\/04\/1010.jpg",1000,1000,false],"thumbnail":["https:\/\/babypillowwholesale.com\/wp-content\/uploads\/2025\/04\/1010-150x150.jpg",150,150,true],"medium":["https:\/\/babypillowwholesale.com\/wp-content\/uploads\/2025\/04\/1010-300x300.jpg",300,300,true],"medium_large":["https:\/\/babypillowwholesale.com\/wp-content\/uploads\/2025\/04\/1010-768x768.jpg",768,768,true],"large":["https:\/\/babypillowwholesale.com\/wp-content\/uploads\/2025\/04\/1010.jpg",1000,1000,false],"1536x1536":["https:\/\/babypillowwholesale.com\/wp-content\/uploads\/2025\/04\/1010.jpg",1000,1000,false],"2048x2048":["https:\/\/babypillowwholesale.com\/wp-content\/uploads\/2025\/04\/1010.jpg",1000,1000,false],"trp-custom-language-flag":["https:\/\/babypillowwholesale.com\/wp-content\/uploads\/2025\/04\/1010.jpg",12,12,false],"woocommerce_thumbnail":["https:\/\/babypillowwholesale.com\/wp-content\/uploads\/2025\/04\/1010-300x300.jpg",300,300,true],"woocommerce_single":["https:\/\/babypillowwholesale.com\/wp-content\/uploads\/2025\/04\/1010-600x600.jpg",600,600,true],"woocommerce_gallery_thumbnail":["https:\/\/babypillowwholesale.com\/wp-content\/uploads\/2025\/04\/1010-100x100.jpg",100,100,true]},"uagb_author_info":{"display_name":"Etnen zhong","author_link":"https:\/\/babypillowwholesale.com\/pl\/author\/"},"uagb_comment_info":0,"uagb_excerpt":"The Bear Ear Printed Shaping Pillow is a charming and practical sleep aid for infants aged 0 - 6 months. Its design features cute bear ear - like shapes and is adorned with delightful random prints of adorable bear motifs and other sweet elements. Made with quality materials, it provides gentle support to help maintain&hellip;","jetpack_sharing_enabled":true,"_links":{"self":[{"href":"https:\/\/babypillowwholesale.com\/pl\/wp-json\/wp\/v2\/product\/3386","targetHints":{"allow":["GET"]}}],"collection":[{"href":"https:\/\/babypillowwholesale.com\/pl\/wp-json\/wp\/v2\/product"}],"about":[{"href":"https:\/\/babypillowwholesale.com\/pl\/wp-json\/wp\/v2\/types\/product"}],"replies":[{"embeddable":true,"href":"https:\/\/babypillowwholesale.com\/pl\/wp-json\/wp\/v2\/comments?post=3386"}],"wp:featuredmedia":[{"embeddable":true,"href":"https:\/\/babypillowwholesale.com\/pl\/wp-json\/wp\/v2\/media\/3387"}],"wp:attachment":[{"href":"https:\/\/babypillowwholesale.com\/pl\/wp-json\/wp\/v2\/media?parent=3386"}],"wp:term":[{"taxonomy":"product_brand","embeddable":true,"href":"https:\/\/babypillowwholesale.com\/pl\/wp-json\/wp\/v2\/product_brand?post=3386"},{"taxonomy":"product_cat","embeddable":true,"href":"https:\/\/babypillowwholesale.com\/pl\/wp-json\/wp\/v2\/product_cat?post=3386"},{"taxonomy":"product_tag","embeddable":true,"href":"https:\/\/babypillowwholesale.com\/pl\/wp-json\/wp\/v2\/product_tag?post=3386"}],"curies":[{"name":"wp","href":"https:\/\/api.w.org\/{rel}","templated":true}]}}