{"id":3383,"date":"2025-04-11T07:55:31","date_gmt":"2025-04-11T07:55:31","guid":{"rendered":"https:\/\/babypillowwholesale.com\/?post_type=product&#038;p=3383"},"modified":"2025-06-08T08:07:13","modified_gmt":"2025-06-08T08:07:13","slug":"little-apple-memory-pillow","status":"publish","type":"product","link":"https:\/\/babypillowwholesale.com\/pl\/product\/little-apple-memory-pillow\/","title":{"rendered":"Poduszka z pami\u0119ci\u0105 Little Apple"},"content":{"rendered":"<div class=\"auto-hide-last-sibling-br paragraph-qzbcQC paragraph-element br-paragraph-space\" data-immersive-translate-walked=\"8e61f2e7-6af2-46e5-9672-3b9e4f4033d9\" data-immersive-translate-paragraph=\"1\">\n<div class=\"auto-hide-last-sibling-br paragraph-qzbcQC paragraph-element br-paragraph-space\">\n<div class=\"auto-hide-last-sibling-br paragraph-qzbcQC paragraph-element br-paragraph-space\">\n<div class=\"auto-hide-last-sibling-br paragraph-qzbcQC paragraph-element br-paragraph-space\">Przedstawiamy poduszk\u0119 Little Apple Memory Pillow, uroczego i niezast\u0105pionego towarzysza snu, stworzonego specjalnie dla niemowl\u0105t w wieku od 0 do 3 miesi\u0119cy. Ta poduszka, z uroczym kszta\u0142tem jab\u0142ka, natychmiast przyci\u0105ga wzrok, emanuj\u0105c poczuciem s\u0142odyczy i zabawy od samego pocz\u0105tku.<\/div>\n<p>&nbsp;<\/p>\n<div class=\"auto-hide-last-sibling-br paragraph-qzbcQC paragraph-element br-paragraph-space\">Wykonany z wysokiej jako\u015bci pianki z pami\u0119ci\u0105 kszta\u0142tu, jest wzorem komfortu. Delikatnie i p\u0142ynnie dopasowuje si\u0119 do unikalnych kontur\u00f3w g\u0142owy dziecka, zapewniaj\u0105c indywidualny poziom wsparcia, kt\u00f3ry jest zar\u00f3wno delikatny, jak i uspokajaj\u0105cy. Powierzchnia poduszki to p\u0142\u00f3tno pe\u0142ne uroku, ozdobione zachwycaj\u0105cymi losowymi nadrukami, kt\u00f3re dodaj\u0105 odrobin\u0119 kaprysu i ciep\u0142a. Ka\u017cdy nadruk jest jak ma\u0142a historia, przyczyniaj\u0105c si\u0119 do og\u00f3lnej urody poduszki.<\/div>\n<p>&nbsp;<\/p>\n<div class=\"auto-hide-last-sibling-br paragraph-qzbcQC paragraph-element br-paragraph-space\">Mierz\u0105cy 20*<em>22*<\/em>1,5 cm, idealnie wpasowuje si\u0119 w \u0142\u00f3\u017ceczko dziecka, tworz\u0105c przytuln\u0105 przysta\u0144 dla malucha. Wyobra\u017a sobie swoje cenne niemowl\u0119, le\u017c\u0105ce w \u0142\u00f3\u017ceczku, z g\u0142\u00f3wk\u0105 delikatnie wtulon\u0105 w t\u0119 ma\u0142\u0105 poduszk\u0119 w kszta\u0142cie jab\u0142ka. Staje si\u0119 mi\u0119kkim, bezpiecznym miejscem, w kt\u00f3rym mo\u017ce spokojnie zasn\u0105\u0107, otoczone delikatnym u\u015bciskiem pianki z pami\u0119ci\u0105 kszta\u0142tu i uroczym nadrukiem.<\/div>\n<p>&nbsp;<\/p>\n<div class=\"auto-hide-last-sibling-br paragraph-qzbcQC paragraph-element br-paragraph-space\">W pierwszych dniach \u017cycia, gdy dziecko sp\u0119dza wi\u0119kszo\u015b\u0107 czasu \u015bpi\u0105c, poduszka Little Apple Memory Pillow jest sta\u0142ym \u017ar\u00f3d\u0142em komfortu. Niezale\u017cnie od tego, czy jest to kr\u00f3tka drzemka w ci\u0105gu dnia, czy d\u0142u\u017cszy odcinek w nocy, ta poduszka zapewnia sp\u00f3jn\u0105 i koj\u0105c\u0105 powierzchni\u0119. Staje si\u0119 r\u00f3wnie\u017c centralnym punktem w pokoju dzieci\u0119cym, dodaj\u0105c odrobin\u0119 uroku do og\u00f3lnego wystroju.<\/div>\n<p>&nbsp;<\/p>\n<div class=\"auto-hide-last-sibling-br paragraph-qzbcQC paragraph-element br-paragraph-space\">Rodzice nie szcz\u0119dz\u0105 pochwa\u0142 tej wspania\u0142ej poduszce. \"Jestem zakochana w poduszce Little Apple Memory Pillow! Jest taka urocza, a mojemu noworodkowi wydaje si\u0119 o wiele wygodniejsza. Pianka z pami\u0119ci\u0105 kszta\u0142tu odmienia \u015bwiat\" - wykrzykn\u0119\u0142a pewna \u015bwie\u017co upieczona mama. Tata doda\u0142: \"Uwielbiamy to, jak dodaje uroku do pokoju dzieci\u0119cego. Dobrze si\u0119 trzyma i wydaje si\u0119, \u017ce naprawd\u0119 pomaga naszemu dziecku lepiej spa\u0107\".<\/div>\n<p>&nbsp;<\/p>\n<div class=\"auto-hide-last-sibling-br paragraph-qzbcQC paragraph-element br-paragraph-space\">Poduszka Little Apple Memory Pillow to harmonijne po\u0142\u0105czenie wygody, uroku i funkcjonalno\u015bci. To nie tylko element po\u015bcieli; to ceniona cz\u0119\u015b\u0107 wczesnego \u017cycia Twojego dziecka, wype\u0142niaj\u0105ca ka\u017cd\u0105 chwil\u0119 snu poczuciem spokoju i czu\u0142o\u015bci.<\/div>\n<\/div>\n<\/div>\n<\/div>","protected":false},"excerpt":{"rendered":"<p>Poduszka Little Apple Memory Pillow to s\u0142odki i praktyczny niezb\u0119dnik do spania przeznaczony dla niemowl\u0105t w wieku od 0 do 3 miesi\u0119cy. Kszta\u0142tem przypomina urocze jab\u0142uszko i od razu przyci\u0105ga wzrok swoim uroczym kszta\u0142tem. Wykonana z pianki z pami\u0119ci\u0105 kszta\u0142tu, mi\u0119kko dopasowuje si\u0119 do g\u0142\u00f3wki dziecka, zapewniaj\u0105c delikatne i spersonalizowane wsparcie. Powierzchnia jest ozdobiona uroczymi losowymi nadrukami, kt\u00f3re dodaj\u0105 uroku. Kompaktowy rozmiar 20*<em>22*<\/em>1,5 cm, idealnie pasuje do \u0142\u00f3\u017ceczka dzieci\u0119cego. Ta poduszka nie tylko pomaga utrzyma\u0107 kszta\u0142t g\u0142\u00f3wki dziecka, ale tak\u017ce oferuje przytulne i wygodne miejsce do odpoczynku, tworz\u0105c spokojne \u015brodowisko dla spokojnego snu dziecka.<\/p>","protected":false},"featured_media":3384,"comment_status":"open","ping_status":"closed","template":"","meta":{"_uag_custom_page_level_css":"","site-sidebar-layout":"default","site-content-layout":"","ast-site-content-layout":"default","site-content-style":"default","site-sidebar-style":"default","ast-global-header-display":"","ast-banner-title-visibility":"","ast-main-header-display":"","ast-hfb-above-header-display":"","ast-hfb-below-header-display":"","ast-hfb-mobile-header-display":"","site-post-title":"","ast-breadcrumbs-content":"","ast-featured-img":"","footer-sml-layout":"","ast-disable-related-posts":"","theme-transparent-header-meta":"default","adv-header-id-meta":"","stick-header-meta":"","header-above-stick-meta":"","header-main-stick-meta":"","header-below-stick-meta":"","astra-migrate-meta-layouts":"set","ast-page-background-enabled":"default","ast-page-background-meta":{"desktop":{"background-color":"","background-image":"","background-repeat":"repeat","background-position":"center center","background-size":"auto","background-attachment":"scroll","background-type":"","background-media":"","overlay-type":"","overlay-color":"","overlay-opacity":"","overlay-gradient":""},"tablet":{"background-color":"","background-image":"","background-repeat":"repeat","background-position":"center center","background-size":"auto","background-attachment":"scroll","background-type":"","background-media":"","overlay-type":"","overlay-color":"","overlay-opacity":"","overlay-gradient":""},"mobile":{"background-color":"","background-image":"","background-repeat":"repeat","background-position":"center center","background-size":"auto","background-attachment":"scroll","background-type":"","background-media":"","overlay-type":"","overlay-color":"","overlay-opacity":"","overlay-gradient":""}},"ast-content-background-meta":{"desktop":{"background-color":"var(--ast-global-color-5)","background-image":"","background-repeat":"repeat","background-position":"center center","background-size":"auto","background-attachment":"scroll","background-type":"","background-media":"","overlay-type":"","overlay-color":"","overlay-opacity":"","overlay-gradient":""},"tablet":{"background-color":"var(--ast-global-color-5)","background-image":"","background-repeat":"repeat","background-position":"center center","background-size":"auto","background-attachment":"scroll","background-type":"","background-media":"","overlay-type":"","overlay-color":"","overlay-opacity":"","overlay-gradient":""},"mobile":{"background-color":"var(--ast-global-color-5)","background-image":"","background-repeat":"repeat","background-position":"center center","background-size":"auto","background-attachment":"scroll","background-type":"","background-media":"","overlay-type":"","overlay-color":"","overlay-opacity":"","overlay-gradient":""}}},"product_brand":[],"product_cat":[54,42],"product_tag":[70,68,71,69],"class_list":{"0":"post-3383","1":"product","2":"type-product","3":"status-publish","4":"has-post-thumbnail","6":"product_cat-0-to-6months","7":"product_cat-merchandise","8":"product_tag-babypillow","9":"product_tag-cuteanimalpillow","10":"product_tag-headshapesupport","11":"product_tag-kouniushapingpillow","12":"desktop-align-left","13":"tablet-align-left","14":"mobile-align-left","16":"first","17":"instock","18":"shipping-taxable","19":"product-type-simple"},"aioseo_notices":[],"uagb_featured_image_src":{"full":["https:\/\/babypillowwholesale.com\/wp-content\/uploads\/2025\/04\/1003.jpg",1000,1000,false],"thumbnail":["https:\/\/babypillowwholesale.com\/wp-content\/uploads\/2025\/04\/1003-150x150.jpg",150,150,true],"medium":["https:\/\/babypillowwholesale.com\/wp-content\/uploads\/2025\/04\/1003-300x300.jpg",300,300,true],"medium_large":["https:\/\/babypillowwholesale.com\/wp-content\/uploads\/2025\/04\/1003-768x768.jpg",768,768,true],"large":["https:\/\/babypillowwholesale.com\/wp-content\/uploads\/2025\/04\/1003.jpg",1000,1000,false],"1536x1536":["https:\/\/babypillowwholesale.com\/wp-content\/uploads\/2025\/04\/1003.jpg",1000,1000,false],"2048x2048":["https:\/\/babypillowwholesale.com\/wp-content\/uploads\/2025\/04\/1003.jpg",1000,1000,false],"trp-custom-language-flag":["https:\/\/babypillowwholesale.com\/wp-content\/uploads\/2025\/04\/1003.jpg",12,12,false],"woocommerce_thumbnail":["https:\/\/babypillowwholesale.com\/wp-content\/uploads\/2025\/04\/1003-300x300.jpg",300,300,true],"woocommerce_single":["https:\/\/babypillowwholesale.com\/wp-content\/uploads\/2025\/04\/1003-600x600.jpg",600,600,true],"woocommerce_gallery_thumbnail":["https:\/\/babypillowwholesale.com\/wp-content\/uploads\/2025\/04\/1003-100x100.jpg",100,100,true]},"uagb_author_info":{"display_name":"Etnen zhong","author_link":"https:\/\/babypillowwholesale.com\/pl\/author\/"},"uagb_comment_info":0,"uagb_excerpt":"The Little Apple Memory Pillow is a sweet and practical sleep essential designed for infants aged 0 - 3 months. Shaped like a cute apple, it immediately catches the eye with its adorable form. Made of memory foam, it softly conforms to the baby's head, providing gentle and customized support. The surface is decorated with&hellip;","jetpack_sharing_enabled":true,"_links":{"self":[{"href":"https:\/\/babypillowwholesale.com\/pl\/wp-json\/wp\/v2\/product\/3383","targetHints":{"allow":["GET"]}}],"collection":[{"href":"https:\/\/babypillowwholesale.com\/pl\/wp-json\/wp\/v2\/product"}],"about":[{"href":"https:\/\/babypillowwholesale.com\/pl\/wp-json\/wp\/v2\/types\/product"}],"replies":[{"embeddable":true,"href":"https:\/\/babypillowwholesale.com\/pl\/wp-json\/wp\/v2\/comments?post=3383"}],"wp:featuredmedia":[{"embeddable":true,"href":"https:\/\/babypillowwholesale.com\/pl\/wp-json\/wp\/v2\/media\/3384"}],"wp:attachment":[{"href":"https:\/\/babypillowwholesale.com\/pl\/wp-json\/wp\/v2\/media?parent=3383"}],"wp:term":[{"taxonomy":"product_brand","embeddable":true,"href":"https:\/\/babypillowwholesale.com\/pl\/wp-json\/wp\/v2\/product_brand?post=3383"},{"taxonomy":"product_cat","embeddable":true,"href":"https:\/\/babypillowwholesale.com\/pl\/wp-json\/wp\/v2\/product_cat?post=3383"},{"taxonomy":"product_tag","embeddable":true,"href":"https:\/\/babypillowwholesale.com\/pl\/wp-json\/wp\/v2\/product_tag?post=3383"}],"curies":[{"name":"wp","href":"https:\/\/api.w.org\/{rel}","templated":true}]}}