{"id":3380,"date":"2025-04-11T07:23:24","date_gmt":"2025-04-11T07:23:24","guid":{"rendered":"https:\/\/babypillowwholesale.com\/?post_type=product&#038;p=3380"},"modified":"2025-06-08T08:11:45","modified_gmt":"2025-06-08T08:11:45","slug":"little-bear-memory-pillow","status":"publish","type":"product","link":"https:\/\/babypillowwholesale.com\/pl\/product\/little-bear-memory-pillow\/","title":{"rendered":"Poduszka z pami\u0119ci\u0105 Little Bear"},"content":{"rendered":"<div class=\"auto-hide-last-sibling-br paragraph-qzbcQC paragraph-element br-paragraph-space\" data-immersive-translate-walked=\"8e61f2e7-6af2-46e5-9672-3b9e4f4033d9\" data-immersive-translate-paragraph=\"1\">\n<div class=\"auto-hide-last-sibling-br paragraph-qzbcQC paragraph-element br-paragraph-space\">\n<div class=\"auto-hide-last-sibling-br paragraph-qzbcQC paragraph-element br-paragraph-space\">Przedstawiamy poduszk\u0119 Little Bear Memory Pillow, delikatnego i niezb\u0119dnego towarzysza snu, starannie opracowanego dla niemowl\u0105t w wieku od 0 do 6 miesi\u0119cy. Ta poduszka jest wzorem komfortu, wykonanym z wysokiej jako\u015bci pianki z pami\u0119ci\u0105 kszta\u0142tu, kt\u00f3ra z wdzi\u0119kiem dopasowuje si\u0119 do kontur\u00f3w g\u0142\u00f3wki dziecka. Zapewnia delikatny, ale wspieraj\u0105cy komfort, kt\u00f3ry jest kluczowy dla rozwijaj\u0105cego si\u0119 kszta\u0142tu g\u0142owy Twojego malucha.<\/div>\n<p>&nbsp;<\/p>\n<div class=\"auto-hide-last-sibling-br paragraph-qzbcQC paragraph-element br-paragraph-space\">Powierzchnia poduszki to p\u0142\u00f3tno pe\u0142ne uroku, ozdobione szeregiem zachwycaj\u0105cych losowych nadruk\u00f3w z motywami uroczych ma\u0142ych nied\u017awiadk\u00f3w. Ka\u017cdy mi\u015b, ze swoim ujmuj\u0105cym wyrazem twarzy i zabawnym zachowaniem, dodaje odrobin\u0119 kaprysu i ciep\u0142a, dzi\u0119ki czemu poduszka jest nie tylko funkcjonalnym przedmiotem, ale tak\u017ce \u017ar\u00f3d\u0142em wizualnej rado\u015bci.<\/div>\n<p>&nbsp;<\/p>\n<div class=\"auto-hide-last-sibling-br paragraph-qzbcQC paragraph-element br-paragraph-space\">Kompaktowe wymiary 25*<em>20*<\/em>1,5 cm, idealnie pasuje do dzieci\u0119cego \u0142\u00f3\u017ceczka lub ko\u0142yski. Wyobra\u017a sobie swoje cenne niemowl\u0119, wtulone w przytuln\u0105 przestrze\u0144 do spania, z malutk\u0105 g\u0142\u00f3wk\u0105 spoczywaj\u0105c\u0105 delikatnie na tej poduszce. Staje si\u0119 ona oaz\u0105 mi\u0119kko\u015bci, miejscem, w kt\u00f3rym mog\u0105 spokojnie zasn\u0105\u0107, otoczone pocieszaj\u0105c\u0105 obecno\u015bci\u0105 odcisk\u00f3w ma\u0142ych nied\u017awiadk\u00f3w.<\/div>\n<p>&nbsp;<\/p>\n<div class=\"auto-hide-last-sibling-br paragraph-qzbcQC paragraph-element br-paragraph-space\">W pierwszych dniach, gdy dziecko ucina sobie kr\u00f3tkie drzemki w ci\u0105gu dnia, poduszka Little Bear Memory Pillow zapewnia sp\u00f3jne i wygodne miejsce. Jest to r\u00f3wnie\u017c uspokajaj\u0105cy dodatek podczas nocnego snu, pomagaj\u0105cy dziecku czu\u0107 si\u0119 bezpiecznie i swobodnie.<\/div>\n<p>&nbsp;<\/p>\n<div class=\"auto-hide-last-sibling-br paragraph-qzbcQC paragraph-element br-paragraph-space\">Rodzice s\u0105 zachwyceni tym produktem. \"Poduszka Little Bear Memory Pillow odmieni\u0142a moje \u017cycie! Mojemu noworodkowi jest o wiele wygodniej i uwielbiam urocze nadruki misi\u00f3w. Daje mi to spok\u00f3j ducha, wiedz\u0105c, \u017ce pomaga r\u00f3wnie\u017c w kszta\u0142towaniu g\u0142owy\" - zachwyca\u0142a si\u0119 nowa mama. Tata doda\u0142: \"Jeste\u015bmy naprawd\u0119 pod wra\u017ceniem jako\u015bci. Dobrze si\u0119 trzyma i sta\u0142 si\u0119 istotn\u0105 cz\u0119\u015bci\u0105 zestawu do spania naszego dziecka\".<\/div>\n<p>&nbsp;<\/p>\n<div class=\"auto-hide-last-sibling-br paragraph-qzbcQC paragraph-element br-paragraph-space\">Poduszka Little Bear Memory Pillow to harmonijne po\u0142\u0105czenie wygody, uroku i funkcjonalno\u015bci. To nie tylko element po\u015bcieli; to ceniona cz\u0119\u015b\u0107 wczesnych dni Twojego dziecka, wype\u0142niaj\u0105ca ka\u017cd\u0105 chwil\u0119 snu poczuciem bezpiecze\u0144stwa i czu\u0142o\u015bci.<\/div>\n<\/div>\n<\/div>","protected":false},"excerpt":{"rendered":"<p>Poduszka Little Bear Memory Pillow to delikatne i funkcjonalne akcesorium do spania przeznaczone dla niemowl\u0105t w wieku od 0 do 6 miesi\u0119cy. Wykonana z pianki z pami\u0119ci\u0105 kszta\u0142tu, delikatnie dopasowuje si\u0119 do kszta\u0142tu g\u0142\u00f3wki dziecka, zapewniaj\u0105c indywidualne wsparcie. Jej powierzchnia jest ozdobiona uroczymi losowymi nadrukami z motywami ma\u0142ych misi\u00f3w, dodaj\u0105c element uroku. Kompaktowy rozmiar 25*<em>20*<\/em>1,5 cm, nadaje si\u0119 do \u0142\u00f3\u017ceczka dzieci\u0119cego lub ko\u0142yski. Ta poduszka nie tylko pomaga utrzyma\u0107 kszta\u0142t g\u0142owy dziecka, ale tak\u017ce oferuje mi\u0119kkie i wygodne miejsce do odpoczynku, tworz\u0105c przytulne \u015brodowisko do snu dziecka.<\/p>","protected":false},"featured_media":3381,"comment_status":"open","ping_status":"closed","template":"","meta":{"_uag_custom_page_level_css":"","site-sidebar-layout":"default","site-content-layout":"","ast-site-content-layout":"default","site-content-style":"default","site-sidebar-style":"default","ast-global-header-display":"","ast-banner-title-visibility":"","ast-main-header-display":"","ast-hfb-above-header-display":"","ast-hfb-below-header-display":"","ast-hfb-mobile-header-display":"","site-post-title":"","ast-breadcrumbs-content":"","ast-featured-img":"","footer-sml-layout":"","ast-disable-related-posts":"","theme-transparent-header-meta":"default","adv-header-id-meta":"","stick-header-meta":"","header-above-stick-meta":"","header-main-stick-meta":"","header-below-stick-meta":"","astra-migrate-meta-layouts":"set","ast-page-background-enabled":"default","ast-page-background-meta":{"desktop":{"background-color":"","background-image":"","background-repeat":"repeat","background-position":"center center","background-size":"auto","background-attachment":"scroll","background-type":"","background-media":"","overlay-type":"","overlay-color":"","overlay-opacity":"","overlay-gradient":""},"tablet":{"background-color":"","background-image":"","background-repeat":"repeat","background-position":"center center","background-size":"auto","background-attachment":"scroll","background-type":"","background-media":"","overlay-type":"","overlay-color":"","overlay-opacity":"","overlay-gradient":""},"mobile":{"background-color":"","background-image":"","background-repeat":"repeat","background-position":"center center","background-size":"auto","background-attachment":"scroll","background-type":"","background-media":"","overlay-type":"","overlay-color":"","overlay-opacity":"","overlay-gradient":""}},"ast-content-background-meta":{"desktop":{"background-color":"var(--ast-global-color-5)","background-image":"","background-repeat":"repeat","background-position":"center center","background-size":"auto","background-attachment":"scroll","background-type":"","background-media":"","overlay-type":"","overlay-color":"","overlay-opacity":"","overlay-gradient":""},"tablet":{"background-color":"var(--ast-global-color-5)","background-image":"","background-repeat":"repeat","background-position":"center center","background-size":"auto","background-attachment":"scroll","background-type":"","background-media":"","overlay-type":"","overlay-color":"","overlay-opacity":"","overlay-gradient":""},"mobile":{"background-color":"var(--ast-global-color-5)","background-image":"","background-repeat":"repeat","background-position":"center center","background-size":"auto","background-attachment":"scroll","background-type":"","background-media":"","overlay-type":"","overlay-color":"","overlay-opacity":"","overlay-gradient":""}}},"product_brand":[],"product_cat":[54,42],"product_tag":[70,68,71,69],"class_list":{"0":"post-3380","1":"product","2":"type-product","3":"status-publish","4":"has-post-thumbnail","6":"product_cat-0-to-6months","7":"product_cat-merchandise","8":"product_tag-babypillow","9":"product_tag-cuteanimalpillow","10":"product_tag-headshapesupport","11":"product_tag-kouniushapingpillow","12":"desktop-align-left","13":"tablet-align-left","14":"mobile-align-left","16":"first","17":"instock","18":"shipping-taxable","19":"product-type-simple"},"aioseo_notices":[],"uagb_featured_image_src":{"full":["https:\/\/babypillowwholesale.com\/wp-content\/uploads\/2025\/04\/1002.jpg",1000,1000,false],"thumbnail":["https:\/\/babypillowwholesale.com\/wp-content\/uploads\/2025\/04\/1002-150x150.jpg",150,150,true],"medium":["https:\/\/babypillowwholesale.com\/wp-content\/uploads\/2025\/04\/1002-300x300.jpg",300,300,true],"medium_large":["https:\/\/babypillowwholesale.com\/wp-content\/uploads\/2025\/04\/1002-768x768.jpg",768,768,true],"large":["https:\/\/babypillowwholesale.com\/wp-content\/uploads\/2025\/04\/1002.jpg",1000,1000,false],"1536x1536":["https:\/\/babypillowwholesale.com\/wp-content\/uploads\/2025\/04\/1002.jpg",1000,1000,false],"2048x2048":["https:\/\/babypillowwholesale.com\/wp-content\/uploads\/2025\/04\/1002.jpg",1000,1000,false],"trp-custom-language-flag":["https:\/\/babypillowwholesale.com\/wp-content\/uploads\/2025\/04\/1002.jpg",12,12,false],"woocommerce_thumbnail":["https:\/\/babypillowwholesale.com\/wp-content\/uploads\/2025\/04\/1002-300x300.jpg",300,300,true],"woocommerce_single":["https:\/\/babypillowwholesale.com\/wp-content\/uploads\/2025\/04\/1002-600x600.jpg",600,600,true],"woocommerce_gallery_thumbnail":["https:\/\/babypillowwholesale.com\/wp-content\/uploads\/2025\/04\/1002-100x100.jpg",100,100,true]},"uagb_author_info":{"display_name":"Etnen zhong","author_link":"https:\/\/babypillowwholesale.com\/pl\/author\/"},"uagb_comment_info":0,"uagb_excerpt":"The Little Bear Memory Pillow is a delicate and functional sleep accessory designed for infants aged 0 - 6 months. Made with memory foam, it gently conforms to the shape of the baby's head, providing customized support. Its surface is adorned with cute random prints of little bear motifs, adding an element of charm. With&hellip;","jetpack_sharing_enabled":true,"_links":{"self":[{"href":"https:\/\/babypillowwholesale.com\/pl\/wp-json\/wp\/v2\/product\/3380","targetHints":{"allow":["GET"]}}],"collection":[{"href":"https:\/\/babypillowwholesale.com\/pl\/wp-json\/wp\/v2\/product"}],"about":[{"href":"https:\/\/babypillowwholesale.com\/pl\/wp-json\/wp\/v2\/types\/product"}],"replies":[{"embeddable":true,"href":"https:\/\/babypillowwholesale.com\/pl\/wp-json\/wp\/v2\/comments?post=3380"}],"wp:featuredmedia":[{"embeddable":true,"href":"https:\/\/babypillowwholesale.com\/pl\/wp-json\/wp\/v2\/media\/3381"}],"wp:attachment":[{"href":"https:\/\/babypillowwholesale.com\/pl\/wp-json\/wp\/v2\/media?parent=3380"}],"wp:term":[{"taxonomy":"product_brand","embeddable":true,"href":"https:\/\/babypillowwholesale.com\/pl\/wp-json\/wp\/v2\/product_brand?post=3380"},{"taxonomy":"product_cat","embeddable":true,"href":"https:\/\/babypillowwholesale.com\/pl\/wp-json\/wp\/v2\/product_cat?post=3380"},{"taxonomy":"product_tag","embeddable":true,"href":"https:\/\/babypillowwholesale.com\/pl\/wp-json\/wp\/v2\/product_tag?post=3380"}],"curies":[{"name":"wp","href":"https:\/\/api.w.org\/{rel}","templated":true}]}}