{"id":3348,"date":"2025-04-05T16:22:16","date_gmt":"2025-04-05T16:22:16","guid":{"rendered":"https:\/\/babypillowwholesale.com\/?post_type=product&#038;p=3348"},"modified":"2025-06-08T11:42:13","modified_gmt":"2025-06-08T11:42:13","slug":"cute-tiger-and-fawn-infant-pillow","status":"publish","type":"product","link":"https:\/\/babypillowwholesale.com\/pl\/product\/cute-tiger-and-fawn-infant-pillow\/","title":{"rendered":"Urocza poduszka dla niemowl\u0105t z tygrysem i p\u0142owym wzorem"},"content":{"rendered":"<div class=\"auto-hide-last-sibling-br paragraph-qzbcQC paragraph-element br-paragraph-space\" data-immersive-translate-walked=\"8e61f2e7-6af2-46e5-9672-3b9e4f4033d9\" data-immersive-translate-paragraph=\"1\">\n<div class=\"auto-hide-last-sibling-br paragraph-qzbcQC paragraph-element br-paragraph-space\">\n<div class=\"auto-hide-last-sibling-br paragraph-qzbcQC paragraph-element br-paragraph-space\">\n<div class=\"auto-hide-last-sibling-br paragraph-qzbcQC paragraph-element br-paragraph-space\">\n<div class=\"auto-hide-last-sibling-br paragraph-qzbcQC paragraph-element br-paragraph-space\">\n<div class=\"auto-hide-last-sibling-br paragraph-qzbcQC paragraph-element br-paragraph-space\">\n<div class=\"auto-hide-last-sibling-br paragraph-qzbcQC paragraph-element br-paragraph-space\">\n<div class=\"auto-hide-last-sibling-br paragraph-qzbcQC paragraph-element br-paragraph-space\">\n<div class=\"auto-hide-last-sibling-br paragraph-qzbcQC paragraph-element br-paragraph-space\">\n<div class=\"auto-hide-last-sibling-br paragraph-qzbcQC paragraph-element br-paragraph-space\">\n<div class=\"auto-hide-last-sibling-br paragraph-qzbcQC paragraph-element br-paragraph-space\">\n<div class=\"auto-hide-last-sibling-br paragraph-qzbcQC paragraph-element br-paragraph-space\">\n<div class=\"auto-hide-last-sibling-br paragraph-qzbcQC paragraph-element br-paragraph-space\">\n<div class=\"auto-hide-last-sibling-br paragraph-qzbcQC paragraph-element br-paragraph-space\">\n<div class=\"auto-hide-last-sibling-br paragraph-qzbcQC paragraph-element br-paragraph-space\">\n<div class=\"auto-hide-last-sibling-br paragraph-qzbcQC paragraph-element br-paragraph-space\">Przedstawiamy poduszk\u0119 dla niemowl\u0105t Cute Tiger and Fawn, magicznego towarzysza snu przeznaczonego dla dzieci w wieku od 1 do 3 lat. Ta poduszka w mistrzowski spos\u00f3b \u0142\u0105czy urok uroczego tygrysa i wdzi\u0119k p\u0142owego, ukazuj\u0105c czaruj\u0105c\u0105 twarz z du\u017cymi, migocz\u0105cymi oczami, s\u0142odkim, zach\u0119caj\u0105cym u\u015bmiechem i charakterystycznym rogiem, kt\u00f3ry dodaje odrobin\u0119 kaprysu.<\/div>\n<p>&nbsp;<\/p>\n<div class=\"auto-hide-last-sibling-br paragraph-qzbcQC paragraph-element br-paragraph-space\">O wymiarach 40*<em>24*<\/em>3 cm, ma idealny rozmiar, aby zapewni\u0107 odpowiednie wsparcie dla g\u0142owy i szyi dziecka. Gdy dziecko wygodnie u\u0142o\u017cy si\u0119 na noc, poduszka delikatnie je otuli, promuj\u0105c wygodn\u0105 i zdrow\u0105 pozycj\u0119 podczas snu. Wykonana z wyj\u0105tkowo mi\u0119kkich materia\u0142\u00f3w, jest jak ciep\u0142y, delikatny u\u015bcisk, tworz\u0105c przytuln\u0105 przysta\u0144, kt\u00f3ra uko\u0142ysze malucha do spokojnego snu.<\/div>\n<p>&nbsp;<\/p>\n<div class=\"auto-hide-last-sibling-br paragraph-qzbcQC paragraph-element br-paragraph-space\">Dost\u0119pny w \u017cywych odcieniach r\u00f3\u017cu i \u017c\u00f3\u0142ci, bez wysi\u0142ku rozja\u015bni ka\u017cdy pok\u00f3j dzieci\u0119cy, dodaj\u0105c odrobin\u0119 koloru i uroku. Wyobra\u017a sobie spokojne wieczory, gdy Twoje dziecko przytula si\u0119 do poduszki dla niemowl\u0105t Cute Tiger and Fawn. Staje si\u0119 ona czym\u015b wi\u0119cej ni\u017c tylko poduszk\u0105; to portal do \u015bwiata wyobra\u017ani, w kt\u00f3rym dziecko mo\u017ce prze\u017cywa\u0107 przygody ze swoimi nowymi przyjaci\u00f3\u0142mi-zwierz\u0119tami. W ci\u0105gu dnia mo\u017ce przekszta\u0142ci\u0107 si\u0119 w ulubion\u0105 poduszk\u0119 do zabawy, mi\u0119kki rekwizyt do scenariuszy udawanej zabawy lub pocieszaj\u0105cego towarzysza w chwilach niepokoju.<\/div>\n<p>&nbsp;<\/p>\n<div class=\"auto-hide-last-sibling-br paragraph-qzbcQC paragraph-element br-paragraph-space\">Rodzice nie szcz\u0119dz\u0105 pochwa\u0142 tej uroczej poduszce. \"M\u00f3j dwulatek ma obsesj\u0119 na punkcie tej poduszki! Ma uroczy wz\u00f3r i jest niesamowicie mi\u0119kka. Dzi\u0119ki niej spanie sta\u0142o si\u0119 o wiele \u0142atwiejsze\" - podzieli\u0142a si\u0119 zachwycona mama. Tata doda\u0142: \"Uwielbiamy to, jak pobudza wyobra\u017ani\u0119 naszego dziecka. Jest te\u017c wytrzyma\u0142y, co jest \u015bwietne, bior\u0105c pod uwag\u0119, jak cz\u0119sto jest u\u017cywany. Wspania\u0142y zakup!\"<\/div>\n<p>&nbsp;<\/p>\n<div class=\"auto-hide-last-sibling-br paragraph-qzbcQC paragraph-element br-paragraph-space\">Poduszka dla niemowl\u0105t Cute Tiger and Fawn to harmonijne po\u0142\u0105czenie wygody, uroku i funkcjonalno\u015bci. To nie tylko element po\u015bcieli; to ceniona cz\u0119\u015b\u0107 codziennego \u017cycia Twojego dziecka, nadaj\u0105ca ka\u017cdej chwili odrobin\u0119 magii inspirowanej zwierz\u0119tami.<\/div>\n<\/div>\n<\/div>\n<\/div>\n<\/div>\n<\/div>\n<\/div>\n<\/div>\n<\/div>\n<\/div>\n<\/div>\n<\/div>\n<\/div>\n<\/div>\n<\/div>\n<\/div>","protected":false},"excerpt":{"rendered":"<div class=\"container-QE4ayg\">\n<div class=\"item-jU10IN\">\n<div class=\"container-jODEnh chrome70-container\">\n<div class=\"inner-eE95c9 inner-item-aL3Ui_\" data-target-id=\"message-box-target-id\" data-testid=\"union_message\">\n<div class=\"message-block-container-liuetz\" data-testid=\"message-block-container\">\n<div class=\"message-box-ZWbBdF\" data-testid=\"receive_message\">\n<div class=\"message-box-content-wrapper-srHdUj\">\n<div class=\"message-content message-box-content-otxGGw receive-message-box-content-_lREFj samantha-message-box-content-Qjmpja\" data-testid=\"message_content\">\n<div class=\"container-hfX5E8 flow-markdown-body theme-samantha-yJEgBp\" dir=\"ltr\" data-testid=\"message_text_content\" data-show-indicator=\"false\">\n<div class=\"auto-hide-last-sibling-br paragraph-qzbcQC paragraph-element br-paragraph-space\">\n<div class=\"container-QE4ayg\">\n<div class=\"item-jU10IN\">\n<div class=\"container-jODEnh chrome70-container\">\n<div class=\"inner-eE95c9 inner-item-aL3Ui_\" data-target-id=\"message-box-target-id\" data-testid=\"union_message\">\n<div class=\"message-block-container-liuetz\" data-testid=\"message-block-container\">\n<div class=\"message-box-ZWbBdF\" data-testid=\"receive_message\">\n<div class=\"message-box-content-wrapper-srHdUj\">\n<div class=\"message-content message-box-content-otxGGw receive-message-box-content-_lREFj samantha-message-box-content-Qjmpja\" data-testid=\"message_content\">\n<div class=\"container-hfX5E8 flow-markdown-body theme-samantha-yJEgBp\" dir=\"ltr\" data-testid=\"message_text_content\" data-show-indicator=\"false\">\n<div class=\"auto-hide-last-sibling-br paragraph-qzbcQC paragraph-element br-paragraph-space\">Poduszka dla niemowl\u0105t Cute Tiger and Fawn to urocze akcesorium do spania dla dzieci w wieku 1-3 lat. Jej design \u0142\u0105czy w sobie elementy uroczego tygrysa i jelonka, z ujmuj\u0105c\u0105 twarz\u0105 z jasnymi oczami, przyjaznym u\u015bmiechem i wyj\u0105tkowym rogiem. Wymiary 40*<em>24*<\/em>3 cm, zapewnia odpowiednie wsparcie dla g\u0142owy i szyi dziecka podczas snu. Wykonany z mi\u0119kkich materia\u0142\u00f3w, oferuje delikatny i przytulny dotyk. Dost\u0119pna w kolorze r\u00f3\u017cowym i \u017c\u00f3\u0142tym, mo\u017ce doda\u0107 odrobin\u0119 koloru do ka\u017cdego pokoju dzieci\u0119cego. Ta poduszka nie tylko pomaga zapewni\u0107 komfortowy sen maluchowi, ale tak\u017ce dodaje odrobin\u0119 fantazji i uroku do jego snu, dzi\u0119ki czemu jest wspania\u0142ym dodatkiem do jego niezb\u0119dnego snu.<\/div>\n<\/div>\n<\/div>\n<\/div>\n<\/div>\n<\/div>\n<\/div>\n<\/div>\n<\/div>\n<\/div>\n<\/div>\n<\/div>\n<\/div>\n<\/div>\n<\/div>\n<\/div>\n<\/div>\n<\/div>\n<\/div>\n<\/div>","protected":false},"featured_media":3349,"comment_status":"open","ping_status":"closed","template":"","meta":{"_uag_custom_page_level_css":"","site-sidebar-layout":"default","site-content-layout":"","ast-site-content-layout":"default","site-content-style":"default","site-sidebar-style":"default","ast-global-header-display":"","ast-banner-title-visibility":"","ast-main-header-display":"","ast-hfb-above-header-display":"","ast-hfb-below-header-display":"","ast-hfb-mobile-header-display":"","site-post-title":"","ast-breadcrumbs-content":"","ast-featured-img":"","footer-sml-layout":"","ast-disable-related-posts":"","theme-transparent-header-meta":"default","adv-header-id-meta":"","stick-header-meta":"","header-above-stick-meta":"","header-main-stick-meta":"","header-below-stick-meta":"","astra-migrate-meta-layouts":"set","ast-page-background-enabled":"default","ast-page-background-meta":{"desktop":{"background-color":"","background-image":"","background-repeat":"repeat","background-position":"center center","background-size":"auto","background-attachment":"scroll","background-type":"","background-media":"","overlay-type":"","overlay-color":"","overlay-opacity":"","overlay-gradient":""},"tablet":{"background-color":"","background-image":"","background-repeat":"repeat","background-position":"center center","background-size":"auto","background-attachment":"scroll","background-type":"","background-media":"","overlay-type":"","overlay-color":"","overlay-opacity":"","overlay-gradient":""},"mobile":{"background-color":"","background-image":"","background-repeat":"repeat","background-position":"center center","background-size":"auto","background-attachment":"scroll","background-type":"","background-media":"","overlay-type":"","overlay-color":"","overlay-opacity":"","overlay-gradient":""}},"ast-content-background-meta":{"desktop":{"background-color":"var(--ast-global-color-5)","background-image":"","background-repeat":"repeat","background-position":"center center","background-size":"auto","background-attachment":"scroll","background-type":"","background-media":"","overlay-type":"","overlay-color":"","overlay-opacity":"","overlay-gradient":""},"tablet":{"background-color":"var(--ast-global-color-5)","background-image":"","background-repeat":"repeat","background-position":"center center","background-size":"auto","background-attachment":"scroll","background-type":"","background-media":"","overlay-type":"","overlay-color":"","overlay-opacity":"","overlay-gradient":""},"mobile":{"background-color":"var(--ast-global-color-5)","background-image":"","background-repeat":"repeat","background-position":"center center","background-size":"auto","background-attachment":"scroll","background-type":"","background-media":"","overlay-type":"","overlay-color":"","overlay-opacity":"","overlay-gradient":""}}},"product_brand":[],"product_cat":[56,42],"product_tag":[70,68,71,69],"class_list":{"0":"post-3348","1":"product","2":"type-product","3":"status-publish","4":"has-post-thumbnail","6":"product_cat-1-to-3-years","7":"product_cat-merchandise","8":"product_tag-babypillow","9":"product_tag-cuteanimalpillow","10":"product_tag-headshapesupport","11":"product_tag-kouniushapingpillow","12":"desktop-align-left","13":"tablet-align-left","14":"mobile-align-left","16":"first","17":"instock","18":"shipping-taxable","19":"product-type-simple"},"aioseo_notices":[],"uagb_featured_image_src":{"full":["https:\/\/babypillowwholesale.com\/wp-content\/uploads\/2025\/04\/1165.jpg",1000,1000,false],"thumbnail":["https:\/\/babypillowwholesale.com\/wp-content\/uploads\/2025\/04\/1165-150x150.jpg",150,150,true],"medium":["https:\/\/babypillowwholesale.com\/wp-content\/uploads\/2025\/04\/1165-300x300.jpg",300,300,true],"medium_large":["https:\/\/babypillowwholesale.com\/wp-content\/uploads\/2025\/04\/1165-768x768.jpg",768,768,true],"large":["https:\/\/babypillowwholesale.com\/wp-content\/uploads\/2025\/04\/1165.jpg",1000,1000,false],"1536x1536":["https:\/\/babypillowwholesale.com\/wp-content\/uploads\/2025\/04\/1165.jpg",1000,1000,false],"2048x2048":["https:\/\/babypillowwholesale.com\/wp-content\/uploads\/2025\/04\/1165.jpg",1000,1000,false],"trp-custom-language-flag":["https:\/\/babypillowwholesale.com\/wp-content\/uploads\/2025\/04\/1165.jpg",12,12,false],"woocommerce_thumbnail":["https:\/\/babypillowwholesale.com\/wp-content\/uploads\/2025\/04\/1165-300x300.jpg",300,300,true],"woocommerce_single":["https:\/\/babypillowwholesale.com\/wp-content\/uploads\/2025\/04\/1165-600x600.jpg",600,600,true],"woocommerce_gallery_thumbnail":["https:\/\/babypillowwholesale.com\/wp-content\/uploads\/2025\/04\/1165-100x100.jpg",100,100,true]},"uagb_author_info":{"display_name":"Etnen zhong","author_link":"https:\/\/babypillowwholesale.com\/pl\/author\/"},"uagb_comment_info":0,"uagb_excerpt":"The Cute Tiger and Fawn Infant Pillow is a delightful sleep accessory for children aged 1 - 3 years. Its design combines elements of a cute tiger and a fawn, featuring an endearing face with bright eyes, a friendly smile, and a unique horn. Measuring 40*24*3CM, it provides suitable support for a child's head and&hellip;","jetpack_sharing_enabled":true,"_links":{"self":[{"href":"https:\/\/babypillowwholesale.com\/pl\/wp-json\/wp\/v2\/product\/3348","targetHints":{"allow":["GET"]}}],"collection":[{"href":"https:\/\/babypillowwholesale.com\/pl\/wp-json\/wp\/v2\/product"}],"about":[{"href":"https:\/\/babypillowwholesale.com\/pl\/wp-json\/wp\/v2\/types\/product"}],"replies":[{"embeddable":true,"href":"https:\/\/babypillowwholesale.com\/pl\/wp-json\/wp\/v2\/comments?post=3348"}],"wp:featuredmedia":[{"embeddable":true,"href":"https:\/\/babypillowwholesale.com\/pl\/wp-json\/wp\/v2\/media\/3349"}],"wp:attachment":[{"href":"https:\/\/babypillowwholesale.com\/pl\/wp-json\/wp\/v2\/media?parent=3348"}],"wp:term":[{"taxonomy":"product_brand","embeddable":true,"href":"https:\/\/babypillowwholesale.com\/pl\/wp-json\/wp\/v2\/product_brand?post=3348"},{"taxonomy":"product_cat","embeddable":true,"href":"https:\/\/babypillowwholesale.com\/pl\/wp-json\/wp\/v2\/product_cat?post=3348"},{"taxonomy":"product_tag","embeddable":true,"href":"https:\/\/babypillowwholesale.com\/pl\/wp-json\/wp\/v2\/product_tag?post=3348"}],"curies":[{"name":"wp","href":"https:\/\/api.w.org\/{rel}","templated":true}]}}