{"id":3339,"date":"2025-04-05T02:54:17","date_gmt":"2025-04-05T02:54:17","guid":{"rendered":"https:\/\/babypillowwholesale.com\/?post_type=product&#038;p=3339"},"modified":"2025-06-08T11:49:36","modified_gmt":"2025-06-08T11:49:36","slug":"long-eared-rabbit-infant-pillow","status":"publish","type":"product","link":"https:\/\/babypillowwholesale.com\/pl\/product\/long-eared-rabbit-infant-pillow\/","title":{"rendered":"Poduszka dla niemowl\u0105t z d\u0142ugimi uszami kr\u00f3lika"},"content":{"rendered":"<div class=\"auto-hide-last-sibling-br paragraph-qzbcQC paragraph-element br-paragraph-space\" data-immersive-translate-walked=\"8e61f2e7-6af2-46e5-9672-3b9e4f4033d9\" data-immersive-translate-paragraph=\"1\">\n<div class=\"auto-hide-last-sibling-br paragraph-qzbcQC paragraph-element br-paragraph-space\">\n<div class=\"auto-hide-last-sibling-br paragraph-qzbcQC paragraph-element br-paragraph-space\">\n<div class=\"auto-hide-last-sibling-br paragraph-qzbcQC paragraph-element br-paragraph-space\">\n<div class=\"auto-hide-last-sibling-br paragraph-qzbcQC paragraph-element br-paragraph-space\">\n<div class=\"auto-hide-last-sibling-br paragraph-qzbcQC paragraph-element br-paragraph-space\">\n<div class=\"auto-hide-last-sibling-br paragraph-qzbcQC paragraph-element br-paragraph-space\">\n<div class=\"auto-hide-last-sibling-br paragraph-qzbcQC paragraph-element br-paragraph-space\">\n<div class=\"auto-hide-last-sibling-br paragraph-qzbcQC paragraph-element br-paragraph-space\">\n<div class=\"auto-hide-last-sibling-br paragraph-qzbcQC paragraph-element br-paragraph-space\">\n<div class=\"auto-hide-last-sibling-br paragraph-qzbcQC paragraph-element br-paragraph-space\">\n<div class=\"auto-hide-last-sibling-br paragraph-qzbcQC paragraph-element br-paragraph-space\">\n<div class=\"auto-hide-last-sibling-br paragraph-qzbcQC paragraph-element br-paragraph-space\">Przedstawiamy poduszk\u0119 dla niemowl\u0105t z d\u0142ugimi uszami kr\u00f3lika, uroczego i niezb\u0119dnego towarzysza snu dla dzieci w wieku 1-3 lat. Ta poduszka czerpie inspiracj\u0119 z uroczego kr\u00f3lika z d\u0142ugimi uszami, kt\u00f3rego cechy s\u0105 zar\u00f3wno urocze, jak i urzekaj\u0105ce. Jego d\u0142ugie, wyprostowane uszy wydaj\u0105 si\u0119 by\u0107 zawsze czujne, a jasne, wyraziste oczy i s\u0142odko zarumienione policzki nadaj\u0105 mu nieodparcie uroczy i zach\u0119caj\u0105cy wygl\u0105d.<\/div>\n<p>&nbsp;<\/p>\n<div class=\"auto-hide-last-sibling-br paragraph-qzbcQC paragraph-element br-paragraph-space\">Pomiar 40*<em>24*<\/em>3CM, jest starannie zaprojektowana, aby zapewni\u0107 odpowiedni\u0105 ilo\u015b\u0107 wsparcia dla g\u0142owy i szyi dziecka. Gdy maluch k\u0142adzie si\u0119 do snu, poduszka delikatnie go otula, promuj\u0105c wygodn\u0105 i zdrow\u0105 pozycj\u0119 podczas snu, kt\u00f3ra pomaga zapewni\u0107 spokojn\u0105 noc. Wykonana z pluszowych, przyjaznych dla sk\u00f3ry materia\u0142\u00f3w, oferuje aksamitnie mi\u0119kki dotyk, niczym delikatny u\u015bcisk, tworz\u0105c przytuln\u0105 przysta\u0144, kt\u00f3ra ukoi dziecko do spokojnego snu.<\/div>\n<p>&nbsp;<\/p>\n<div class=\"auto-hide-last-sibling-br paragraph-qzbcQC paragraph-element br-paragraph-space\">Dost\u0119pna w delikatnych, koj\u0105cych odcieniach r\u00f3\u017cu i b\u0142\u0119kitu, bez trudu uzupe\u0142ni ka\u017cdy wystr\u00f3j pokoju dzieci\u0119cego, dodaj\u0105c odrobin\u0119 koloru i uroku. Wyobra\u017a sobie spokojne wieczory, gdy Twoje dziecko przytula si\u0119 do poduszki dla niemowl\u0105t z d\u0142ugimi uszami kr\u00f3lika. Staje si\u0119 ona czym\u015b wi\u0119cej ni\u017c tylko poduszk\u0105; jest \u017ar\u00f3d\u0142em komfortu i bezpiecze\u0144stwa. W ci\u0105gu dnia mo\u017ce przekszta\u0142ci\u0107 si\u0119 w ulubion\u0105 poduszk\u0119 do zabawy, mi\u0119kki rekwizyt do wymy\u015blnych przyg\u00f3d lub pocieszaj\u0105cego przyjaciela w chwilach zm\u0119czenia lub niepokoju.<\/div>\n<p>&nbsp;<\/p>\n<div class=\"auto-hide-last-sibling-br paragraph-qzbcQC paragraph-element br-paragraph-space\">Rodzice s\u0105 pe\u0142ni uznania dla tej uroczej poduszki. \"M\u00f3j maluch absolutnie uwielbia poduszk\u0119 z d\u0142ugimi uszami kr\u00f3lika. Sta\u0142a si\u0119 ich podstaw\u0105 przed snem. Mi\u0119kko\u015b\u0107 jest niesamowita, a uroczy design sprawia, \u017ce jest tak wyj\u0105tkowa\" - podzieli\u0142a si\u0119 zachwycona mama. Tata doda\u0142: \"Uwielbiamy to, \u017ce nie jest to tylko poduszka, ale tak\u017ce cz\u0119\u015b\u0107 zabawy naszego dziecka. Jest r\u00f3wnie\u017c trwa\u0142a, co jest \u015bwietne, bior\u0105c pod uwag\u0119, jak cz\u0119sto jest u\u017cywana. Wspania\u0142y dodatek do naszego domu\".<\/div>\n<p>&nbsp;<\/p>\n<div class=\"auto-hide-last-sibling-br paragraph-qzbcQC paragraph-element br-paragraph-space\">Poduszka dla niemowl\u0105t z d\u0142ugimi uszami kr\u00f3lika to harmonijne po\u0142\u0105czenie wygody, uroku i funkcjonalno\u015bci. To nie tylko element po\u015bcieli; to ceniona cz\u0119\u015b\u0107 codziennego \u017cycia Twojego dziecka, nadaj\u0105ca ka\u017cdej chwili odrobin\u0119 kr\u00f3liczej magii.<\/div>\n<\/div>\n<\/div>\n<\/div>\n<\/div>\n<\/div>\n<\/div>\n<\/div>\n<\/div>\n<\/div>\n<\/div>\n<\/div>\n<\/div>","protected":false},"excerpt":{"rendered":"<div class=\"container-QE4ayg\">\n<div class=\"item-jU10IN\">\n<div class=\"container-jODEnh chrome70-container\">\n<div class=\"inner-eE95c9 inner-item-aL3Ui_\" data-target-id=\"message-box-target-id\" data-testid=\"union_message\">\n<div class=\"message-block-container-liuetz\" data-testid=\"message-block-container\">\n<div class=\"message-box-ZWbBdF\" data-testid=\"receive_message\">\n<div class=\"message-box-content-wrapper-srHdUj\">\n<div class=\"message-content message-box-content-otxGGw receive-message-box-content-_lREFj samantha-message-box-content-Qjmpja\" data-testid=\"message_content\">\n<div class=\"container-hfX5E8 flow-markdown-body theme-samantha-yJEgBp\" dir=\"ltr\" data-testid=\"message_text_content\" data-show-indicator=\"false\">\n<div class=\"auto-hide-last-sibling-br paragraph-qzbcQC paragraph-element br-paragraph-space\">Poduszka dla niemowl\u0105t Kr\u00f3lik z d\u0142ugimi uszami to urocze akcesorium do spania przeznaczone dla dzieci w wieku 1-3 lat. Jej design jest inspirowany uroczym kr\u00f3likiem z d\u0142ugimi uszami, z d\u0142ugimi, wyprostowanymi uszami, jasnymi oczami i rumianymi policzkami, co nadaje jej nieodparcie uroczy wygl\u0105d. Wymiary 40*<em>24*<\/em>3 cm, zapewnia odpowiednie wsparcie dla g\u0142owy i szyi dziecka, pomagaj\u0105c utrzyma\u0107 wygodn\u0105 pozycj\u0119 podczas snu. Wykonany z mi\u0119kkich i przyjaznych dla sk\u00f3ry materia\u0142\u00f3w, oferuje delikatny i przytulny dotyk. Dost\u0119pna w kolorze r\u00f3\u017cowym i niebieskim, dobrze komponuje si\u0119 z r\u00f3\u017cnymi wystrojami pokoju dzieci\u0119cego. Ta poduszka nie tylko zapewnia spokojny sen maluchowi, ale tak\u017ce dodaje odrobin\u0119 kaprysu i ciep\u0142a do jego snu, dzi\u0119ki czemu jest uroczym dodatkiem do przedmiot\u00f3w zwi\u0105zanych ze snem.<\/div>\n<\/div>\n<\/div>\n<\/div>\n<\/div>\n<\/div>\n<\/div>\n<\/div>\n<\/div>\n<\/div>","protected":false},"featured_media":3340,"comment_status":"open","ping_status":"closed","template":"","meta":{"_uag_custom_page_level_css":"","site-sidebar-layout":"default","site-content-layout":"","ast-site-content-layout":"default","site-content-style":"default","site-sidebar-style":"default","ast-global-header-display":"","ast-banner-title-visibility":"","ast-main-header-display":"","ast-hfb-above-header-display":"","ast-hfb-below-header-display":"","ast-hfb-mobile-header-display":"","site-post-title":"","ast-breadcrumbs-content":"","ast-featured-img":"","footer-sml-layout":"","ast-disable-related-posts":"","theme-transparent-header-meta":"default","adv-header-id-meta":"","stick-header-meta":"","header-above-stick-meta":"","header-main-stick-meta":"","header-below-stick-meta":"","astra-migrate-meta-layouts":"set","ast-page-background-enabled":"default","ast-page-background-meta":{"desktop":{"background-color":"","background-image":"","background-repeat":"repeat","background-position":"center center","background-size":"auto","background-attachment":"scroll","background-type":"","background-media":"","overlay-type":"","overlay-color":"","overlay-opacity":"","overlay-gradient":""},"tablet":{"background-color":"","background-image":"","background-repeat":"repeat","background-position":"center center","background-size":"auto","background-attachment":"scroll","background-type":"","background-media":"","overlay-type":"","overlay-color":"","overlay-opacity":"","overlay-gradient":""},"mobile":{"background-color":"","background-image":"","background-repeat":"repeat","background-position":"center center","background-size":"auto","background-attachment":"scroll","background-type":"","background-media":"","overlay-type":"","overlay-color":"","overlay-opacity":"","overlay-gradient":""}},"ast-content-background-meta":{"desktop":{"background-color":"var(--ast-global-color-5)","background-image":"","background-repeat":"repeat","background-position":"center center","background-size":"auto","background-attachment":"scroll","background-type":"","background-media":"","overlay-type":"","overlay-color":"","overlay-opacity":"","overlay-gradient":""},"tablet":{"background-color":"var(--ast-global-color-5)","background-image":"","background-repeat":"repeat","background-position":"center center","background-size":"auto","background-attachment":"scroll","background-type":"","background-media":"","overlay-type":"","overlay-color":"","overlay-opacity":"","overlay-gradient":""},"mobile":{"background-color":"var(--ast-global-color-5)","background-image":"","background-repeat":"repeat","background-position":"center center","background-size":"auto","background-attachment":"scroll","background-type":"","background-media":"","overlay-type":"","overlay-color":"","overlay-opacity":"","overlay-gradient":""}}},"product_brand":[],"product_cat":[56,42],"product_tag":[70,68,71,69],"class_list":{"0":"post-3339","1":"product","2":"type-product","3":"status-publish","4":"has-post-thumbnail","6":"product_cat-1-to-3-years","7":"product_cat-merchandise","8":"product_tag-babypillow","9":"product_tag-cuteanimalpillow","10":"product_tag-headshapesupport","11":"product_tag-kouniushapingpillow","12":"desktop-align-left","13":"tablet-align-left","14":"mobile-align-left","16":"first","17":"instock","18":"shipping-taxable","19":"product-type-simple"},"aioseo_notices":[],"uagb_featured_image_src":{"full":["https:\/\/babypillowwholesale.com\/wp-content\/uploads\/2025\/04\/1098.jpg",1000,1000,false],"thumbnail":["https:\/\/babypillowwholesale.com\/wp-content\/uploads\/2025\/04\/1098-150x150.jpg",150,150,true],"medium":["https:\/\/babypillowwholesale.com\/wp-content\/uploads\/2025\/04\/1098-300x300.jpg",300,300,true],"medium_large":["https:\/\/babypillowwholesale.com\/wp-content\/uploads\/2025\/04\/1098-768x768.jpg",768,768,true],"large":["https:\/\/babypillowwholesale.com\/wp-content\/uploads\/2025\/04\/1098.jpg",1000,1000,false],"1536x1536":["https:\/\/babypillowwholesale.com\/wp-content\/uploads\/2025\/04\/1098.jpg",1000,1000,false],"2048x2048":["https:\/\/babypillowwholesale.com\/wp-content\/uploads\/2025\/04\/1098.jpg",1000,1000,false],"trp-custom-language-flag":["https:\/\/babypillowwholesale.com\/wp-content\/uploads\/2025\/04\/1098.jpg",12,12,false],"woocommerce_thumbnail":["https:\/\/babypillowwholesale.com\/wp-content\/uploads\/2025\/04\/1098-300x300.jpg",300,300,true],"woocommerce_single":["https:\/\/babypillowwholesale.com\/wp-content\/uploads\/2025\/04\/1098-600x600.jpg",600,600,true],"woocommerce_gallery_thumbnail":["https:\/\/babypillowwholesale.com\/wp-content\/uploads\/2025\/04\/1098-100x100.jpg",100,100,true]},"uagb_author_info":{"display_name":"Etnen zhong","author_link":"https:\/\/babypillowwholesale.com\/pl\/author\/"},"uagb_comment_info":0,"uagb_excerpt":"The Long - Eared Rabbit Infant Pillow is a charming sleep accessory tailored for children aged 1 - 3 years. Its design is inspired by a cute long - eared rabbit, featuring long, upright ears, bright eyes, and blushing cheeks, which gives it an irresistibly adorable look. Measuring 40*24*3CM, it provides adequate support for a&hellip;","jetpack_sharing_enabled":true,"_links":{"self":[{"href":"https:\/\/babypillowwholesale.com\/pl\/wp-json\/wp\/v2\/product\/3339","targetHints":{"allow":["GET"]}}],"collection":[{"href":"https:\/\/babypillowwholesale.com\/pl\/wp-json\/wp\/v2\/product"}],"about":[{"href":"https:\/\/babypillowwholesale.com\/pl\/wp-json\/wp\/v2\/types\/product"}],"replies":[{"embeddable":true,"href":"https:\/\/babypillowwholesale.com\/pl\/wp-json\/wp\/v2\/comments?post=3339"}],"wp:featuredmedia":[{"embeddable":true,"href":"https:\/\/babypillowwholesale.com\/pl\/wp-json\/wp\/v2\/media\/3340"}],"wp:attachment":[{"href":"https:\/\/babypillowwholesale.com\/pl\/wp-json\/wp\/v2\/media?parent=3339"}],"wp:term":[{"taxonomy":"product_brand","embeddable":true,"href":"https:\/\/babypillowwholesale.com\/pl\/wp-json\/wp\/v2\/product_brand?post=3339"},{"taxonomy":"product_cat","embeddable":true,"href":"https:\/\/babypillowwholesale.com\/pl\/wp-json\/wp\/v2\/product_cat?post=3339"},{"taxonomy":"product_tag","embeddable":true,"href":"https:\/\/babypillowwholesale.com\/pl\/wp-json\/wp\/v2\/product_tag?post=3339"}],"curies":[{"name":"wp","href":"https:\/\/api.w.org\/{rel}","templated":true}]}}