{"id":3326,"date":"2025-04-03T15:31:54","date_gmt":"2025-04-03T15:31:54","guid":{"rendered":"https:\/\/babypillowwholesale.com\/?post_type=product&#038;p=3326"},"modified":"2025-06-08T15:08:21","modified_gmt":"2025-06-08T15:08:21","slug":"childlike-infant-pillow","status":"publish","type":"product","link":"https:\/\/babypillowwholesale.com\/pl\/product\/childlike-infant-pillow\/","title":{"rendered":"Dzieci\u0119ca poduszka dla niemowl\u0105t"},"content":{"rendered":"<div class=\"auto-hide-last-sibling-br paragraph-qzbcQC paragraph-element br-paragraph-space\" data-immersive-translate-walked=\"8e61f2e7-6af2-46e5-9672-3b9e4f4033d9\" data-immersive-translate-paragraph=\"1\">\n<div class=\"auto-hide-last-sibling-br paragraph-qzbcQC paragraph-element br-paragraph-space\">\n<div class=\"auto-hide-last-sibling-br paragraph-qzbcQC paragraph-element br-paragraph-space\">\n<div class=\"auto-hide-last-sibling-br paragraph-qzbcQC paragraph-element br-paragraph-space\">\n<div class=\"auto-hide-last-sibling-br paragraph-qzbcQC paragraph-element br-paragraph-space\">\n<div class=\"auto-hide-last-sibling-br paragraph-qzbcQC paragraph-element br-paragraph-space\">\n<div class=\"auto-hide-last-sibling-br paragraph-qzbcQC paragraph-element br-paragraph-space\">\n<div class=\"auto-hide-last-sibling-br paragraph-qzbcQC paragraph-element br-paragraph-space\">\n<div class=\"auto-hide-last-sibling-br paragraph-qzbcQC paragraph-element br-paragraph-space\">Przedstawiamy poduszk\u0119 dla niemowl\u0105t Childlike, magicznego towarzysza snu zaprojektowanego dla dzieci w wieku 1-3 lat. Jej urzekaj\u0105cy design czerpie inspiracj\u0119 z uroczego, fantastycznego zwierz\u0119cia, szczyc\u0105cego si\u0119 kapry\u015bnym cia\u0142em, uroczymi uszami i \u0142agodnym wyrazem, kt\u00f3ry natychmiast przywo\u0142uje \u015bwiat niewinno\u015bci i zachwytu.<\/div>\n<p>&nbsp;<\/p>\n<div class=\"auto-hide-last-sibling-br paragraph-qzbcQC paragraph-element br-paragraph-space\">Pomiar 43*<em>26*<\/em>3CM, poduszka ta oferuje odpowiedni\u0105 ilo\u015b\u0107 wsparcia dla g\u0142owy i szyi malucha, zapewniaj\u0105c spokojny sen noc po nocy. Wykonana z wyj\u0105tkowo mi\u0119kkich materia\u0142\u00f3w, zapewnia luksusowy, przytulny dotyk, do kt\u00f3rego dziecko pokocha si\u0119 przytula\u0107. Dost\u0119pny w uroczych r\u00f3\u017cowych i niebieskich odcieniach, zaspokaja indywidualne preferencje, dodaj\u0105c odrobin\u0119 koloru do ka\u017cdego pokoju dzieci\u0119cego lub sypialni.<\/div>\n<p>&nbsp;<\/p>\n<div class=\"auto-hide-last-sibling-br paragraph-qzbcQC paragraph-element br-paragraph-space\">Wyobra\u017a sobie, \u017ce bajki na dobranoc o\u017cywaj\u0105, gdy Twoje dziecko przytula t\u0119 poduszk\u0119, czuj\u0105c si\u0119 bezpiecznie i komfortowo. Poduszka s\u0142u\u017cy nie tylko do spania; w ci\u0105gu dnia mo\u017ce by\u0107 towarzyszem zabaw, rekwizytem w pomys\u0142owych przygodach lub mi\u0119kkim miejscem do l\u0105dowania podczas zaimprowizowanych drzemek w domu.<\/div>\n<p>&nbsp;<\/p>\n<div class=\"auto-hide-last-sibling-br paragraph-qzbcQC paragraph-element br-paragraph-space\">Rodzice s\u0105 zachwyceni tym produktem. \"M\u00f3j dwulatek uwielbia t\u0119 poduszk\u0119! Sta\u0142a si\u0119 ich ulubion\u0105 rzecz\u0105 do spania. Mi\u0119kko\u015b\u0107 jest niesamowita, a uroczy design sprawia, \u017ce dobranocka to pestka\" - podzieli\u0142a si\u0119 szcz\u0119\u015bliwa mama. Tata doda\u0142: \"Uwielbiamy to, jak dodaje odrobin\u0119 zabawy do pokoju naszego dziecka. Jest te\u017c wytrzyma\u0142y, co jest \u015bwietne, bior\u0105c pod uwag\u0119 wszystkie zabawy, kt\u00f3re znosi. Zdecydowanie jest to pozycja obowi\u0105zkowa dla tej grupy wiekowej\".<\/div>\n<p>&nbsp;<\/p>\n<div class=\"auto-hide-last-sibling-br paragraph-qzbcQC paragraph-element br-paragraph-space\">Kr\u00f3tko m\u00f3wi\u0105c, poduszka dla niemowl\u0105t Childlike to co\u015b wi\u0119cej ni\u017c tylko element po\u015bcieli. To brama do s\u0142odkich sn\u00f3w, \u017ar\u00f3d\u0142o komfortu i cenna cz\u0119\u015b\u0107 wczesnych lat \u017cycia dziecka, \u0142\u0105cz\u0105ca funkcjonalno\u015b\u0107 z odrobin\u0105 dzieci\u0119cej magii.<\/div>\n<\/div>\n<\/div>\n<\/div>\n<\/div>\n<\/div>\n<\/div>\n<\/div>\n<\/div>","protected":false},"excerpt":{"rendered":"<div class=\"container-QE4ayg\">\n<div class=\"item-jU10IN\">\n<div class=\"container-jODEnh chrome70-container\">\n<div class=\"inner-eE95c9 inner-item-aL3Ui_\" data-target-id=\"message-box-target-id\" data-testid=\"union_message\">\n<div class=\"message-block-container-liuetz\" data-testid=\"message-block-container\">\n<div class=\"message-box-ZWbBdF\" data-testid=\"receive_message\">\n<div class=\"message-box-content-wrapper-srHdUj\">\n<div class=\"message-content message-box-content-otxGGw receive-message-box-content-_lREFj samantha-message-box-content-Qjmpja\" data-testid=\"message_content\">\n<div class=\"container-hfX5E8 flow-markdown-body theme-samantha-yJEgBp\" dir=\"ltr\" data-testid=\"message_text_content\" data-show-indicator=\"false\">\n<div class=\"auto-hide-last-sibling-br paragraph-qzbcQC paragraph-element br-paragraph-space\">Poduszka dla niemowl\u0105t Childlike to czaruj\u0105cy towarzysz snu dostosowany do potrzeb dzieci w wieku od 1 do 3 lat. Jej design jest inspirowany postaci\u0105 uroczego zwierz\u0105tka, z kapry\u015bnym kszta\u0142tem cia\u0142a, uroczymi uszami i pogodnym wyrazem twarzy, kt\u00f3ry emanuje poczuciem niewinno\u015bci i uroku. Wymiary 43<em>26<\/em>3 cm, zapewnia wystarczaj\u0105ce wsparcie dla g\u0142owy i szyi dziecka podczas snu. Wykonany z mi\u0119kkich materia\u0142\u00f3w, oferuje przytulny i wygodny dotyk. Dost\u0119pna w kolorze r\u00f3\u017cowym i niebieskim, zaspokaja r\u00f3\u017cne preferencje. Ta poduszka nie tylko zapewnia spokojny sen, ale tak\u017ce dodaje odrobin\u0119 zabawy i fantazji do dzieci\u0119cej rutyny przed snem, dzi\u0119ki czemu jest wspania\u0142ym dodatkiem do niezb\u0119dnych akcesori\u00f3w do snu.<\/div>\n<\/div>\n<\/div>\n<\/div>\n<div class=\"answer-action-bar-uORVoB bottom-action-bar-wrapper-XE0wUd hide-SOehmu answer-action-bar\" data-testid=\"message_action_bar\"><\/div>\n<\/div>\n<\/div>\n<\/div>\n<\/div>\n<\/div>\n<\/div>\n<div class=\"container-QE4ayg\">\n<div class=\"item-jU10IN\">\n<div class=\"container-jODEnh chrome70-container\">\n<div class=\"inner-eE95c9 inner-item-aL3Ui_\" data-target-id=\"message-box-target-id\" data-testid=\"union_message\">\n<div class=\"message-block-container-liuetz\" data-testid=\"message-block-container\">\n<div class=\"message-box-ZWbBdF message-box__reverse-vkxp8L\" data-testid=\"send_message\">\n<div class=\"message-box-content-wrapper-srHdUj send-message-e0EUGT\">\n<div class=\"message-content message-box-content-otxGGw send-message-box-content-N1r3Gh samantha-message-box-content-Qjmpja\" data-testid=\"message_content\"><\/div>\n<\/div>\n<\/div>\n<\/div>\n<\/div>\n<\/div>\n<\/div>\n<\/div>","protected":false},"featured_media":3327,"comment_status":"open","ping_status":"closed","template":"","meta":{"_uag_custom_page_level_css":"","site-sidebar-layout":"default","site-content-layout":"","ast-site-content-layout":"default","site-content-style":"default","site-sidebar-style":"default","ast-global-header-display":"","ast-banner-title-visibility":"","ast-main-header-display":"","ast-hfb-above-header-display":"","ast-hfb-below-header-display":"","ast-hfb-mobile-header-display":"","site-post-title":"","ast-breadcrumbs-content":"","ast-featured-img":"","footer-sml-layout":"","ast-disable-related-posts":"","theme-transparent-header-meta":"default","adv-header-id-meta":"","stick-header-meta":"","header-above-stick-meta":"","header-main-stick-meta":"","header-below-stick-meta":"","astra-migrate-meta-layouts":"set","ast-page-background-enabled":"default","ast-page-background-meta":{"desktop":{"background-color":"","background-image":"","background-repeat":"repeat","background-position":"center center","background-size":"auto","background-attachment":"scroll","background-type":"","background-media":"","overlay-type":"","overlay-color":"","overlay-opacity":"","overlay-gradient":""},"tablet":{"background-color":"","background-image":"","background-repeat":"repeat","background-position":"center center","background-size":"auto","background-attachment":"scroll","background-type":"","background-media":"","overlay-type":"","overlay-color":"","overlay-opacity":"","overlay-gradient":""},"mobile":{"background-color":"","background-image":"","background-repeat":"repeat","background-position":"center center","background-size":"auto","background-attachment":"scroll","background-type":"","background-media":"","overlay-type":"","overlay-color":"","overlay-opacity":"","overlay-gradient":""}},"ast-content-background-meta":{"desktop":{"background-color":"var(--ast-global-color-5)","background-image":"","background-repeat":"repeat","background-position":"center center","background-size":"auto","background-attachment":"scroll","background-type":"","background-media":"","overlay-type":"","overlay-color":"","overlay-opacity":"","overlay-gradient":""},"tablet":{"background-color":"var(--ast-global-color-5)","background-image":"","background-repeat":"repeat","background-position":"center center","background-size":"auto","background-attachment":"scroll","background-type":"","background-media":"","overlay-type":"","overlay-color":"","overlay-opacity":"","overlay-gradient":""},"mobile":{"background-color":"var(--ast-global-color-5)","background-image":"","background-repeat":"repeat","background-position":"center center","background-size":"auto","background-attachment":"scroll","background-type":"","background-media":"","overlay-type":"","overlay-color":"","overlay-opacity":"","overlay-gradient":""}}},"product_brand":[],"product_cat":[56,42],"product_tag":[70,68,71,69],"class_list":{"0":"post-3326","1":"product","2":"type-product","3":"status-publish","4":"has-post-thumbnail","6":"product_cat-1-to-3-years","7":"product_cat-merchandise","8":"product_tag-babypillow","9":"product_tag-cuteanimalpillow","10":"product_tag-headshapesupport","11":"product_tag-kouniushapingpillow","12":"desktop-align-left","13":"tablet-align-left","14":"mobile-align-left","16":"first","17":"instock","18":"shipping-taxable","19":"product-type-simple"},"aioseo_notices":[],"uagb_featured_image_src":{"full":["https:\/\/babypillowwholesale.com\/wp-content\/uploads\/2025\/04\/1526.jpg",1000,1000,false],"thumbnail":["https:\/\/babypillowwholesale.com\/wp-content\/uploads\/2025\/04\/1526-150x150.jpg",150,150,true],"medium":["https:\/\/babypillowwholesale.com\/wp-content\/uploads\/2025\/04\/1526-300x300.jpg",300,300,true],"medium_large":["https:\/\/babypillowwholesale.com\/wp-content\/uploads\/2025\/04\/1526-768x768.jpg",768,768,true],"large":["https:\/\/babypillowwholesale.com\/wp-content\/uploads\/2025\/04\/1526.jpg",1000,1000,false],"1536x1536":["https:\/\/babypillowwholesale.com\/wp-content\/uploads\/2025\/04\/1526.jpg",1000,1000,false],"2048x2048":["https:\/\/babypillowwholesale.com\/wp-content\/uploads\/2025\/04\/1526.jpg",1000,1000,false],"trp-custom-language-flag":["https:\/\/babypillowwholesale.com\/wp-content\/uploads\/2025\/04\/1526.jpg",12,12,false],"woocommerce_thumbnail":["https:\/\/babypillowwholesale.com\/wp-content\/uploads\/2025\/04\/1526-300x300.jpg",300,300,true],"woocommerce_single":["https:\/\/babypillowwholesale.com\/wp-content\/uploads\/2025\/04\/1526-600x600.jpg",600,600,true],"woocommerce_gallery_thumbnail":["https:\/\/babypillowwholesale.com\/wp-content\/uploads\/2025\/04\/1526-100x100.jpg",100,100,true]},"uagb_author_info":{"display_name":"Etnen zhong","author_link":"https:\/\/babypillowwholesale.com\/pl\/author\/"},"uagb_comment_info":0,"uagb_excerpt":"The Childlike Infant Pillow is an enchanting sleep companion tailored for children aged 1 - 3 years. Its design is inspired by a cute animal figure, featuring a whimsical body shape, adorable ears, and a serene expression that exudes a sense of innocence and charm. Measuring 43263CM, it provides ample support for a child's head&hellip;","jetpack_sharing_enabled":true,"_links":{"self":[{"href":"https:\/\/babypillowwholesale.com\/pl\/wp-json\/wp\/v2\/product\/3326","targetHints":{"allow":["GET"]}}],"collection":[{"href":"https:\/\/babypillowwholesale.com\/pl\/wp-json\/wp\/v2\/product"}],"about":[{"href":"https:\/\/babypillowwholesale.com\/pl\/wp-json\/wp\/v2\/types\/product"}],"replies":[{"embeddable":true,"href":"https:\/\/babypillowwholesale.com\/pl\/wp-json\/wp\/v2\/comments?post=3326"}],"wp:featuredmedia":[{"embeddable":true,"href":"https:\/\/babypillowwholesale.com\/pl\/wp-json\/wp\/v2\/media\/3327"}],"wp:attachment":[{"href":"https:\/\/babypillowwholesale.com\/pl\/wp-json\/wp\/v2\/media?parent=3326"}],"wp:term":[{"taxonomy":"product_brand","embeddable":true,"href":"https:\/\/babypillowwholesale.com\/pl\/wp-json\/wp\/v2\/product_brand?post=3326"},{"taxonomy":"product_cat","embeddable":true,"href":"https:\/\/babypillowwholesale.com\/pl\/wp-json\/wp\/v2\/product_cat?post=3326"},{"taxonomy":"product_tag","embeddable":true,"href":"https:\/\/babypillowwholesale.com\/pl\/wp-json\/wp\/v2\/product_tag?post=3326"}],"curies":[{"name":"wp","href":"https:\/\/api.w.org\/{rel}","templated":true}]}}