{"id":3323,"date":"2025-04-02T16:47:01","date_gmt":"2025-04-02T16:47:01","guid":{"rendered":"https:\/\/babypillowwholesale.com\/?post_type=product&#038;p=3323"},"modified":"2025-06-08T15:14:33","modified_gmt":"2025-06-08T15:14:33","slug":"hydrophilic-sponge-soothing-cloud-shaped-pillow","status":"publish","type":"product","link":"https:\/\/babypillowwholesale.com\/pl\/product\/hydrophilic-sponge-soothing-cloud-shaped-pillow\/","title":{"rendered":"Poduszka w kszta\u0142cie chmurki z g\u0105bki hydrofilowej"},"content":{"rendered":"<div class=\"auto-hide-last-sibling-br paragraph-qzbcQC paragraph-element br-paragraph-space\" data-immersive-translate-walked=\"8e61f2e7-6af2-46e5-9672-3b9e4f4033d9\" data-immersive-translate-paragraph=\"1\">\n<div class=\"auto-hide-last-sibling-br paragraph-qzbcQC paragraph-element br-paragraph-space\">\n<div class=\"auto-hide-last-sibling-br paragraph-qzbcQC paragraph-element br-paragraph-space\">\n<div class=\"auto-hide-last-sibling-br paragraph-qzbcQC paragraph-element br-paragraph-space\">\n<div class=\"auto-hide-last-sibling-br paragraph-qzbcQC paragraph-element br-paragraph-space\">\n<div class=\"auto-hide-last-sibling-br paragraph-qzbcQC paragraph-element br-paragraph-space\">\n<div class=\"auto-hide-last-sibling-br paragraph-qzbcQC paragraph-element br-paragraph-space\">\n<div class=\"auto-hide-last-sibling-br paragraph-qzbcQC paragraph-element br-paragraph-space\">Przedstawiamy poduszk\u0119 Hydrophilic Sponge Soothing Cloud - Shaped Pillow, czu\u0142e obj\u0119cie dla niemowl\u0105t w pierwszym roku \u017cycia. Stworzona, aby na\u015bladowa\u0107 mi\u0119kk\u0105, pocieszaj\u0105c\u0105 form\u0119 chmury, natychmiast otula malucha poczuciem bezpiecze\u0144stwa i ciep\u0142a. Poduszka wykonana jest z wysokiej jako\u015bci hydrofilowej g\u0105bki, oferuj\u0105cej aksamitnie g\u0142adki dotyk, kt\u00f3ry jest wyj\u0105tkowo delikatny dla delikatnej sk\u00f3ry dziecka.<\/div>\n<p>&nbsp;<\/p>\n<div class=\"auto-hide-last-sibling-br paragraph-qzbcQC paragraph-element br-paragraph-space\">Ozdobiona szeregiem uroczych nadruk\u00f3w zwierz\u0105t rozmieszczonych losowo na jej powierzchni, ta poduszka jest wizualn\u0105 rozkosz\u0105, wzbudzaj\u0105c\u0105 ciekawo\u015b\u0107 i rado\u015b\u0107 w \u015bwiecie Twojego dziecka. Wymiary 45<em>28<\/em>1,5 cm, zapewnia du\u017co miejsca, wygodnie obejmuj\u0105c g\u0142ow\u0119 i cia\u0142o dziecka podczas drzemek i zabaw.<\/div>\n<p>&nbsp;<\/p>\n<div class=\"auto-hide-last-sibling-br paragraph-qzbcQC paragraph-element br-paragraph-space\">Wyobra\u017a sobie spokojne chwile drzemki, podczas kt\u00f3rych Twoje dziecko wtula si\u0119 w poduszk\u0119, odp\u0142ywaj\u0105c w krain\u0119 sn\u00f3w niczym otulone mi\u0119kk\u0105 chmurk\u0105. Mo\u017cesz te\u017c wyobrazi\u0107 sobie chwile zabawy, gdy Twoje dziecko wyci\u0105ga r\u0119ce, zafascynowane uroczymi zwierz\u0119cymi nadrukami. Jest to r\u00f3wnie\u017c doskona\u0142y smoczek w niespokojnych chwilach, oferuj\u0105cy znajomy i pocieszaj\u0105cy dotyk.<\/div>\n<p>&nbsp;<\/p>\n<div class=\"auto-hide-last-sibling-br paragraph-qzbcQC paragraph-element br-paragraph-space\">Rodzice nie szcz\u0119dz\u0105 pochwa\u0142. \"Ta poduszka w kszta\u0142cie chmurki ratuje mi \u017cycie! Moje dziecko uspokaja si\u0119 niemal natychmiast po po\u0142o\u017ceniu na niej. Mi\u0119kko\u015b\u0107 hydrofilowej g\u0105bki i urocze nadruki s\u0105 po prostu cudowne\" - powiedzia\u0142a z ulg\u0105 mama. Tata doda\u0142: \"Sta\u0142o si\u0119 to podstaw\u0105 rutyny naszego dziecka. Niezale\u017cnie od tego, czy chodzi o szybk\u0105 drzemk\u0119, czy po prostu o spokojny czas, ta poduszka jest zawsze tam, zapewniaj\u0105c komfort i odrobin\u0119 zabawy\".<\/div>\n<p>&nbsp;<\/p>\n<div class=\"auto-hide-last-sibling-br paragraph-qzbcQC paragraph-element br-paragraph-space\">Poduszka Hydrophilic Sponge Soothing Cloud - Shaped Pillow to co\u015b wi\u0119cej ni\u017c tylko element po\u015bcieli. To po\u0142\u0105czenie funkcjonalno\u015bci, wygody i uroku, niezb\u0119dny towarzysz, kt\u00f3ry umila ka\u017cd\u0105 cenn\u0105 chwil\u0119 pierwszych dni \u017cycia dziecka.<\/div>\n<\/div>\n<\/div>\n<\/div>\n<\/div>\n<\/div>\n<\/div>\n<\/div>","protected":false},"excerpt":{"rendered":"<p>Poduszka Hydrophilic Sponge Soothing Cloud - Shaped Pillow jest wspania\u0142ym towarzyszem dla niemowl\u0105t w wieku od 0 do 1 roku. Jej kszta\u0142t przybiera form\u0119 mi\u0119kkiej chmurki, tworz\u0105c poczucie bezpiecze\u0144stwa i komfortu. Wykonana z hydrofilowej g\u0105bki, oferuje delikatny i przyjemny dotyk, idealny dla wra\u017cliwej sk\u00f3ry dziecka. Poduszka jest ozdobiona uroczymi nadrukami zwierz\u0105t, kt\u00f3re s\u0105 losowo rozmieszczone, dodaj\u0105c zabawny i uroczy element. Ze specyfikacj\u0105 45*<em>28*<\/em>1,5 cm, zapewnia wystarczaj\u0105co du\u017co miejsca na g\u0142ow\u0119 i cia\u0142o dziecka. Ta poduszka jest nie tylko \u015bwietna do drzemki, ale tak\u017ce s\u0142u\u017cy jako pocieszaj\u0105cy przedmiot podczas zabawy lub gdy dziecko potrzebuje ukojenia. \u0141\u0105czy w sobie funkcjonalno\u015b\u0107, mi\u0119kko\u015b\u0107 i urocz\u0105 estetyk\u0119, dzi\u0119ki czemu jest niezb\u0119dnym elementem w pierwszych dniach \u017cycia dziecka.<\/p>","protected":false},"featured_media":3324,"comment_status":"open","ping_status":"closed","template":"","meta":{"_uag_custom_page_level_css":"","site-sidebar-layout":"default","site-content-layout":"","ast-site-content-layout":"default","site-content-style":"default","site-sidebar-style":"default","ast-global-header-display":"","ast-banner-title-visibility":"","ast-main-header-display":"","ast-hfb-above-header-display":"","ast-hfb-below-header-display":"","ast-hfb-mobile-header-display":"","site-post-title":"","ast-breadcrumbs-content":"","ast-featured-img":"","footer-sml-layout":"","ast-disable-related-posts":"","theme-transparent-header-meta":"default","adv-header-id-meta":"","stick-header-meta":"","header-above-stick-meta":"","header-main-stick-meta":"","header-below-stick-meta":"","astra-migrate-meta-layouts":"set","ast-page-background-enabled":"default","ast-page-background-meta":{"desktop":{"background-color":"","background-image":"","background-repeat":"repeat","background-position":"center center","background-size":"auto","background-attachment":"scroll","background-type":"","background-media":"","overlay-type":"","overlay-color":"","overlay-opacity":"","overlay-gradient":""},"tablet":{"background-color":"","background-image":"","background-repeat":"repeat","background-position":"center center","background-size":"auto","background-attachment":"scroll","background-type":"","background-media":"","overlay-type":"","overlay-color":"","overlay-opacity":"","overlay-gradient":""},"mobile":{"background-color":"","background-image":"","background-repeat":"repeat","background-position":"center center","background-size":"auto","background-attachment":"scroll","background-type":"","background-media":"","overlay-type":"","overlay-color":"","overlay-opacity":"","overlay-gradient":""}},"ast-content-background-meta":{"desktop":{"background-color":"var(--ast-global-color-5)","background-image":"","background-repeat":"repeat","background-position":"center center","background-size":"auto","background-attachment":"scroll","background-type":"","background-media":"","overlay-type":"","overlay-color":"","overlay-opacity":"","overlay-gradient":""},"tablet":{"background-color":"var(--ast-global-color-5)","background-image":"","background-repeat":"repeat","background-position":"center center","background-size":"auto","background-attachment":"scroll","background-type":"","background-media":"","overlay-type":"","overlay-color":"","overlay-opacity":"","overlay-gradient":""},"mobile":{"background-color":"var(--ast-global-color-5)","background-image":"","background-repeat":"repeat","background-position":"center center","background-size":"auto","background-attachment":"scroll","background-type":"","background-media":"","overlay-type":"","overlay-color":"","overlay-opacity":"","overlay-gradient":""}}},"product_brand":[],"product_cat":[55,42],"product_tag":[70,68,71,69],"class_list":{"0":"post-3323","1":"product","2":"type-product","3":"status-publish","4":"has-post-thumbnail","6":"product_cat-0-to-1-year","7":"product_cat-merchandise","8":"product_tag-babypillow","9":"product_tag-cuteanimalpillow","10":"product_tag-headshapesupport","11":"product_tag-kouniushapingpillow","12":"desktop-align-left","13":"tablet-align-left","14":"mobile-align-left","16":"first","17":"instock","18":"shipping-taxable","19":"product-type-simple"},"aioseo_notices":[],"uagb_featured_image_src":{"full":["https:\/\/babypillowwholesale.com\/wp-content\/uploads\/2025\/04\/1026.jpg",1000,1000,false],"thumbnail":["https:\/\/babypillowwholesale.com\/wp-content\/uploads\/2025\/04\/1026-150x150.jpg",150,150,true],"medium":["https:\/\/babypillowwholesale.com\/wp-content\/uploads\/2025\/04\/1026-300x300.jpg",300,300,true],"medium_large":["https:\/\/babypillowwholesale.com\/wp-content\/uploads\/2025\/04\/1026-768x768.jpg",768,768,true],"large":["https:\/\/babypillowwholesale.com\/wp-content\/uploads\/2025\/04\/1026.jpg",1000,1000,false],"1536x1536":["https:\/\/babypillowwholesale.com\/wp-content\/uploads\/2025\/04\/1026.jpg",1000,1000,false],"2048x2048":["https:\/\/babypillowwholesale.com\/wp-content\/uploads\/2025\/04\/1026.jpg",1000,1000,false],"trp-custom-language-flag":["https:\/\/babypillowwholesale.com\/wp-content\/uploads\/2025\/04\/1026.jpg",12,12,false],"woocommerce_thumbnail":["https:\/\/babypillowwholesale.com\/wp-content\/uploads\/2025\/04\/1026-300x300.jpg",300,300,true],"woocommerce_single":["https:\/\/babypillowwholesale.com\/wp-content\/uploads\/2025\/04\/1026-600x600.jpg",600,600,true],"woocommerce_gallery_thumbnail":["https:\/\/babypillowwholesale.com\/wp-content\/uploads\/2025\/04\/1026-100x100.jpg",100,100,true]},"uagb_author_info":{"display_name":"Etnen zhong","author_link":"https:\/\/babypillowwholesale.com\/pl\/author\/"},"uagb_comment_info":0,"uagb_excerpt":"The Hydrophilic Sponge Soothing Cloud - Shaped Pillow is a wonderful companion for babies aged 0 - 1 year. Its design takes the form of a soft cloud, creating a sense of security and comfort. Made from hydrophilic sponge, it offers a gentle and pleasant touch, perfect for a baby's sensitive skin. The pillow is&hellip;","jetpack_sharing_enabled":true,"_links":{"self":[{"href":"https:\/\/babypillowwholesale.com\/pl\/wp-json\/wp\/v2\/product\/3323","targetHints":{"allow":["GET"]}}],"collection":[{"href":"https:\/\/babypillowwholesale.com\/pl\/wp-json\/wp\/v2\/product"}],"about":[{"href":"https:\/\/babypillowwholesale.com\/pl\/wp-json\/wp\/v2\/types\/product"}],"replies":[{"embeddable":true,"href":"https:\/\/babypillowwholesale.com\/pl\/wp-json\/wp\/v2\/comments?post=3323"}],"wp:featuredmedia":[{"embeddable":true,"href":"https:\/\/babypillowwholesale.com\/pl\/wp-json\/wp\/v2\/media\/3324"}],"wp:attachment":[{"href":"https:\/\/babypillowwholesale.com\/pl\/wp-json\/wp\/v2\/media?parent=3323"}],"wp:term":[{"taxonomy":"product_brand","embeddable":true,"href":"https:\/\/babypillowwholesale.com\/pl\/wp-json\/wp\/v2\/product_brand?post=3323"},{"taxonomy":"product_cat","embeddable":true,"href":"https:\/\/babypillowwholesale.com\/pl\/wp-json\/wp\/v2\/product_cat?post=3323"},{"taxonomy":"product_tag","embeddable":true,"href":"https:\/\/babypillowwholesale.com\/pl\/wp-json\/wp\/v2\/product_tag?post=3323"}],"curies":[{"name":"wp","href":"https:\/\/api.w.org\/{rel}","templated":true}]}}