{"id":3320,"date":"2025-04-02T16:39:31","date_gmt":"2025-04-02T16:39:31","guid":{"rendered":"https:\/\/babypillowwholesale.com\/?post_type=product&#038;p=3320"},"modified":"2025-06-07T07:26:29","modified_gmt":"2025-06-07T07:26:29","slug":"hydrophilic-sponge-contour-pillow","status":"publish","type":"product","link":"https:\/\/babypillowwholesale.com\/pl\/product\/hydrophilic-sponge-contour-pillow\/","title":{"rendered":"Poduszka konturowa z g\u0105bki hydrofilowej"},"content":{"rendered":"<div class=\"auto-hide-last-sibling-br paragraph-qzbcQC paragraph-element br-paragraph-space\" data-immersive-translate-walked=\"8e61f2e7-6af2-46e5-9672-3b9e4f4033d9\" data-immersive-translate-paragraph=\"1\">\n<div class=\"auto-hide-last-sibling-br paragraph-qzbcQC paragraph-element br-paragraph-space\">\n<div class=\"auto-hide-last-sibling-br paragraph-qzbcQC paragraph-element br-paragraph-space\">\n<div class=\"auto-hide-last-sibling-br paragraph-qzbcQC paragraph-element br-paragraph-space\">\n<div class=\"auto-hide-last-sibling-br paragraph-qzbcQC paragraph-element br-paragraph-space\">\n<div class=\"auto-hide-last-sibling-br paragraph-qzbcQC paragraph-element br-paragraph-space\">\n<div class=\"auto-hide-last-sibling-br paragraph-qzbcQC paragraph-element br-paragraph-space\">Odkryj Hydrophilic Sponge Contour Pillow, prawdziwy klejnot dostosowany do potrzeb niemowl\u0105t w wieku od 0 do 12 miesi\u0119cy. Jej czaruj\u0105cy design, inspirowany uroczymi stworzeniami, takimi jak rozkoszny pingwin, charakteryzuje si\u0119 s\u0142odkim wyrazem twarzy, delikatn\u0105 kokardk\u0105 i jaskrawymi stopami, kt\u00f3re przykuwaj\u0105 wyobra\u017ani\u0119 na pierwszy rzut oka. Wykonany z wysokiej jako\u015bci g\u0105bki hydrofilowej, oferuje aksamitnie mi\u0119kki dotyk, kt\u00f3ry jest delikatny dla delikatnej sk\u00f3ry dziecka.<\/div>\n<p>&nbsp;<\/p>\n<div class=\"auto-hide-last-sibling-br paragraph-qzbcQC paragraph-element br-paragraph-space\">Konturowa konstrukcja poduszki jest cudem in\u017cynierii ergonomicznej. Z wdzi\u0119kiem dopasowuje si\u0119 do unikalnego kszta\u0142tu g\u0142\u00f3wki dziecka, zapewniaj\u0105c delikatne, ale skuteczne wsparcie, kt\u00f3re jest niezb\u0119dne do utrzymania zdrowego kszta\u0142tu g\u0142owy przez ca\u0142y okres wczesnego rozwoju. Wymiary 29<em>21<\/em>1,5 cm, jest wszechstronnym dodatkiem do niezb\u0119dnych akcesori\u00f3w dziecka. Niezale\u017cnie od tego, czy jest umieszczona w \u0142\u00f3\u017ceczku, tworz\u0105c przytuln\u0105 przysta\u0144 dla spokojnych sn\u00f3w; towarzysz\u0105c maluchowi w w\u00f3zku podczas wietrznej przygody w parku; lub umieszczona na macie do zabawy - wype\u0142niona czasem brzuszka w domu, ta poduszka zapewnia komfort zawsze w zasi\u0119gu r\u0119ki.<\/div>\n<p>&nbsp;<\/p>\n<div class=\"auto-hide-last-sibling-br paragraph-qzbcQC paragraph-element br-paragraph-space\">Rodzice \u015bpiewaj\u0105 jej pochwa\u0142y. \"Ta poduszka to prawdziwy prze\u0142om! Moje dziecko \u015bpi na niej tak spokojnie, a mi\u0119kko\u015b\u0107 hydrofilowej g\u0105bki jest niesamowita. Dodatkowo, wz\u00f3r pingwina jest hitem w naszym domu\" - zachwyca\u0142a si\u0119 jedna z mam. Tata doda\u0142: \"Uwielbiamy, jak konturowa konstrukcja podtrzymuje g\u0142\u00f3wk\u0119 naszego dziecka. A dzi\u0119ki tak wielu uroczym opcjom kolorystycznym mo\u017cemy go zmienia\u0107, aby pasowa\u0142 do r\u00f3\u017cnych stroj\u00f3w lub nastroj\u00f3w. Sta\u0142 si\u0119 nieodzown\u0105 cz\u0119\u015bci\u0105 rutyny naszego dziecka\".<\/div>\n<p>&nbsp;<\/p>\n<div class=\"auto-hide-last-sibling-br paragraph-qzbcQC paragraph-element br-paragraph-space\">Dzi\u0119ki zachwycaj\u0105cej gamie opcji kolorystycznych, w tym Blue Elephant, White Raccoon, Light Yellow Penguin i Blue Penguin, Hydrophilic Sponge Contour Pillow p\u0142ynnie \u0142\u0105czy wygod\u0119, funkcjonalno\u015b\u0107 i nieodparty urok. To nie tylko poduszka; to ukochany towarzysz, kt\u00f3ry otula malucha trosk\u0105 i s\u0142odycz\u0105 w ka\u017cdej cennej chwili jego pierwszych dni.<\/div>\n<\/div>\n<\/div>\n<\/div>\n<\/div>\n<\/div>\n<\/div>","protected":false},"excerpt":{"rendered":"<p>Hydrophilic Sponge Contour Pillow to niezwyk\u0142y produkt przeznaczony dla niemowl\u0105t w wieku od 0 do 12 miesi\u0119cy. Jej design inspirowany jest uroczymi motywami zwierz\u0119cymi, takimi jak przedstawiony pingwin, ze s\u0142odk\u0105 buzi\u0105, urocz\u0105 kokardk\u0105 i \u017cywymi kolorami st\u00f3p, dzi\u0119ki czemu jest atrakcyjna wizualnie. Wykonana z hydrofilowej g\u0105bki, jest mi\u0119kka i wygodna w dotyku. Konturowa konstrukcja poduszki ergonomicznie dopasowuje si\u0119 do g\u0142\u00f3wki dziecka, zapewniaj\u0105c optymalne wsparcie, kt\u00f3re pomaga utrzyma\u0107 zdrowy kszta\u0142t g\u0142owy. Specyfikacja 29*<em>21*<\/em>1,5 cm, dobrze pasuje do \u0142\u00f3\u017ceczek, w\u00f3zk\u00f3w itp. R\u00f3\u017cnorodno\u015b\u0107 opcji kolorystycznych, w tym Blue Elephant, White Raccoon, Light Yellow Penguin i Blue Penguin, pozwala rodzicom na wyb\u00f3r zgodnie z ich preferencjami. Ta poduszka \u0142\u0105czy w sobie wygod\u0119, funkcjonalno\u015b\u0107 i urocz\u0105 estetyk\u0119, staj\u0105c si\u0119 doskona\u0142ym towarzyszem wczesnego rozwoju dziecka.<\/p>","protected":false},"featured_media":3321,"comment_status":"open","ping_status":"closed","template":"","meta":{"_uag_custom_page_level_css":"","site-sidebar-layout":"default","site-content-layout":"","ast-site-content-layout":"default","site-content-style":"default","site-sidebar-style":"default","ast-global-header-display":"","ast-banner-title-visibility":"","ast-main-header-display":"","ast-hfb-above-header-display":"","ast-hfb-below-header-display":"","ast-hfb-mobile-header-display":"","site-post-title":"","ast-breadcrumbs-content":"","ast-featured-img":"","footer-sml-layout":"","ast-disable-related-posts":"","theme-transparent-header-meta":"default","adv-header-id-meta":"","stick-header-meta":"","header-above-stick-meta":"","header-main-stick-meta":"","header-below-stick-meta":"","astra-migrate-meta-layouts":"set","ast-page-background-enabled":"default","ast-page-background-meta":{"desktop":{"background-color":"","background-image":"","background-repeat":"repeat","background-position":"center center","background-size":"auto","background-attachment":"scroll","background-type":"","background-media":"","overlay-type":"","overlay-color":"","overlay-opacity":"","overlay-gradient":""},"tablet":{"background-color":"","background-image":"","background-repeat":"repeat","background-position":"center center","background-size":"auto","background-attachment":"scroll","background-type":"","background-media":"","overlay-type":"","overlay-color":"","overlay-opacity":"","overlay-gradient":""},"mobile":{"background-color":"","background-image":"","background-repeat":"repeat","background-position":"center center","background-size":"auto","background-attachment":"scroll","background-type":"","background-media":"","overlay-type":"","overlay-color":"","overlay-opacity":"","overlay-gradient":""}},"ast-content-background-meta":{"desktop":{"background-color":"var(--ast-global-color-5)","background-image":"","background-repeat":"repeat","background-position":"center center","background-size":"auto","background-attachment":"scroll","background-type":"","background-media":"","overlay-type":"","overlay-color":"","overlay-opacity":"","overlay-gradient":""},"tablet":{"background-color":"var(--ast-global-color-5)","background-image":"","background-repeat":"repeat","background-position":"center center","background-size":"auto","background-attachment":"scroll","background-type":"","background-media":"","overlay-type":"","overlay-color":"","overlay-opacity":"","overlay-gradient":""},"mobile":{"background-color":"var(--ast-global-color-5)","background-image":"","background-repeat":"repeat","background-position":"center center","background-size":"auto","background-attachment":"scroll","background-type":"","background-media":"","overlay-type":"","overlay-color":"","overlay-opacity":"","overlay-gradient":""}}},"product_brand":[],"product_cat":[55,42],"product_tag":[70,68,71,69],"class_list":{"0":"post-3320","1":"product","2":"type-product","3":"status-publish","4":"has-post-thumbnail","6":"product_cat-0-to-1-year","7":"product_cat-merchandise","8":"product_tag-babypillow","9":"product_tag-cuteanimalpillow","10":"product_tag-headshapesupport","11":"product_tag-kouniushapingpillow","12":"desktop-align-left","13":"tablet-align-left","14":"mobile-align-left","16":"first","17":"instock","18":"shipping-taxable","19":"product-type-simple"},"aioseo_notices":[],"uagb_featured_image_src":{"full":["https:\/\/babypillowwholesale.com\/wp-content\/uploads\/2025\/04\/1168.jpg",1000,1000,false],"thumbnail":["https:\/\/babypillowwholesale.com\/wp-content\/uploads\/2025\/04\/1168-150x150.jpg",150,150,true],"medium":["https:\/\/babypillowwholesale.com\/wp-content\/uploads\/2025\/04\/1168-300x300.jpg",300,300,true],"medium_large":["https:\/\/babypillowwholesale.com\/wp-content\/uploads\/2025\/04\/1168-768x768.jpg",768,768,true],"large":["https:\/\/babypillowwholesale.com\/wp-content\/uploads\/2025\/04\/1168.jpg",1000,1000,false],"1536x1536":["https:\/\/babypillowwholesale.com\/wp-content\/uploads\/2025\/04\/1168.jpg",1000,1000,false],"2048x2048":["https:\/\/babypillowwholesale.com\/wp-content\/uploads\/2025\/04\/1168.jpg",1000,1000,false],"trp-custom-language-flag":["https:\/\/babypillowwholesale.com\/wp-content\/uploads\/2025\/04\/1168.jpg",12,12,false],"woocommerce_thumbnail":["https:\/\/babypillowwholesale.com\/wp-content\/uploads\/2025\/04\/1168-300x300.jpg",300,300,true],"woocommerce_single":["https:\/\/babypillowwholesale.com\/wp-content\/uploads\/2025\/04\/1168-600x600.jpg",600,600,true],"woocommerce_gallery_thumbnail":["https:\/\/babypillowwholesale.com\/wp-content\/uploads\/2025\/04\/1168-100x100.jpg",100,100,true]},"uagb_author_info":{"display_name":"Etnen zhong","author_link":"https:\/\/babypillowwholesale.com\/pl\/author\/"},"uagb_comment_info":0,"uagb_excerpt":"The Hydrophilic Sponge Contour Pillow is a remarkable product designed for infants aged 0 - 12 months. Its design is inspired by cute animal motifs, such as the penguin shown, with a sweet face, a charming bow, and vivid - colored feet, making it visually appealing. Crafted from hydrophilic sponge, it offers a soft and&hellip;","jetpack_sharing_enabled":true,"_links":{"self":[{"href":"https:\/\/babypillowwholesale.com\/pl\/wp-json\/wp\/v2\/product\/3320","targetHints":{"allow":["GET"]}}],"collection":[{"href":"https:\/\/babypillowwholesale.com\/pl\/wp-json\/wp\/v2\/product"}],"about":[{"href":"https:\/\/babypillowwholesale.com\/pl\/wp-json\/wp\/v2\/types\/product"}],"replies":[{"embeddable":true,"href":"https:\/\/babypillowwholesale.com\/pl\/wp-json\/wp\/v2\/comments?post=3320"}],"wp:featuredmedia":[{"embeddable":true,"href":"https:\/\/babypillowwholesale.com\/pl\/wp-json\/wp\/v2\/media\/3321"}],"wp:attachment":[{"href":"https:\/\/babypillowwholesale.com\/pl\/wp-json\/wp\/v2\/media?parent=3320"}],"wp:term":[{"taxonomy":"product_brand","embeddable":true,"href":"https:\/\/babypillowwholesale.com\/pl\/wp-json\/wp\/v2\/product_brand?post=3320"},{"taxonomy":"product_cat","embeddable":true,"href":"https:\/\/babypillowwholesale.com\/pl\/wp-json\/wp\/v2\/product_cat?post=3320"},{"taxonomy":"product_tag","embeddable":true,"href":"https:\/\/babypillowwholesale.com\/pl\/wp-json\/wp\/v2\/product_tag?post=3320"}],"curies":[{"name":"wp","href":"https:\/\/api.w.org\/{rel}","templated":true}]}}