{"id":3317,"date":"2025-03-31T02:51:30","date_gmt":"2025-03-31T02:51:30","guid":{"rendered":"https:\/\/babypillowwholesale.com\/?post_type=product&#038;p=3317"},"modified":"2025-06-08T15:19:36","modified_gmt":"2025-06-08T15:19:36","slug":"obedient-bear-contour-pillow","status":"publish","type":"product","link":"https:\/\/babypillowwholesale.com\/pl\/product\/obedient-bear-contour-pillow\/","title":{"rendered":"Poduszka konturowa Pos\u0142uszny Nied\u017awied\u017a"},"content":{"rendered":"<div class=\"auto-hide-last-sibling-br paragraph-qzbcQC paragraph-element br-paragraph-space\" data-immersive-translate-walked=\"8e61f2e7-6af2-46e5-9672-3b9e4f4033d9\" data-immersive-translate-paragraph=\"1\">\n<div class=\"auto-hide-last-sibling-br paragraph-qzbcQC paragraph-element br-paragraph-space\">\n<div class=\"auto-hide-last-sibling-br paragraph-qzbcQC paragraph-element br-paragraph-space\">\n<div class=\"auto-hide-last-sibling-br paragraph-qzbcQC paragraph-element br-paragraph-space\">\n<div class=\"auto-hide-last-sibling-br paragraph-qzbcQC paragraph-element br-paragraph-space\">\n<div class=\"auto-hide-last-sibling-br paragraph-qzbcQC paragraph-element br-paragraph-space\">Przedstawiamy poduszk\u0119 Obedient Bear Contour Pillow, idealne po\u0142\u0105czenie uroku i funkcjonalno\u015bci, zaprojektowane specjalnie dla cennych niemowl\u0105t w wieku od 0 do 12 miesi\u0119cy. Ta poduszka prezentuje nieodparcie uroczy wz\u00f3r nied\u017awiedzia, wraz z puszystymi uszami, du\u017cymi, uduchowionymi oczami i uroczo zarumienionymi policzkami, kt\u00f3re z pewno\u015bci\u0105 roztopi\u0105 twoje serce od pierwszego wejrzenia.<\/div>\n<p>&nbsp;<\/p>\n<div class=\"auto-hide-last-sibling-br paragraph-qzbcQC paragraph-element br-paragraph-space\">Konturowa konstrukcja poduszki jest arcydzie\u0142em in\u017cynierii ergonomicznej. Delikatnie dopasowuje si\u0119 do kszta\u0142tu g\u0142\u00f3wki dziecka, zapewniaj\u0105c delikatne i precyzyjne wsparcie, kt\u00f3re ma kluczowe znaczenie dla piel\u0119gnacji zdrowego kszta\u0142tu g\u0142owy w tych kluczowych wczesnych miesi\u0105cach. Wymiary 29*<em>21*<\/em>1,5 cm, idealnie pasuje do r\u00f3\u017cnych ustawie\u0144. Niezale\u017cnie od tego, czy jest umieszczona w przytulnym \u0142\u00f3\u017ceczku, aby zapewni\u0107 spokojn\u0105 drzemk\u0119, towarzyszy maluchowi w w\u00f3zku podczas spokojnego spaceru po parku, czy te\u017c umieszczona na mi\u0119kkiej macie do zabawy w domu, ta poduszka jest sta\u0142ym \u017ar\u00f3d\u0142em komfortu.<\/div>\n<p>&nbsp;<\/p>\n<div class=\"auto-hide-last-sibling-br paragraph-qzbcQC paragraph-element br-paragraph-space\">Rodzice s\u0105 zachwyceni poduszk\u0105 Obedient Bear Contour Pillow. \"Moje dziecko absolutnie uwielbia t\u0119 poduszk\u0119! Jest taka mi\u0119kka, a wz\u00f3r misia jest po prostu zbyt uroczy. Zauwa\u017cy\u0142am, \u017ce naprawd\u0119 pomaga utrzyma\u0107 jej g\u0142\u00f3wk\u0119 w dobrej pozycji\" - powiedzia\u0142a zachwycona mama. Pewien tata powiedzia\u0142: \"Zabieramy t\u0119 poduszk\u0119 ze sob\u0105 wsz\u0119dzie. Jest trwa\u0142a, \u0142atwa do czyszczenia, a opcje kolorystyczne s\u0105 \u015bwietne. Sta\u0142a si\u0119 niezb\u0119dn\u0105 cz\u0119\u015bci\u0105 codziennego \u017cycia naszego dziecka\".<\/div>\n<p>&nbsp;<\/p>\n<div class=\"auto-hide-last-sibling-br paragraph-qzbcQC paragraph-element br-paragraph-space\">Dost\u0119pna w uroczych odcieniach r\u00f3\u017cu i b\u0142\u0119kitu, poduszka Obedient Bear Contour Pillow to nie tylko akcesorium dla niemowl\u0105t; to ukochany towarzysz, kt\u00f3ry \u0142\u0105czy ujmuj\u0105cy wygl\u0105d nied\u017awiedzia z profesjonalnym wsparciem kszta\u0142towania g\u0142owy, zapewniaj\u0105c maluchowi cieszenie si\u0119 ka\u017cd\u0105 cenn\u0105 chwil\u0105 pierwszych dni \u017cycia z najwy\u017cszym komfortem i trosk\u0105.<\/div>\n<\/div>\n<\/div>\n<\/div>\n<\/div>\n<\/div>","protected":false},"excerpt":{"rendered":"<p>Poduszka Obedient Bear Contour Pillow to idealny wyb\u00f3r dla niemowl\u0105t w wieku od 0 do 12 miesi\u0119cy. Jej design jest inspirowany uroczym nied\u017awiadkiem, z uroczymi uszami, du\u017cymi oczami i rumianymi policzkami, co sprawia, \u017ce jest nieodparcie urocza. Konturowa konstrukcja poduszki jest nie tylko atrakcyjna wizualnie, ale tak\u017ce s\u0142u\u017cy praktycznemu celowi. Zapewnia ergonomiczne wsparcie, delikatnie dopasowuj\u0105c si\u0119 do kszta\u0142tu g\u0142owy dziecka, aby pom\u00f3c utrzyma\u0107 zdrowy kszta\u0142t g\u0142owy. Wymiary 29*<em>21*<\/em>1,5 cm, dobrze pasuje do \u0142\u00f3\u017ceczek, w\u00f3zk\u00f3w lub innych miejsc odpoczynku dziecka. Dost\u0119pna w kolorze r\u00f3\u017cowym i niebieskim, mo\u017ce pasowa\u0107 do r\u00f3\u017cnych wystroj\u00f3w pokoju dzieci\u0119cego. Ta poduszka \u0142\u0105czy w sobie pi\u0119kno wzoru z motywem nied\u017awiedzia z profesjonalnym wsparciem kszta\u0142towania g\u0142owy, zapewniaj\u0105c komfort i opiek\u0119 w pierwszych dniach \u017cycia malucha.<\/p>","protected":false},"featured_media":3318,"comment_status":"open","ping_status":"closed","template":"","meta":{"_uag_custom_page_level_css":"","site-sidebar-layout":"default","site-content-layout":"","ast-site-content-layout":"default","site-content-style":"default","site-sidebar-style":"default","ast-global-header-display":"","ast-banner-title-visibility":"","ast-main-header-display":"","ast-hfb-above-header-display":"","ast-hfb-below-header-display":"","ast-hfb-mobile-header-display":"","site-post-title":"","ast-breadcrumbs-content":"","ast-featured-img":"","footer-sml-layout":"","ast-disable-related-posts":"","theme-transparent-header-meta":"default","adv-header-id-meta":"","stick-header-meta":"","header-above-stick-meta":"","header-main-stick-meta":"","header-below-stick-meta":"","astra-migrate-meta-layouts":"set","ast-page-background-enabled":"default","ast-page-background-meta":{"desktop":{"background-color":"","background-image":"","background-repeat":"repeat","background-position":"center center","background-size":"auto","background-attachment":"scroll","background-type":"","background-media":"","overlay-type":"","overlay-color":"","overlay-opacity":"","overlay-gradient":""},"tablet":{"background-color":"","background-image":"","background-repeat":"repeat","background-position":"center center","background-size":"auto","background-attachment":"scroll","background-type":"","background-media":"","overlay-type":"","overlay-color":"","overlay-opacity":"","overlay-gradient":""},"mobile":{"background-color":"","background-image":"","background-repeat":"repeat","background-position":"center center","background-size":"auto","background-attachment":"scroll","background-type":"","background-media":"","overlay-type":"","overlay-color":"","overlay-opacity":"","overlay-gradient":""}},"ast-content-background-meta":{"desktop":{"background-color":"var(--ast-global-color-5)","background-image":"","background-repeat":"repeat","background-position":"center center","background-size":"auto","background-attachment":"scroll","background-type":"","background-media":"","overlay-type":"","overlay-color":"","overlay-opacity":"","overlay-gradient":""},"tablet":{"background-color":"var(--ast-global-color-5)","background-image":"","background-repeat":"repeat","background-position":"center center","background-size":"auto","background-attachment":"scroll","background-type":"","background-media":"","overlay-type":"","overlay-color":"","overlay-opacity":"","overlay-gradient":""},"mobile":{"background-color":"var(--ast-global-color-5)","background-image":"","background-repeat":"repeat","background-position":"center center","background-size":"auto","background-attachment":"scroll","background-type":"","background-media":"","overlay-type":"","overlay-color":"","overlay-opacity":"","overlay-gradient":""}}},"product_brand":[],"product_cat":[55,42],"product_tag":[70,68,71,69],"class_list":{"0":"post-3317","1":"product","2":"type-product","3":"status-publish","4":"has-post-thumbnail","6":"product_cat-0-to-1-year","7":"product_cat-merchandise","8":"product_tag-babypillow","9":"product_tag-cuteanimalpillow","10":"product_tag-headshapesupport","11":"product_tag-kouniushapingpillow","12":"desktop-align-left","13":"tablet-align-left","14":"mobile-align-left","16":"first","17":"instock","18":"shipping-taxable","19":"product-type-simple"},"aioseo_notices":[],"uagb_featured_image_src":{"full":["https:\/\/babypillowwholesale.com\/wp-content\/uploads\/2025\/03\/1066.jpg",1000,1000,false],"thumbnail":["https:\/\/babypillowwholesale.com\/wp-content\/uploads\/2025\/03\/1066-150x150.jpg",150,150,true],"medium":["https:\/\/babypillowwholesale.com\/wp-content\/uploads\/2025\/03\/1066-300x300.jpg",300,300,true],"medium_large":["https:\/\/babypillowwholesale.com\/wp-content\/uploads\/2025\/03\/1066-768x768.jpg",768,768,true],"large":["https:\/\/babypillowwholesale.com\/wp-content\/uploads\/2025\/03\/1066.jpg",1000,1000,false],"1536x1536":["https:\/\/babypillowwholesale.com\/wp-content\/uploads\/2025\/03\/1066.jpg",1000,1000,false],"2048x2048":["https:\/\/babypillowwholesale.com\/wp-content\/uploads\/2025\/03\/1066.jpg",1000,1000,false],"trp-custom-language-flag":["https:\/\/babypillowwholesale.com\/wp-content\/uploads\/2025\/03\/1066.jpg",12,12,false],"woocommerce_thumbnail":["https:\/\/babypillowwholesale.com\/wp-content\/uploads\/2025\/03\/1066-300x300.jpg",300,300,true],"woocommerce_single":["https:\/\/babypillowwholesale.com\/wp-content\/uploads\/2025\/03\/1066-600x600.jpg",600,600,true],"woocommerce_gallery_thumbnail":["https:\/\/babypillowwholesale.com\/wp-content\/uploads\/2025\/03\/1066-100x100.jpg",100,100,true]},"uagb_author_info":{"display_name":"Etnen zhong","author_link":"https:\/\/babypillowwholesale.com\/pl\/author\/"},"uagb_comment_info":0,"uagb_excerpt":"The Obedient Bear Contour Pillow is an ideal choice for infants aged 0 - 12 months. Its design is inspired by an adorable bear, with cute ears, big eyes, and blushing cheeks, which makes it irresistibly charming. The pillow's contour design is not only visually appealing but also serves a practical purpose. It provides ergonomic&hellip;","jetpack_sharing_enabled":true,"_links":{"self":[{"href":"https:\/\/babypillowwholesale.com\/pl\/wp-json\/wp\/v2\/product\/3317","targetHints":{"allow":["GET"]}}],"collection":[{"href":"https:\/\/babypillowwholesale.com\/pl\/wp-json\/wp\/v2\/product"}],"about":[{"href":"https:\/\/babypillowwholesale.com\/pl\/wp-json\/wp\/v2\/types\/product"}],"replies":[{"embeddable":true,"href":"https:\/\/babypillowwholesale.com\/pl\/wp-json\/wp\/v2\/comments?post=3317"}],"wp:featuredmedia":[{"embeddable":true,"href":"https:\/\/babypillowwholesale.com\/pl\/wp-json\/wp\/v2\/media\/3318"}],"wp:attachment":[{"href":"https:\/\/babypillowwholesale.com\/pl\/wp-json\/wp\/v2\/media?parent=3317"}],"wp:term":[{"taxonomy":"product_brand","embeddable":true,"href":"https:\/\/babypillowwholesale.com\/pl\/wp-json\/wp\/v2\/product_brand?post=3317"},{"taxonomy":"product_cat","embeddable":true,"href":"https:\/\/babypillowwholesale.com\/pl\/wp-json\/wp\/v2\/product_cat?post=3317"},{"taxonomy":"product_tag","embeddable":true,"href":"https:\/\/babypillowwholesale.com\/pl\/wp-json\/wp\/v2\/product_tag?post=3317"}],"curies":[{"name":"wp","href":"https:\/\/api.w.org\/{rel}","templated":true}]}}