{"id":3313,"date":"2025-03-26T08:34:46","date_gmt":"2025-03-26T08:34:46","guid":{"rendered":"https:\/\/babypillowwholesale.com\/?post_type=product&#038;p=3313"},"modified":"2025-06-08T15:21:39","modified_gmt":"2025-06-08T15:21:39","slug":"little-raccoon-contour-pillow","status":"publish","type":"product","link":"https:\/\/babypillowwholesale.com\/pl\/product\/little-raccoon-contour-pillow\/","title":{"rendered":"Poduszka konturowa Little Raccoon"},"content":{"rendered":"<div class=\"auto-hide-last-sibling-br paragraph-qzbcQC paragraph-element br-paragraph-space\" data-immersive-translate-walked=\"8e61f2e7-6af2-46e5-9672-3b9e4f4033d9\" data-immersive-translate-paragraph=\"1\">\n<div class=\"auto-hide-last-sibling-br paragraph-qzbcQC paragraph-element br-paragraph-space\">\n<div class=\"auto-hide-last-sibling-br paragraph-qzbcQC paragraph-element br-paragraph-space\">\n<div class=\"auto-hide-last-sibling-br paragraph-qzbcQC paragraph-element br-paragraph-space\">\n<div class=\"auto-hide-last-sibling-br paragraph-qzbcQC paragraph-element br-paragraph-space\">Przedstawiamy poduszk\u0119 Little Raccoon Contour Pillow, zachwycaj\u0105c\u0105 mieszank\u0119 uroczego designu i profesjonalnej piel\u0119gnacji, starannie wykonan\u0105 dla niemowl\u0105t w wieku 0-12 miesi\u0119cy. Jej uroczy design - przedstawiaj\u0105cy milutkiego szopa z pluszowymi okr\u0105g\u0142ymi uszami i pogodnym wyrazem twarzy - dodaje ciep\u0142a do niezb\u0119dnych akcesori\u00f3w dla niemowl\u0105t. Opr\u00f3cz uroku, wyprofilowana struktura poduszki zapewnia naukowe, ergonomiczne wsparcie, czule ko\u0142ysz\u0105c g\u0142\u00f3wk\u0119 dziecka, aby piel\u0119gnowa\u0107 zdrowy rozw\u00f3j kszta\u0142tu g\u0142owy.<\/div>\n<p>&nbsp;<\/p>\n<div class=\"auto-hide-last-sibling-br paragraph-qzbcQC paragraph-element br-paragraph-space\">W codziennym \u017cyciu idealnie wpasowuje si\u0119 w r\u00f3\u017cne scenerie. W domu umie\u015b\u0107 j\u0105 w \u0142\u00f3\u017ceczku: gdy dziecko zapada w sen, mi\u0119kkie kontury poduszki tworz\u0105 spokojn\u0105 przysta\u0144. Podczas wycieczek na \u015bwie\u017cym powietrzu - niezale\u017cnie od tego, czy jest to spacer po parku, czy wizyta u rodziny - idealnie przylega do w\u00f3zka, zapewniaj\u0105c sta\u0142y komfort. Nawet podczas zabawy na mi\u0119kkiej macie, poduszka podtrzymuje g\u0142\u00f3wk\u0119 dziecka, zapewniaj\u0105c przytulno\u015b\u0107 podczas ka\u017cdej aktywno\u015bci.<\/div>\n<p>&nbsp;<\/p>\n<div class=\"auto-hide-last-sibling-br paragraph-qzbcQC paragraph-element br-paragraph-space\">Rodzice zachwycaj\u0105 si\u0119 t\u0105 poduszk\u0105. \"Moje dziecko wygl\u0105da tak przytulnie na poduszce Little Raccoon Contour Pillow! Jest niesamowicie mi\u0119kka i uwielbiam spos\u00f3b, w jaki konturowa konstrukcja delikatnie podpiera g\u0142\u00f3wk\u0119. R\u00f3\u017cowy kolor r\u00f3wnie\u017c rozja\u015bnia pok\u00f3j dzieci\u0119cy\" - powiedzia\u0142a zachwycona mama. Tata doda\u0142: \"Zabieramy t\u0119 poduszk\u0119 wsz\u0119dzie. Jest trwa\u0142a, \u0142atwa do czyszczenia, a niebieski kolor idealnie pasuje do rzeczy naszego dziecka. Niezb\u0119dna zar\u00f3wno ze wzgl\u0119du na wygod\u0119, jak i korzy\u015bci kszta\u0142tuj\u0105ce g\u0142\u00f3wk\u0119!\"<\/div>\n<p>&nbsp;<\/p>\n<div class=\"auto-hide-last-sibling-br paragraph-qzbcQC paragraph-element br-paragraph-space\">Dost\u0119pna w delikatnym r\u00f3\u017cowym lub uspokajaj\u0105cym niebieskim kolorze, poduszka Little Raccoon Contour wykracza poza bycie zwyk\u0142ym akcesorium dla niemowl\u0105t. To oddany towarzysz, \u0142\u0105cz\u0105cy ujmuj\u0105c\u0105 estetyk\u0119 z profesjonalnym wsparciem kszta\u0142towania g\u0142owy, zapewniaj\u0105c maluchowi komfort i opiek\u0119 w ka\u017cdej cennej chwili jego wczesnego rozwoju.<\/div>\n<\/div>\n<\/div>\n<\/div>\n<\/div>","protected":false},"excerpt":{"rendered":"<p>Poduszka Little Raccoon Contour Pillow, przeznaczona dla niemowl\u0105t w wieku od 0 do 12 miesi\u0119cy, harmonizuje s\u0142odycz z profesjonaln\u0105 opiek\u0105. Jej design, zainspirowany przytulnym ma\u0142ym szopem z okr\u0105g\u0142ymi uszami i pogodnym wyrazem twarzy, dodaje uroczego akcentu do niezb\u0119dnych akcesori\u00f3w dla niemowl\u0105t. Konturowa struktura poduszki zapewnia naukowe, ergonomiczne wsparcie, delikatnie obejmuj\u0105c g\u0142\u00f3wk\u0119 dziecka, aby piel\u0119gnowa\u0107 zdrowy rozw\u00f3j kszta\u0142tu g\u0142owy. Rozmiar 29*<em>21*<\/em>1,5 cm, idealnie pasuje do \u0142\u00f3\u017ceczek dzieci\u0119cych na spokojne drzemki, w\u00f3zk\u00f3w podczas wycieczek lub domowych zestaw\u00f3w do zabawy. Dost\u0119pna w delikatnym r\u00f3\u017cowym lub uspokajaj\u0105cym niebieskim kolorze, ta poduszka to nie tylko funkcjonalny przedmiot do podparcia g\u0142owy - to ciep\u0142y towarzysz, zapewniaj\u0105cy wygod\u0119 i urok podczas cennych wczesnych etap\u00f3w wzrostu dziecka.<\/p>","protected":false},"featured_media":3314,"comment_status":"open","ping_status":"closed","template":"","meta":{"_uag_custom_page_level_css":"","site-sidebar-layout":"default","site-content-layout":"","ast-site-content-layout":"default","site-content-style":"default","site-sidebar-style":"default","ast-global-header-display":"","ast-banner-title-visibility":"","ast-main-header-display":"","ast-hfb-above-header-display":"","ast-hfb-below-header-display":"","ast-hfb-mobile-header-display":"","site-post-title":"","ast-breadcrumbs-content":"","ast-featured-img":"","footer-sml-layout":"","ast-disable-related-posts":"","theme-transparent-header-meta":"default","adv-header-id-meta":"","stick-header-meta":"","header-above-stick-meta":"","header-main-stick-meta":"","header-below-stick-meta":"","astra-migrate-meta-layouts":"set","ast-page-background-enabled":"default","ast-page-background-meta":{"desktop":{"background-color":"","background-image":"","background-repeat":"repeat","background-position":"center center","background-size":"auto","background-attachment":"scroll","background-type":"","background-media":"","overlay-type":"","overlay-color":"","overlay-opacity":"","overlay-gradient":""},"tablet":{"background-color":"","background-image":"","background-repeat":"repeat","background-position":"center center","background-size":"auto","background-attachment":"scroll","background-type":"","background-media":"","overlay-type":"","overlay-color":"","overlay-opacity":"","overlay-gradient":""},"mobile":{"background-color":"","background-image":"","background-repeat":"repeat","background-position":"center center","background-size":"auto","background-attachment":"scroll","background-type":"","background-media":"","overlay-type":"","overlay-color":"","overlay-opacity":"","overlay-gradient":""}},"ast-content-background-meta":{"desktop":{"background-color":"var(--ast-global-color-5)","background-image":"","background-repeat":"repeat","background-position":"center center","background-size":"auto","background-attachment":"scroll","background-type":"","background-media":"","overlay-type":"","overlay-color":"","overlay-opacity":"","overlay-gradient":""},"tablet":{"background-color":"var(--ast-global-color-5)","background-image":"","background-repeat":"repeat","background-position":"center center","background-size":"auto","background-attachment":"scroll","background-type":"","background-media":"","overlay-type":"","overlay-color":"","overlay-opacity":"","overlay-gradient":""},"mobile":{"background-color":"var(--ast-global-color-5)","background-image":"","background-repeat":"repeat","background-position":"center center","background-size":"auto","background-attachment":"scroll","background-type":"","background-media":"","overlay-type":"","overlay-color":"","overlay-opacity":"","overlay-gradient":""}}},"product_brand":[],"product_cat":[55,42],"product_tag":[70,68,71,69],"class_list":{"0":"post-3313","1":"product","2":"type-product","3":"status-publish","4":"has-post-thumbnail","6":"product_cat-0-to-1-year","7":"product_cat-merchandise","8":"product_tag-babypillow","9":"product_tag-cuteanimalpillow","10":"product_tag-headshapesupport","11":"product_tag-kouniushapingpillow","12":"desktop-align-left","13":"tablet-align-left","14":"mobile-align-left","16":"first","17":"instock","18":"featured","19":"shipping-taxable","20":"product-type-simple"},"aioseo_notices":[],"uagb_featured_image_src":{"full":["https:\/\/babypillowwholesale.com\/wp-content\/uploads\/2025\/03\/1520.jpg",1000,1000,false],"thumbnail":["https:\/\/babypillowwholesale.com\/wp-content\/uploads\/2025\/03\/1520-150x150.jpg",150,150,true],"medium":["https:\/\/babypillowwholesale.com\/wp-content\/uploads\/2025\/03\/1520-300x300.jpg",300,300,true],"medium_large":["https:\/\/babypillowwholesale.com\/wp-content\/uploads\/2025\/03\/1520-768x768.jpg",768,768,true],"large":["https:\/\/babypillowwholesale.com\/wp-content\/uploads\/2025\/03\/1520.jpg",1000,1000,false],"1536x1536":["https:\/\/babypillowwholesale.com\/wp-content\/uploads\/2025\/03\/1520.jpg",1000,1000,false],"2048x2048":["https:\/\/babypillowwholesale.com\/wp-content\/uploads\/2025\/03\/1520.jpg",1000,1000,false],"trp-custom-language-flag":["https:\/\/babypillowwholesale.com\/wp-content\/uploads\/2025\/03\/1520.jpg",12,12,false],"woocommerce_thumbnail":["https:\/\/babypillowwholesale.com\/wp-content\/uploads\/2025\/03\/1520-300x300.jpg",300,300,true],"woocommerce_single":["https:\/\/babypillowwholesale.com\/wp-content\/uploads\/2025\/03\/1520-600x600.jpg",600,600,true],"woocommerce_gallery_thumbnail":["https:\/\/babypillowwholesale.com\/wp-content\/uploads\/2025\/03\/1520-100x100.jpg",100,100,true]},"uagb_author_info":{"display_name":"Etnen zhong","author_link":"https:\/\/babypillowwholesale.com\/pl\/author\/"},"uagb_comment_info":0,"uagb_excerpt":"The Little Raccoon Contour Pillow, tailored for infants aged 0\u201312 months, harmonizes cuteness with professional care. Its design, inspired by a cuddly little raccoon with round ears and a serene expression, adds an endearing touch to baby essentials. The pillow\u2019s contour structure offers scientific, ergonomic support, gently embracing the baby\u2019s head to nurture healthy head&hellip;","jetpack_sharing_enabled":true,"_links":{"self":[{"href":"https:\/\/babypillowwholesale.com\/pl\/wp-json\/wp\/v2\/product\/3313","targetHints":{"allow":["GET"]}}],"collection":[{"href":"https:\/\/babypillowwholesale.com\/pl\/wp-json\/wp\/v2\/product"}],"about":[{"href":"https:\/\/babypillowwholesale.com\/pl\/wp-json\/wp\/v2\/types\/product"}],"replies":[{"embeddable":true,"href":"https:\/\/babypillowwholesale.com\/pl\/wp-json\/wp\/v2\/comments?post=3313"}],"wp:featuredmedia":[{"embeddable":true,"href":"https:\/\/babypillowwholesale.com\/pl\/wp-json\/wp\/v2\/media\/3314"}],"wp:attachment":[{"href":"https:\/\/babypillowwholesale.com\/pl\/wp-json\/wp\/v2\/media?parent=3313"}],"wp:term":[{"taxonomy":"product_brand","embeddable":true,"href":"https:\/\/babypillowwholesale.com\/pl\/wp-json\/wp\/v2\/product_brand?post=3313"},{"taxonomy":"product_cat","embeddable":true,"href":"https:\/\/babypillowwholesale.com\/pl\/wp-json\/wp\/v2\/product_cat?post=3313"},{"taxonomy":"product_tag","embeddable":true,"href":"https:\/\/babypillowwholesale.com\/pl\/wp-json\/wp\/v2\/product_tag?post=3313"}],"curies":[{"name":"wp","href":"https:\/\/api.w.org\/{rel}","templated":true}]}}