{"id":3309,"date":"2025-03-24T15:39:32","date_gmt":"2025-03-24T15:39:32","guid":{"rendered":"https:\/\/babypillowwholesale.com\/?post_type=product&#038;p=3309"},"modified":"2025-06-07T07:18:49","modified_gmt":"2025-06-07T07:18:49","slug":"crown-3d-contour-pillow","status":"publish","type":"product","link":"https:\/\/babypillowwholesale.com\/pl\/product\/crown-3d-contour-pillow\/","title":{"rendered":"Poduszka konturowa Crown 3D"},"content":{"rendered":"<div class=\"auto-hide-last-sibling-br paragraph-qzbcQC paragraph-element br-paragraph-space\" data-immersive-translate-walked=\"8e61f2e7-6af2-46e5-9672-3b9e4f4033d9\" data-immersive-translate-paragraph=\"1\">\n<div class=\"auto-hide-last-sibling-br paragraph-qzbcQC paragraph-element br-paragraph-space\">\n<div class=\"auto-hide-last-sibling-br paragraph-qzbcQC paragraph-element br-paragraph-space\">\n<div class=\"auto-hide-last-sibling-br paragraph-qzbcQC paragraph-element br-paragraph-space\">Przedstawiamy poduszk\u0119 Crown 3D Contour Pillow, kt\u00f3ra \u0142\u0105czy w sobie bezpiecze\u0144stwo, wygod\u0119 i urok dla niemowl\u0105t w wieku od 0 do 12 miesi\u0119cy. Wykonana z najwy\u017cszej jako\u015bci, przyjaznych dla sk\u00f3ry materia\u0142\u00f3w, zapewnia delikatn\u0105 piel\u0119gnacj\u0119 delikatnej g\u0142\u00f3wki dziecka. Unikalna, wyprofilowana konstrukcja 3D, zwie\u0144czona uroczym motywem, zapewnia ergonomiczne wsparcie dla zdrowego kszta\u0142tu g\u0142owy, jednocze\u015bnie dodaj\u0105c kr\u00f3lewski akcent do ka\u017cdej sceny.<\/div>\n<p>&nbsp;<\/p>\n<div class=\"auto-hide-last-sibling-br paragraph-qzbcQC paragraph-element br-paragraph-space\">Wyobra\u017a sobie wzruszaj\u0105ce chwile rodzica z dzieckiem: przed snem k\u0142adziesz swoje male\u0144stwo na tej poduszce, szemrz\u0105c ko\u0142ysanki. Jej mi\u0119kkie krzywizny otulaj\u0105 g\u0142\u00f3wk\u0119, tworz\u0105c bezpieczn\u0105 przestrze\u0144 dla s\u0142odkich sn\u00f3w. Podczas zabawnych porank\u00f3w, gdy potrz\u0105sasz grzechotkami lub chichoczesz, poduszka przylega do \u0142\u00f3\u017ceczka, zapewniaj\u0105c stabilne podparcie, podczas gdy dziecko rado\u015bnie kopie, a jego \u015bmiech roz\u015bwietla pok\u00f3j.<\/div>\n<p>&nbsp;<\/p>\n<div class=\"auto-hide-last-sibling-br paragraph-qzbcQC paragraph-element br-paragraph-space\">Rodzice j\u0105 uwielbiaj\u0105! Jedna z mam m\u00f3wi: \"Ta poduszka z koron\u0105 odmieni\u0142a czas snu - moje dziecko \u015bpi spokojnie, a materia\u0142 jest niezwykle bezpieczny. Ponadto korona sprawia, \u017ce ka\u017cde zdj\u0119cie jest nieodparcie urocze!\". Inny rodzic chwali: \"To podstawa pokoju dzieci\u0119cego! Poza uroczym designem, jego wsparcie \u0142agodzi moje obawy o rozw\u00f3j g\u0142owy\".<\/div>\n<p>&nbsp;<\/p>\n<div class=\"auto-hide-last-sibling-br paragraph-qzbcQC paragraph-element br-paragraph-space\">Dost\u0119pna w delikatnym r\u00f3\u017cowym i uspokajaj\u0105cym niebieskim kolorze, poduszka Crown 3D Contour Pillow to co\u015b wi\u0119cej ni\u017c produkt - to ukochany towarzysz, kt\u00f3ry podnosi jako\u015b\u0107 ka\u017cdej czu\u0142ej interakcji, jednocze\u015bnie chroni\u0105c rozw\u00f3j dziecka dzi\u0119ki bezpiecze\u0144stwu, funkcjonalno\u015bci i urzekaj\u0105cemu stylowi.<\/div>\n<\/div>\n<\/div>\n<\/div>","protected":false},"excerpt":{"rendered":"<p>Poduszka Crown 3D Contour Pillow to wykwintne i funkcjonalne akcesorium przeznaczone dla niemowl\u0105t w wieku od 0 do 12 miesi\u0119cy. Jej design podkre\u015bla uroczy element korony w po\u0142\u0105czeniu z wyprofilowan\u0105 struktur\u0105 3D, kt\u00f3ra dodaje zar\u00f3wno kr\u00f3lewskiej elegancji, jak i ergonomicznego wsparcia. Kszta\u0142t poduszki delikatnie podtrzymuje g\u0142\u00f3wk\u0119 dziecka, skutecznie pomagaj\u0105c utrzyma\u0107 zdrowy kszta\u0142t g\u0142owy przez ca\u0142y okres wzrostu. Specyfikacja 29*<em>21*<\/em>1,5 cm, oferuje du\u017c\u0105, wygodn\u0105 przestrze\u0144 dla g\u0142owy. Dost\u0119pny w delikatnym r\u00f3\u017cowym lub uspokajaj\u0105cym niebieskim kolorze, zaspokaja r\u00f3\u017cnorodne preferencje estetyczne, p\u0142ynnie \u0142\u0105cz\u0105c stylowy design z praktyczn\u0105 piel\u0119gnacj\u0105 g\u0142owy w cennych wczesnych miesi\u0105cach.<\/p>","protected":false},"featured_media":3310,"comment_status":"open","ping_status":"closed","template":"","meta":{"_uag_custom_page_level_css":"","site-sidebar-layout":"default","site-content-layout":"","ast-site-content-layout":"default","site-content-style":"default","site-sidebar-style":"default","ast-global-header-display":"","ast-banner-title-visibility":"","ast-main-header-display":"","ast-hfb-above-header-display":"","ast-hfb-below-header-display":"","ast-hfb-mobile-header-display":"","site-post-title":"","ast-breadcrumbs-content":"","ast-featured-img":"","footer-sml-layout":"","ast-disable-related-posts":"","theme-transparent-header-meta":"default","adv-header-id-meta":"","stick-header-meta":"","header-above-stick-meta":"","header-main-stick-meta":"","header-below-stick-meta":"","astra-migrate-meta-layouts":"set","ast-page-background-enabled":"default","ast-page-background-meta":{"desktop":{"background-color":"","background-image":"","background-repeat":"repeat","background-position":"center center","background-size":"auto","background-attachment":"scroll","background-type":"","background-media":"","overlay-type":"","overlay-color":"","overlay-opacity":"","overlay-gradient":""},"tablet":{"background-color":"","background-image":"","background-repeat":"repeat","background-position":"center center","background-size":"auto","background-attachment":"scroll","background-type":"","background-media":"","overlay-type":"","overlay-color":"","overlay-opacity":"","overlay-gradient":""},"mobile":{"background-color":"","background-image":"","background-repeat":"repeat","background-position":"center center","background-size":"auto","background-attachment":"scroll","background-type":"","background-media":"","overlay-type":"","overlay-color":"","overlay-opacity":"","overlay-gradient":""}},"ast-content-background-meta":{"desktop":{"background-color":"var(--ast-global-color-5)","background-image":"","background-repeat":"repeat","background-position":"center center","background-size":"auto","background-attachment":"scroll","background-type":"","background-media":"","overlay-type":"","overlay-color":"","overlay-opacity":"","overlay-gradient":""},"tablet":{"background-color":"var(--ast-global-color-5)","background-image":"","background-repeat":"repeat","background-position":"center center","background-size":"auto","background-attachment":"scroll","background-type":"","background-media":"","overlay-type":"","overlay-color":"","overlay-opacity":"","overlay-gradient":""},"mobile":{"background-color":"var(--ast-global-color-5)","background-image":"","background-repeat":"repeat","background-position":"center center","background-size":"auto","background-attachment":"scroll","background-type":"","background-media":"","overlay-type":"","overlay-color":"","overlay-opacity":"","overlay-gradient":""}}},"product_brand":[],"product_cat":[55,42],"product_tag":[70,68,71,69],"class_list":{"0":"post-3309","1":"product","2":"type-product","3":"status-publish","4":"has-post-thumbnail","6":"product_cat-0-to-1-year","7":"product_cat-merchandise","8":"product_tag-babypillow","9":"product_tag-cuteanimalpillow","10":"product_tag-headshapesupport","11":"product_tag-kouniushapingpillow","12":"desktop-align-left","13":"tablet-align-left","14":"mobile-align-left","16":"first","17":"instock","18":"featured","19":"shipping-taxable","20":"product-type-simple"},"aioseo_notices":[],"uagb_featured_image_src":{"full":["https:\/\/babypillowwholesale.com\/wp-content\/uploads\/2025\/03\/1061.jpg",1000,1000,false],"thumbnail":["https:\/\/babypillowwholesale.com\/wp-content\/uploads\/2025\/03\/1061-150x150.jpg",150,150,true],"medium":["https:\/\/babypillowwholesale.com\/wp-content\/uploads\/2025\/03\/1061-300x300.jpg",300,300,true],"medium_large":["https:\/\/babypillowwholesale.com\/wp-content\/uploads\/2025\/03\/1061-768x768.jpg",768,768,true],"large":["https:\/\/babypillowwholesale.com\/wp-content\/uploads\/2025\/03\/1061.jpg",1000,1000,false],"1536x1536":["https:\/\/babypillowwholesale.com\/wp-content\/uploads\/2025\/03\/1061.jpg",1000,1000,false],"2048x2048":["https:\/\/babypillowwholesale.com\/wp-content\/uploads\/2025\/03\/1061.jpg",1000,1000,false],"trp-custom-language-flag":["https:\/\/babypillowwholesale.com\/wp-content\/uploads\/2025\/03\/1061.jpg",12,12,false],"woocommerce_thumbnail":["https:\/\/babypillowwholesale.com\/wp-content\/uploads\/2025\/03\/1061-300x300.jpg",300,300,true],"woocommerce_single":["https:\/\/babypillowwholesale.com\/wp-content\/uploads\/2025\/03\/1061-600x600.jpg",600,600,true],"woocommerce_gallery_thumbnail":["https:\/\/babypillowwholesale.com\/wp-content\/uploads\/2025\/03\/1061-100x100.jpg",100,100,true]},"uagb_author_info":{"display_name":"Etnen zhong","author_link":"https:\/\/babypillowwholesale.com\/pl\/author\/"},"uagb_comment_info":0,"uagb_excerpt":"The Crown 3D Contour Pillow is an exquisite and functional accessory tailored for infants aged 0 to 12 months. Its design highlights a charming crown element, paired with a 3D - contoured structure that adds both regal elegance and ergonomic support. The pillow\u2019s shape gently cradles the baby\u2019s head, effectively helping maintain a healthy head&hellip;","jetpack_sharing_enabled":true,"_links":{"self":[{"href":"https:\/\/babypillowwholesale.com\/pl\/wp-json\/wp\/v2\/product\/3309","targetHints":{"allow":["GET"]}}],"collection":[{"href":"https:\/\/babypillowwholesale.com\/pl\/wp-json\/wp\/v2\/product"}],"about":[{"href":"https:\/\/babypillowwholesale.com\/pl\/wp-json\/wp\/v2\/types\/product"}],"replies":[{"embeddable":true,"href":"https:\/\/babypillowwholesale.com\/pl\/wp-json\/wp\/v2\/comments?post=3309"}],"wp:featuredmedia":[{"embeddable":true,"href":"https:\/\/babypillowwholesale.com\/pl\/wp-json\/wp\/v2\/media\/3310"}],"wp:attachment":[{"href":"https:\/\/babypillowwholesale.com\/pl\/wp-json\/wp\/v2\/media?parent=3309"}],"wp:term":[{"taxonomy":"product_brand","embeddable":true,"href":"https:\/\/babypillowwholesale.com\/pl\/wp-json\/wp\/v2\/product_brand?post=3309"},{"taxonomy":"product_cat","embeddable":true,"href":"https:\/\/babypillowwholesale.com\/pl\/wp-json\/wp\/v2\/product_cat?post=3309"},{"taxonomy":"product_tag","embeddable":true,"href":"https:\/\/babypillowwholesale.com\/pl\/wp-json\/wp\/v2\/product_tag?post=3309"}],"curies":[{"name":"wp","href":"https:\/\/api.w.org\/{rel}","templated":true}]}}