{"id":3300,"date":"2025-03-22T02:53:38","date_gmt":"2025-03-22T02:53:38","guid":{"rendered":"https:\/\/babypillowwholesale.com\/?post_type=product&#038;p=3300"},"modified":"2025-06-08T15:41:34","modified_gmt":"2025-06-08T15:41:34","slug":"penguin-shaping-pillow","status":"publish","type":"product","link":"https:\/\/babypillowwholesale.com\/pl\/product\/penguin-shaping-pillow\/","title":{"rendered":"Poduszka w kszta\u0142cie pingwina"},"content":{"rendered":"<div class=\"auto-hide-last-sibling-br paragraph-qzbcQC paragraph-element br-paragraph-space\" data-immersive-translate-walked=\"8e61f2e7-6af2-46e5-9672-3b9e4f4033d9\" data-immersive-translate-paragraph=\"1\">\n<div class=\"auto-hide-last-sibling-br paragraph-qzbcQC paragraph-element br-paragraph-space\">Zachwy\u0107 si\u0119 urokiem naszej poduszki w kszta\u0142cie pingwina, starannie wykonanego niezb\u0119dnika zaprojektowanego dla najmniejszych poszukiwaczy przyg\u00f3d w wieku od 0 do 6 miesi\u0119cy. Przypominaj\u0105ca uroczego pingwina z pulchnym cia\u0142em, delikatnymi p\u0142etwami i uroczym ma\u0142ym dziobem, ta poduszka jest wizualn\u0105 gratk\u0105, kt\u00f3ra wnosi natychmiastow\u0105 dawk\u0119 uroku do \u015bwiata Twojego dziecka. W tej poduszce funkcjonalno\u015b\u0107 \u0142\u0105czy si\u0119 ze stylem. Starannie wyprofilowane centralne wyci\u0119cie zapewnia delikatne, ko\u0142ysz\u0105ce wsparcie dla delikatnej g\u0142\u00f3wki dziecka, prowadz\u0105c j\u0105 p\u0142ynnie w kierunku idealnego kszta\u0142tu podczas podr\u00f3\u017cy przez cenne wczesne dni. Rozmiar 26,5*25*1,5 cm sprawia, \u017ce jest niezwykle elastyczny. Podczas spokojnych wieczor\u00f3w w domu, umie\u015b\u0107 go w \u0142\u00f3\u017ceczku dziecka i obserwuj, jak tworzy przytuln\u0105, pingwini\u0105 przysta\u0144, usypiaj\u0105c malucha do spokojnego snu. Gdy jeste\u015b na zimowym spacerze lub odwiedzasz zoo, poduszka idealnie pasuje do w\u00f3zka, zapewniaj\u0105c dziecku wygod\u0119 w otoczeniu zachwycaj\u0105cego wzoru pingwina. Rodzice s\u0105 absolutnie zakochani w tej poduszce! Jedna z mam powiedzia\u0142a: \"Moje dziecko nie mo\u017ce si\u0119 nacieszy\u0107 t\u0105 poduszk\u0105 w pingwiny. Jest taka mi\u0119kka, a wz\u00f3r jest po prostu zbyt uroczy. Poza tym jest naprawd\u0119 pomocna w utrzymaniu g\u0142owy w dobrej pozycji\". Pewien tata doda\u0142: \"Sta\u0142a si\u0119 naszym niezb\u0119dnikiem na ka\u017cd\u0105 wycieczk\u0119. Opcje kolorystyczne s\u0105 \u015bwietne, a nasze dziecko zawsze wygl\u0105da na szcz\u0119\u015bliwe, gdy widzi pingwina. Gor\u0105co polecam!\" Dost\u0119pna w uroczych odcieniach r\u00f3\u017cu i b\u0142\u0119kitu, poduszka Penguin Shaping Pillow to co\u015b wi\u0119cej ni\u017c tylko akcesorium dla niemowl\u0105t; to ceniony towarzysz, obiecuj\u0105cy wygod\u0119, wsparcie i mn\u00f3stwo rado\u015bci inspirowanej pingwinami w pierwszych miesi\u0105cach \u017cycia dziecka.<\/div>\n<\/div>","protected":false},"excerpt":{"rendered":"<p>Poduszka kszta\u0142tuj\u0105ca Pingwin to nieodparcie uroczy i praktyczny produkt przeznaczony dla niemowl\u0105t w wieku od 0 do 6 miesi\u0119cy. Jej design, wzorowany na uroczym pingwinie z puco\u0142owatym cia\u0142em, p\u0142etwami i s\u0142odkim dziobem, z pewno\u015bci\u0105 podbije serca od pierwszego wejrzenia. Centralne wyci\u0119cie poduszki zosta\u0142o starannie zaprojektowane, aby zapewni\u0107 delikatne i ergonomiczne wsparcie dla g\u0142\u00f3wki dziecka, pomagaj\u0105c utrzyma\u0107 prawid\u0142owy kszta\u0142t g\u0142owy podczas kluczowego etapu wczesnego rozwoju. Wymiary 26,5*<em>25*<\/em>1,5 cm, idealnie pasuje do \u0142\u00f3\u017ceczek, w\u00f3zk\u00f3w lub noside\u0142ek, oferuj\u0105c przytulne i znajome miejsce do odpoczynku dla malucha, gdziekolwiek si\u0119 znajduje. Dost\u0119pny w kolorze r\u00f3\u017cowym i niebieskim, pozwala rodzicom wybra\u0107 kolor, kt\u00f3ry pasuje do ich preferencji lub wystroju pokoju dzieci\u0119cego, \u0142\u0105cz\u0105c zar\u00f3wno urok, jak i funkcjonalno\u015b\u0107, aby poprawi\u0107 opiek\u0119 nad dzieckiem.<\/p>","protected":false},"featured_media":3301,"comment_status":"open","ping_status":"closed","template":"","meta":{"_uag_custom_page_level_css":"","site-sidebar-layout":"default","site-content-layout":"","ast-site-content-layout":"default","site-content-style":"default","site-sidebar-style":"default","ast-global-header-display":"","ast-banner-title-visibility":"","ast-main-header-display":"","ast-hfb-above-header-display":"","ast-hfb-below-header-display":"","ast-hfb-mobile-header-display":"","site-post-title":"","ast-breadcrumbs-content":"","ast-featured-img":"","footer-sml-layout":"","ast-disable-related-posts":"","theme-transparent-header-meta":"default","adv-header-id-meta":"","stick-header-meta":"","header-above-stick-meta":"","header-main-stick-meta":"","header-below-stick-meta":"","astra-migrate-meta-layouts":"set","ast-page-background-enabled":"default","ast-page-background-meta":{"desktop":{"background-color":"","background-image":"","background-repeat":"repeat","background-position":"center center","background-size":"auto","background-attachment":"scroll","background-type":"","background-media":"","overlay-type":"","overlay-color":"","overlay-opacity":"","overlay-gradient":""},"tablet":{"background-color":"","background-image":"","background-repeat":"repeat","background-position":"center center","background-size":"auto","background-attachment":"scroll","background-type":"","background-media":"","overlay-type":"","overlay-color":"","overlay-opacity":"","overlay-gradient":""},"mobile":{"background-color":"","background-image":"","background-repeat":"repeat","background-position":"center center","background-size":"auto","background-attachment":"scroll","background-type":"","background-media":"","overlay-type":"","overlay-color":"","overlay-opacity":"","overlay-gradient":""}},"ast-content-background-meta":{"desktop":{"background-color":"var(--ast-global-color-5)","background-image":"","background-repeat":"repeat","background-position":"center center","background-size":"auto","background-attachment":"scroll","background-type":"","background-media":"","overlay-type":"","overlay-color":"","overlay-opacity":"","overlay-gradient":""},"tablet":{"background-color":"var(--ast-global-color-5)","background-image":"","background-repeat":"repeat","background-position":"center center","background-size":"auto","background-attachment":"scroll","background-type":"","background-media":"","overlay-type":"","overlay-color":"","overlay-opacity":"","overlay-gradient":""},"mobile":{"background-color":"var(--ast-global-color-5)","background-image":"","background-repeat":"repeat","background-position":"center center","background-size":"auto","background-attachment":"scroll","background-type":"","background-media":"","overlay-type":"","overlay-color":"","overlay-opacity":"","overlay-gradient":""}}},"product_brand":[],"product_cat":[54,42],"product_tag":[70,68,71,69],"class_list":{"0":"post-3300","1":"product","2":"type-product","3":"status-publish","4":"has-post-thumbnail","6":"product_cat-0-to-6months","7":"product_cat-merchandise","8":"product_tag-babypillow","9":"product_tag-cuteanimalpillow","10":"product_tag-headshapesupport","11":"product_tag-kouniushapingpillow","12":"desktop-align-left","13":"tablet-align-left","14":"mobile-align-left","16":"first","17":"instock","18":"shipping-taxable","19":"product-type-simple"},"aioseo_notices":[],"uagb_featured_image_src":{"full":["https:\/\/babypillowwholesale.com\/wp-content\/uploads\/2025\/03\/1511.jpg",1000,1000,false],"thumbnail":["https:\/\/babypillowwholesale.com\/wp-content\/uploads\/2025\/03\/1511-150x150.jpg",150,150,true],"medium":["https:\/\/babypillowwholesale.com\/wp-content\/uploads\/2025\/03\/1511-300x300.jpg",300,300,true],"medium_large":["https:\/\/babypillowwholesale.com\/wp-content\/uploads\/2025\/03\/1511-768x768.jpg",768,768,true],"large":["https:\/\/babypillowwholesale.com\/wp-content\/uploads\/2025\/03\/1511.jpg",1000,1000,false],"1536x1536":["https:\/\/babypillowwholesale.com\/wp-content\/uploads\/2025\/03\/1511.jpg",1000,1000,false],"2048x2048":["https:\/\/babypillowwholesale.com\/wp-content\/uploads\/2025\/03\/1511.jpg",1000,1000,false],"trp-custom-language-flag":["https:\/\/babypillowwholesale.com\/wp-content\/uploads\/2025\/03\/1511.jpg",12,12,false],"woocommerce_thumbnail":["https:\/\/babypillowwholesale.com\/wp-content\/uploads\/2025\/03\/1511-300x300.jpg",300,300,true],"woocommerce_single":["https:\/\/babypillowwholesale.com\/wp-content\/uploads\/2025\/03\/1511-600x600.jpg",600,600,true],"woocommerce_gallery_thumbnail":["https:\/\/babypillowwholesale.com\/wp-content\/uploads\/2025\/03\/1511-100x100.jpg",100,100,true]},"uagb_author_info":{"display_name":"Etnen zhong","author_link":"https:\/\/babypillowwholesale.com\/pl\/author\/"},"uagb_comment_info":0,"uagb_excerpt":"The Penguin Shaping Pillow is an irresistibly cute and practical product tailored for infants aged 0 to 6 months. Its design, modeled after an adorable penguin with a chubby body, flippers, and a sweet beak, is sure to win hearts at first sight. The central cut - out of the pillow is carefully engineered to&hellip;","jetpack_sharing_enabled":true,"_links":{"self":[{"href":"https:\/\/babypillowwholesale.com\/pl\/wp-json\/wp\/v2\/product\/3300","targetHints":{"allow":["GET"]}}],"collection":[{"href":"https:\/\/babypillowwholesale.com\/pl\/wp-json\/wp\/v2\/product"}],"about":[{"href":"https:\/\/babypillowwholesale.com\/pl\/wp-json\/wp\/v2\/types\/product"}],"replies":[{"embeddable":true,"href":"https:\/\/babypillowwholesale.com\/pl\/wp-json\/wp\/v2\/comments?post=3300"}],"wp:featuredmedia":[{"embeddable":true,"href":"https:\/\/babypillowwholesale.com\/pl\/wp-json\/wp\/v2\/media\/3301"}],"wp:attachment":[{"href":"https:\/\/babypillowwholesale.com\/pl\/wp-json\/wp\/v2\/media?parent=3300"}],"wp:term":[{"taxonomy":"product_brand","embeddable":true,"href":"https:\/\/babypillowwholesale.com\/pl\/wp-json\/wp\/v2\/product_brand?post=3300"},{"taxonomy":"product_cat","embeddable":true,"href":"https:\/\/babypillowwholesale.com\/pl\/wp-json\/wp\/v2\/product_cat?post=3300"},{"taxonomy":"product_tag","embeddable":true,"href":"https:\/\/babypillowwholesale.com\/pl\/wp-json\/wp\/v2\/product_tag?post=3300"}],"curies":[{"name":"wp","href":"https:\/\/api.w.org\/{rel}","templated":true}]}}