{"id":3297,"date":"2025-03-22T02:36:47","date_gmt":"2025-03-22T02:36:47","guid":{"rendered":"https:\/\/babypillowwholesale.com\/?post_type=product&#038;p=3297"},"modified":"2025-06-08T16:05:37","modified_gmt":"2025-06-08T16:05:37","slug":"snotty-elephant-shaping-pillow","status":"publish","type":"product","link":"https:\/\/babypillowwholesale.com\/pl\/product\/snotty-elephant-shaping-pillow\/","title":{"rendered":"Poduszka w kszta\u0142cie smarkatego s\u0142onia"},"content":{"rendered":"<div class=\"auto-hide-last-sibling-br paragraph-qzbcQC paragraph-element br-paragraph-space\" data-immersive-translate-walked=\"8e61f2e7-6af2-46e5-9672-3b9e4f4033d9\" data-immersive-translate-paragraph=\"1\">\n<div class=\"auto-hide-last-sibling-br paragraph-qzbcQC paragraph-element br-paragraph-space\">Zanurz si\u0119 w \u015bwiecie wygody i uroku z nasz\u0105 poduszk\u0105 Snotty Elephant Shaping Pillow, sennym niezb\u0119dnikiem zaprojektowanym specjalnie dla najmniejszych skarb\u00f3w w wieku od 0 do 6 miesi\u0119cy. Jej czaruj\u0105cy design, inspirowany \u0142agodnym s\u0142oniem Snotty, ma du\u017ce, klapni\u0119te uszy i s\u0142odk\u0105, minimalistyczn\u0105 twarz, natychmiast dodaj\u0105c odrobin\u0119 oceanicznego uroku do pokoju dzieci\u0119cego. Ta poduszka to nie tylko uroczy wygl\u0105d; to tak\u017ce pot\u0119\u017cne wsparcie. Precyzyjnie wyprofilowane centralne wyci\u0119cie zapewnia delikatne, uspokajaj\u0105ce obj\u0119cie delikatnej g\u0142\u00f3wki dziecka, prowadz\u0105c j\u0105 z wdzi\u0119kiem w kierunku idealnego kszta\u0142tu, gdy odkrywaj\u0105 cuda swoich wczesnych dni. Mierz\u0105c 26,5*25*1,5 cm, jest niezwykle wszechstronny. Podczas tych spokojnych popo\u0142udni w domu, umie\u015b\u0107 go w \u0142\u00f3\u017ceczku dziecka i obserwuj, jak przekszta\u0142ca drzemk\u0119 w spokojn\u0105 oceaniczn\u0105 przygod\u0119. Podczas rodzinnych wycieczek, niezale\u017cnie od tego, czy jest to wycieczka na pla\u017c\u0119, czy wizyta w akwarium, poduszka idealnie pasuje do w\u00f3zka, zapewniaj\u0105c maluchowi wygodn\u0105 podr\u00f3\u017c w otoczeniu znajomego uroku s\u0142onia Snotty'ego. Rodzice s\u0105 zachwyceni t\u0105 poduszk\u0105! \"Moje dziecko uwielbia przytula\u0107 si\u0119 do tej poduszki w kszta\u0142cie s\u0142onia. Jest taka mi\u0119kka, a jej wz\u00f3r jest wyj\u0105tkowy. Zauwa\u017cy\u0142am r\u00f3wnie\u017c, \u017ce \u015bwietnie nadaje si\u0119 do utrzymania prawid\u0142owego kszta\u0142tu g\u0142owy\" - powiedzia\u0142a jedna z zachwyconych mam. Pewien tata powiedzia\u0142: \"Sta\u0142a si\u0119 dla nas niezb\u0119dna. \u0141atwy do przenoszenia, a opcje kolorystyczne s\u0105 naprawd\u0119 \u0142adne. Nasze dziecko zawsze wydaje si\u0119 by\u0107 zadowolone, gdy go u\u017cywamy\". Dost\u0119pna w uroczych odcieniach r\u00f3\u017cu i b\u0142\u0119kitu, poduszka Ocean Elephant Shaping Pillow to co\u015b wi\u0119cej ni\u017c tylko akcesorium dla niemowl\u0105t; to ukochany towarzysz, obiecuj\u0105cy wygod\u0119, wsparcie i mn\u00f3stwo oceanicznego uroku w cennych pierwszych miesi\u0105cach \u017cycia dziecka.<\/div>\n<\/div>","protected":false},"excerpt":{"rendered":"<p>Poduszka Snotty Elephant Shaping Pillow to atrakcyjny i praktyczny wyb\u00f3r dla niemowl\u0105t w wieku od 0 do 6 miesi\u0119cy. Jej design, wzorowany na s\u0142oniu o tematyce oceanicznej z du\u017cymi uszami i prost\u0105, urocz\u0105 buzi\u0105, przyci\u0105ga wzrok. Centralne wyci\u0119cie w poduszce jest starannie ukszta\u0142towane, aby zapewni\u0107 delikatne wsparcie dla g\u0142\u00f3wki dziecka, pomagaj\u0105c utrzyma\u0107 prawid\u0142owy kszta\u0142t g\u0142owy podczas wczesnego rozwoju. Wymiary 26,5*<em>25*<\/em>1,5 cm, dobrze pasuje do \u0142\u00f3\u017ceczek, w\u00f3zk\u00f3w lub gdy dziecko odpoczywa na macie do zabawy. Dost\u0119pny w kolorze r\u00f3\u017cowym i niebieskim, daje rodzicom mo\u017cliwo\u015b\u0107 wyboru koloru, kt\u00f3ry pasuje do ich gustu lub wystroju pokoju dzieci\u0119cego, \u0142\u0105cz\u0105c zar\u00f3wno urok, jak i funkcjonalno\u015b\u0107 w opiece nad dzieckiem.<\/p>","protected":false},"featured_media":3298,"comment_status":"open","ping_status":"closed","template":"","meta":{"_uag_custom_page_level_css":"","site-sidebar-layout":"default","site-content-layout":"","ast-site-content-layout":"default","site-content-style":"default","site-sidebar-style":"default","ast-global-header-display":"","ast-banner-title-visibility":"","ast-main-header-display":"","ast-hfb-above-header-display":"","ast-hfb-below-header-display":"","ast-hfb-mobile-header-display":"","site-post-title":"","ast-breadcrumbs-content":"","ast-featured-img":"","footer-sml-layout":"","ast-disable-related-posts":"","theme-transparent-header-meta":"default","adv-header-id-meta":"","stick-header-meta":"","header-above-stick-meta":"","header-main-stick-meta":"","header-below-stick-meta":"","astra-migrate-meta-layouts":"set","ast-page-background-enabled":"default","ast-page-background-meta":{"desktop":{"background-color":"","background-image":"","background-repeat":"repeat","background-position":"center center","background-size":"auto","background-attachment":"scroll","background-type":"","background-media":"","overlay-type":"","overlay-color":"","overlay-opacity":"","overlay-gradient":""},"tablet":{"background-color":"","background-image":"","background-repeat":"repeat","background-position":"center center","background-size":"auto","background-attachment":"scroll","background-type":"","background-media":"","overlay-type":"","overlay-color":"","overlay-opacity":"","overlay-gradient":""},"mobile":{"background-color":"","background-image":"","background-repeat":"repeat","background-position":"center center","background-size":"auto","background-attachment":"scroll","background-type":"","background-media":"","overlay-type":"","overlay-color":"","overlay-opacity":"","overlay-gradient":""}},"ast-content-background-meta":{"desktop":{"background-color":"var(--ast-global-color-5)","background-image":"","background-repeat":"repeat","background-position":"center center","background-size":"auto","background-attachment":"scroll","background-type":"","background-media":"","overlay-type":"","overlay-color":"","overlay-opacity":"","overlay-gradient":""},"tablet":{"background-color":"var(--ast-global-color-5)","background-image":"","background-repeat":"repeat","background-position":"center center","background-size":"auto","background-attachment":"scroll","background-type":"","background-media":"","overlay-type":"","overlay-color":"","overlay-opacity":"","overlay-gradient":""},"mobile":{"background-color":"var(--ast-global-color-5)","background-image":"","background-repeat":"repeat","background-position":"center center","background-size":"auto","background-attachment":"scroll","background-type":"","background-media":"","overlay-type":"","overlay-color":"","overlay-opacity":"","overlay-gradient":""}}},"product_brand":[],"product_cat":[54,42],"product_tag":[70,68,71,69],"class_list":{"0":"post-3297","1":"product","2":"type-product","3":"status-publish","4":"has-post-thumbnail","6":"product_cat-0-to-6months","7":"product_cat-merchandise","8":"product_tag-babypillow","9":"product_tag-cuteanimalpillow","10":"product_tag-headshapesupport","11":"product_tag-kouniushapingpillow","12":"desktop-align-left","13":"tablet-align-left","14":"mobile-align-left","16":"first","17":"instock","18":"shipping-taxable","19":"product-type-simple"},"aioseo_notices":[],"uagb_featured_image_src":{"full":["https:\/\/babypillowwholesale.com\/wp-content\/uploads\/2025\/03\/1510.jpg",1000,1000,false],"thumbnail":["https:\/\/babypillowwholesale.com\/wp-content\/uploads\/2025\/03\/1510-150x150.jpg",150,150,true],"medium":["https:\/\/babypillowwholesale.com\/wp-content\/uploads\/2025\/03\/1510-300x300.jpg",300,300,true],"medium_large":["https:\/\/babypillowwholesale.com\/wp-content\/uploads\/2025\/03\/1510-768x768.jpg",768,768,true],"large":["https:\/\/babypillowwholesale.com\/wp-content\/uploads\/2025\/03\/1510.jpg",1000,1000,false],"1536x1536":["https:\/\/babypillowwholesale.com\/wp-content\/uploads\/2025\/03\/1510.jpg",1000,1000,false],"2048x2048":["https:\/\/babypillowwholesale.com\/wp-content\/uploads\/2025\/03\/1510.jpg",1000,1000,false],"trp-custom-language-flag":["https:\/\/babypillowwholesale.com\/wp-content\/uploads\/2025\/03\/1510.jpg",12,12,false],"woocommerce_thumbnail":["https:\/\/babypillowwholesale.com\/wp-content\/uploads\/2025\/03\/1510-300x300.jpg",300,300,true],"woocommerce_single":["https:\/\/babypillowwholesale.com\/wp-content\/uploads\/2025\/03\/1510-600x600.jpg",600,600,true],"woocommerce_gallery_thumbnail":["https:\/\/babypillowwholesale.com\/wp-content\/uploads\/2025\/03\/1510-100x100.jpg",100,100,true]},"uagb_author_info":{"display_name":"Etnen zhong","author_link":"https:\/\/babypillowwholesale.com\/pl\/author\/"},"uagb_comment_info":1,"uagb_excerpt":"The Snotty Elephant Shaping Pillow is an appealing and practical choice for infants aged 0 to 6 months. Its design, modeled after an ocean - themed elephant with large ears and a simple, cute face, is eye - catching. The central cut - out of the pillow is carefully shaped to provide gentle support for&hellip;","jetpack_sharing_enabled":true,"_links":{"self":[{"href":"https:\/\/babypillowwholesale.com\/pl\/wp-json\/wp\/v2\/product\/3297","targetHints":{"allow":["GET"]}}],"collection":[{"href":"https:\/\/babypillowwholesale.com\/pl\/wp-json\/wp\/v2\/product"}],"about":[{"href":"https:\/\/babypillowwholesale.com\/pl\/wp-json\/wp\/v2\/types\/product"}],"replies":[{"embeddable":true,"href":"https:\/\/babypillowwholesale.com\/pl\/wp-json\/wp\/v2\/comments?post=3297"}],"wp:featuredmedia":[{"embeddable":true,"href":"https:\/\/babypillowwholesale.com\/pl\/wp-json\/wp\/v2\/media\/3298"}],"wp:attachment":[{"href":"https:\/\/babypillowwholesale.com\/pl\/wp-json\/wp\/v2\/media?parent=3297"}],"wp:term":[{"taxonomy":"product_brand","embeddable":true,"href":"https:\/\/babypillowwholesale.com\/pl\/wp-json\/wp\/v2\/product_brand?post=3297"},{"taxonomy":"product_cat","embeddable":true,"href":"https:\/\/babypillowwholesale.com\/pl\/wp-json\/wp\/v2\/product_cat?post=3297"},{"taxonomy":"product_tag","embeddable":true,"href":"https:\/\/babypillowwholesale.com\/pl\/wp-json\/wp\/v2\/product_tag?post=3297"}],"curies":[{"name":"wp","href":"https:\/\/api.w.org\/{rel}","templated":true}]}}