{"id":3291,"date":"2025-03-22T01:54:48","date_gmt":"2025-03-22T01:54:48","guid":{"rendered":"https:\/\/babypillowwholesale.com\/?post_type=product&#038;p=3291"},"modified":"2025-06-08T16:08:25","modified_gmt":"2025-06-08T16:08:25","slug":"kitten-shaping-pillow","status":"publish","type":"product","link":"https:\/\/babypillowwholesale.com\/pl\/product\/kitten-shaping-pillow\/","title":{"rendered":"Poduszka w kszta\u0142cie kotka"},"content":{"rendered":"<div class=\"auto-hide-last-sibling-br paragraph-qzbcQC paragraph-element br-paragraph-space\" data-immersive-translate-walked=\"8e61f2e7-6af2-46e5-9672-3b9e4f4033d9\" data-immersive-translate-paragraph=\"1\">\n<div class=\"auto-hide-last-sibling-br paragraph-qzbcQC paragraph-element br-paragraph-space\">Powitaj urzekaj\u0105c\u0105 poduszk\u0119 Kitten Shaping Pillow, oaz\u0119 komfortu stworzon\u0105 dla najmniejszych dzieci w wieku od 0 do 6 miesi\u0119cy. Jej design, inspirowany uroczym kociakiem z dziarskimi uszkami i s\u0142odkim, ujmuj\u0105cym wyrazem twarzy, jest wizualn\u0105 rozkosz\u0105, kt\u00f3ra dodaje odrobin\u0119 kociego uroku do \u015bwiata Twojego dziecka. Ta poduszka to nie tylko uczta dla oczu; to arcydzie\u0142o funkcjonalno\u015bci. Strategicznie umieszczone centralne wyci\u0119cie zapewnia delikatne, ergonomiczne obj\u0119cie delikatnej g\u0142\u00f3wki dziecka, prowadz\u0105c j\u0105 z wdzi\u0119kiem w kierunku idealnego kszta\u0142tu, gdy do\u015bwiadczaj\u0105 magii swoich wczesnych dni. Dzi\u0119ki wymiarom 26,5*25*1,5 cm jest wszechstronnym towarzyszem do r\u00f3\u017cnych ustawie\u0144. Podczas tych leniwych porank\u00f3w w domu, umie\u015b\u0107 go w \u0142\u00f3\u017ceczku dziecka i obserwuj, jak przekszta\u0142ca przestrze\u0144 w przytuln\u0105 przysta\u0144 z motywem kotka, usypiaj\u0105c malucha do spokojnego snu. Podczas rodzinnych wycieczek, czy to do akwarium, czy do dziadk\u00f3w, poduszka idealnie pasuje do w\u00f3zka, zapewniaj\u0105c dziecku komfort podczas ca\u0142ej podr\u00f3\u017cy. Rodzice s\u0105 zachwyceni t\u0105 poduszk\u0105! Jedna z mam powiedzia\u0142a: \"Moje dziecko zapala si\u0119 za ka\u017cdym razem, gdy widzi t\u0119 poduszk\u0119 z kotkiem. Jest super mi\u0119kka, a wz\u00f3r jest po prostu zbyt uroczy. Poza tym \u015bwietnie nadaje si\u0119 do utrzymywania g\u0142owy w dobrej pozycji\". Tata doda\u0142: \"Uwielbiam \u0142atwo\u015b\u0107 przenoszenia. R\u00f3\u017cne opcje kolorystyczne s\u0105 du\u017cym plusem. Sta\u0142 si\u0119 istotn\u0105 cz\u0119\u015bci\u0105 codziennej rutyny naszego dziecka\". Dost\u0119pna w uroczych odcieniach r\u00f3\u017cu, b\u0142\u0119kitu i ciemnej zieleni, poduszka Kitten Shaping Pillow to co\u015b wi\u0119cej ni\u017c tylko akcesorium dla dziecka; to ukochany towarzysz, obiecuj\u0105cy wygod\u0119, wsparcie i mn\u00f3stwo uroku w pierwszych miesi\u0105cach \u017cycia dziecka.<\/div>\n<\/div>","protected":false},"excerpt":{"rendered":"<p>Poduszka Kitten Shaping Pillow to uroczy i funkcjonalny produkt przeznaczony dla niemowl\u0105t w wieku od 0 do 6 miesi\u0119cy. Uroczy design inspirowany kotkiem, z dziarskimi uszkami i s\u0142odkim wyrazem twarzy, jest atrakcyjny wizualnie i z pewno\u015bci\u0105 podbije serca zar\u00f3wno rodzic\u00f3w, jak i niemowl\u0105t. Centralne wyci\u0119cie poduszki zapewnia delikatne i ergonomiczne wsparcie dla g\u0142\u00f3wki dziecka, pomagaj\u0105c utrzyma\u0107 prawid\u0142owy kszta\u0142t g\u0142\u00f3wki podczas kluczowego wczesnego etapu rozwoju. Wymiary 26,5*<em>25*<\/em>1,5 cm, wygodnie mie\u015bci si\u0119 w \u0142\u00f3\u017ceczkach, w\u00f3zkach lub fotelikach samochodowych, oferuj\u0105c przytulne miejsce do odpoczynku dla malucha, gdziekolwiek si\u0119 znajduje. Dost\u0119pny w kolorze r\u00f3\u017cowym, niebieskim i ciemnozielonym, daje rodzicom mo\u017cliwo\u015b\u0107 wyboru koloru, kt\u00f3ry pasuje do ich preferencji lub wystroju pokoju dzieci\u0119cego, \u0142\u0105cz\u0105c s\u0142odycz i praktyczno\u015b\u0107, aby poprawi\u0107 opiek\u0119 nad dzieckiem.<\/p>","protected":false},"featured_media":3292,"comment_status":"open","ping_status":"closed","template":"","meta":{"_uag_custom_page_level_css":"","site-sidebar-layout":"default","site-content-layout":"","ast-site-content-layout":"default","site-content-style":"default","site-sidebar-style":"default","ast-global-header-display":"","ast-banner-title-visibility":"","ast-main-header-display":"","ast-hfb-above-header-display":"","ast-hfb-below-header-display":"","ast-hfb-mobile-header-display":"","site-post-title":"","ast-breadcrumbs-content":"","ast-featured-img":"","footer-sml-layout":"","ast-disable-related-posts":"","theme-transparent-header-meta":"default","adv-header-id-meta":"","stick-header-meta":"","header-above-stick-meta":"","header-main-stick-meta":"","header-below-stick-meta":"","astra-migrate-meta-layouts":"set","ast-page-background-enabled":"default","ast-page-background-meta":{"desktop":{"background-color":"","background-image":"","background-repeat":"repeat","background-position":"center center","background-size":"auto","background-attachment":"scroll","background-type":"","background-media":"","overlay-type":"","overlay-color":"","overlay-opacity":"","overlay-gradient":""},"tablet":{"background-color":"","background-image":"","background-repeat":"repeat","background-position":"center center","background-size":"auto","background-attachment":"scroll","background-type":"","background-media":"","overlay-type":"","overlay-color":"","overlay-opacity":"","overlay-gradient":""},"mobile":{"background-color":"","background-image":"","background-repeat":"repeat","background-position":"center center","background-size":"auto","background-attachment":"scroll","background-type":"","background-media":"","overlay-type":"","overlay-color":"","overlay-opacity":"","overlay-gradient":""}},"ast-content-background-meta":{"desktop":{"background-color":"var(--ast-global-color-5)","background-image":"","background-repeat":"repeat","background-position":"center center","background-size":"auto","background-attachment":"scroll","background-type":"","background-media":"","overlay-type":"","overlay-color":"","overlay-opacity":"","overlay-gradient":""},"tablet":{"background-color":"var(--ast-global-color-5)","background-image":"","background-repeat":"repeat","background-position":"center center","background-size":"auto","background-attachment":"scroll","background-type":"","background-media":"","overlay-type":"","overlay-color":"","overlay-opacity":"","overlay-gradient":""},"mobile":{"background-color":"var(--ast-global-color-5)","background-image":"","background-repeat":"repeat","background-position":"center center","background-size":"auto","background-attachment":"scroll","background-type":"","background-media":"","overlay-type":"","overlay-color":"","overlay-opacity":"","overlay-gradient":""}}},"product_brand":[],"product_cat":[54,42],"product_tag":[70,68,71,69],"class_list":{"0":"post-3291","1":"product","2":"type-product","3":"status-publish","4":"has-post-thumbnail","6":"product_cat-0-to-6months","7":"product_cat-merchandise","8":"product_tag-babypillow","9":"product_tag-cuteanimalpillow","10":"product_tag-headshapesupport","11":"product_tag-kouniushapingpillow","12":"desktop-align-left","13":"tablet-align-left","14":"mobile-align-left","16":"first","17":"instock","18":"shipping-taxable","19":"product-type-simple"},"aioseo_notices":[],"uagb_featured_image_src":{"full":["https:\/\/babypillowwholesale.com\/wp-content\/uploads\/2025\/03\/1509.jpg",1000,1000,false],"thumbnail":["https:\/\/babypillowwholesale.com\/wp-content\/uploads\/2025\/03\/1509-150x150.jpg",150,150,true],"medium":["https:\/\/babypillowwholesale.com\/wp-content\/uploads\/2025\/03\/1509-300x300.jpg",300,300,true],"medium_large":["https:\/\/babypillowwholesale.com\/wp-content\/uploads\/2025\/03\/1509-768x768.jpg",768,768,true],"large":["https:\/\/babypillowwholesale.com\/wp-content\/uploads\/2025\/03\/1509.jpg",1000,1000,false],"1536x1536":["https:\/\/babypillowwholesale.com\/wp-content\/uploads\/2025\/03\/1509.jpg",1000,1000,false],"2048x2048":["https:\/\/babypillowwholesale.com\/wp-content\/uploads\/2025\/03\/1509.jpg",1000,1000,false],"trp-custom-language-flag":["https:\/\/babypillowwholesale.com\/wp-content\/uploads\/2025\/03\/1509.jpg",12,12,false],"woocommerce_thumbnail":["https:\/\/babypillowwholesale.com\/wp-content\/uploads\/2025\/03\/1509-300x300.jpg",300,300,true],"woocommerce_single":["https:\/\/babypillowwholesale.com\/wp-content\/uploads\/2025\/03\/1509-600x600.jpg",600,600,true],"woocommerce_gallery_thumbnail":["https:\/\/babypillowwholesale.com\/wp-content\/uploads\/2025\/03\/1509-100x100.jpg",100,100,true]},"uagb_author_info":{"display_name":"Etnen zhong","author_link":"https:\/\/babypillowwholesale.com\/pl\/author\/"},"uagb_comment_info":0,"uagb_excerpt":"The Kitten Shaping Pillow is a charming and functional product designed for infants aged 0 to 6 months. Its cute kitten - inspired design, with perky ears and a sweet - faced expression, is visually appealing and sure to capture the hearts of both parents and babies. The central cut - out of the pillow&hellip;","jetpack_sharing_enabled":true,"_links":{"self":[{"href":"https:\/\/babypillowwholesale.com\/pl\/wp-json\/wp\/v2\/product\/3291","targetHints":{"allow":["GET"]}}],"collection":[{"href":"https:\/\/babypillowwholesale.com\/pl\/wp-json\/wp\/v2\/product"}],"about":[{"href":"https:\/\/babypillowwholesale.com\/pl\/wp-json\/wp\/v2\/types\/product"}],"replies":[{"embeddable":true,"href":"https:\/\/babypillowwholesale.com\/pl\/wp-json\/wp\/v2\/comments?post=3291"}],"wp:featuredmedia":[{"embeddable":true,"href":"https:\/\/babypillowwholesale.com\/pl\/wp-json\/wp\/v2\/media\/3292"}],"wp:attachment":[{"href":"https:\/\/babypillowwholesale.com\/pl\/wp-json\/wp\/v2\/media?parent=3291"}],"wp:term":[{"taxonomy":"product_brand","embeddable":true,"href":"https:\/\/babypillowwholesale.com\/pl\/wp-json\/wp\/v2\/product_brand?post=3291"},{"taxonomy":"product_cat","embeddable":true,"href":"https:\/\/babypillowwholesale.com\/pl\/wp-json\/wp\/v2\/product_cat?post=3291"},{"taxonomy":"product_tag","embeddable":true,"href":"https:\/\/babypillowwholesale.com\/pl\/wp-json\/wp\/v2\/product_tag?post=3291"}],"curies":[{"name":"wp","href":"https:\/\/api.w.org\/{rel}","templated":true}]}}