{"id":3289,"date":"2025-03-20T08:23:07","date_gmt":"2025-03-20T08:23:07","guid":{"rendered":"https:\/\/babypillowwholesale.com\/?post_type=product&#038;p=3289"},"modified":"2025-06-08T16:10:06","modified_gmt":"2025-06-08T16:10:06","slug":"crown-shaping-pillow","status":"publish","type":"product","link":"https:\/\/babypillowwholesale.com\/pl\/product\/crown-shaping-pillow\/","title":{"rendered":"Poduszka kszta\u0142tuj\u0105ca koron\u0119"},"content":{"rendered":"<div class=\"auto-hide-last-sibling-br paragraph-qzbcQC paragraph-element br-paragraph-space\" data-immersive-translate-walked=\"8e61f2e7-6af2-46e5-9672-3b9e4f4033d9\" data-immersive-translate-paragraph=\"1\">\n<div class=\"auto-hide-last-sibling-br paragraph-qzbcQC paragraph-element br-paragraph-space\">Przedstawiamy poduszk\u0119 w kszta\u0142cie korony, idealne po\u0142\u0105czenie elegancji i funkcjonalno\u015bci, starannie wykonane dla najmniejszych kr\u00f3lewskich dzieci w wieku od 0 do 6 miesi\u0119cy. Jej charakterystyczny design, ozdobiony delikatn\u0105 koron\u0105 na g\u00f3rze, nadaje jej odrobin\u0119 kr\u00f3lewskiego uroku, czyni\u0105c z niej nie tylko poduszk\u0119, ale tak\u017ce element dekoracyjny w ka\u017cdym pokoju dzieci\u0119cym. Ta poduszka to sanktuarium komfortu i wsparcia. Precyzyjnie wyprofilowane centralne wyci\u0119cie czule otula delikatn\u0105 g\u0142\u00f3wk\u0119 dziecka, prowadz\u0105c j\u0105 z wdzi\u0119kiem w kierunku idealnego kszta\u0142tu, gdy dryfuje przez cenne wczesne dni. Wymiary 26,5 * 25 * 1,5 cm sprawiaj\u0105, \u017ce idealnie pasuje do r\u00f3\u017cnych ustawie\u0144. Niezale\u017cnie od tego, czy jest umieszczona w luksusowo mi\u0119kkim \u0142\u00f3\u017ceczku dziecka, tworz\u0105c przytulny tron dla jego spokojnego snu, czy te\u017c towarzyszy mu w w\u00f3zku podczas s\u0142onecznego spaceru po okolicy, ta poduszka zapewnia niezachwiany komfort. Pasuje r\u00f3wnie\u017c do noside\u0142ek dla niemowl\u0105t, dzi\u0119ki czemu wycieczki s\u0105 dziecinnie proste, a maluch ma wygodne podparcie. Rodzice s\u0105 oczarowani t\u0105 poduszk\u0105! Jedna z zachwyconych mam powiedzia\u0142a: \"Moje dziecko wygl\u0105da jak ma\u0142y ksi\u0105\u017c\u0119\/ksi\u0119\u017cniczka spoczywaj\u0105ca na tej poduszce z koron\u0105. Jest niewiarygodnie mi\u0119kka i zauwa\u017cy\u0142am znaczn\u0105 popraw\u0119 w kszta\u0142cie jego g\u0142\u00f3wki. Niebieski kolor, kt\u00f3ry wybrali\u015bmy, jest po prostu osza\u0142amiaj\u0105cy w pokoju dzieci\u0119cym\". Pewien tata doda\u0142: \"To takie wygodne, \u017ce mo\u017cna j\u0105 wsz\u0119dzie ze sob\u0105 zabra\u0107. Konstrukcja jest wyj\u0105tkowa, a moje dziecko wydaje si\u0119 j\u0105 uwielbia\u0107. To \u015bwietny dodatek do naszych dzieci\u0119cych niezb\u0119dnik\u00f3w\". Dost\u0119pna w uroczych odcieniach r\u00f3\u017cu i b\u0142\u0119kitu, poduszka Crown Shaping Pillow to co\u015b wi\u0119cej ni\u017c tylko akcesorium dla dziecka; to cenny towarzysz, zapewniaj\u0105cy wygod\u0119, wsparcie i odrobin\u0119 kr\u00f3lewskiego uroku w pierwszych miesi\u0105cach \u017cycia dziecka.<\/div>\n<\/div>","protected":false},"excerpt":{"rendered":"<p>Poduszka w kszta\u0142cie korony to uroczy i praktyczny produkt przeznaczony dla niemowl\u0105t w wieku od 0 do 6 miesi\u0119cy. Jej unikalny design, z urocz\u0105 koron\u0105 na szczycie, nadaje jej kr\u00f3lewski i uroczy wygl\u0105d. Centralne wyci\u0119cie poduszki jest starannie wykonane, aby zapewni\u0107 delikatne wsparcie dla g\u0142\u00f3wki dziecka, pomagaj\u0105c utrzyma\u0107 prawid\u0142owy kszta\u0142t g\u0142owy podczas kluczowego wczesnego etapu rozwoju. Wymiary 26,5<em>25<\/em>1,5 cm, wygodnie mie\u015bci si\u0119 w \u0142\u00f3\u017ceczkach, w\u00f3zkach lub gdy dziecko odpoczywa na kocyku. Dost\u0119pny w kolorze r\u00f3\u017cowym i niebieskim, pozwala rodzicom wybra\u0107 kolor, kt\u00f3ry pasuje do ich gustu lub wystroju pokoju dzieci\u0119cego, \u0142\u0105cz\u0105c zar\u00f3wno styl, jak i funkcjonalno\u015b\u0107 dla optymalnej opieki nad dzieckiem.<\/p>","protected":false},"featured_media":3290,"comment_status":"open","ping_status":"closed","template":"","meta":{"_uag_custom_page_level_css":"","site-sidebar-layout":"default","site-content-layout":"","ast-site-content-layout":"default","site-content-style":"default","site-sidebar-style":"default","ast-global-header-display":"","ast-banner-title-visibility":"","ast-main-header-display":"","ast-hfb-above-header-display":"","ast-hfb-below-header-display":"","ast-hfb-mobile-header-display":"","site-post-title":"","ast-breadcrumbs-content":"","ast-featured-img":"","footer-sml-layout":"","ast-disable-related-posts":"","theme-transparent-header-meta":"default","adv-header-id-meta":"","stick-header-meta":"","header-above-stick-meta":"","header-main-stick-meta":"","header-below-stick-meta":"","astra-migrate-meta-layouts":"set","ast-page-background-enabled":"default","ast-page-background-meta":{"desktop":{"background-color":"","background-image":"","background-repeat":"repeat","background-position":"center center","background-size":"auto","background-attachment":"scroll","background-type":"","background-media":"","overlay-type":"","overlay-color":"","overlay-opacity":"","overlay-gradient":""},"tablet":{"background-color":"","background-image":"","background-repeat":"repeat","background-position":"center center","background-size":"auto","background-attachment":"scroll","background-type":"","background-media":"","overlay-type":"","overlay-color":"","overlay-opacity":"","overlay-gradient":""},"mobile":{"background-color":"","background-image":"","background-repeat":"repeat","background-position":"center center","background-size":"auto","background-attachment":"scroll","background-type":"","background-media":"","overlay-type":"","overlay-color":"","overlay-opacity":"","overlay-gradient":""}},"ast-content-background-meta":{"desktop":{"background-color":"var(--ast-global-color-5)","background-image":"","background-repeat":"repeat","background-position":"center center","background-size":"auto","background-attachment":"scroll","background-type":"","background-media":"","overlay-type":"","overlay-color":"","overlay-opacity":"","overlay-gradient":""},"tablet":{"background-color":"var(--ast-global-color-5)","background-image":"","background-repeat":"repeat","background-position":"center center","background-size":"auto","background-attachment":"scroll","background-type":"","background-media":"","overlay-type":"","overlay-color":"","overlay-opacity":"","overlay-gradient":""},"mobile":{"background-color":"var(--ast-global-color-5)","background-image":"","background-repeat":"repeat","background-position":"center center","background-size":"auto","background-attachment":"scroll","background-type":"","background-media":"","overlay-type":"","overlay-color":"","overlay-opacity":"","overlay-gradient":""}}},"product_brand":[],"product_cat":[54,42],"product_tag":[70,68,71,69],"class_list":{"0":"post-3289","1":"product","2":"type-product","3":"status-publish","4":"has-post-thumbnail","6":"product_cat-0-to-6months","7":"product_cat-merchandise","8":"product_tag-babypillow","9":"product_tag-cuteanimalpillow","10":"product_tag-headshapesupport","11":"product_tag-kouniushapingpillow","12":"desktop-align-left","13":"tablet-align-left","14":"mobile-align-left","16":"first","17":"instock","18":"shipping-taxable","19":"product-type-simple"},"aioseo_notices":[],"uagb_featured_image_src":{"full":["https:\/\/babypillowwholesale.com\/wp-content\/uploads\/2025\/03\/1508.jpg",1000,1000,false],"thumbnail":["https:\/\/babypillowwholesale.com\/wp-content\/uploads\/2025\/03\/1508-150x150.jpg",150,150,true],"medium":["https:\/\/babypillowwholesale.com\/wp-content\/uploads\/2025\/03\/1508-300x300.jpg",300,300,true],"medium_large":["https:\/\/babypillowwholesale.com\/wp-content\/uploads\/2025\/03\/1508-768x768.jpg",768,768,true],"large":["https:\/\/babypillowwholesale.com\/wp-content\/uploads\/2025\/03\/1508.jpg",1000,1000,false],"1536x1536":["https:\/\/babypillowwholesale.com\/wp-content\/uploads\/2025\/03\/1508.jpg",1000,1000,false],"2048x2048":["https:\/\/babypillowwholesale.com\/wp-content\/uploads\/2025\/03\/1508.jpg",1000,1000,false],"trp-custom-language-flag":["https:\/\/babypillowwholesale.com\/wp-content\/uploads\/2025\/03\/1508.jpg",12,12,false],"woocommerce_thumbnail":["https:\/\/babypillowwholesale.com\/wp-content\/uploads\/2025\/03\/1508-300x300.jpg",300,300,true],"woocommerce_single":["https:\/\/babypillowwholesale.com\/wp-content\/uploads\/2025\/03\/1508-600x600.jpg",600,600,true],"woocommerce_gallery_thumbnail":["https:\/\/babypillowwholesale.com\/wp-content\/uploads\/2025\/03\/1508-100x100.jpg",100,100,true]},"uagb_author_info":{"display_name":"yangli","author_link":"https:\/\/babypillowwholesale.com\/pl\/author\/"},"uagb_comment_info":0,"uagb_excerpt":"The Crown Shaping Pillow is a charming and practical product designed for infants aged 0 to 6 months. Its unique design, featuring a cute crown on top, gives it a regal and adorable look. The central cut - out of the pillow is carefully crafted to provide gentle support for a baby's head, helping to&hellip;","jetpack_sharing_enabled":true,"_links":{"self":[{"href":"https:\/\/babypillowwholesale.com\/pl\/wp-json\/wp\/v2\/product\/3289","targetHints":{"allow":["GET"]}}],"collection":[{"href":"https:\/\/babypillowwholesale.com\/pl\/wp-json\/wp\/v2\/product"}],"about":[{"href":"https:\/\/babypillowwholesale.com\/pl\/wp-json\/wp\/v2\/types\/product"}],"replies":[{"embeddable":true,"href":"https:\/\/babypillowwholesale.com\/pl\/wp-json\/wp\/v2\/comments?post=3289"}],"wp:featuredmedia":[{"embeddable":true,"href":"https:\/\/babypillowwholesale.com\/pl\/wp-json\/wp\/v2\/media\/3290"}],"wp:attachment":[{"href":"https:\/\/babypillowwholesale.com\/pl\/wp-json\/wp\/v2\/media?parent=3289"}],"wp:term":[{"taxonomy":"product_brand","embeddable":true,"href":"https:\/\/babypillowwholesale.com\/pl\/wp-json\/wp\/v2\/product_brand?post=3289"},{"taxonomy":"product_cat","embeddable":true,"href":"https:\/\/babypillowwholesale.com\/pl\/wp-json\/wp\/v2\/product_cat?post=3289"},{"taxonomy":"product_tag","embeddable":true,"href":"https:\/\/babypillowwholesale.com\/pl\/wp-json\/wp\/v2\/product_tag?post=3289"}],"curies":[{"name":"wp","href":"https:\/\/api.w.org\/{rel}","templated":true}]}}