{"id":3286,"date":"2025-03-18T15:34:57","date_gmt":"2025-03-18T15:34:57","guid":{"rendered":"https:\/\/babypillowwholesale.com\/?post_type=product&#038;p=3286"},"modified":"2025-06-08T16:11:21","modified_gmt":"2025-06-08T16:11:21","slug":"monster-shaping-pillow","status":"publish","type":"product","link":"https:\/\/babypillowwholesale.com\/pl\/product\/monster-shaping-pillow\/","title":{"rendered":"Poduszka kszta\u0142tuj\u0105ca potwora"},"content":{"rendered":"<div class=\"auto-hide-last-sibling-br paragraph-qzbcQC paragraph-element br-paragraph-space\" data-immersive-translate-walked=\"8e61f2e7-6af2-46e5-9672-3b9e4f4033d9\" data-immersive-translate-paragraph=\"1\">\n<div class=\"auto-hide-last-sibling-br paragraph-qzbcQC paragraph-element br-paragraph-space\">Wejd\u017a do \u015bwiata kaprysu i komfortu z nasz\u0105 poduszk\u0105 Monster Shaping Pillow, absolutnie niezb\u0119dn\u0105 dla najmniejszych poszukiwaczy przyg\u00f3d w wieku od 0 do 6 miesi\u0119cy. Jej uroczy, inspirowany potworami design, z du\u017cymi, ciekawskimi okr\u0105g\u0142ymi oczami, uroczym ma\u0142ym noskiem i dziarskimi uszami, jest zabawnym dodatkiem, kt\u00f3ry natychmiast rozja\u015bni ka\u017cdy pok\u00f3j dzieci\u0119cy. Ta poduszka to nie tylko urzekaj\u0105cy wygl\u0105d; to oaza wsparcia. Starannie wyprofilowane centralne wyci\u0119cie zapewnia delikatne, uspokajaj\u0105ce obj\u0119cie delikatnej g\u0142\u00f3wki dziecka, prowadz\u0105c j\u0105 z wdzi\u0119kiem w kierunku idealnego kszta\u0142tu, gdy odkrywaj\u0105 one wczesne dni swojego \u017cycia. Dzi\u0119ki wymiarom 26,5*25*1,5 cm jest niezwykle wszechstronny. Podczas tych leniwych niedzielnych popo\u0142udni w domu, umie\u015b\u0107 go w \u0142\u00f3\u017ceczku dziecka i obserwuj, jak zmienia czas drzemki w przytulne, wype\u0142nione marzeniami do\u015bwiadczenie. Podczas rodzinnych wycieczek, czy to do zoo, czy na piknik w parku, poduszka idealnie pasuje do w\u00f3zka, zapewniaj\u0105c maluchowi wygodn\u0105 podr\u00f3\u017c. Rodzice s\u0105 zachwyceni t\u0105 wspania\u0142\u0105 poduszk\u0105! Jedna z mam napisa\u0142a: \"Moje dziecko ma obsesj\u0119 na punkcie tej poduszki potwora. Jest taka mi\u0119kka, a jej wz\u00f3r zawsze wywo\u0142uje chichot. Poza tym \u015bwietnie nadaje si\u0119 do utrzymywania g\u0142owy w dobrej pozycji\". Pewien tata powiedzia\u0142: \"Uwielbiam \u0142atwo\u015b\u0107 przenoszenia. Sta\u0142 si\u0119 podstaw\u0105 naszych podr\u00f3\u017cy, a opcje kolorystyczne s\u0105 naprawd\u0119 \u0142adne. Gor\u0105co polecam innym rodzicom\". Dost\u0119pna w uroczych odcieniach r\u00f3\u017cu i b\u0142\u0119kitu, poduszka Monster Shaping Pillow to co\u015b wi\u0119cej ni\u017c tylko akcesorium dla dziecka; to ukochany towarzysz, obiecuj\u0105cy wygod\u0119, wsparcie i mn\u00f3stwo zabawy w pierwszych dniach \u017cycia dziecka.<\/div>\n<\/div>","protected":false},"excerpt":{"rendered":"<p>Poduszka Monster Shaping Pillow to wci\u0105gaj\u0105cy i praktyczny produkt przeznaczony dla niemowl\u0105t w wieku od 0 do 6 miesi\u0119cy. Jej uroczy, potworny wygl\u0105d z okr\u0105g\u0142ymi oczami, ma\u0142ym noskiem i ma\u0142ymi uszkami sprawia, \u017ce jest interesuj\u0105ca wizualnie. Unikalne centralne wyci\u0119cie poduszki zapewnia delikatne podparcie g\u0142\u00f3wki dziecka, pomagaj\u0105c utrzyma\u0107 prawid\u0142owy kszta\u0142t g\u0142owy podczas wczesnego wzrostu. Wymiary 26,5<em>25<\/em>1,5 cm, nadaje si\u0119 do u\u017cytku w \u0142\u00f3\u017ceczkach, w\u00f3zkach lub gdy dziecko le\u017cy na macie do zabawy. Dost\u0119pny w kolorze r\u00f3\u017cowym i niebieskim, daje rodzicom mo\u017cliwo\u015b\u0107 wyboru koloru, kt\u00f3ry pasuje do ich preferencji lub wystroju pokoju dzieci\u0119cego, \u0142\u0105cz\u0105c zar\u00f3wno zabaw\u0119, jak i funkcjonalno\u015b\u0107 w opiece nad dzieckiem.<\/p>","protected":false},"featured_media":3287,"comment_status":"open","ping_status":"closed","template":"","meta":{"_uag_custom_page_level_css":"","site-sidebar-layout":"default","site-content-layout":"","ast-site-content-layout":"default","site-content-style":"default","site-sidebar-style":"default","ast-global-header-display":"","ast-banner-title-visibility":"","ast-main-header-display":"","ast-hfb-above-header-display":"","ast-hfb-below-header-display":"","ast-hfb-mobile-header-display":"","site-post-title":"","ast-breadcrumbs-content":"","ast-featured-img":"","footer-sml-layout":"","ast-disable-related-posts":"","theme-transparent-header-meta":"default","adv-header-id-meta":"","stick-header-meta":"","header-above-stick-meta":"","header-main-stick-meta":"","header-below-stick-meta":"","astra-migrate-meta-layouts":"set","ast-page-background-enabled":"default","ast-page-background-meta":{"desktop":{"background-color":"","background-image":"","background-repeat":"repeat","background-position":"center center","background-size":"auto","background-attachment":"scroll","background-type":"","background-media":"","overlay-type":"","overlay-color":"","overlay-opacity":"","overlay-gradient":""},"tablet":{"background-color":"","background-image":"","background-repeat":"repeat","background-position":"center center","background-size":"auto","background-attachment":"scroll","background-type":"","background-media":"","overlay-type":"","overlay-color":"","overlay-opacity":"","overlay-gradient":""},"mobile":{"background-color":"","background-image":"","background-repeat":"repeat","background-position":"center center","background-size":"auto","background-attachment":"scroll","background-type":"","background-media":"","overlay-type":"","overlay-color":"","overlay-opacity":"","overlay-gradient":""}},"ast-content-background-meta":{"desktop":{"background-color":"var(--ast-global-color-5)","background-image":"","background-repeat":"repeat","background-position":"center center","background-size":"auto","background-attachment":"scroll","background-type":"","background-media":"","overlay-type":"","overlay-color":"","overlay-opacity":"","overlay-gradient":""},"tablet":{"background-color":"var(--ast-global-color-5)","background-image":"","background-repeat":"repeat","background-position":"center center","background-size":"auto","background-attachment":"scroll","background-type":"","background-media":"","overlay-type":"","overlay-color":"","overlay-opacity":"","overlay-gradient":""},"mobile":{"background-color":"var(--ast-global-color-5)","background-image":"","background-repeat":"repeat","background-position":"center center","background-size":"auto","background-attachment":"scroll","background-type":"","background-media":"","overlay-type":"","overlay-color":"","overlay-opacity":"","overlay-gradient":""}}},"product_brand":[],"product_cat":[54,42],"product_tag":[70,68,71,69],"class_list":{"0":"post-3286","1":"product","2":"type-product","3":"status-publish","4":"has-post-thumbnail","6":"product_cat-0-to-6months","7":"product_cat-merchandise","8":"product_tag-babypillow","9":"product_tag-cuteanimalpillow","10":"product_tag-headshapesupport","11":"product_tag-kouniushapingpillow","12":"desktop-align-left","13":"tablet-align-left","14":"mobile-align-left","16":"first","17":"instock","18":"shipping-taxable","19":"product-type-simple"},"aioseo_notices":[],"uagb_featured_image_src":{"full":["https:\/\/babypillowwholesale.com\/wp-content\/uploads\/2025\/03\/1507.jpg",1000,1000,false],"thumbnail":["https:\/\/babypillowwholesale.com\/wp-content\/uploads\/2025\/03\/1507-150x150.jpg",150,150,true],"medium":["https:\/\/babypillowwholesale.com\/wp-content\/uploads\/2025\/03\/1507-300x300.jpg",300,300,true],"medium_large":["https:\/\/babypillowwholesale.com\/wp-content\/uploads\/2025\/03\/1507-768x768.jpg",768,768,true],"large":["https:\/\/babypillowwholesale.com\/wp-content\/uploads\/2025\/03\/1507.jpg",1000,1000,false],"1536x1536":["https:\/\/babypillowwholesale.com\/wp-content\/uploads\/2025\/03\/1507.jpg",1000,1000,false],"2048x2048":["https:\/\/babypillowwholesale.com\/wp-content\/uploads\/2025\/03\/1507.jpg",1000,1000,false],"trp-custom-language-flag":["https:\/\/babypillowwholesale.com\/wp-content\/uploads\/2025\/03\/1507.jpg",12,12,false],"woocommerce_thumbnail":["https:\/\/babypillowwholesale.com\/wp-content\/uploads\/2025\/03\/1507-300x300.jpg",300,300,true],"woocommerce_single":["https:\/\/babypillowwholesale.com\/wp-content\/uploads\/2025\/03\/1507-600x600.jpg",600,600,true],"woocommerce_gallery_thumbnail":["https:\/\/babypillowwholesale.com\/wp-content\/uploads\/2025\/03\/1507-100x100.jpg",100,100,true]},"uagb_author_info":{"display_name":"Etnen zhong","author_link":"https:\/\/babypillowwholesale.com\/pl\/author\/"},"uagb_comment_info":0,"uagb_excerpt":"The Monster Shaping Pillow is an engaging and practical product designed for infants aged 0 to 6 months. Its cute monster - themed appearance, with round eyes, a small nose, and little ears, makes it visually interesting. The unique central cut - out of the pillow provides gentle support for a baby's head, helping to&hellip;","jetpack_sharing_enabled":true,"_links":{"self":[{"href":"https:\/\/babypillowwholesale.com\/pl\/wp-json\/wp\/v2\/product\/3286","targetHints":{"allow":["GET"]}}],"collection":[{"href":"https:\/\/babypillowwholesale.com\/pl\/wp-json\/wp\/v2\/product"}],"about":[{"href":"https:\/\/babypillowwholesale.com\/pl\/wp-json\/wp\/v2\/types\/product"}],"replies":[{"embeddable":true,"href":"https:\/\/babypillowwholesale.com\/pl\/wp-json\/wp\/v2\/comments?post=3286"}],"wp:featuredmedia":[{"embeddable":true,"href":"https:\/\/babypillowwholesale.com\/pl\/wp-json\/wp\/v2\/media\/3287"}],"wp:attachment":[{"href":"https:\/\/babypillowwholesale.com\/pl\/wp-json\/wp\/v2\/media?parent=3286"}],"wp:term":[{"taxonomy":"product_brand","embeddable":true,"href":"https:\/\/babypillowwholesale.com\/pl\/wp-json\/wp\/v2\/product_brand?post=3286"},{"taxonomy":"product_cat","embeddable":true,"href":"https:\/\/babypillowwholesale.com\/pl\/wp-json\/wp\/v2\/product_cat?post=3286"},{"taxonomy":"product_tag","embeddable":true,"href":"https:\/\/babypillowwholesale.com\/pl\/wp-json\/wp\/v2\/product_tag?post=3286"}],"curies":[{"name":"wp","href":"https:\/\/api.w.org\/{rel}","templated":true}]}}