{"id":3273,"date":"2025-03-18T07:02:19","date_gmt":"2025-03-18T07:02:19","guid":{"rendered":"https:\/\/babypillowwholesale.com\/?post_type=product&#038;p=3273"},"modified":"2025-06-08T16:12:27","modified_gmt":"2025-06-08T16:12:27","slug":"adorable-bunny-shaping-pillow","status":"publish","type":"product","link":"https:\/\/babypillowwholesale.com\/pl\/product\/adorable-bunny-shaping-pillow\/","title":{"rendered":"Urocza poduszka w kszta\u0142cie kr\u00f3liczka"},"content":{"rendered":"<div class=\"auto-hide-last-sibling-br paragraph-qzbcQC paragraph-element br-paragraph-space\" data-immersive-translate-walked=\"8e61f2e7-6af2-46e5-9672-3b9e4f4033d9\" data-immersive-translate-paragraph=\"1\">\n<div class=\"auto-hide-last-sibling-br paragraph-qzbcQC paragraph-element br-paragraph-space\">Rozpie\u015b\u0107 swoje male\u0144stwo na kolanach komfortu dzi\u0119ki naszej poduszce Adorable Bunny Shaping Pillow, niezb\u0119dnej dla niemowl\u0105t w wieku od 0 do 6 miesi\u0119cy. Wykonana tak, aby na\u015bladowa\u0107 cennego kr\u00f3liczka, z klapni\u0119tymi uszami i spokojnym, p\u00f3\u0142przymkni\u0119tym wyrazem oczu, jest wizualnym arcydzie\u0142em, kt\u00f3re dodaje odrobin\u0119 bajkowego uroku do ka\u017cdego pokoju dzieci\u0119cego. Ta poduszka jest wzorem funkcjonalno\u015bci. Strategicznie umieszczone centralne wyci\u0119cie zapewnia delikatne, ko\u0142ysz\u0105ce wsparcie dla delikatnej g\u0142\u00f3wki dziecka, prowadz\u0105c j\u0105 z wdzi\u0119kiem w kierunku idealnego kszta\u0142tu, gdy do\u015bwiadczaj\u0105 cud\u00f3w swoich wczesnych miesi\u0119cy. Rozmiar 26,5 * 25 * 1,5 cm sprawia, \u017ce jest niezwykle wszechstronny. Niezale\u017cnie od tego, czy jest umieszczona w mi\u0119kkich obj\u0119ciach \u0142\u00f3\u017ceczka dziecka, przekszta\u0142caj\u0105c czas drzemki w senn\u0105 ucieczk\u0119, czy te\u017c umieszczona w w\u00f3zku na wietrzny spacer wzd\u0142u\u017c pla\u017cy, ta poduszka zapewnia, \u017ce Tw\u00f3j ma\u0142y pakiet rado\u015bci jest zawsze wygodny. Pasuje r\u00f3wnie\u017c do dzieci\u0119cych fotelik\u00f3w samochodowych, dzi\u0119ki czemu d\u0142ugie przeja\u017cd\u017cki samochodem s\u0105 dla dziecka spokojn\u0105 spraw\u0105. Rodzice s\u0105 zakochani w tej poduszce! \"Gdy tylko po\u0142o\u017cy\u0142am poduszk\u0119 Adorable Bunny Shaping Pillow w \u0142\u00f3\u017ceczku mojego dziecka, wiedzia\u0142am, \u017ce to zwyci\u0119zca. Jest nie tylko super mi\u0119kka, ale tak\u017ce sprawi\u0142a zauwa\u017caln\u0105 r\u00f3\u017cnic\u0119 w kszta\u0142cie g\u0142\u00f3wki mojego dziecka\" - wykrzykn\u0119\u0142a jedna szcz\u0119\u015bliwa mama. Pewien tata powiedzia\u0142: \"Zabieram go ze sob\u0105 wsz\u0119dzie. R\u00f3\u017cne opcje kolorystyczne s\u0105 \u015bwietne, a wz\u00f3r kr\u00f3liczka zawsze wywo\u0142uje u\u015bmiech na twarzy mojego dziecka. To zdecydowanie obowi\u0105zkowy zakup dla nowych rodzic\u00f3w\". Dost\u0119pna w uroczych odcieniach r\u00f3\u017cu, b\u0142\u0119kitu i ciemnej zieleni, poduszka Adorable Bunny Shaping Pillow to co\u015b wi\u0119cej ni\u017c tylko akcesorium dla niemowl\u0105t; to ukochany towarzysz, zapewniaj\u0105cy komfort, wsparcie i mn\u00f3stwo uroku w pierwszych dniach \u017cycia dziecka.<\/div>\n<\/div>","protected":false},"excerpt":{"rendered":"<p>Poduszka Adorable Bunny Shaping Pillow to uroczy produkt przeznaczony dla niemowl\u0105t w wieku od 0 do 6 miesi\u0119cy. Jej design, wzorowany na uroczym kr\u00f3liczku z d\u0142ugimi uszami i s\u0142odkim, zaspanym wyrazem oczu, jest atrakcyjny wizualnie i z pewno\u015bci\u0105 oczaruje zar\u00f3wno rodzic\u00f3w, jak i dzieci. Centralne wyci\u0119cie poduszki jest ergonomicznie zaprojektowane, aby delikatnie wspiera\u0107 g\u0142\u00f3wk\u0119 dziecka, pomagaj\u0105c utrzyma\u0107 prawid\u0142owy kszta\u0142t g\u0142owy w krytycznym okresie wczesnego rozwoju. Wymiary 26,5*<em>25*<\/em>1,5 cm, wygodnie mie\u015bci si\u0119 w \u0142\u00f3\u017ceczkach, w\u00f3zkach lub fotelikach samochodowych, zapewniaj\u0105c przytulne miejsce do odpoczynku, gdziekolwiek znajduje si\u0119 dziecko. Dzi\u0119ki opcjom kolorystycznym r\u00f3\u017cowego, niebieskiego i ciemnozielonego, pozwala rodzicom wybra\u0107 odcie\u0144, kt\u00f3ry pasuje do ich preferencji lub wystroju pokoju dzieci\u0119cego, \u0142\u0105cz\u0105c s\u0142odycz i praktyczno\u015b\u0107 dla optymalnej opieki nad dzieckiem.<\/p>","protected":false},"featured_media":3285,"comment_status":"open","ping_status":"closed","template":"","meta":{"_uag_custom_page_level_css":"","site-sidebar-layout":"default","site-content-layout":"","ast-site-content-layout":"default","site-content-style":"default","site-sidebar-style":"default","ast-global-header-display":"","ast-banner-title-visibility":"","ast-main-header-display":"","ast-hfb-above-header-display":"","ast-hfb-below-header-display":"","ast-hfb-mobile-header-display":"","site-post-title":"","ast-breadcrumbs-content":"","ast-featured-img":"","footer-sml-layout":"","ast-disable-related-posts":"","theme-transparent-header-meta":"default","adv-header-id-meta":"","stick-header-meta":"","header-above-stick-meta":"","header-main-stick-meta":"","header-below-stick-meta":"","astra-migrate-meta-layouts":"set","ast-page-background-enabled":"default","ast-page-background-meta":{"desktop":{"background-color":"","background-image":"","background-repeat":"repeat","background-position":"center center","background-size":"auto","background-attachment":"scroll","background-type":"","background-media":"","overlay-type":"","overlay-color":"","overlay-opacity":"","overlay-gradient":""},"tablet":{"background-color":"","background-image":"","background-repeat":"repeat","background-position":"center center","background-size":"auto","background-attachment":"scroll","background-type":"","background-media":"","overlay-type":"","overlay-color":"","overlay-opacity":"","overlay-gradient":""},"mobile":{"background-color":"","background-image":"","background-repeat":"repeat","background-position":"center center","background-size":"auto","background-attachment":"scroll","background-type":"","background-media":"","overlay-type":"","overlay-color":"","overlay-opacity":"","overlay-gradient":""}},"ast-content-background-meta":{"desktop":{"background-color":"var(--ast-global-color-5)","background-image":"","background-repeat":"repeat","background-position":"center center","background-size":"auto","background-attachment":"scroll","background-type":"","background-media":"","overlay-type":"","overlay-color":"","overlay-opacity":"","overlay-gradient":""},"tablet":{"background-color":"var(--ast-global-color-5)","background-image":"","background-repeat":"repeat","background-position":"center center","background-size":"auto","background-attachment":"scroll","background-type":"","background-media":"","overlay-type":"","overlay-color":"","overlay-opacity":"","overlay-gradient":""},"mobile":{"background-color":"var(--ast-global-color-5)","background-image":"","background-repeat":"repeat","background-position":"center center","background-size":"auto","background-attachment":"scroll","background-type":"","background-media":"","overlay-type":"","overlay-color":"","overlay-opacity":"","overlay-gradient":""}}},"product_brand":[],"product_cat":[54,42],"product_tag":[70,68,71,69],"class_list":{"0":"post-3273","1":"product","2":"type-product","3":"status-publish","4":"has-post-thumbnail","6":"product_cat-0-to-6months","7":"product_cat-merchandise","8":"product_tag-babypillow","9":"product_tag-cuteanimalpillow","10":"product_tag-headshapesupport","11":"product_tag-kouniushapingpillow","12":"desktop-align-left","13":"tablet-align-left","14":"mobile-align-left","16":"first","17":"instock","18":"shipping-taxable","19":"product-type-simple"},"aioseo_notices":[],"uagb_featured_image_src":{"full":["https:\/\/babypillowwholesale.com\/wp-content\/uploads\/2025\/03\/1506-1.jpg",1000,1000,false],"thumbnail":["https:\/\/babypillowwholesale.com\/wp-content\/uploads\/2025\/03\/1506-1-150x150.jpg",150,150,true],"medium":["https:\/\/babypillowwholesale.com\/wp-content\/uploads\/2025\/03\/1506-1-300x300.jpg",300,300,true],"medium_large":["https:\/\/babypillowwholesale.com\/wp-content\/uploads\/2025\/03\/1506-1-768x768.jpg",768,768,true],"large":["https:\/\/babypillowwholesale.com\/wp-content\/uploads\/2025\/03\/1506-1.jpg",1000,1000,false],"1536x1536":["https:\/\/babypillowwholesale.com\/wp-content\/uploads\/2025\/03\/1506-1.jpg",1000,1000,false],"2048x2048":["https:\/\/babypillowwholesale.com\/wp-content\/uploads\/2025\/03\/1506-1.jpg",1000,1000,false],"trp-custom-language-flag":["https:\/\/babypillowwholesale.com\/wp-content\/uploads\/2025\/03\/1506-1.jpg",12,12,false],"woocommerce_thumbnail":["https:\/\/babypillowwholesale.com\/wp-content\/uploads\/2025\/03\/1506-1-300x300.jpg",300,300,true],"woocommerce_single":["https:\/\/babypillowwholesale.com\/wp-content\/uploads\/2025\/03\/1506-1-600x600.jpg",600,600,true],"woocommerce_gallery_thumbnail":["https:\/\/babypillowwholesale.com\/wp-content\/uploads\/2025\/03\/1506-1-100x100.jpg",100,100,true]},"uagb_author_info":{"display_name":"Etnen zhong","author_link":"https:\/\/babypillowwholesale.com\/pl\/author\/"},"uagb_comment_info":1,"uagb_excerpt":"The Adorable Bunny Shaping Pillow is a delightful product tailored for infants aged 0 to 6 months. Its design, modeled after an adorable bunny with long ears and a sweet, sleepy - eyed expression, is visually appealing and sure to charm both parents and babies. The central cut - out of the pillow is ergonomically&hellip;","jetpack_sharing_enabled":true,"_links":{"self":[{"href":"https:\/\/babypillowwholesale.com\/pl\/wp-json\/wp\/v2\/product\/3273","targetHints":{"allow":["GET"]}}],"collection":[{"href":"https:\/\/babypillowwholesale.com\/pl\/wp-json\/wp\/v2\/product"}],"about":[{"href":"https:\/\/babypillowwholesale.com\/pl\/wp-json\/wp\/v2\/types\/product"}],"replies":[{"embeddable":true,"href":"https:\/\/babypillowwholesale.com\/pl\/wp-json\/wp\/v2\/comments?post=3273"}],"wp:featuredmedia":[{"embeddable":true,"href":"https:\/\/babypillowwholesale.com\/pl\/wp-json\/wp\/v2\/media\/3285"}],"wp:attachment":[{"href":"https:\/\/babypillowwholesale.com\/pl\/wp-json\/wp\/v2\/media?parent=3273"}],"wp:term":[{"taxonomy":"product_brand","embeddable":true,"href":"https:\/\/babypillowwholesale.com\/pl\/wp-json\/wp\/v2\/product_brand?post=3273"},{"taxonomy":"product_cat","embeddable":true,"href":"https:\/\/babypillowwholesale.com\/pl\/wp-json\/wp\/v2\/product_cat?post=3273"},{"taxonomy":"product_tag","embeddable":true,"href":"https:\/\/babypillowwholesale.com\/pl\/wp-json\/wp\/v2\/product_tag?post=3273"}],"curies":[{"name":"wp","href":"https:\/\/api.w.org\/{rel}","templated":true}]}}