{"id":3271,"date":"2025-03-18T06:30:20","date_gmt":"2025-03-18T06:30:20","guid":{"rendered":"https:\/\/babypillowwholesale.com\/?post_type=product&#038;p=3271"},"modified":"2025-06-08T16:13:28","modified_gmt":"2025-06-08T16:13:28","slug":"cute-one-shaping-pillow","status":"publish","type":"product","link":"https:\/\/babypillowwholesale.com\/pl\/product\/cute-one-shaping-pillow\/","title":{"rendered":"Urocza poduszka kszta\u0142tuj\u0105ca"},"content":{"rendered":"<div class=\"auto-hide-last-sibling-br paragraph-qzbcQC paragraph-element br-paragraph-space\" data-immersive-translate-walked=\"8e61f2e7-6af2-46e5-9672-3b9e4f4033d9\" data-immersive-translate-paragraph=\"1\">\n<div class=\"auto-hide-last-sibling-br paragraph-qzbcQC paragraph-element br-paragraph-space\">Niezwykle urocza poduszka Cute One Shaping Pillow, wymarzony niezb\u0119dnik starannie wykonany dla najmniejszych milusi\u0144skich w wieku od 0 do 6 miesi\u0119cy. Z jej czaruj\u0105cym obliczem ozdobionym uroczymi uszami inspirowanymi zwierz\u0119tami i s\u0142odk\u0105, ujmuj\u0105c\u0105 twarz\u0105, nie spos\u00f3b nie zakocha\u0107 si\u0119 w tej poduszce od pierwszego wejrzenia.<\/div>\n<div class=\"auto-hide-last-sibling-br paragraph-qzbcQC paragraph-element br-paragraph-space\">Poza urzekaj\u0105cym wygl\u0105dem zewn\u0119trznym, ta poduszka jest wzorem funkcjonalno\u015bci. Pomys\u0142owo zaprojektowane centralne wyci\u0119cie zapewnia delikatne i wspieraj\u0105ce obj\u0119cie delikatnej g\u0142\u00f3wki dziecka, delikatnie prowadz\u0105c j\u0105 do idealnego kszta\u0142tu podczas podr\u00f3\u017cy przez cenne wczesne dni. Wymiary 26,5*<em>25*<\/em>1,5 cm, jest idealnie dopasowany do r\u00f3\u017cnych ustawie\u0144.<\/div>\n<div class=\"auto-hide-last-sibling-br paragraph-qzbcQC paragraph-element br-paragraph-space\">Niezale\u017cnie od tego, czy jest umieszczona w pluszowym \u0142\u00f3\u017ceczku dziecka, tworz\u0105c oaz\u0119 spokoju podczas d\u0142ugich, regeneruj\u0105cych drzemek, czy te\u017c towarzyszy maluchowi w w\u00f3zku podczas spokojnego spaceru po parku, ta poduszka zapewnia niezachwiany komfort. Jest r\u00f3wnie\u017c idealnym towarzyszem na te przytulne popo\u0142udnia w domu, kiedy dziecko relaksuje si\u0119 na mi\u0119kkim kocu, zapewniaj\u0105c znajome i koj\u0105ce miejsce.<\/div>\n<div class=\"auto-hide-last-sibling-br paragraph-qzbcQC paragraph-element br-paragraph-space\">Rodzice s\u0105 absolutnie zachwyceni poduszk\u0105 Cute One Shaping Pillow! Jedna z zachwyconych mam powiedzia\u0142a: \"Ta poduszka jest nie tylko niesamowicie urocza, ale tak\u017ce dzia\u0142a cuda, je\u015bli chodzi o kszta\u0142t g\u0142\u00f3wki mojego dziecka. Jest taka mi\u0119kka, a moje male\u0144stwo uwielbia na niej odpoczywa\u0107. Ponadto opcje kolorystyczne s\u0105 \u015bwietne - wybrali\u015bmy niebiesk\u0105 i wygl\u0105da niesamowicie w pokoju dzieci\u0119cym\". Inny tata doda\u0142: \"Sta\u0142 si\u0119 podstaw\u0105 naszej codziennej rutyny. \u0141atwy do przenoszenia i zawsze wywo\u0142uje u\u015bmiech na twarzy mojego dziecka. Gor\u0105co polecam!\"<\/div>\n<div class=\"auto-hide-last-sibling-br paragraph-qzbcQC paragraph-element br-paragraph-space\">Dost\u0119pna w uroczych odcieniach r\u00f3\u017cu, b\u0142\u0119kitu i ciemnej zieleni, poduszka Cute One Shaping Pillow to co\u015b wi\u0119cej ni\u017c tylko akcesorium dla niemowl\u0105t; to ukochany towarzysz, p\u0142ynnie \u0142\u0105cz\u0105cy s\u0142odycz, wygod\u0119 i praktyczno\u015b\u0107 w cennych pierwszych miesi\u0105cach \u017cycia dziecka.<\/div>\n<\/div>","protected":false},"excerpt":{"rendered":"<p>Poduszka Cute One Shaping Pillow to uroczy i funkcjonalny produkt przeznaczony dla niemowl\u0105t w wieku od 0 do 6 miesi\u0119cy. Jej uroczy wygl\u0105d z uroczymi, zwierz\u0119cymi uszami i s\u0142odk\u0105 twarz\u0105 z pewno\u015bci\u0105 podbije serca. Unikalne wyci\u0119cie w \u015brodku poduszki zapewnia delikatne wsparcie dla g\u0142\u00f3wki dziecka, pomagaj\u0105c utrzyma\u0107 zdrowy kszta\u0142t g\u0142\u00f3wki podczas kluczowego wczesnego etapu rozwoju. Rozmiar 26,5*<em>25*<\/em>1,5 cm, wygodnie mie\u015bci si\u0119 w \u0142\u00f3\u017ceczku, w\u00f3zku lub gdy dziecko odpoczywa na kocu. Dost\u0119pny w kolorze r\u00f3\u017cowym, niebieskim i ciemnozielonym, oferuje rodzicom wyb\u00f3r pasuj\u0105cy do ich preferencji lub wystroju pokoju dzieci\u0119cego, \u0142\u0105cz\u0105c w sobie zar\u00f3wno s\u0142odycz, jak i praktyczno\u015b\u0107 w opiece nad dzieckiem.<\/p>","protected":false},"featured_media":3284,"comment_status":"open","ping_status":"closed","template":"","meta":{"_uag_custom_page_level_css":"","site-sidebar-layout":"default","site-content-layout":"","ast-site-content-layout":"default","site-content-style":"default","site-sidebar-style":"default","ast-global-header-display":"","ast-banner-title-visibility":"","ast-main-header-display":"","ast-hfb-above-header-display":"","ast-hfb-below-header-display":"","ast-hfb-mobile-header-display":"","site-post-title":"","ast-breadcrumbs-content":"","ast-featured-img":"","footer-sml-layout":"","ast-disable-related-posts":"","theme-transparent-header-meta":"default","adv-header-id-meta":"","stick-header-meta":"","header-above-stick-meta":"","header-main-stick-meta":"","header-below-stick-meta":"","astra-migrate-meta-layouts":"set","ast-page-background-enabled":"default","ast-page-background-meta":{"desktop":{"background-color":"","background-image":"","background-repeat":"repeat","background-position":"center center","background-size":"auto","background-attachment":"scroll","background-type":"","background-media":"","overlay-type":"","overlay-color":"","overlay-opacity":"","overlay-gradient":""},"tablet":{"background-color":"","background-image":"","background-repeat":"repeat","background-position":"center center","background-size":"auto","background-attachment":"scroll","background-type":"","background-media":"","overlay-type":"","overlay-color":"","overlay-opacity":"","overlay-gradient":""},"mobile":{"background-color":"","background-image":"","background-repeat":"repeat","background-position":"center center","background-size":"auto","background-attachment":"scroll","background-type":"","background-media":"","overlay-type":"","overlay-color":"","overlay-opacity":"","overlay-gradient":""}},"ast-content-background-meta":{"desktop":{"background-color":"var(--ast-global-color-5)","background-image":"","background-repeat":"repeat","background-position":"center center","background-size":"auto","background-attachment":"scroll","background-type":"","background-media":"","overlay-type":"","overlay-color":"","overlay-opacity":"","overlay-gradient":""},"tablet":{"background-color":"var(--ast-global-color-5)","background-image":"","background-repeat":"repeat","background-position":"center center","background-size":"auto","background-attachment":"scroll","background-type":"","background-media":"","overlay-type":"","overlay-color":"","overlay-opacity":"","overlay-gradient":""},"mobile":{"background-color":"var(--ast-global-color-5)","background-image":"","background-repeat":"repeat","background-position":"center center","background-size":"auto","background-attachment":"scroll","background-type":"","background-media":"","overlay-type":"","overlay-color":"","overlay-opacity":"","overlay-gradient":""}}},"product_brand":[],"product_cat":[54,42],"product_tag":[70,68,71,69],"class_list":{"0":"post-3271","1":"product","2":"type-product","3":"status-publish","4":"has-post-thumbnail","6":"product_cat-0-to-6months","7":"product_cat-merchandise","8":"product_tag-babypillow","9":"product_tag-cuteanimalpillow","10":"product_tag-headshapesupport","11":"product_tag-kouniushapingpillow","12":"desktop-align-left","13":"tablet-align-left","14":"mobile-align-left","16":"first","17":"instock","18":"shipping-taxable","19":"product-type-simple"},"aioseo_notices":[],"uagb_featured_image_src":{"full":["https:\/\/babypillowwholesale.com\/wp-content\/uploads\/2025\/03\/1167-1.jpg",1000,1000,false],"thumbnail":["https:\/\/babypillowwholesale.com\/wp-content\/uploads\/2025\/03\/1167-1-150x150.jpg",150,150,true],"medium":["https:\/\/babypillowwholesale.com\/wp-content\/uploads\/2025\/03\/1167-1-300x300.jpg",300,300,true],"medium_large":["https:\/\/babypillowwholesale.com\/wp-content\/uploads\/2025\/03\/1167-1-768x768.jpg",768,768,true],"large":["https:\/\/babypillowwholesale.com\/wp-content\/uploads\/2025\/03\/1167-1.jpg",1000,1000,false],"1536x1536":["https:\/\/babypillowwholesale.com\/wp-content\/uploads\/2025\/03\/1167-1.jpg",1000,1000,false],"2048x2048":["https:\/\/babypillowwholesale.com\/wp-content\/uploads\/2025\/03\/1167-1.jpg",1000,1000,false],"trp-custom-language-flag":["https:\/\/babypillowwholesale.com\/wp-content\/uploads\/2025\/03\/1167-1.jpg",12,12,false],"woocommerce_thumbnail":["https:\/\/babypillowwholesale.com\/wp-content\/uploads\/2025\/03\/1167-1-300x300.jpg",300,300,true],"woocommerce_single":["https:\/\/babypillowwholesale.com\/wp-content\/uploads\/2025\/03\/1167-1-600x600.jpg",600,600,true],"woocommerce_gallery_thumbnail":["https:\/\/babypillowwholesale.com\/wp-content\/uploads\/2025\/03\/1167-1-100x100.jpg",100,100,true]},"uagb_author_info":{"display_name":"Etnen zhong","author_link":"https:\/\/babypillowwholesale.com\/pl\/author\/"},"uagb_comment_info":0,"uagb_excerpt":"The Cute One Shaping Pillow is a delightful and functional product designed for infants aged 0 to 6 months. Its charming appearance, featuring cute animal - like ears and a sweet - faced design, is sure to capture hearts. The pillow's unique cut - out design in the middle provides gentle support for a baby's&hellip;","jetpack_sharing_enabled":true,"_links":{"self":[{"href":"https:\/\/babypillowwholesale.com\/pl\/wp-json\/wp\/v2\/product\/3271","targetHints":{"allow":["GET"]}}],"collection":[{"href":"https:\/\/babypillowwholesale.com\/pl\/wp-json\/wp\/v2\/product"}],"about":[{"href":"https:\/\/babypillowwholesale.com\/pl\/wp-json\/wp\/v2\/types\/product"}],"replies":[{"embeddable":true,"href":"https:\/\/babypillowwholesale.com\/pl\/wp-json\/wp\/v2\/comments?post=3271"}],"wp:featuredmedia":[{"embeddable":true,"href":"https:\/\/babypillowwholesale.com\/pl\/wp-json\/wp\/v2\/media\/3284"}],"wp:attachment":[{"href":"https:\/\/babypillowwholesale.com\/pl\/wp-json\/wp\/v2\/media?parent=3271"}],"wp:term":[{"taxonomy":"product_brand","embeddable":true,"href":"https:\/\/babypillowwholesale.com\/pl\/wp-json\/wp\/v2\/product_brand?post=3271"},{"taxonomy":"product_cat","embeddable":true,"href":"https:\/\/babypillowwholesale.com\/pl\/wp-json\/wp\/v2\/product_cat?post=3271"},{"taxonomy":"product_tag","embeddable":true,"href":"https:\/\/babypillowwholesale.com\/pl\/wp-json\/wp\/v2\/product_tag?post=3271"}],"curies":[{"name":"wp","href":"https:\/\/api.w.org\/{rel}","templated":true}]}}