{"id":3269,"date":"2025-03-17T15:47:20","date_gmt":"2025-03-17T15:47:20","guid":{"rendered":"https:\/\/babypillowwholesale.com\/?post_type=product&#038;p=3269"},"modified":"2025-06-08T16:14:39","modified_gmt":"2025-06-08T16:14:39","slug":"little-bear-crescent-pillow","status":"publish","type":"product","link":"https:\/\/babypillowwholesale.com\/pl\/product\/little-bear-crescent-pillow\/","title":{"rendered":"Poduszka Little Bear Crescent"},"content":{"rendered":"<div class=\"auto-hide-last-sibling-br paragraph-qzbcQC paragraph-element br-paragraph-space\" data-immersive-translate-walked=\"8e61f2e7-6af2-46e5-9672-3b9e4f4033d9\" data-immersive-translate-paragraph=\"1\">Poznaj czaruj\u0105c\u0105 poduszk\u0119 Little Bear Crescent Pillow, idealne po\u0142\u0105czenie uroku i funkcjonalno\u015bci, stworzone z my\u015bl\u0105 o najmniejszych \u015bpiochach w wieku od 0 do 6 miesi\u0119cy. Przypominaj\u0105ca uroczego ma\u0142ego misia, z dziarskimi uszkami i twarz\u0105, kt\u00f3ra emanuje ciep\u0142em, natychmiast skradnie serce, dodaj\u0105c dawk\u0119 uroku do \u015bwiata Twojego dziecka. Ta poduszka to nie tylko wizualna rozkosz; to pot\u0119ga komfortu. Starannie wyprofilowany kszta\u0142t p\u00f3\u0142ksi\u0119\u017cyca zapewnia delikatne, ergonomiczne obj\u0119cie delikatnej g\u0142\u00f3wki dziecka, prowadz\u0105c j\u0105 do pi\u0119knego kszta\u0142tu podczas podr\u00f3\u017cy przez cenne wczesne miesi\u0105ce. Wymiary 23\/20,5*0\/5 cm sprawiaj\u0105, \u017ce idealnie nadaje si\u0119 do r\u00f3\u017cnych ustawie\u0144. Podczas tych d\u0142ugich, leniwych popo\u0142udni w domu, umie\u015b\u0107 go w \u0142\u00f3\u017ceczku dziecka i obserwuj, jak przekszta\u0142ca przestrze\u0144 w przytuln\u0105 przysta\u0144, usypiaj\u0105c malucha w spokojny sen. Gdy jeste\u015b w podr\u00f3\u017cy, niezale\u017cnie od tego, czy jest to szybka wycieczka do sklepu spo\u017cywczego, czy weekendowy wypad, poduszka idealnie pasuje do noside\u0142ka, zapewniaj\u0105c dziecku komfort podczas ca\u0142ej podr\u00f3\u017cy. Rodzice s\u0105 zachwyceni tym ma\u0142ym klejnotem! Jedna z zadowolonych mam powiedzia\u0142a: \"Moje dziecko u\u017cywa tej poduszki misia, odk\u0105d sko\u0144czy\u0142o kilka tygodni. Jest taka mi\u0119kka i uwielbiam jej uroczy design. Ponadto wydaje si\u0119, \u017ce naprawd\u0119 pomaga w utrzymaniu g\u0142owy w dobrej pozycji\". Inny tata doda\u0142: \"R\u00f3\u017cne opcje kolorystyczne by\u0142y wielkim plusem. Kupili\u015bmy ciemnozielony i wygl\u0105da niesamowicie w pokoju dzieci\u0119cym. Sta\u0142 si\u0119 istotn\u0105 cz\u0119\u015bci\u0105 rutyny naszego dziecka\". Dost\u0119pna w uroczych odcieniach r\u00f3\u017cu, b\u0142\u0119kitu i ciemnej zieleni, poduszka Little Bear Crescent Pillow to co\u015b wi\u0119cej ni\u017c tylko akcesorium dla dziecka; to ukochany towarzysz, obiecuj\u0105cy wygod\u0119, wsparcie i mn\u00f3stwo uroku w pierwszych dniach \u017cycia dziecka.<\/div>","protected":false},"excerpt":{"rendered":"<p>Poduszka Little Bear Crescent to uroczy i praktyczny wyb\u00f3r dla niemowl\u0105t w wieku od 0 do 6 miesi\u0119cy. Ma kszta\u0142t uroczego misia, urocze uszy i s\u0142odk\u0105 buzi\u0119, dzi\u0119ki czemu jest atrakcyjna wizualnie. Konstrukcja poduszki w kszta\u0142cie p\u00f3\u0142ksi\u0119\u017cyca zapewnia delikatne i ergonomiczne podparcie g\u0142\u00f3wki dziecka, pomagaj\u0105c utrzyma\u0107 prawid\u0142owy kszta\u0142t g\u0142\u00f3wki podczas wczesnego rozwoju. Dzi\u0119ki wymiarom 23\/20,5*0\/5CM nadaje si\u0119 do u\u017cytku w \u0142\u00f3\u017ceczkach, noside\u0142kach lub gdy dziecko le\u017cy na macie do zabawy. Dost\u0119pny w kolorze r\u00f3\u017cowym, niebieskim i ciemnozielonym, pozwala rodzicom wybra\u0107 kolor, kt\u00f3ry pasuje do ich gustu lub wystroju pokoju dzieci\u0119cego, \u0142\u0105cz\u0105c zar\u00f3wno funkcjonalno\u015b\u0107, jak i s\u0142odycz, aby zwi\u0119kszy\u0107 komfort dziecka.<\/p>","protected":false},"featured_media":3283,"comment_status":"open","ping_status":"closed","template":"","meta":{"_uag_custom_page_level_css":"","site-sidebar-layout":"default","site-content-layout":"","ast-site-content-layout":"default","site-content-style":"default","site-sidebar-style":"default","ast-global-header-display":"","ast-banner-title-visibility":"","ast-main-header-display":"","ast-hfb-above-header-display":"","ast-hfb-below-header-display":"","ast-hfb-mobile-header-display":"","site-post-title":"","ast-breadcrumbs-content":"","ast-featured-img":"","footer-sml-layout":"","ast-disable-related-posts":"","theme-transparent-header-meta":"default","adv-header-id-meta":"","stick-header-meta":"","header-above-stick-meta":"","header-main-stick-meta":"","header-below-stick-meta":"","astra-migrate-meta-layouts":"set","ast-page-background-enabled":"default","ast-page-background-meta":{"desktop":{"background-color":"","background-image":"","background-repeat":"repeat","background-position":"center center","background-size":"auto","background-attachment":"scroll","background-type":"","background-media":"","overlay-type":"","overlay-color":"","overlay-opacity":"","overlay-gradient":""},"tablet":{"background-color":"","background-image":"","background-repeat":"repeat","background-position":"center center","background-size":"auto","background-attachment":"scroll","background-type":"","background-media":"","overlay-type":"","overlay-color":"","overlay-opacity":"","overlay-gradient":""},"mobile":{"background-color":"","background-image":"","background-repeat":"repeat","background-position":"center center","background-size":"auto","background-attachment":"scroll","background-type":"","background-media":"","overlay-type":"","overlay-color":"","overlay-opacity":"","overlay-gradient":""}},"ast-content-background-meta":{"desktop":{"background-color":"var(--ast-global-color-5)","background-image":"","background-repeat":"repeat","background-position":"center center","background-size":"auto","background-attachment":"scroll","background-type":"","background-media":"","overlay-type":"","overlay-color":"","overlay-opacity":"","overlay-gradient":""},"tablet":{"background-color":"var(--ast-global-color-5)","background-image":"","background-repeat":"repeat","background-position":"center center","background-size":"auto","background-attachment":"scroll","background-type":"","background-media":"","overlay-type":"","overlay-color":"","overlay-opacity":"","overlay-gradient":""},"mobile":{"background-color":"var(--ast-global-color-5)","background-image":"","background-repeat":"repeat","background-position":"center center","background-size":"auto","background-attachment":"scroll","background-type":"","background-media":"","overlay-type":"","overlay-color":"","overlay-opacity":"","overlay-gradient":""}}},"product_brand":[],"product_cat":[54,42],"product_tag":[70,68,71,69],"class_list":{"0":"post-3269","1":"product","2":"type-product","3":"status-publish","4":"has-post-thumbnail","6":"product_cat-0-to-6months","7":"product_cat-merchandise","8":"product_tag-babypillow","9":"product_tag-cuteanimalpillow","10":"product_tag-headshapesupport","11":"product_tag-kouniushapingpillow","12":"desktop-align-left","13":"tablet-align-left","14":"mobile-align-left","16":"first","17":"instock","18":"shipping-taxable","19":"product-type-simple"},"aioseo_notices":[],"uagb_featured_image_src":{"full":["https:\/\/babypillowwholesale.com\/wp-content\/uploads\/2025\/03\/1135-1.jpg",1000,1000,false],"thumbnail":["https:\/\/babypillowwholesale.com\/wp-content\/uploads\/2025\/03\/1135-1-150x150.jpg",150,150,true],"medium":["https:\/\/babypillowwholesale.com\/wp-content\/uploads\/2025\/03\/1135-1-300x300.jpg",300,300,true],"medium_large":["https:\/\/babypillowwholesale.com\/wp-content\/uploads\/2025\/03\/1135-1-768x768.jpg",768,768,true],"large":["https:\/\/babypillowwholesale.com\/wp-content\/uploads\/2025\/03\/1135-1.jpg",1000,1000,false],"1536x1536":["https:\/\/babypillowwholesale.com\/wp-content\/uploads\/2025\/03\/1135-1.jpg",1000,1000,false],"2048x2048":["https:\/\/babypillowwholesale.com\/wp-content\/uploads\/2025\/03\/1135-1.jpg",1000,1000,false],"trp-custom-language-flag":["https:\/\/babypillowwholesale.com\/wp-content\/uploads\/2025\/03\/1135-1.jpg",12,12,false],"woocommerce_thumbnail":["https:\/\/babypillowwholesale.com\/wp-content\/uploads\/2025\/03\/1135-1-300x300.jpg",300,300,true],"woocommerce_single":["https:\/\/babypillowwholesale.com\/wp-content\/uploads\/2025\/03\/1135-1-600x600.jpg",600,600,true],"woocommerce_gallery_thumbnail":["https:\/\/babypillowwholesale.com\/wp-content\/uploads\/2025\/03\/1135-1-100x100.jpg",100,100,true]},"uagb_author_info":{"display_name":"Etnen zhong","author_link":"https:\/\/babypillowwholesale.com\/pl\/author\/"},"uagb_comment_info":0,"uagb_excerpt":"The Little Bear Crescent Pillow is a charming and practical choice for infants aged 0 to 6 months. Shaped like an endearing little bear, it features cute ears and a sweet face, making it visually appealing. The crescent - shaped design of the pillow provides gentle and ergonomic support for a baby's head, helping to&hellip;","jetpack_sharing_enabled":true,"_links":{"self":[{"href":"https:\/\/babypillowwholesale.com\/pl\/wp-json\/wp\/v2\/product\/3269","targetHints":{"allow":["GET"]}}],"collection":[{"href":"https:\/\/babypillowwholesale.com\/pl\/wp-json\/wp\/v2\/product"}],"about":[{"href":"https:\/\/babypillowwholesale.com\/pl\/wp-json\/wp\/v2\/types\/product"}],"replies":[{"embeddable":true,"href":"https:\/\/babypillowwholesale.com\/pl\/wp-json\/wp\/v2\/comments?post=3269"}],"wp:featuredmedia":[{"embeddable":true,"href":"https:\/\/babypillowwholesale.com\/pl\/wp-json\/wp\/v2\/media\/3283"}],"wp:attachment":[{"href":"https:\/\/babypillowwholesale.com\/pl\/wp-json\/wp\/v2\/media?parent=3269"}],"wp:term":[{"taxonomy":"product_brand","embeddable":true,"href":"https:\/\/babypillowwholesale.com\/pl\/wp-json\/wp\/v2\/product_brand?post=3269"},{"taxonomy":"product_cat","embeddable":true,"href":"https:\/\/babypillowwholesale.com\/pl\/wp-json\/wp\/v2\/product_cat?post=3269"},{"taxonomy":"product_tag","embeddable":true,"href":"https:\/\/babypillowwholesale.com\/pl\/wp-json\/wp\/v2\/product_tag?post=3269"}],"curies":[{"name":"wp","href":"https:\/\/api.w.org\/{rel}","templated":true}]}}