{"id":3267,"date":"2025-03-17T15:38:34","date_gmt":"2025-03-17T15:38:34","guid":{"rendered":"https:\/\/babypillowwholesale.com\/?post_type=product&#038;p=3267"},"modified":"2025-06-08T16:15:31","modified_gmt":"2025-06-08T16:15:31","slug":"little-tiger-shaping-pillow","status":"publish","type":"product","link":"https:\/\/babypillowwholesale.com\/pl\/product\/little-tiger-shaping-pillow\/","title":{"rendered":"Poduszka kszta\u0142tuj\u0105ca Little Tiger"},"content":{"rendered":"<div class=\"auto-hide-last-sibling-br paragraph-qzbcQC paragraph-element br-paragraph-space\" data-immersive-translate-walked=\"8e61f2e7-6af2-46e5-9672-3b9e4f4033d9\" data-immersive-translate-paragraph=\"1\">Poduszka Little Tiger Shaping Pillow to urzekaj\u0105ce po\u0142\u0105czenie uroku i funkcjonalno\u015bci, starannie wykonane dla najmniejszych skarb\u00f3w w wieku od 0 do 6 miesi\u0119cy. Jej uroczy design inspirowany tygrysem, ozdobiony du\u017cymi, niewinnymi okr\u0105g\u0142ymi oczami i charakterystycznymi paskami, jest absolutn\u0105 rozkosz\u0105, natychmiast dodaj\u0105c odrobin\u0119 dzikiej kaprysu do \u015bwiata Twojego dziecka. Ta poduszka to nie tylko ujmuj\u0105cy wygl\u0105d; to oaza komfortu i wsparcia. Umiej\u0119tnie wyprofilowana, delikatnie ko\u0142ysze delikatn\u0105 g\u0142\u00f3wk\u0119 dziecka, prowadz\u0105c j\u0105 ostro\u017cnie, aby zapewni\u0107 idealny kszta\u0142t, gdy rozpoczynaj\u0105 swoj\u0105 wczesn\u0105 podr\u00f3\u017c wzrostu. Mierz\u0105c 26*23*0\/3CM, jest idealnym towarzyszem dla r\u00f3\u017cnych ustawie\u0144. Podczas spokojnych drzemek w \u0142\u00f3\u017ceczku, poduszka Little Tiger Shaping Pillow tworzy przytuln\u0105 i bezpieczn\u0105 przestrze\u0144 dla malucha. Podczas rodzinnych wycieczek, niezale\u017cnie od tego, czy jest to piknik w parku, czy dzie\u0144 na pla\u017cy, idealnie pasuje do w\u00f3zka, oferuj\u0105c znajomy komfort w podr\u00f3\u017cy. Rodzice s\u0105 zachwyceni tym produktem! Jedna z mam powiedzia\u0142a: \"Moje dziecko uwielbia przytula\u0107 si\u0119 do tej ma\u0142ej poduszki tygrysa. Jest taka mi\u0119kka i zauwa\u017cy\u0142am znaczn\u0105 popraw\u0119 w kszta\u0142cie g\u0142\u00f3wki. Ponadto niebieski kolor jest po prostu wspania\u0142y\". Inny tata wspomnia\u0142: \"Sta\u0142a si\u0119 niezb\u0119dna podczas naszych podr\u00f3\u017cy. \u0141atwy do przenoszenia i zawsze wywo\u0142uje u\u015bmiech na twarzy mojego dziecka, gdy widzi ten uroczy wz\u00f3r tygrysa\". Dost\u0119pna w uroczych odcieniach r\u00f3\u017cu i b\u0142\u0119kitu, poduszka Little Tiger Shaping Pillow to co\u015b wi\u0119cej ni\u017c tylko akcesorium dla niemowl\u0105t; to zaufany przyjaciel, \u0142\u0105cz\u0105cy w sobie s\u0142odycz, wygod\u0119 i funkcjonalno\u015b\u0107 w pierwszych dniach \u017cycia dziecka.<\/div>","protected":false},"excerpt":{"rendered":"<p>Poduszka Little Tiger Shaping Pillow to uroczy i funkcjonalny produkt przeznaczony dla niemowl\u0105t w wieku od 0 do 6 miesi\u0119cy. Dzi\u0119ki swojemu uroczemu, tygrysiemu wygl\u0105dowi, z du\u017cymi okr\u0105g\u0142ymi oczami i charakterystycznymi paskami, natychmiast przyci\u0105ga wzrok. Konstrukcja poduszki jest starannie wyprofilowana, aby zapewni\u0107 delikatne wsparcie dla delikatnej g\u0142\u00f3wki dziecka, pomagaj\u0105c promowa\u0107 prawid\u0142owy kszta\u0142t g\u0142owy podczas jej kluczowego wczesnego rozwoju. Wymiary 26*<em data-immersive-translate-walked=\"af7bf617-a59f-4215-833d-5c6d97166ab5\">23*<\/em>0\/3CM, dobrze pasuje do \u0142\u00f3\u017ceczek, w\u00f3zk\u00f3w lub gdy dziecko odpoczywa na kocyku. Dost\u0119pny zar\u00f3wno w kolorze r\u00f3\u017cowym, jak i niebieskim, daje rodzicom mo\u017cliwo\u015b\u0107 wyboru koloru, kt\u00f3ry pasuje do ich preferencji lub wystroju pokoju dzieci\u0119cego, \u0142\u0105cz\u0105c s\u0142odycz z praktyczno\u015bci\u0105 w opiece nad dzieckiem.<\/p>","protected":false},"featured_media":3282,"comment_status":"open","ping_status":"closed","template":"","meta":{"_uag_custom_page_level_css":"","site-sidebar-layout":"default","site-content-layout":"","ast-site-content-layout":"default","site-content-style":"default","site-sidebar-style":"default","ast-global-header-display":"","ast-banner-title-visibility":"","ast-main-header-display":"","ast-hfb-above-header-display":"","ast-hfb-below-header-display":"","ast-hfb-mobile-header-display":"","site-post-title":"","ast-breadcrumbs-content":"","ast-featured-img":"","footer-sml-layout":"","ast-disable-related-posts":"","theme-transparent-header-meta":"default","adv-header-id-meta":"","stick-header-meta":"","header-above-stick-meta":"","header-main-stick-meta":"","header-below-stick-meta":"","astra-migrate-meta-layouts":"set","ast-page-background-enabled":"default","ast-page-background-meta":{"desktop":{"background-color":"","background-image":"","background-repeat":"repeat","background-position":"center center","background-size":"auto","background-attachment":"scroll","background-type":"","background-media":"","overlay-type":"","overlay-color":"","overlay-opacity":"","overlay-gradient":""},"tablet":{"background-color":"","background-image":"","background-repeat":"repeat","background-position":"center center","background-size":"auto","background-attachment":"scroll","background-type":"","background-media":"","overlay-type":"","overlay-color":"","overlay-opacity":"","overlay-gradient":""},"mobile":{"background-color":"","background-image":"","background-repeat":"repeat","background-position":"center center","background-size":"auto","background-attachment":"scroll","background-type":"","background-media":"","overlay-type":"","overlay-color":"","overlay-opacity":"","overlay-gradient":""}},"ast-content-background-meta":{"desktop":{"background-color":"var(--ast-global-color-5)","background-image":"","background-repeat":"repeat","background-position":"center center","background-size":"auto","background-attachment":"scroll","background-type":"","background-media":"","overlay-type":"","overlay-color":"","overlay-opacity":"","overlay-gradient":""},"tablet":{"background-color":"var(--ast-global-color-5)","background-image":"","background-repeat":"repeat","background-position":"center center","background-size":"auto","background-attachment":"scroll","background-type":"","background-media":"","overlay-type":"","overlay-color":"","overlay-opacity":"","overlay-gradient":""},"mobile":{"background-color":"var(--ast-global-color-5)","background-image":"","background-repeat":"repeat","background-position":"center center","background-size":"auto","background-attachment":"scroll","background-type":"","background-media":"","overlay-type":"","overlay-color":"","overlay-opacity":"","overlay-gradient":""}}},"product_brand":[],"product_cat":[54,42],"product_tag":[70,68,71,69],"class_list":{"0":"post-3267","1":"product","2":"type-product","3":"status-publish","4":"has-post-thumbnail","6":"product_cat-0-to-6months","7":"product_cat-merchandise","8":"product_tag-babypillow","9":"product_tag-cuteanimalpillow","10":"product_tag-headshapesupport","11":"product_tag-kouniushapingpillow","12":"desktop-align-left","13":"tablet-align-left","14":"mobile-align-left","16":"first","17":"instock","18":"shipping-taxable","19":"product-type-simple"},"aioseo_notices":[],"uagb_featured_image_src":{"full":["https:\/\/babypillowwholesale.com\/wp-content\/uploads\/2025\/03\/1131-1.jpg",1000,1000,false],"thumbnail":["https:\/\/babypillowwholesale.com\/wp-content\/uploads\/2025\/03\/1131-1-150x150.jpg",150,150,true],"medium":["https:\/\/babypillowwholesale.com\/wp-content\/uploads\/2025\/03\/1131-1-300x300.jpg",300,300,true],"medium_large":["https:\/\/babypillowwholesale.com\/wp-content\/uploads\/2025\/03\/1131-1-768x768.jpg",768,768,true],"large":["https:\/\/babypillowwholesale.com\/wp-content\/uploads\/2025\/03\/1131-1.jpg",1000,1000,false],"1536x1536":["https:\/\/babypillowwholesale.com\/wp-content\/uploads\/2025\/03\/1131-1.jpg",1000,1000,false],"2048x2048":["https:\/\/babypillowwholesale.com\/wp-content\/uploads\/2025\/03\/1131-1.jpg",1000,1000,false],"trp-custom-language-flag":["https:\/\/babypillowwholesale.com\/wp-content\/uploads\/2025\/03\/1131-1.jpg",12,12,false],"woocommerce_thumbnail":["https:\/\/babypillowwholesale.com\/wp-content\/uploads\/2025\/03\/1131-1-300x300.jpg",300,300,true],"woocommerce_single":["https:\/\/babypillowwholesale.com\/wp-content\/uploads\/2025\/03\/1131-1-600x600.jpg",600,600,true],"woocommerce_gallery_thumbnail":["https:\/\/babypillowwholesale.com\/wp-content\/uploads\/2025\/03\/1131-1-100x100.jpg",100,100,true]},"uagb_author_info":{"display_name":"Etnen zhong","author_link":"https:\/\/babypillowwholesale.com\/pl\/author\/"},"uagb_comment_info":0,"uagb_excerpt":"The Little Tiger Shaping Pillow is a charming and functional product designed for infants aged 0 to 6 months. With its cute tiger - themed appearance, featuring big round eyes and distinctive stripes, it instantly catches the eye. The pillow's design is carefully contoured to provide gentle support for a baby's delicate head, helping to&hellip;","jetpack_sharing_enabled":true,"_links":{"self":[{"href":"https:\/\/babypillowwholesale.com\/pl\/wp-json\/wp\/v2\/product\/3267","targetHints":{"allow":["GET"]}}],"collection":[{"href":"https:\/\/babypillowwholesale.com\/pl\/wp-json\/wp\/v2\/product"}],"about":[{"href":"https:\/\/babypillowwholesale.com\/pl\/wp-json\/wp\/v2\/types\/product"}],"replies":[{"embeddable":true,"href":"https:\/\/babypillowwholesale.com\/pl\/wp-json\/wp\/v2\/comments?post=3267"}],"wp:featuredmedia":[{"embeddable":true,"href":"https:\/\/babypillowwholesale.com\/pl\/wp-json\/wp\/v2\/media\/3282"}],"wp:attachment":[{"href":"https:\/\/babypillowwholesale.com\/pl\/wp-json\/wp\/v2\/media?parent=3267"}],"wp:term":[{"taxonomy":"product_brand","embeddable":true,"href":"https:\/\/babypillowwholesale.com\/pl\/wp-json\/wp\/v2\/product_brand?post=3267"},{"taxonomy":"product_cat","embeddable":true,"href":"https:\/\/babypillowwholesale.com\/pl\/wp-json\/wp\/v2\/product_cat?post=3267"},{"taxonomy":"product_tag","embeddable":true,"href":"https:\/\/babypillowwholesale.com\/pl\/wp-json\/wp\/v2\/product_tag?post=3267"}],"curies":[{"name":"wp","href":"https:\/\/api.w.org\/{rel}","templated":true}]}}