{"id":3265,"date":"2025-03-17T15:04:04","date_gmt":"2025-03-17T15:04:04","guid":{"rendered":"https:\/\/babypillowwholesale.com\/?post_type=product&#038;p=3265"},"modified":"2025-06-08T16:16:25","modified_gmt":"2025-06-08T16:16:25","slug":"naughty-bunny-shaping-pillow","status":"publish","type":"product","link":"https:\/\/babypillowwholesale.com\/pl\/product\/naughty-bunny-shaping-pillow\/","title":{"rendered":"Poduszka kszta\u0142tuj\u0105ca Naughty Bunny"},"content":{"rendered":"<div class=\"auto-hide-last-sibling-br paragraph-qzbcQC paragraph-element br-paragraph-space\" data-immersive-translate-walked=\"8e61f2e7-6af2-46e5-9672-3b9e4f4033d9\" data-immersive-translate-paragraph=\"1\">Powitaj Naughty Bunny Shaping Pillow, rozkoszn\u0105 przysta\u0144 komfortu stworzon\u0105 dla najmniejszych poszukiwaczy przyg\u00f3d w wieku od 0 do 6 miesi\u0119cy. Jej czaruj\u0105cy, inspirowany kr\u00f3liczkiem design, wraz z uduchowionymi du\u017cymi oczami, roztapiaj\u0105cym serce u\u015bmiechem i dziarskimi d\u0142ugimi uszami, to natychmiastowy poprawiacz nastroju, kt\u00f3ry dodaje odrobin\u0119 magii do \u015bwiata Twojego dziecka. Ta poduszka to nie tylko wizualna gratka; to pot\u0119ga funkcjonalno\u015bci. Zaprojektowana z dba\u0142o\u015bci\u0105, jej unikalny kszta\u0142t zapewnia delikatne, ko\u0142ysz\u0105ce wsparcie dla delikatnej g\u0142\u00f3wki dziecka, prowadz\u0105c j\u0105 do idealnej formy podczas podr\u00f3\u017cy przez cenne wczesne miesi\u0105ce. Mierz\u0105c 26*23*0\/3CM, jest to idealny rozmiar do bezproblemowej integracji z r\u00f3\u017cnymi ustawieniami. Podczas leniwych popo\u0142udni w domu, umie\u015b\u0107 go w \u0142\u00f3\u017ceczku dziecka i obserwuj, jak zapadaj\u0105 w spokojny sen, otulone jego mi\u0119kkim u\u015bciskiem. Podczas zwiedzania \u015bwiata, niezale\u017cnie od tego, czy jest to wycieczka do lokalnego parku, czy wizyta u dziadk\u00f3w, w\u0142\u00f3\u017c go do w\u00f3zka. Dzi\u0119ki temu maluch b\u0119dzie m\u00f3g\u0142 cieszy\u0107 si\u0119 wygodn\u0105 jazd\u0105, otoczony znajomym urokiem kr\u00f3liczka. Rodzice chwal\u0105 to rozwi\u0105zanie! Jeden z zachwyconych rodzic\u00f3w powiedzia\u0142: \"Twarz mojego dziecka rozja\u015bnia si\u0119, gdy widzi t\u0119 urocz\u0105 poduszk\u0119 w kszta\u0142cie kr\u00f3liczka. Jest nie tylko super mi\u0119kka, ale tak\u017ce \u015bwietnie nadaje si\u0119 do utrzymania \u0142adnego kszta\u0142tu g\u0142owy. Podoba mi si\u0119, \u017ce jest dost\u0119pna w dw\u00f3ch pi\u0119knych kolorach\". Inna mama doda\u0142a: \"Jest bardzo wygodna do noszenia. Niezale\u017cnie od tego, czy jeste\u015bmy w domu, czy w podr\u00f3\u017cy, sta\u0142 si\u0119 niezb\u0119dny dla wygody mojego dziecka\". Dost\u0119pna w uroczych odcieniach r\u00f3\u017cu i b\u0142\u0119kitu, poduszka Naughty Bunny Shaping Pillow to co\u015b wi\u0119cej ni\u017c tylko akcesorium dla niemowl\u0105t; to cenny towarzysz pierwszych dni \u017cycia malucha.<\/div>","protected":false},"excerpt":{"rendered":"<p>Naughty Bunny Shaping Pillow to uroczy i praktyczny produkt przeznaczony dla niemowl\u0105t w wieku od 0 do 6 miesi\u0119cy. Jej uroczy wygl\u0105d przypominaj\u0105cy kr\u00f3liczka, z du\u017cymi oczami, s\u0142odkim u\u015bmiechem i d\u0142ugimi uszami, jest niezwykle atrakcyjny. Specjalna konstrukcja poduszki zapewnia delikatne wsparcie dla g\u0142owy dziecka, pomagaj\u0105c promowa\u0107 zdrowy kszta\u0142t g\u0142owy podczas wa\u017cnego wczesnego etapu wzrostu. Rozmiar 26<em>23<\/em>0\/3CM, nadaje si\u0119 do u\u017cytku w \u0142\u00f3\u017ceczkach, w\u00f3zkach lub gdy dziecko odpoczywa na macie do zabawy. Dost\u0119pny w kolorze r\u00f3\u017cowym i niebieskim, oferuje rodzicom opcje dopasowania do ich preferencji lub wystroju pokoju dziecka, \u0142\u0105cz\u0105c w sobie zar\u00f3wno funkcjonalno\u015b\u0107, jak i urok opieki nad dzieckiem.<\/p>","protected":false},"featured_media":3281,"comment_status":"open","ping_status":"closed","template":"","meta":{"_uag_custom_page_level_css":"","site-sidebar-layout":"default","site-content-layout":"","ast-site-content-layout":"default","site-content-style":"default","site-sidebar-style":"default","ast-global-header-display":"","ast-banner-title-visibility":"","ast-main-header-display":"","ast-hfb-above-header-display":"","ast-hfb-below-header-display":"","ast-hfb-mobile-header-display":"","site-post-title":"","ast-breadcrumbs-content":"","ast-featured-img":"","footer-sml-layout":"","ast-disable-related-posts":"","theme-transparent-header-meta":"default","adv-header-id-meta":"","stick-header-meta":"","header-above-stick-meta":"","header-main-stick-meta":"","header-below-stick-meta":"","astra-migrate-meta-layouts":"set","ast-page-background-enabled":"default","ast-page-background-meta":{"desktop":{"background-color":"","background-image":"","background-repeat":"repeat","background-position":"center center","background-size":"auto","background-attachment":"scroll","background-type":"","background-media":"","overlay-type":"","overlay-color":"","overlay-opacity":"","overlay-gradient":""},"tablet":{"background-color":"","background-image":"","background-repeat":"repeat","background-position":"center center","background-size":"auto","background-attachment":"scroll","background-type":"","background-media":"","overlay-type":"","overlay-color":"","overlay-opacity":"","overlay-gradient":""},"mobile":{"background-color":"","background-image":"","background-repeat":"repeat","background-position":"center center","background-size":"auto","background-attachment":"scroll","background-type":"","background-media":"","overlay-type":"","overlay-color":"","overlay-opacity":"","overlay-gradient":""}},"ast-content-background-meta":{"desktop":{"background-color":"var(--ast-global-color-5)","background-image":"","background-repeat":"repeat","background-position":"center center","background-size":"auto","background-attachment":"scroll","background-type":"","background-media":"","overlay-type":"","overlay-color":"","overlay-opacity":"","overlay-gradient":""},"tablet":{"background-color":"var(--ast-global-color-5)","background-image":"","background-repeat":"repeat","background-position":"center center","background-size":"auto","background-attachment":"scroll","background-type":"","background-media":"","overlay-type":"","overlay-color":"","overlay-opacity":"","overlay-gradient":""},"mobile":{"background-color":"var(--ast-global-color-5)","background-image":"","background-repeat":"repeat","background-position":"center center","background-size":"auto","background-attachment":"scroll","background-type":"","background-media":"","overlay-type":"","overlay-color":"","overlay-opacity":"","overlay-gradient":""}}},"product_brand":[],"product_cat":[54,42],"product_tag":[70,68,71,69],"class_list":{"0":"post-3265","1":"product","2":"type-product","3":"status-publish","4":"has-post-thumbnail","6":"product_cat-0-to-6months","7":"product_cat-merchandise","8":"product_tag-babypillow","9":"product_tag-cuteanimalpillow","10":"product_tag-headshapesupport","11":"product_tag-kouniushapingpillow","12":"desktop-align-left","13":"tablet-align-left","14":"mobile-align-left","16":"first","17":"instock","18":"shipping-taxable","19":"product-type-simple"},"aioseo_notices":[],"uagb_featured_image_src":{"full":["https:\/\/babypillowwholesale.com\/wp-content\/uploads\/2025\/03\/1130-1.jpg",1000,1000,false],"thumbnail":["https:\/\/babypillowwholesale.com\/wp-content\/uploads\/2025\/03\/1130-1-150x150.jpg",150,150,true],"medium":["https:\/\/babypillowwholesale.com\/wp-content\/uploads\/2025\/03\/1130-1-300x300.jpg",300,300,true],"medium_large":["https:\/\/babypillowwholesale.com\/wp-content\/uploads\/2025\/03\/1130-1-768x768.jpg",768,768,true],"large":["https:\/\/babypillowwholesale.com\/wp-content\/uploads\/2025\/03\/1130-1.jpg",1000,1000,false],"1536x1536":["https:\/\/babypillowwholesale.com\/wp-content\/uploads\/2025\/03\/1130-1.jpg",1000,1000,false],"2048x2048":["https:\/\/babypillowwholesale.com\/wp-content\/uploads\/2025\/03\/1130-1.jpg",1000,1000,false],"trp-custom-language-flag":["https:\/\/babypillowwholesale.com\/wp-content\/uploads\/2025\/03\/1130-1.jpg",12,12,false],"woocommerce_thumbnail":["https:\/\/babypillowwholesale.com\/wp-content\/uploads\/2025\/03\/1130-1-300x300.jpg",300,300,true],"woocommerce_single":["https:\/\/babypillowwholesale.com\/wp-content\/uploads\/2025\/03\/1130-1-600x600.jpg",600,600,true],"woocommerce_gallery_thumbnail":["https:\/\/babypillowwholesale.com\/wp-content\/uploads\/2025\/03\/1130-1-100x100.jpg",100,100,true]},"uagb_author_info":{"display_name":"Etnen zhong","author_link":"https:\/\/babypillowwholesale.com\/pl\/author\/"},"uagb_comment_info":0,"uagb_excerpt":"The Naughty Bunny Shaping Pillow is an adorable and practical product designed for infants aged 0 to 6 months. Its cute bunny - like appearance, with big eyes, a sweet smile, and long ears, is extremely appealing. The special design of the pillow provides gentle support for the baby's head, helping to promote a healthy&hellip;","jetpack_sharing_enabled":true,"_links":{"self":[{"href":"https:\/\/babypillowwholesale.com\/pl\/wp-json\/wp\/v2\/product\/3265","targetHints":{"allow":["GET"]}}],"collection":[{"href":"https:\/\/babypillowwholesale.com\/pl\/wp-json\/wp\/v2\/product"}],"about":[{"href":"https:\/\/babypillowwholesale.com\/pl\/wp-json\/wp\/v2\/types\/product"}],"replies":[{"embeddable":true,"href":"https:\/\/babypillowwholesale.com\/pl\/wp-json\/wp\/v2\/comments?post=3265"}],"wp:featuredmedia":[{"embeddable":true,"href":"https:\/\/babypillowwholesale.com\/pl\/wp-json\/wp\/v2\/media\/3281"}],"wp:attachment":[{"href":"https:\/\/babypillowwholesale.com\/pl\/wp-json\/wp\/v2\/media?parent=3265"}],"wp:term":[{"taxonomy":"product_brand","embeddable":true,"href":"https:\/\/babypillowwholesale.com\/pl\/wp-json\/wp\/v2\/product_brand?post=3265"},{"taxonomy":"product_cat","embeddable":true,"href":"https:\/\/babypillowwholesale.com\/pl\/wp-json\/wp\/v2\/product_cat?post=3265"},{"taxonomy":"product_tag","embeddable":true,"href":"https:\/\/babypillowwholesale.com\/pl\/wp-json\/wp\/v2\/product_tag?post=3265"}],"curies":[{"name":"wp","href":"https:\/\/api.w.org\/{rel}","templated":true}]}}