{"id":3261,"date":"2025-03-17T03:26:37","date_gmt":"2025-03-17T03:26:37","guid":{"rendered":"https:\/\/babypillowwholesale.com\/?post_type=product&#038;p=3261"},"modified":"2025-06-08T16:18:10","modified_gmt":"2025-06-08T16:18:10","slug":"apple-shaping-pillow","status":"publish","type":"product","link":"https:\/\/babypillowwholesale.com\/pl\/product\/apple-shaping-pillow\/","title":{"rendered":"Poduszka kszta\u0142tuj\u0105ca jab\u0142ko"},"content":{"rendered":"<div class=\"auto-hide-last-sibling-br paragraph-qzbcQC paragraph-element br-paragraph-space\" data-immersive-translate-walked=\"8e61f2e7-6af2-46e5-9672-3b9e4f4033d9\" data-immersive-translate-paragraph=\"1\">Poznaj Apple Shaping Pillow, idealne po\u0142\u0105czenie uroku i funkcjonalno\u015bci, stworzone z my\u015bl\u0105 o cennych niemowl\u0119tach w wieku od 0 do 6 miesi\u0119cy. Jej czaruj\u0105ca sylwetka inspirowana jab\u0142kiem, wraz z delikatnymi akcentami li\u015bci, nie tylko dodaje odrobin\u0119 uroku do \u015bwiata Twojego dziecka, ale tak\u017ce s\u0142u\u017cy istotnemu celowi. Strategicznie umieszczone centralne wyci\u0119cie zapewnia delikatne, ko\u0142ysz\u0105ce wsparcie dla delikatnej g\u0142\u00f3wki malucha, prowadz\u0105c j\u0105 do pi\u0119knego kszta\u0142tu w miar\u0119 wzrostu. Rozmiar 22*20*1.5\/3CM sprawia, \u017ce jest niezwykle wszechstronny. Wsu\u0144 go do przytulnego \u0142\u00f3\u017ceczka swojego dziecka i obserwuj, jak zmienia czas drzemki w senne do\u015bwiadczenie. W s\u0142oneczny dzie\u0144 umie\u015b\u0107 go w w\u00f3zku, zapewniaj\u0105c dziecku wygodn\u0105 jazd\u0119. A podczas d\u0142ugich podr\u00f3\u017cy samochodem, dopasuje si\u0119 do fotelika samochodowego, zapewniaj\u0105c dziecku znajome i koj\u0105ce miejsce do odpoczynku. Rodzice s\u0105 zachwyceni t\u0105 poduszk\u0105! Wielu z nich przyzna\u0142o, \u017ce sta\u0142a si\u0119 ona nieodzown\u0105 cz\u0119\u015bci\u0105 ich rutynowej opieki nad dzieckiem. \"M\u00f3j maluch wygl\u0105da tak spokojnie \u015bpi\u0105c na tej poduszce w kszta\u0142cie jab\u0142ka. Jest mi\u0119kka i ju\u017c widz\u0119 r\u00f3\u017cnic\u0119 w kszta\u0142cie jego g\u0142\u00f3wki\" - m\u00f3wi jedna z zadowolonych mam. Inny tata komentuje: \"Wiele opcji kolorystycznych u\u0142atwia dopasowanie do wystroju naszego pokoju dzieci\u0119cego. Poza tym jest tak wygodny, \u017ce mo\u017cna go zabra\u0107 ze sob\u0105, gdziekolwiek si\u0119 wybieramy\". Dost\u0119pna w zachwycaj\u0105cych odcieniach r\u00f3\u017cu, wyrafinowanej ciemnej zieleni i uspokajaj\u0105cego b\u0142\u0119kitu, poduszka Apple Shaping Pillow pozwala wybra\u0107 odcie\u0144, kt\u00f3ry najlepiej pasuje do Twojego gustu. To nie tylko poduszka; to ukochany towarzysz pierwszych dni \u017cycia dziecka.<\/div>","protected":false},"excerpt":{"rendered":"<p>Poduszka w kszta\u0142cie jab\u0142ka to sprytnie zaprojektowany produkt dla niemowl\u0105t w wieku od 0 do 6 miesi\u0119cy. Jej kszta\u0142t jab\u0142ka jest nie tylko uroczy, ale tak\u017ce praktyczny. Unikalna wyci\u0119ta konstrukcja w \u015brodku delikatnie wspiera g\u0142\u00f3wk\u0119 dziecka, pomagaj\u0105c utrzyma\u0107 optymalny kszta\u0142t w kluczowych wczesnych miesi\u0105cach. Wymiary 22*<em data-immersive-translate-walked=\"5509ee64-5f83-48cf-a52f-9b37e33a2d1d\">20*<\/em>1.5\/3CM, jest kompaktowy i \u0142atwy do umieszczenia w \u0142\u00f3\u017ceczku, w\u00f3zku lub foteliku samochodowym. Dzi\u0119ki opcjom kolorystycznym r\u00f3\u017cowym, ciemnozielonym i niebieskim, zaspokaja r\u00f3\u017cne preferencje stylistyczne, dzi\u0119ki czemu jest uroczym i funkcjonalnym dodatkiem do niezb\u0119dnych akcesori\u00f3w do piel\u0119gnacji dziecka.<\/p>","protected":false},"featured_media":3279,"comment_status":"open","ping_status":"closed","template":"","meta":{"_uag_custom_page_level_css":"","site-sidebar-layout":"default","site-content-layout":"","ast-site-content-layout":"default","site-content-style":"default","site-sidebar-style":"default","ast-global-header-display":"","ast-banner-title-visibility":"","ast-main-header-display":"","ast-hfb-above-header-display":"","ast-hfb-below-header-display":"","ast-hfb-mobile-header-display":"","site-post-title":"","ast-breadcrumbs-content":"","ast-featured-img":"","footer-sml-layout":"","ast-disable-related-posts":"","theme-transparent-header-meta":"default","adv-header-id-meta":"","stick-header-meta":"","header-above-stick-meta":"","header-main-stick-meta":"","header-below-stick-meta":"","astra-migrate-meta-layouts":"set","ast-page-background-enabled":"default","ast-page-background-meta":{"desktop":{"background-color":"","background-image":"","background-repeat":"repeat","background-position":"center center","background-size":"auto","background-attachment":"scroll","background-type":"","background-media":"","overlay-type":"","overlay-color":"","overlay-opacity":"","overlay-gradient":""},"tablet":{"background-color":"","background-image":"","background-repeat":"repeat","background-position":"center center","background-size":"auto","background-attachment":"scroll","background-type":"","background-media":"","overlay-type":"","overlay-color":"","overlay-opacity":"","overlay-gradient":""},"mobile":{"background-color":"","background-image":"","background-repeat":"repeat","background-position":"center center","background-size":"auto","background-attachment":"scroll","background-type":"","background-media":"","overlay-type":"","overlay-color":"","overlay-opacity":"","overlay-gradient":""}},"ast-content-background-meta":{"desktop":{"background-color":"var(--ast-global-color-5)","background-image":"","background-repeat":"repeat","background-position":"center center","background-size":"auto","background-attachment":"scroll","background-type":"","background-media":"","overlay-type":"","overlay-color":"","overlay-opacity":"","overlay-gradient":""},"tablet":{"background-color":"var(--ast-global-color-5)","background-image":"","background-repeat":"repeat","background-position":"center center","background-size":"auto","background-attachment":"scroll","background-type":"","background-media":"","overlay-type":"","overlay-color":"","overlay-opacity":"","overlay-gradient":""},"mobile":{"background-color":"var(--ast-global-color-5)","background-image":"","background-repeat":"repeat","background-position":"center center","background-size":"auto","background-attachment":"scroll","background-type":"","background-media":"","overlay-type":"","overlay-color":"","overlay-opacity":"","overlay-gradient":""}}},"product_brand":[],"product_cat":[54,42],"product_tag":[70,68,71,69],"class_list":{"0":"post-3261","1":"product","2":"type-product","3":"status-publish","4":"has-post-thumbnail","6":"product_cat-0-to-6months","7":"product_cat-merchandise","8":"product_tag-babypillow","9":"product_tag-cuteanimalpillow","10":"product_tag-headshapesupport","11":"product_tag-kouniushapingpillow","12":"desktop-align-left","13":"tablet-align-left","14":"mobile-align-left","16":"first","17":"instock","18":"shipping-taxable","19":"product-type-simple"},"aioseo_notices":[],"uagb_featured_image_src":{"full":["https:\/\/babypillowwholesale.com\/wp-content\/uploads\/2025\/03\/1112-1.jpg",1000,1000,false],"thumbnail":["https:\/\/babypillowwholesale.com\/wp-content\/uploads\/2025\/03\/1112-1-150x150.jpg",150,150,true],"medium":["https:\/\/babypillowwholesale.com\/wp-content\/uploads\/2025\/03\/1112-1-300x300.jpg",300,300,true],"medium_large":["https:\/\/babypillowwholesale.com\/wp-content\/uploads\/2025\/03\/1112-1-768x768.jpg",768,768,true],"large":["https:\/\/babypillowwholesale.com\/wp-content\/uploads\/2025\/03\/1112-1.jpg",1000,1000,false],"1536x1536":["https:\/\/babypillowwholesale.com\/wp-content\/uploads\/2025\/03\/1112-1.jpg",1000,1000,false],"2048x2048":["https:\/\/babypillowwholesale.com\/wp-content\/uploads\/2025\/03\/1112-1.jpg",1000,1000,false],"trp-custom-language-flag":["https:\/\/babypillowwholesale.com\/wp-content\/uploads\/2025\/03\/1112-1.jpg",12,12,false],"woocommerce_thumbnail":["https:\/\/babypillowwholesale.com\/wp-content\/uploads\/2025\/03\/1112-1-300x300.jpg",300,300,true],"woocommerce_single":["https:\/\/babypillowwholesale.com\/wp-content\/uploads\/2025\/03\/1112-1-600x600.jpg",600,600,true],"woocommerce_gallery_thumbnail":["https:\/\/babypillowwholesale.com\/wp-content\/uploads\/2025\/03\/1112-1-100x100.jpg",100,100,true]},"uagb_author_info":{"display_name":"Etnen zhong","author_link":"https:\/\/babypillowwholesale.com\/pl\/author\/"},"uagb_comment_info":0,"uagb_excerpt":"The Apple Shaping Pillow is a cleverly designed product for infants aged 0 to 6 months. Its apple - shaped form is not only cute but also practical. The unique cut - out design in the middle gently supports the baby's head, helping to maintain an optimal shape during the crucial early months. Measuring 22*20*1.5\/3CM,&hellip;","jetpack_sharing_enabled":true,"_links":{"self":[{"href":"https:\/\/babypillowwholesale.com\/pl\/wp-json\/wp\/v2\/product\/3261","targetHints":{"allow":["GET"]}}],"collection":[{"href":"https:\/\/babypillowwholesale.com\/pl\/wp-json\/wp\/v2\/product"}],"about":[{"href":"https:\/\/babypillowwholesale.com\/pl\/wp-json\/wp\/v2\/types\/product"}],"replies":[{"embeddable":true,"href":"https:\/\/babypillowwholesale.com\/pl\/wp-json\/wp\/v2\/comments?post=3261"}],"wp:featuredmedia":[{"embeddable":true,"href":"https:\/\/babypillowwholesale.com\/pl\/wp-json\/wp\/v2\/media\/3279"}],"wp:attachment":[{"href":"https:\/\/babypillowwholesale.com\/pl\/wp-json\/wp\/v2\/media?parent=3261"}],"wp:term":[{"taxonomy":"product_brand","embeddable":true,"href":"https:\/\/babypillowwholesale.com\/pl\/wp-json\/wp\/v2\/product_brand?post=3261"},{"taxonomy":"product_cat","embeddable":true,"href":"https:\/\/babypillowwholesale.com\/pl\/wp-json\/wp\/v2\/product_cat?post=3261"},{"taxonomy":"product_tag","embeddable":true,"href":"https:\/\/babypillowwholesale.com\/pl\/wp-json\/wp\/v2\/product_tag?post=3261"}],"curies":[{"name":"wp","href":"https:\/\/api.w.org\/{rel}","templated":true}]}}