{"id":3259,"date":"2025-03-17T03:01:05","date_gmt":"2025-03-17T03:01:05","guid":{"rendered":"https:\/\/babypillowwholesale.com\/?post_type=product&#038;p=3259"},"modified":"2025-06-08T16:19:14","modified_gmt":"2025-06-08T16:19:14","slug":"hydrophilic-cotton-shaping-pillow","status":"publish","type":"product","link":"https:\/\/babypillowwholesale.com\/pl\/product\/hydrophilic-cotton-shaping-pillow\/","title":{"rendered":"Poduszka kszta\u0142tuj\u0105ca z bawe\u0142ny hydrofilowej"},"content":{"rendered":"<div class=\"auto-hide-last-sibling-br paragraph-qzbcQC paragraph-element br-paragraph-space\" data-immersive-translate-walked=\"8e61f2e7-6af2-46e5-9672-3b9e4f4033d9\" data-immersive-translate-paragraph=\"1\">Przedstawiamy Hydrophilic cotton Shaping Pillow, zachwycaj\u0105ce po\u0142\u0105czenie uroku i funkcjonalno\u015bci dostosowane wy\u0142\u0105cznie do najmniejszych \u015bpioch\u00f3w w wieku od 0 do 6 miesi\u0119cy. Ozdobiona uroczymi uszkami i delikatn\u0105 kokardk\u0105, ta poduszka jest wizualnym arcydzie\u0142em, kt\u00f3re natychmiast rozja\u015bni ka\u017cdy pok\u00f3j dzieci\u0119cy.<br \/>\nZaprojektowany z niezwyk\u0142\u0105 precyzj\u0105, jego unikalny kontur oferuje delikatne obj\u0119cie delikatnej g\u0142\u00f3wki dziecka, prowadz\u0105c j\u0105 delikatnie w kierunku idealnego kszta\u0142tu, gdy rozpoczynaj\u0105 swoj\u0105 wczesn\u0105 podr\u00f3\u017c wzrostu. Mierz\u0105c 26230\/3CM, jest to idealny rozmiar do bezproblemowej integracji z r\u00f3\u017cnymi ustawieniami.<br \/>\nNiezale\u017cnie od tego, czy jest umieszczona w pluszowym \u0142\u00f3\u017ceczku dziecka, zapewniaj\u0105c przytuln\u0105 oaz\u0119 dla jego drzemek w ci\u0105gu dnia, czy te\u017c towarzyszy mu w noside\u0142ku podczas rodzinnej wycieczki do zoo, ta poduszka zapewnia sta\u0142y komfort. Jest r\u00f3wnie\u017c doskona\u0142ym towarzyszem podczas d\u0142ugich lot\u00f3w, oferuj\u0105c znajome i koj\u0105ce miejsce dla malucha do odpoczynku po\u015br\u00f3d zgie\u0142ku.<br \/>\nDost\u0119pny w czaruj\u0105cych odcieniach delikatnego r\u00f3\u017cu i bogatej ciemnej zieleni, mo\u017cesz wybra\u0107 odcie\u0144, kt\u00f3ry najlepiej wsp\u00f3\u0142gra z Twoj\u0105 wra\u017cliwo\u015bci\u0105 estetyczn\u0105 lub motywem pokoju dzieci\u0119cego. Podnie\u015b jako\u015b\u0107 snu swojego dziecka dzi\u0119ki hydrofilowej bawe\u0142nianej poduszce Shaping Pillow, w kt\u00f3rej ka\u017cda drzemka jest krokiem w kierunku pi\u0119knie ukszta\u0142towanej g\u0142\u00f3wki i s\u0142odkich sn\u00f3w.<\/div>","protected":false},"excerpt":{"rendered":"<p>Hydrofilowa bawe\u0142niana poduszka Shaping Pillow to atrakcyjny i praktyczny produkt przeznaczony dla niemowl\u0105t w wieku od 0 do 6 miesi\u0119cy. Dzi\u0119ki uroczemu wygl\u0105dowi z uroczymi uszami i pi\u0119kn\u0105 kokard\u0105, jest atrakcyjna wizualnie. Konstrukcja poduszki zosta\u0142a starannie wykonana, aby zapewni\u0107 delikatne wsparcie dla g\u0142\u00f3wki dziecka, pomagaj\u0105c utrzyma\u0107 prawid\u0142owy kszta\u0142t podczas wczesnego rozwoju. Mierz\u0105c 26230\/3CM, dobrze pasuje do \u0142\u00f3\u017ceczek lub noside\u0142ek. Oferowany zar\u00f3wno w s\u0142odkim r\u00f3\u017cu, jak i eleganckiej ciemnej zieleni, daje rodzicom mo\u017cliwo\u015b\u0107 dopasowania go do swoich preferencji lub wystroju pokoju dzieci\u0119cego, \u0142\u0105cz\u0105c funkcjonalno\u015b\u0107 z odrobin\u0105 uroku w opiece nad dzieckiem.<\/p>","protected":false},"featured_media":3278,"comment_status":"open","ping_status":"closed","template":"","meta":{"_uag_custom_page_level_css":"","site-sidebar-layout":"default","site-content-layout":"","ast-site-content-layout":"default","site-content-style":"default","site-sidebar-style":"default","ast-global-header-display":"","ast-banner-title-visibility":"","ast-main-header-display":"","ast-hfb-above-header-display":"","ast-hfb-below-header-display":"","ast-hfb-mobile-header-display":"","site-post-title":"","ast-breadcrumbs-content":"","ast-featured-img":"","footer-sml-layout":"","ast-disable-related-posts":"","theme-transparent-header-meta":"default","adv-header-id-meta":"","stick-header-meta":"","header-above-stick-meta":"","header-main-stick-meta":"","header-below-stick-meta":"","astra-migrate-meta-layouts":"set","ast-page-background-enabled":"default","ast-page-background-meta":{"desktop":{"background-color":"","background-image":"","background-repeat":"repeat","background-position":"center center","background-size":"auto","background-attachment":"scroll","background-type":"","background-media":"","overlay-type":"","overlay-color":"","overlay-opacity":"","overlay-gradient":""},"tablet":{"background-color":"","background-image":"","background-repeat":"repeat","background-position":"center center","background-size":"auto","background-attachment":"scroll","background-type":"","background-media":"","overlay-type":"","overlay-color":"","overlay-opacity":"","overlay-gradient":""},"mobile":{"background-color":"","background-image":"","background-repeat":"repeat","background-position":"center center","background-size":"auto","background-attachment":"scroll","background-type":"","background-media":"","overlay-type":"","overlay-color":"","overlay-opacity":"","overlay-gradient":""}},"ast-content-background-meta":{"desktop":{"background-color":"var(--ast-global-color-5)","background-image":"","background-repeat":"repeat","background-position":"center center","background-size":"auto","background-attachment":"scroll","background-type":"","background-media":"","overlay-type":"","overlay-color":"","overlay-opacity":"","overlay-gradient":""},"tablet":{"background-color":"var(--ast-global-color-5)","background-image":"","background-repeat":"repeat","background-position":"center center","background-size":"auto","background-attachment":"scroll","background-type":"","background-media":"","overlay-type":"","overlay-color":"","overlay-opacity":"","overlay-gradient":""},"mobile":{"background-color":"var(--ast-global-color-5)","background-image":"","background-repeat":"repeat","background-position":"center center","background-size":"auto","background-attachment":"scroll","background-type":"","background-media":"","overlay-type":"","overlay-color":"","overlay-opacity":"","overlay-gradient":""}}},"product_brand":[],"product_cat":[54,42],"product_tag":[70,68,71,69],"class_list":{"0":"post-3259","1":"product","2":"type-product","3":"status-publish","4":"has-post-thumbnail","6":"product_cat-0-to-6months","7":"product_cat-merchandise","8":"product_tag-babypillow","9":"product_tag-cuteanimalpillow","10":"product_tag-headshapesupport","11":"product_tag-kouniushapingpillow","12":"desktop-align-left","13":"tablet-align-left","14":"mobile-align-left","16":"first","17":"instock","18":"shipping-taxable","19":"product-type-simple"},"aioseo_notices":[],"uagb_featured_image_src":{"full":["https:\/\/babypillowwholesale.com\/wp-content\/uploads\/2025\/03\/1125-1.jpg",1000,1000,false],"thumbnail":["https:\/\/babypillowwholesale.com\/wp-content\/uploads\/2025\/03\/1125-1-150x150.jpg",150,150,true],"medium":["https:\/\/babypillowwholesale.com\/wp-content\/uploads\/2025\/03\/1125-1-300x300.jpg",300,300,true],"medium_large":["https:\/\/babypillowwholesale.com\/wp-content\/uploads\/2025\/03\/1125-1-768x768.jpg",768,768,true],"large":["https:\/\/babypillowwholesale.com\/wp-content\/uploads\/2025\/03\/1125-1.jpg",1000,1000,false],"1536x1536":["https:\/\/babypillowwholesale.com\/wp-content\/uploads\/2025\/03\/1125-1.jpg",1000,1000,false],"2048x2048":["https:\/\/babypillowwholesale.com\/wp-content\/uploads\/2025\/03\/1125-1.jpg",1000,1000,false],"trp-custom-language-flag":["https:\/\/babypillowwholesale.com\/wp-content\/uploads\/2025\/03\/1125-1.jpg",12,12,false],"woocommerce_thumbnail":["https:\/\/babypillowwholesale.com\/wp-content\/uploads\/2025\/03\/1125-1-300x300.jpg",300,300,true],"woocommerce_single":["https:\/\/babypillowwholesale.com\/wp-content\/uploads\/2025\/03\/1125-1-600x600.jpg",600,600,true],"woocommerce_gallery_thumbnail":["https:\/\/babypillowwholesale.com\/wp-content\/uploads\/2025\/03\/1125-1-100x100.jpg",100,100,true]},"uagb_author_info":{"display_name":"Etnen zhong","author_link":"https:\/\/babypillowwholesale.com\/pl\/author\/"},"uagb_comment_info":0,"uagb_excerpt":"The Hydrophilic cotton Shaping Pillow is an appealing and practical product designed for infants between 0 and 6 months old. With a charming appearance featuring cute ears and a lovely bow, it's visually attractive. The pillow's design is carefully crafted to provide gentle support for a baby's head, helping to maintain a proper shape during&hellip;","jetpack_sharing_enabled":true,"_links":{"self":[{"href":"https:\/\/babypillowwholesale.com\/pl\/wp-json\/wp\/v2\/product\/3259","targetHints":{"allow":["GET"]}}],"collection":[{"href":"https:\/\/babypillowwholesale.com\/pl\/wp-json\/wp\/v2\/product"}],"about":[{"href":"https:\/\/babypillowwholesale.com\/pl\/wp-json\/wp\/v2\/types\/product"}],"replies":[{"embeddable":true,"href":"https:\/\/babypillowwholesale.com\/pl\/wp-json\/wp\/v2\/comments?post=3259"}],"wp:featuredmedia":[{"embeddable":true,"href":"https:\/\/babypillowwholesale.com\/pl\/wp-json\/wp\/v2\/media\/3278"}],"wp:attachment":[{"href":"https:\/\/babypillowwholesale.com\/pl\/wp-json\/wp\/v2\/media?parent=3259"}],"wp:term":[{"taxonomy":"product_brand","embeddable":true,"href":"https:\/\/babypillowwholesale.com\/pl\/wp-json\/wp\/v2\/product_brand?post=3259"},{"taxonomy":"product_cat","embeddable":true,"href":"https:\/\/babypillowwholesale.com\/pl\/wp-json\/wp\/v2\/product_cat?post=3259"},{"taxonomy":"product_tag","embeddable":true,"href":"https:\/\/babypillowwholesale.com\/pl\/wp-json\/wp\/v2\/product_tag?post=3259"}],"curies":[{"name":"wp","href":"https:\/\/api.w.org\/{rel}","templated":true}]}}