{"id":1199,"date":"2025-02-17T16:07:49","date_gmt":"2025-02-17T16:07:49","guid":{"rendered":"http:\/\/babypillowwholesale.com\/product\/boho-bangle-bracelet-2\/"},"modified":"2025-06-08T16:23:33","modified_gmt":"2025-06-08T16:23:33","slug":"boho-bangle-bracelet-2","status":"publish","type":"product","link":"https:\/\/babypillowwholesale.com\/pl\/product\/boho-bangle-bracelet-2\/","title":{"rendered":"Poduszka w kszta\u0142cie misia Mickey"},"content":{"rendered":"<p>Przedstawiamy czaruj\u0105c\u0105 poduszk\u0119 Mickey Bear Shaping Pillow, idealnego towarzysza zaprojektowanego z my\u015bl\u0105 o cennych niemowl\u0119tach w wieku od 0 do 6 miesi\u0119cy. Jej nieodparcie uroczy wygl\u0105d przypominaj\u0105cy nied\u017awiedzia jest nie tylko wizualn\u0105 rozkosz\u0105, ale tak\u017ce s\u0142u\u017cy istotnemu celowi, jakim jest delikatne kszta\u0142towanie g\u0142owy dziecka. Mierz\u0105c 26*23*0\/3CM, idealnie dopasowuje si\u0119 do krzywizn cia\u0142a dziecka, zapewniaj\u0105c maksymalny komfort. Dost\u0119pna w uroczym r\u00f3\u017cowym i koj\u0105cym niebieskim kolorze, zaspokaja r\u00f3\u017cnorodne preferencje estetyczne. Ta poduszka kszta\u0142tuj\u0105ca ma wszechstronne zastosowanie. Podczas dziennych drzemek w pokoju dzieci\u0119cym, jej mi\u0119kka tekstura i wspieraj\u0105ca konstrukcja pomagaj\u0105 dziecku zrelaksowa\u0107 si\u0119 i spa\u0107 spokojnie. Podczas rodzinnej podr\u00f3\u017cy mo\u017cna j\u0105 umie\u015bci\u0107 w foteliku samochodowym, zapewniaj\u0105c maluchowi znajome i przytulne miejsce do odpoczynku. Nawet podczas kr\u00f3tkiej wizyty w domu dziadk\u00f3w, wystarczy zabra\u0107 ze sob\u0105 t\u0119 kompaktow\u0105 poduszk\u0119, aby odtworzy\u0107 komfortowe \u015brodowisko snu dla dziecka. Poduszka Mickey Bear Shaping Pillow to co\u015b wi\u0119cej ni\u017c tylko akcesorium do spania, to po\u0142\u0105czenie funkcjonalno\u015bci, uroku i wygody, niezb\u0119dny dodatek do opieki nad dzieckiem, kt\u00f3ry \u0142\u0105czy w sobie praktyczno\u015b\u0107 z odrobin\u0105 magii.<\/p>","protected":false},"excerpt":{"rendered":"<p>Poduszka w kszta\u0142cie misia Mickey zosta\u0142a specjalnie zaprojektowana dla niemowl\u0105t w wieku od 0 do 6 miesi\u0119cy. Dzi\u0119ki uroczemu wygl\u0105dowi w kszta\u0142cie misia jest bardzo atrakcyjna. Unikalna konstrukcja pomaga kszta\u0142towa\u0107 g\u0142\u00f3wk\u0119 dziecka. Odpowiedni rozmiar 26\/<em>3<\/em>0\/3CM pasuje do krzywizny cia\u0142a dziecka. Dost\u0119pny w dw\u00f3ch kolorach, r\u00f3\u017cowym i niebieskim, mo\u017ce spe\u0142nia\u0107 r\u00f3\u017cne preferencje. Jest to praktyczny i uroczy produkt do piel\u0119gnacji niemowl\u0105t.<\/p>","protected":false},"featured_media":3275,"comment_status":"open","ping_status":"closed","template":"","meta":{"_uag_custom_page_level_css":"","site-sidebar-layout":"default","site-content-layout":"","ast-site-content-layout":"default","site-content-style":"default","site-sidebar-style":"default","ast-global-header-display":"","ast-banner-title-visibility":"","ast-main-header-display":"","ast-hfb-above-header-display":"","ast-hfb-below-header-display":"","ast-hfb-mobile-header-display":"","site-post-title":"","ast-breadcrumbs-content":"","ast-featured-img":"","footer-sml-layout":"","ast-disable-related-posts":"","theme-transparent-header-meta":"default","adv-header-id-meta":"","stick-header-meta":"","header-above-stick-meta":"","header-main-stick-meta":"","header-below-stick-meta":"","astra-migrate-meta-layouts":"set","ast-page-background-enabled":"default","ast-page-background-meta":{"desktop":{"background-color":"","background-image":"","background-repeat":"repeat","background-position":"center center","background-size":"auto","background-attachment":"scroll","background-type":"","background-media":"","overlay-type":"","overlay-color":"","overlay-opacity":"","overlay-gradient":""},"tablet":{"background-color":"","background-image":"","background-repeat":"repeat","background-position":"center center","background-size":"auto","background-attachment":"scroll","background-type":"","background-media":"","overlay-type":"","overlay-color":"","overlay-opacity":"","overlay-gradient":""},"mobile":{"background-color":"","background-image":"","background-repeat":"repeat","background-position":"center center","background-size":"auto","background-attachment":"scroll","background-type":"","background-media":"","overlay-type":"","overlay-color":"","overlay-opacity":"","overlay-gradient":""}},"ast-content-background-meta":{"desktop":{"background-color":"var(--ast-global-color-5)","background-image":"","background-repeat":"repeat","background-position":"center center","background-size":"auto","background-attachment":"scroll","background-type":"","background-media":"","overlay-type":"","overlay-color":"","overlay-opacity":"","overlay-gradient":""},"tablet":{"background-color":"var(--ast-global-color-5)","background-image":"","background-repeat":"repeat","background-position":"center center","background-size":"auto","background-attachment":"scroll","background-type":"","background-media":"","overlay-type":"","overlay-color":"","overlay-opacity":"","overlay-gradient":""},"mobile":{"background-color":"var(--ast-global-color-5)","background-image":"","background-repeat":"repeat","background-position":"center center","background-size":"auto","background-attachment":"scroll","background-type":"","background-media":"","overlay-type":"","overlay-color":"","overlay-opacity":"","overlay-gradient":""}}},"product_brand":[],"product_cat":[54,42],"product_tag":[70,68,71,69],"class_list":{"0":"post-1199","1":"product","2":"type-product","3":"status-publish","4":"has-post-thumbnail","6":"product_cat-0-to-6months","7":"product_cat-merchandise","8":"product_tag-babypillow","9":"product_tag-cuteanimalpillow","10":"product_tag-headshapesupport","11":"product_tag-kouniushapingpillow","12":"desktop-align-left","13":"tablet-align-left","14":"mobile-align-left","16":"first","17":"instock","18":"shipping-taxable","19":"product-type-simple"},"aioseo_notices":[],"uagb_featured_image_src":{"full":["https:\/\/babypillowwholesale.com\/wp-content\/uploads\/2025\/02\/1119.jpg",1000,1000,false],"thumbnail":["https:\/\/babypillowwholesale.com\/wp-content\/uploads\/2025\/02\/1119-150x150.jpg",150,150,true],"medium":["https:\/\/babypillowwholesale.com\/wp-content\/uploads\/2025\/02\/1119-300x300.jpg",300,300,true],"medium_large":["https:\/\/babypillowwholesale.com\/wp-content\/uploads\/2025\/02\/1119-768x768.jpg",768,768,true],"large":["https:\/\/babypillowwholesale.com\/wp-content\/uploads\/2025\/02\/1119.jpg",1000,1000,false],"1536x1536":["https:\/\/babypillowwholesale.com\/wp-content\/uploads\/2025\/02\/1119.jpg",1000,1000,false],"2048x2048":["https:\/\/babypillowwholesale.com\/wp-content\/uploads\/2025\/02\/1119.jpg",1000,1000,false],"trp-custom-language-flag":["https:\/\/babypillowwholesale.com\/wp-content\/uploads\/2025\/02\/1119.jpg",12,12,false],"woocommerce_thumbnail":["https:\/\/babypillowwholesale.com\/wp-content\/uploads\/2025\/02\/1119-300x300.jpg",300,300,true],"woocommerce_single":["https:\/\/babypillowwholesale.com\/wp-content\/uploads\/2025\/02\/1119-600x600.jpg",600,600,true],"woocommerce_gallery_thumbnail":["https:\/\/babypillowwholesale.com\/wp-content\/uploads\/2025\/02\/1119-100x100.jpg",100,100,true]},"uagb_author_info":{"display_name":"Etnen zhong","author_link":"https:\/\/babypillowwholesale.com\/pl\/author\/"},"uagb_comment_info":0,"uagb_excerpt":"This Mickey Bear Shaping Pillow is specially designed for babies aged 0 to 6 months. With its cute bear - shaped appearance, it's very attractive. The unique design helps to shape the baby's head. The appropriate size of 26\/30\/3CM fits the baby's body curve. Available in two colors, pink and blue, it can meet different&hellip;","jetpack_sharing_enabled":true,"_links":{"self":[{"href":"https:\/\/babypillowwholesale.com\/pl\/wp-json\/wp\/v2\/product\/1199","targetHints":{"allow":["GET"]}}],"collection":[{"href":"https:\/\/babypillowwholesale.com\/pl\/wp-json\/wp\/v2\/product"}],"about":[{"href":"https:\/\/babypillowwholesale.com\/pl\/wp-json\/wp\/v2\/types\/product"}],"replies":[{"embeddable":true,"href":"https:\/\/babypillowwholesale.com\/pl\/wp-json\/wp\/v2\/comments?post=1199"}],"wp:featuredmedia":[{"embeddable":true,"href":"https:\/\/babypillowwholesale.com\/pl\/wp-json\/wp\/v2\/media\/3275"}],"wp:attachment":[{"href":"https:\/\/babypillowwholesale.com\/pl\/wp-json\/wp\/v2\/media?parent=1199"}],"wp:term":[{"taxonomy":"product_brand","embeddable":true,"href":"https:\/\/babypillowwholesale.com\/pl\/wp-json\/wp\/v2\/product_brand?post=1199"},{"taxonomy":"product_cat","embeddable":true,"href":"https:\/\/babypillowwholesale.com\/pl\/wp-json\/wp\/v2\/product_cat?post=1199"},{"taxonomy":"product_tag","embeddable":true,"href":"https:\/\/babypillowwholesale.com\/pl\/wp-json\/wp\/v2\/product_tag?post=1199"}],"curies":[{"name":"wp","href":"https:\/\/api.w.org\/{rel}","templated":true}]}}