{"id":3488,"date":"2025-04-19T02:55:35","date_gmt":"2025-04-19T02:55:35","guid":{"rendered":"https:\/\/babypillowwholesale.com\/?post_type=product&#038;p=3488"},"modified":"2025-06-05T14:47:34","modified_gmt":"2025-06-05T14:47:34","slug":"memory-foam-pillow-thin-bear-shaped-pillow-core","status":"publish","type":"product","link":"https:\/\/babypillowwholesale.com\/nb\/product\/memory-foam-pillow-thin-bear-shaped-pillow-core\/","title":{"rendered":"Pute av minneskum - Tynn bj\u00f8rn - formet putekjerne"},"content":{"rendered":"<div class=\"auto-hide-last-sibling-br paragraph-qzbcQC paragraph-element br-paragraph-space\">\n<div class=\"auto-hide-last-sibling-br paragraph-qzbcQC paragraph-element br-paragraph-space\">\n<div class=\"auto-hide-last-sibling-br paragraph-qzbcQC paragraph-element br-paragraph-space\">Se Memory Foam Pillow - Thin Bear - formet putekjerne, et mesterverk laget spesielt for de aller minste soverne i alderen 0 - 6 m\u00e5neder. Den forf\u00f8rende bj\u00f8rnelignende silhuetten er ikke bare et estetisk valg; den er en portal til et univers av skreddersydde muligheter.<\/div>\n<p>&nbsp;<\/p>\n<div class=\"auto-hide-last-sibling-br paragraph-qzbcQC paragraph-element br-paragraph-space\">Vi forst\u00e5r at komforten er like individuell som ditt barns s\u00f8te smil. Derfor tilbyr vi muligheten til \u00e5 finjustere mykheten i det hydrofile skummet. Enten du \u00f8nsker en skyaktig mykhet for de mest delikate hodene eller litt mer fasthet for ekstra st\u00f8tte, har vi det du trenger. Det er et niv\u00e5 av tilpasning som forvandler denne putekjernen fra et rent tilbeh\u00f8r til en personlig oase av hvile.<\/div>\n<p>&nbsp;<\/p>\n<div class=\"auto-hide-last-sibling-br paragraph-qzbcQC paragraph-element br-paragraph-space\">Overflaten p\u00e5 dette bj\u00f8rneformede vidunderet er et blankt lerret som venter p\u00e5 kunstnerisk uttrykk. Ved hjelp av de tryggeste, giftfrie fargene kan vi pryde den med fortryllende trykk. Forestill deg en konstellasjon av sm\u00e5 prestekrager som svaier i en mild bris, eller et spor av bed\u00e5rende kaninfotavtrykk som leder barnet ditt inn i en verden av dr\u00f8mmer. Disse avtrykkene er ikke bare dekorasjoner, de er historier som venter p\u00e5 \u00e5 bli fortalt, og som tilf\u00f8rer et lag av magi til hver eneste lur.<\/div>\n<p>&nbsp;<\/p>\n<div class=\"auto-hide-last-sibling-br paragraph-qzbcQC paragraph-element br-paragraph-space\">Og s\u00e5 er det den sentrale fordypningen, en viktig funksjon som er nyutviklet for barnets komfort. Vi kan justere st\u00f8rrelsen og dybden med kirurgisk presisjon, slik at den vugger barnets hode som en kj\u00e6rlig omfavnelse. Det er denne oppmerksomheten p\u00e5 detaljer, dette engasjementet for det unike, som gj\u00f8r v\u00e5r Memory Foam Pillow - Thin Bear - formet Pillow Core ikke bare til et produkt, men til et kj\u00e6rt minne, en unik vuggesang for ditt barns nattes\u00f8vn.<\/div>\n<\/div>\n<\/div>","protected":false},"excerpt":{"rendered":"<p>Denne Memory Foam Pillow - Thin Bear - formet putekjerne, designet for babyer i alderen 0 - 6 m\u00e5neder, tilbyr en verden av tilpasnings- og designmuligheter. Den elskelige bj\u00f8rneformen er det perfekte lerretet for kreativitet. Vi kan tilpasse mykhetsniv\u00e5et i det hydrofile skummet etter dine preferanser, slik at du sikrer den ideelle komforten for den lille. Overflaten kan utsmykkes med giftfrie, babysikre trykk, for eksempel sm\u00e5 blomsterm\u00f8nstre eller s\u00f8te fotavtrykk fra dyr, noe som gir en unik og sjarmerende touch. I tillegg kan st\u00f8rrelsen og dybden p\u00e5 den sentrale fordypningen justeres for \u00e5 gi bedre st\u00f8tte til babyens hodeform. P\u00e5 denne m\u00e5ten kan du skape en helt personlig putekjerne som ikke bare tilfredsstiller babyens komfortbehov, men som ogs\u00e5 skiller seg ut som et helt spesielt og unikt produkt.<\/p>","protected":false},"featured_media":3489,"comment_status":"open","ping_status":"closed","template":"","meta":{"_uag_custom_page_level_css":"","site-sidebar-layout":"default","site-content-layout":"","ast-site-content-layout":"default","site-content-style":"default","site-sidebar-style":"default","ast-global-header-display":"","ast-banner-title-visibility":"","ast-main-header-display":"","ast-hfb-above-header-display":"","ast-hfb-below-header-display":"","ast-hfb-mobile-header-display":"","site-post-title":"","ast-breadcrumbs-content":"","ast-featured-img":"","footer-sml-layout":"","ast-disable-related-posts":"","theme-transparent-header-meta":"default","adv-header-id-meta":"","stick-header-meta":"","header-above-stick-meta":"","header-main-stick-meta":"","header-below-stick-meta":"","astra-migrate-meta-layouts":"set","ast-page-background-enabled":"default","ast-page-background-meta":{"desktop":{"background-color":"","background-image":"","background-repeat":"repeat","background-position":"center center","background-size":"auto","background-attachment":"scroll","background-type":"","background-media":"","overlay-type":"","overlay-color":"","overlay-opacity":"","overlay-gradient":""},"tablet":{"background-color":"","background-image":"","background-repeat":"repeat","background-position":"center center","background-size":"auto","background-attachment":"scroll","background-type":"","background-media":"","overlay-type":"","overlay-color":"","overlay-opacity":"","overlay-gradient":""},"mobile":{"background-color":"","background-image":"","background-repeat":"repeat","background-position":"center center","background-size":"auto","background-attachment":"scroll","background-type":"","background-media":"","overlay-type":"","overlay-color":"","overlay-opacity":"","overlay-gradient":""}},"ast-content-background-meta":{"desktop":{"background-color":"var(--ast-global-color-5)","background-image":"","background-repeat":"repeat","background-position":"center center","background-size":"auto","background-attachment":"scroll","background-type":"","background-media":"","overlay-type":"","overlay-color":"","overlay-opacity":"","overlay-gradient":""},"tablet":{"background-color":"var(--ast-global-color-5)","background-image":"","background-repeat":"repeat","background-position":"center center","background-size":"auto","background-attachment":"scroll","background-type":"","background-media":"","overlay-type":"","overlay-color":"","overlay-opacity":"","overlay-gradient":""},"mobile":{"background-color":"var(--ast-global-color-5)","background-image":"","background-repeat":"repeat","background-position":"center center","background-size":"auto","background-attachment":"scroll","background-type":"","background-media":"","overlay-type":"","overlay-color":"","overlay-opacity":"","overlay-gradient":""}}},"product_brand":[],"product_cat":[65,32],"product_tag":[70,68,71,69],"class_list":{"0":"post-3488","1":"product","2":"type-product","3":"status-publish","4":"has-post-thumbnail","6":"product_cat-0-to-6months-oem","7":"product_cat-customize","8":"product_tag-babypillow","9":"product_tag-cuteanimalpillow","10":"product_tag-headshapesupport","11":"product_tag-kouniushapingpillow","12":"desktop-align-left","13":"tablet-align-left","14":"mobile-align-left","16":"first","17":"instock","18":"shipping-taxable","19":"product-type-simple"},"aioseo_notices":[],"uagb_featured_image_src":{"full":["https:\/\/babypillowwholesale.com\/wp-content\/uploads\/2025\/04\/0003.jpg",1000,1000,false],"thumbnail":["https:\/\/babypillowwholesale.com\/wp-content\/uploads\/2025\/04\/0003-150x150.jpg",150,150,true],"medium":["https:\/\/babypillowwholesale.com\/wp-content\/uploads\/2025\/04\/0003-300x300.jpg",300,300,true],"medium_large":["https:\/\/babypillowwholesale.com\/wp-content\/uploads\/2025\/04\/0003-768x768.jpg",768,768,true],"large":["https:\/\/babypillowwholesale.com\/wp-content\/uploads\/2025\/04\/0003.jpg",1000,1000,false],"1536x1536":["https:\/\/babypillowwholesale.com\/wp-content\/uploads\/2025\/04\/0003.jpg",1000,1000,false],"2048x2048":["https:\/\/babypillowwholesale.com\/wp-content\/uploads\/2025\/04\/0003.jpg",1000,1000,false],"trp-custom-language-flag":["https:\/\/babypillowwholesale.com\/wp-content\/uploads\/2025\/04\/0003.jpg",12,12,false],"woocommerce_thumbnail":["https:\/\/babypillowwholesale.com\/wp-content\/uploads\/2025\/04\/0003-300x300.jpg",300,300,true],"woocommerce_single":["https:\/\/babypillowwholesale.com\/wp-content\/uploads\/2025\/04\/0003-600x600.jpg",600,600,true],"woocommerce_gallery_thumbnail":["https:\/\/babypillowwholesale.com\/wp-content\/uploads\/2025\/04\/0003-100x100.jpg",100,100,true]},"uagb_author_info":{"display_name":"Etnen zhong","author_link":"https:\/\/babypillowwholesale.com\/nb\/author\/"},"uagb_comment_info":0,"uagb_excerpt":"This Memory Foam Pillow - Thin Bear - shaped Pillow Core, designed for babies aged 0 - 6 months, offers a world of customization and design opportunities. Its endearing bear - shaped form is the perfect canvas for creativity. We can customize the softness level of the hydrophilic foam according to your preference, ensuring the&hellip;","jetpack_sharing_enabled":true,"_links":{"self":[{"href":"https:\/\/babypillowwholesale.com\/nb\/wp-json\/wp\/v2\/product\/3488","targetHints":{"allow":["GET"]}}],"collection":[{"href":"https:\/\/babypillowwholesale.com\/nb\/wp-json\/wp\/v2\/product"}],"about":[{"href":"https:\/\/babypillowwholesale.com\/nb\/wp-json\/wp\/v2\/types\/product"}],"replies":[{"embeddable":true,"href":"https:\/\/babypillowwholesale.com\/nb\/wp-json\/wp\/v2\/comments?post=3488"}],"wp:featuredmedia":[{"embeddable":true,"href":"https:\/\/babypillowwholesale.com\/nb\/wp-json\/wp\/v2\/media\/3489"}],"wp:attachment":[{"href":"https:\/\/babypillowwholesale.com\/nb\/wp-json\/wp\/v2\/media?parent=3488"}],"wp:term":[{"taxonomy":"product_brand","embeddable":true,"href":"https:\/\/babypillowwholesale.com\/nb\/wp-json\/wp\/v2\/product_brand?post=3488"},{"taxonomy":"product_cat","embeddable":true,"href":"https:\/\/babypillowwholesale.com\/nb\/wp-json\/wp\/v2\/product_cat?post=3488"},{"taxonomy":"product_tag","embeddable":true,"href":"https:\/\/babypillowwholesale.com\/nb\/wp-json\/wp\/v2\/product_tag?post=3488"}],"curies":[{"name":"wp","href":"https:\/\/api.w.org\/{rel}","templated":true}]}}