{"id":3448,"date":"2025-04-17T15:43:57","date_gmt":"2025-04-17T15:43:57","guid":{"rendered":"https:\/\/babypillowwholesale.com\/?post_type=product&#038;p=3448"},"modified":"2025-06-08T02:18:25","modified_gmt":"2025-06-08T02:18:25","slug":"hug-style-multi-purpose-nursing-pillow","status":"publish","type":"product","link":"https:\/\/babypillowwholesale.com\/nb\/product\/hug-style-multi-purpose-nursing-pillow\/","title":{"rendered":"Hug - style Flerfunksjonell ammepute"},"content":{"rendered":"<div class=\"auto-hide-last-sibling-br paragraph-qzbcQC paragraph-element br-paragraph-space\" data-immersive-translate-walked=\"8e61f2e7-6af2-46e5-9672-3b9e4f4033d9\" data-immersive-translate-paragraph=\"1\">\n<div class=\"auto-hide-last-sibling-br paragraph-qzbcQC paragraph-element br-paragraph-space\">\n<div class=\"auto-hide-last-sibling-br paragraph-qzbcQC paragraph-element br-paragraph-space\">\n<div class=\"auto-hide-last-sibling-br paragraph-qzbcQC paragraph-element br-paragraph-space\">\n<div class=\"auto-hide-last-sibling-br paragraph-qzbcQC paragraph-element br-paragraph-space\">\n<div class=\"auto-hide-last-sibling-br paragraph-qzbcQC paragraph-element br-paragraph-space\">\n<div class=\"inter-wlTS5w\">\n<div class=\"container-QE4ayg\">\n<div class=\"item-jU10IN\">\n<div class=\"container-jODEnh chrome70-container\">\n<div class=\"inner-eE95c9 inner-item-aL3Ui_\" data-target-id=\"message-box-target-id\" data-testid=\"union_message\">\n<div class=\"message-block-container-liuetz\" data-testid=\"message-block-container\">\n<div class=\"message-box-ZWbBdF\" data-testid=\"receive_message\">\n<div class=\"message-box-content-wrapper-srHdUj\">\n<div class=\"message-content message-box-content-otxGGw receive-message-box-content-_lREFj samantha-message-box-content-Qjmpja\" data-testid=\"message_content\">\n<div class=\"container-hfX5E8 flow-markdown-body theme-samantha-yJEgBp\" dir=\"ltr\" data-testid=\"message_text_content\" data-show-indicator=\"false\">\n<div class=\"auto-hide-last-sibling-br paragraph-qzbcQC paragraph-element br-paragraph-space\">\n<div class=\"auto-hide-last-sibling-br paragraph-qzbcQC paragraph-element br-paragraph-space\">\n<div class=\"auto-hide-last-sibling-br paragraph-qzbcQC paragraph-element br-paragraph-space\">\n<div class=\"auto-hide-last-sibling-br paragraph-qzbcQC paragraph-element br-paragraph-space\">\n<div class=\"message-box-content-wrapper-srHdUj\">\n<div class=\"message-content message-box-content-otxGGw receive-message-box-content-_lREFj samantha-message-box-content-Qjmpja\" data-testid=\"message_content\">\n<div class=\"container-hfX5E8 flow-markdown-body theme-samantha-yJEgBp\" dir=\"ltr\" data-testid=\"message_text_content\" data-show-indicator=\"false\">\n<div class=\"auto-hide-last-sibling-br paragraph-qzbcQC paragraph-element br-paragraph-space\">Vi presenterer Hug - style Multi - purpose ammepute, en pleiende pute som er designet med kj\u00e6rlighet for ammende m\u00f8dre. Den ergonomisk formede U-formen, som m\u00e5ler 46**.<em>42*<\/em>13 cm, omslutter mors kropp p\u00e5 en elegant m\u00e5te og skaper en varm, st\u00f8ttende omfavnelse. Denne gjennomtenkte designen er en stor fordel under matingen, og gir babyen en stabil og komfortabel sitteplass, samtidig som den avlaster mors armer og rygg. Putens overflate har en myk, strukturert overflate som kj\u00e6rtegner babyens sarte hud og s\u00f8rger for en sk\u00e5nsom og behagelig opplevelse.<\/div>\n<p>&nbsp;<\/p>\n<div class=\"auto-hide-last-sibling-br paragraph-qzbcQC paragraph-element br-paragraph-space\">Den finnes i en palett av vakre farger - myk rosa, beroligende bl\u00e5, n\u00f8ytral gr\u00e5 og munter gul - og kombinerer s\u00f8ml\u00f8st funksjonalitet med et snev av stil, slik at den passer rett inn i ethvert barnerom. Men allsidigheten stopper ikke bare ved amming. Den forvandles til en p\u00e5litelig st\u00f8tte for babyen n\u00e5r den leker, og tilbyr et trygt og koselig sted for utforskning. For m\u00f8drene fungerer den ogs\u00e5 som et mykt ryggst\u00f8, perfekt for en avslappende stund mellom stellet av de sm\u00e5.<\/div>\n<p>&nbsp;<\/p>\n<div class=\"auto-hide-last-sibling-br paragraph-qzbcQC paragraph-element br-paragraph-space\">M\u00f8drene har v\u00e6rt overstr\u00f8mmende i sine lovord. \"Denne ammeputen er en livredder! Den gj\u00f8r ammingen s\u00e5 mye enklere og mer komfortabel. Jeg vet ikke hvordan jeg klarte meg uten den\", sa en nybakt mamma. En annen legger til: \"Jeg elsker at den ikke bare er til amming. Jeg bruker den til \u00e5 st\u00f8tte babyen n\u00e5r jeg ligger p\u00e5 magen, og som ryggst\u00f8tte n\u00e5r jeg leser i sengen. Den er s\u00e5 praktisk og multifunksjonell.\"<\/div>\n<p>&nbsp;<\/p>\n<div class=\"auto-hide-last-sibling-br paragraph-qzbcQC paragraph-element br-paragraph-space\">I bunn og grunn er Hug - style Multi - purpose Nursing Pillow mer enn bare en pute; den er en p\u00e5litelig f\u00f8lgesvenn for m\u00f8dre, noe som forbedrer tilknytningen til babyen og gir komfort og bekvemmelighet i de f\u00f8rste dagene og senere.<\/div>\n<\/div>\n<\/div>\n<\/div>\n<\/div>\n<\/div>\n<\/div>\n<\/div>\n<\/div>\n<\/div>\n<\/div>\n<\/div>\n<\/div>\n<\/div>\n<\/div>\n<\/div>\n<\/div>\n<\/div>\n<\/div>\n<\/div>\n<\/div>\n<\/div>\n<\/div>\n<\/div>","protected":false},"excerpt":{"rendered":"<p>Hug - style Multi - purpose ammepute er et uunnv\u00e6rlig hjelpemiddel for ammende m\u00f8dre. Den ergonomiske U-formede designen, med en st\u00f8rrelse p\u00e5 46**.<em>42*<\/em>13CM, legger seg komfortabelt rundt mors kropp og gir stabil st\u00f8tte til babyen under mating. Dette bidrar til \u00e5 redusere belastningen p\u00e5 mors armer og rygg, noe som gj\u00f8r ammeprosessen mer behagelig og avslappende. Overflaten har en myk, strukturert overflate som er sk\u00e5nsom mot babyens hud. Den er tilgjengelig i en rekke farger, inkludert rosa, bl\u00e5, gr\u00e5 og gul, og kombinerer funksjonalitet med et snev av stil. I tillegg til \u00e5 brukes til amming kan den ogs\u00e5 brukes til \u00e5 st\u00f8tte babyen under lek eller som et komfortabelt ryggst\u00f8tte for mor, noe som gj\u00f8r den til et virkelig multifunksjonelt tilskudd til barnerommet.<\/p>","protected":false},"featured_media":3449,"comment_status":"open","ping_status":"closed","template":"","meta":{"_uag_custom_page_level_css":"","site-sidebar-layout":"default","site-content-layout":"","ast-site-content-layout":"default","site-content-style":"default","site-sidebar-style":"default","ast-global-header-display":"","ast-banner-title-visibility":"","ast-main-header-display":"","ast-hfb-above-header-display":"","ast-hfb-below-header-display":"","ast-hfb-mobile-header-display":"","site-post-title":"","ast-breadcrumbs-content":"","ast-featured-img":"","footer-sml-layout":"","ast-disable-related-posts":"","theme-transparent-header-meta":"default","adv-header-id-meta":"","stick-header-meta":"","header-above-stick-meta":"","header-main-stick-meta":"","header-below-stick-meta":"","astra-migrate-meta-layouts":"set","ast-page-background-enabled":"default","ast-page-background-meta":{"desktop":{"background-color":"","background-image":"","background-repeat":"repeat","background-position":"center center","background-size":"auto","background-attachment":"scroll","background-type":"","background-media":"","overlay-type":"","overlay-color":"","overlay-opacity":"","overlay-gradient":""},"tablet":{"background-color":"","background-image":"","background-repeat":"repeat","background-position":"center center","background-size":"auto","background-attachment":"scroll","background-type":"","background-media":"","overlay-type":"","overlay-color":"","overlay-opacity":"","overlay-gradient":""},"mobile":{"background-color":"","background-image":"","background-repeat":"repeat","background-position":"center center","background-size":"auto","background-attachment":"scroll","background-type":"","background-media":"","overlay-type":"","overlay-color":"","overlay-opacity":"","overlay-gradient":""}},"ast-content-background-meta":{"desktop":{"background-color":"var(--ast-global-color-5)","background-image":"","background-repeat":"repeat","background-position":"center center","background-size":"auto","background-attachment":"scroll","background-type":"","background-media":"","overlay-type":"","overlay-color":"","overlay-opacity":"","overlay-gradient":""},"tablet":{"background-color":"var(--ast-global-color-5)","background-image":"","background-repeat":"repeat","background-position":"center center","background-size":"auto","background-attachment":"scroll","background-type":"","background-media":"","overlay-type":"","overlay-color":"","overlay-opacity":"","overlay-gradient":""},"mobile":{"background-color":"var(--ast-global-color-5)","background-image":"","background-repeat":"repeat","background-position":"center center","background-size":"auto","background-attachment":"scroll","background-type":"","background-media":"","overlay-type":"","overlay-color":"","overlay-opacity":"","overlay-gradient":""}}},"product_brand":[],"product_cat":[21],"product_tag":[70,68,71,69],"class_list":{"0":"post-3448","1":"product","2":"type-product","3":"status-publish","4":"has-post-thumbnail","6":"product_cat-others","7":"product_tag-babypillow","8":"product_tag-cuteanimalpillow","9":"product_tag-headshapesupport","10":"product_tag-kouniushapingpillow","11":"desktop-align-left","12":"tablet-align-left","13":"mobile-align-left","15":"first","16":"instock","17":"shipping-taxable","18":"product-type-simple"},"aioseo_notices":[],"uagb_featured_image_src":{"full":["https:\/\/babypillowwholesale.com\/wp-content\/uploads\/2025\/04\/1021.jpg",1000,1000,false],"thumbnail":["https:\/\/babypillowwholesale.com\/wp-content\/uploads\/2025\/04\/1021-150x150.jpg",150,150,true],"medium":["https:\/\/babypillowwholesale.com\/wp-content\/uploads\/2025\/04\/1021-300x300.jpg",300,300,true],"medium_large":["https:\/\/babypillowwholesale.com\/wp-content\/uploads\/2025\/04\/1021-768x768.jpg",768,768,true],"large":["https:\/\/babypillowwholesale.com\/wp-content\/uploads\/2025\/04\/1021.jpg",1000,1000,false],"1536x1536":["https:\/\/babypillowwholesale.com\/wp-content\/uploads\/2025\/04\/1021.jpg",1000,1000,false],"2048x2048":["https:\/\/babypillowwholesale.com\/wp-content\/uploads\/2025\/04\/1021.jpg",1000,1000,false],"trp-custom-language-flag":["https:\/\/babypillowwholesale.com\/wp-content\/uploads\/2025\/04\/1021.jpg",12,12,false],"woocommerce_thumbnail":["https:\/\/babypillowwholesale.com\/wp-content\/uploads\/2025\/04\/1021-300x300.jpg",300,300,true],"woocommerce_single":["https:\/\/babypillowwholesale.com\/wp-content\/uploads\/2025\/04\/1021-600x600.jpg",600,600,true],"woocommerce_gallery_thumbnail":["https:\/\/babypillowwholesale.com\/wp-content\/uploads\/2025\/04\/1021-100x100.jpg",100,100,true]},"uagb_author_info":{"display_name":"Etnen zhong","author_link":"https:\/\/babypillowwholesale.com\/nb\/author\/"},"uagb_comment_info":0,"uagb_excerpt":"The Hug - style Multi - purpose Nursing Pillow is an essential aid for nursing mothers. Its ergonomic U - shaped design, sized at 46*42*13CM, comfortably wraps around the mother's body, providing stable support for the baby during feeding. This helps reduce strain on the mother's arms and back, making the nursing process more comfortable&hellip;","jetpack_sharing_enabled":true,"_links":{"self":[{"href":"https:\/\/babypillowwholesale.com\/nb\/wp-json\/wp\/v2\/product\/3448","targetHints":{"allow":["GET"]}}],"collection":[{"href":"https:\/\/babypillowwholesale.com\/nb\/wp-json\/wp\/v2\/product"}],"about":[{"href":"https:\/\/babypillowwholesale.com\/nb\/wp-json\/wp\/v2\/types\/product"}],"replies":[{"embeddable":true,"href":"https:\/\/babypillowwholesale.com\/nb\/wp-json\/wp\/v2\/comments?post=3448"}],"wp:featuredmedia":[{"embeddable":true,"href":"https:\/\/babypillowwholesale.com\/nb\/wp-json\/wp\/v2\/media\/3449"}],"wp:attachment":[{"href":"https:\/\/babypillowwholesale.com\/nb\/wp-json\/wp\/v2\/media?parent=3448"}],"wp:term":[{"taxonomy":"product_brand","embeddable":true,"href":"https:\/\/babypillowwholesale.com\/nb\/wp-json\/wp\/v2\/product_brand?post=3448"},{"taxonomy":"product_cat","embeddable":true,"href":"https:\/\/babypillowwholesale.com\/nb\/wp-json\/wp\/v2\/product_cat?post=3448"},{"taxonomy":"product_tag","embeddable":true,"href":"https:\/\/babypillowwholesale.com\/nb\/wp-json\/wp\/v2\/product_tag?post=3448"}],"curies":[{"name":"wp","href":"https:\/\/api.w.org\/{rel}","templated":true}]}}