{"id":3413,"date":"2025-04-15T09:53:58","date_gmt":"2025-04-15T09:53:58","guid":{"rendered":"https:\/\/babypillowwholesale.com\/?post_type=product&#038;p=3413"},"modified":"2025-06-08T03:16:48","modified_gmt":"2025-06-08T03:16:48","slug":"little-crocodile-childrens-pillow","status":"publish","type":"product","link":"https:\/\/babypillowwholesale.com\/nb\/product\/little-crocodile-childrens-pillow\/","title":{"rendered":"Liten krokodille barnepute"},"content":{"rendered":"<div class=\"auto-hide-last-sibling-br paragraph-qzbcQC paragraph-element br-paragraph-space\" data-immersive-translate-walked=\"8e61f2e7-6af2-46e5-9672-3b9e4f4033d9\" data-immersive-translate-paragraph=\"1\">\n<div class=\"auto-hide-last-sibling-br paragraph-qzbcQC paragraph-element br-paragraph-space\">\n<div class=\"auto-hide-last-sibling-br paragraph-qzbcQC paragraph-element br-paragraph-space\">\n<div class=\"auto-hide-last-sibling-br paragraph-qzbcQC paragraph-element br-paragraph-space\">\n<div class=\"auto-hide-last-sibling-br paragraph-qzbcQC paragraph-element br-paragraph-space\">\n<div class=\"auto-hide-last-sibling-br paragraph-qzbcQC paragraph-element br-paragraph-space\">\n<div class=\"inter-wlTS5w\">\n<div class=\"container-QE4ayg\">\n<div class=\"item-jU10IN\">\n<div class=\"container-jODEnh chrome70-container\">\n<div class=\"inner-eE95c9 inner-item-aL3Ui_\" data-target-id=\"message-box-target-id\" data-testid=\"union_message\">\n<div class=\"message-block-container-liuetz\" data-testid=\"message-block-container\">\n<div class=\"message-box-ZWbBdF\" data-testid=\"receive_message\">\n<div class=\"message-box-content-wrapper-srHdUj\">\n<div class=\"message-content message-box-content-otxGGw receive-message-box-content-_lREFj samantha-message-box-content-Qjmpja\" data-testid=\"message_content\">\n<div class=\"container-hfX5E8 flow-markdown-body theme-samantha-yJEgBp\" dir=\"ltr\" data-testid=\"message_text_content\" data-show-indicator=\"false\">\n<div class=\"auto-hide-last-sibling-br paragraph-qzbcQC paragraph-element br-paragraph-space\">\n<div class=\"auto-hide-last-sibling-br paragraph-qzbcQC paragraph-element br-paragraph-space\">\n<div class=\"auto-hide-last-sibling-br paragraph-qzbcQC paragraph-element br-paragraph-space\">\n<div class=\"auto-hide-last-sibling-br paragraph-qzbcQC paragraph-element br-paragraph-space\">Little Crocodile barnepute er en fengslende og koselig sovepartner som er skreddersydd for barn i alderen 2-8 \u00e5r. Med sin spesifikasjon av\u00a0<span class=\"container-x_WhZC math-inline\" data-custom-copy-text=\"\\(45 \\times 28 \\times 3\/5 \\text{CM}\\)\"><span class=\"katex\"><span class=\"katex-html\" aria-hidden=\"true\"><span class=\"base\"><span class=\"mord\">45<\/span><span class=\"mbin\">\u00d7<\/span><\/span><span class=\"base\"><span class=\"mord\">28<\/span><span class=\"mbin\">\u00d7<\/span><\/span><span class=\"base\"><span class=\"mord\">3\/5<\/span><span class=\"mord text\"><span class=\"mord\">CM<\/span><\/span><\/span><\/span><\/span><\/span>Puten har en perfekt passform, og den gir god st\u00f8tte til hodet og nakken til de sm\u00e5 som sover. Puten har et herlig bl\u00e5tt design: en s\u00f8t liten krokodille, en str\u00e5lende sol, lekne ballonger og andre sjarmerende elementer danser over overflaten. Denne livlige illustrasjonen tilf\u00f8rer soverommet et innfall og gj\u00f8r det til en verden av moro. Den er laget av ultramyke materialer og sv\u00f8per barnet inn i en koselig omfavnelse, noe som sikrer en avslappende og s\u00f8t s\u00f8vn. Enten det er sovetid etter en dag med lek eller leggetid etter en kveld med mye moro, er denne puten en ideell partner.<\/div>\n<p>&nbsp;<\/p>\n<div class=\"auto-hide-last-sibling-br paragraph-qzbcQC paragraph-element br-paragraph-space\">Foreldre elsker den. \"Barnet mitt er helt besatt av denne Little Crocodile Pillow! Designet er s\u00e5 s\u00f8tt og engasjerende, og den er s\u00e5 myk. Sengetid er n\u00e5 en glede,\" delte en mor. En pappa legger til: \"Kvaliteten imponerer meg. Den er godt laget og t\u00e5ler vask. Barnet mitt tar den til hver eneste lur - helt klart en favoritt.\"<\/div>\n<p>&nbsp;<\/p>\n<div class=\"auto-hide-last-sibling-br paragraph-qzbcQC paragraph-element br-paragraph-space\">Kort sagt harmonerer denne puten med komfort, s\u00f8t design og funksjonalitet, noe som gj\u00f8r den til et must for ethvert barns senget\u00f8y.<\/div>\n<\/div>\n<\/div>\n<\/div>\n<\/div>\n<\/div>\n<\/div>\n<\/div>\n<\/div>\n<\/div>\n<\/div>\n<\/div>\n<\/div>\n<\/div>\n<\/div>\n<\/div>\n<\/div>\n<\/div>\n<\/div>\n<\/div>","protected":false},"excerpt":{"rendered":"<p>Little Crocodile barnepute er en ideell sovepartner for barn i alderen 2-8 \u00e5r. Med en spesifikasjon p\u00e5 <span class=\"container-x_WhZC math-inline\" data-custom-copy-text=\"\\(45 \\times 28 \\times 3\/5 \\text{CM}\\)\"><span class=\"katex\"><span class=\"katex-html\" aria-hidden=\"true\"><span class=\"base\"><span class=\"mord\">45<\/span><span class=\"mbin\">\u00d7<\/span><\/span><span class=\"base\"><span class=\"mord\">28<\/span><span class=\"mbin\">\u00d7<\/span><\/span><span class=\"base\"><span class=\"mord\">3\/5<\/span><span class=\"mord text\"><span class=\"mord\">CM<\/span><\/span><\/span><\/span><\/span><\/span>Puten har en behagelig st\u00f8rrelse som gir god st\u00f8tte til hode og nakke. Puten er utsmykket med et sjarmerende bl\u00e5farget design med en s\u00f8t liten krokodille, sammen med elementer som sol, ballonger og tr\u00e6r, noe som gir et snev av innfall og moro. Puten er laget av myke materialer og s\u00f8rger for en koselig og avslappende s\u00f8vnopplevelse. Denne puten hjelper ikke bare barn med \u00e5 slappe av og sovne lett, men lyser ogs\u00e5 opp soverommet med sin herlige illustrasjon, noe som gj\u00f8r den til et flott tilskudd til senget\u00f8ykolleksjonen.<\/p>","protected":false},"featured_media":3414,"comment_status":"open","ping_status":"closed","template":"","meta":{"_uag_custom_page_level_css":"","site-sidebar-layout":"default","site-content-layout":"","ast-site-content-layout":"default","site-content-style":"default","site-sidebar-style":"default","ast-global-header-display":"","ast-banner-title-visibility":"","ast-main-header-display":"","ast-hfb-above-header-display":"","ast-hfb-below-header-display":"","ast-hfb-mobile-header-display":"","site-post-title":"","ast-breadcrumbs-content":"","ast-featured-img":"","footer-sml-layout":"","ast-disable-related-posts":"","theme-transparent-header-meta":"default","adv-header-id-meta":"","stick-header-meta":"","header-above-stick-meta":"","header-main-stick-meta":"","header-below-stick-meta":"","astra-migrate-meta-layouts":"set","ast-page-background-enabled":"default","ast-page-background-meta":{"desktop":{"background-color":"","background-image":"","background-repeat":"repeat","background-position":"center center","background-size":"auto","background-attachment":"scroll","background-type":"","background-media":"","overlay-type":"","overlay-color":"","overlay-opacity":"","overlay-gradient":""},"tablet":{"background-color":"","background-image":"","background-repeat":"repeat","background-position":"center center","background-size":"auto","background-attachment":"scroll","background-type":"","background-media":"","overlay-type":"","overlay-color":"","overlay-opacity":"","overlay-gradient":""},"mobile":{"background-color":"","background-image":"","background-repeat":"repeat","background-position":"center center","background-size":"auto","background-attachment":"scroll","background-type":"","background-media":"","overlay-type":"","overlay-color":"","overlay-opacity":"","overlay-gradient":""}},"ast-content-background-meta":{"desktop":{"background-color":"var(--ast-global-color-5)","background-image":"","background-repeat":"repeat","background-position":"center center","background-size":"auto","background-attachment":"scroll","background-type":"","background-media":"","overlay-type":"","overlay-color":"","overlay-opacity":"","overlay-gradient":""},"tablet":{"background-color":"var(--ast-global-color-5)","background-image":"","background-repeat":"repeat","background-position":"center center","background-size":"auto","background-attachment":"scroll","background-type":"","background-media":"","overlay-type":"","overlay-color":"","overlay-opacity":"","overlay-gradient":""},"mobile":{"background-color":"var(--ast-global-color-5)","background-image":"","background-repeat":"repeat","background-position":"center center","background-size":"auto","background-attachment":"scroll","background-type":"","background-media":"","overlay-type":"","overlay-color":"","overlay-opacity":"","overlay-gradient":""}}},"product_brand":[],"product_cat":[57,42],"product_tag":[70,68,71,69],"class_list":{"0":"post-3413","1":"product","2":"type-product","3":"status-publish","4":"has-post-thumbnail","6":"product_cat-2-to-8-years","7":"product_cat-merchandise","8":"product_tag-babypillow","9":"product_tag-cuteanimalpillow","10":"product_tag-headshapesupport","11":"product_tag-kouniushapingpillow","12":"desktop-align-left","13":"tablet-align-left","14":"mobile-align-left","16":"first","17":"instock","18":"shipping-taxable","19":"product-type-simple"},"aioseo_notices":[],"uagb_featured_image_src":{"full":["https:\/\/babypillowwholesale.com\/wp-content\/uploads\/2025\/04\/1633.jpg",1000,1000,false],"thumbnail":["https:\/\/babypillowwholesale.com\/wp-content\/uploads\/2025\/04\/1633-150x150.jpg",150,150,true],"medium":["https:\/\/babypillowwholesale.com\/wp-content\/uploads\/2025\/04\/1633-300x300.jpg",300,300,true],"medium_large":["https:\/\/babypillowwholesale.com\/wp-content\/uploads\/2025\/04\/1633-768x768.jpg",768,768,true],"large":["https:\/\/babypillowwholesale.com\/wp-content\/uploads\/2025\/04\/1633.jpg",1000,1000,false],"1536x1536":["https:\/\/babypillowwholesale.com\/wp-content\/uploads\/2025\/04\/1633.jpg",1000,1000,false],"2048x2048":["https:\/\/babypillowwholesale.com\/wp-content\/uploads\/2025\/04\/1633.jpg",1000,1000,false],"trp-custom-language-flag":["https:\/\/babypillowwholesale.com\/wp-content\/uploads\/2025\/04\/1633.jpg",12,12,false],"woocommerce_thumbnail":["https:\/\/babypillowwholesale.com\/wp-content\/uploads\/2025\/04\/1633-300x300.jpg",300,300,true],"woocommerce_single":["https:\/\/babypillowwholesale.com\/wp-content\/uploads\/2025\/04\/1633-600x600.jpg",600,600,true],"woocommerce_gallery_thumbnail":["https:\/\/babypillowwholesale.com\/wp-content\/uploads\/2025\/04\/1633-100x100.jpg",100,100,true]},"uagb_author_info":{"display_name":"Etnen zhong","author_link":"https:\/\/babypillowwholesale.com\/nb\/author\/"},"uagb_comment_info":0,"uagb_excerpt":"The Little Crocodile Children's Pillow is an ideal sleep companion for children aged 2 - 8 years. With a specification of 45\u00d728\u00d73\/5CM, it offers a comfortable size that provides proper support for the head and neck. The pillow is adorned with a charming blue - toned design featuring a cute little crocodile, along with elements&hellip;","jetpack_sharing_enabled":true,"_links":{"self":[{"href":"https:\/\/babypillowwholesale.com\/nb\/wp-json\/wp\/v2\/product\/3413","targetHints":{"allow":["GET"]}}],"collection":[{"href":"https:\/\/babypillowwholesale.com\/nb\/wp-json\/wp\/v2\/product"}],"about":[{"href":"https:\/\/babypillowwholesale.com\/nb\/wp-json\/wp\/v2\/types\/product"}],"replies":[{"embeddable":true,"href":"https:\/\/babypillowwholesale.com\/nb\/wp-json\/wp\/v2\/comments?post=3413"}],"wp:featuredmedia":[{"embeddable":true,"href":"https:\/\/babypillowwholesale.com\/nb\/wp-json\/wp\/v2\/media\/3414"}],"wp:attachment":[{"href":"https:\/\/babypillowwholesale.com\/nb\/wp-json\/wp\/v2\/media?parent=3413"}],"wp:term":[{"taxonomy":"product_brand","embeddable":true,"href":"https:\/\/babypillowwholesale.com\/nb\/wp-json\/wp\/v2\/product_brand?post=3413"},{"taxonomy":"product_cat","embeddable":true,"href":"https:\/\/babypillowwholesale.com\/nb\/wp-json\/wp\/v2\/product_cat?post=3413"},{"taxonomy":"product_tag","embeddable":true,"href":"https:\/\/babypillowwholesale.com\/nb\/wp-json\/wp\/v2\/product_tag?post=3413"}],"curies":[{"name":"wp","href":"https:\/\/api.w.org\/{rel}","templated":true}]}}