{"id":3393,"date":"2025-04-12T03:14:40","date_gmt":"2025-04-12T03:14:40","guid":{"rendered":"https:\/\/babypillowwholesale.com\/?post_type=product&#038;p=3393"},"modified":"2025-06-08T07:55:08","modified_gmt":"2025-06-08T07:55:08","slug":"shy-bear-contour-pillow","status":"publish","type":"product","link":"https:\/\/babypillowwholesale.com\/nb\/product\/shy-bear-contour-pillow\/","title":{"rendered":"Shy Bear Contour Pillow"},"content":{"rendered":"<div class=\"auto-hide-last-sibling-br paragraph-qzbcQC paragraph-element br-paragraph-space\" data-immersive-translate-walked=\"8e61f2e7-6af2-46e5-9672-3b9e4f4033d9\" data-immersive-translate-paragraph=\"1\">\n<div class=\"auto-hide-last-sibling-br paragraph-qzbcQC paragraph-element br-paragraph-space\">\n<div class=\"auto-hide-last-sibling-br paragraph-qzbcQC paragraph-element br-paragraph-space\">\n<div class=\"auto-hide-last-sibling-br paragraph-qzbcQC paragraph-element br-paragraph-space\">\n<div class=\"auto-hide-last-sibling-br paragraph-qzbcQC paragraph-element br-paragraph-space\">\n<div class=\"auto-hide-last-sibling-br paragraph-qzbcQC paragraph-element br-paragraph-space\">\n<div class=\"inter-wlTS5w\">\n<div class=\"container-QE4ayg\">\n<div class=\"item-jU10IN\">\n<div class=\"container-jODEnh chrome70-container\">\n<div class=\"inner-eE95c9 inner-item-aL3Ui_\" data-target-id=\"message-box-target-id\" data-testid=\"union_message\">\n<div class=\"message-block-container-liuetz\" data-testid=\"message-block-container\">\n<div class=\"message-box-ZWbBdF\" data-testid=\"receive_message\">\n<div class=\"message-box-content-wrapper-srHdUj\">\n<div class=\"message-content message-box-content-otxGGw receive-message-box-content-_lREFj samantha-message-box-content-Qjmpja\" data-testid=\"message_content\">\n<div class=\"container-hfX5E8 flow-markdown-body theme-samantha-yJEgBp\" dir=\"ltr\" data-testid=\"message_text_content\" data-show-indicator=\"false\">\n<div class=\"auto-hide-last-sibling-br paragraph-qzbcQC paragraph-element br-paragraph-space\">Vi presenterer Shy Bear Contour Pillow, en vakkert designet sovepute for barn i alderen 1 - 3 \u00e5r. Med sin sjarmerende spesifikasjon av\u00a0<span class=\"container-x_WhZC math-inline\" data-custom-copy-text=\"\\(51 \\times 27 \\times 4\/3 \\text{CM}\\)\"><span class=\"katex\"><span class=\"katex-html\" aria-hidden=\"true\"><span class=\"base\"><span class=\"mord\">51<\/span><span class=\"mbin\">\u00d7<\/span><\/span><span class=\"base\"><span class=\"mord\">27<\/span><span class=\"mbin\">\u00d7<\/span><\/span><span class=\"base\"><span class=\"mord\">4\/3<\/span><span class=\"mord text\"><span class=\"mord\">CM<\/span><\/span><\/span><\/span><\/span><\/span>Denne puten er skreddersydd for sm\u00e5 s\u00f8vngjengere. Puten er tilgjengelig i de fortryllende fargene rosa, m\u00f8rkegr\u00f8nn og bl\u00e5, og gir et livlig og herlig preg til ethvert soverom. Den er utsmykket med et s\u00f8tt, sjenert bj\u00f8rnem\u00f8nster som fanger barnas fantasi og gj\u00f8r leggetiden mer tiltalende.<\/div>\n<p>&nbsp;<\/p>\n<div class=\"auto-hide-last-sibling-br paragraph-qzbcQC paragraph-element br-paragraph-space\">Enten det er middagslur om ettermiddagen eller nattes\u00f8vn, er denne puten en perfekt f\u00f8lgesvenn. N\u00e5r barnet skal sove middagslur, gir den et koselig og st\u00f8ttende sted \u00e5 hvile, slik at det f\u00e5r en behagelig og forfriskende s\u00f8vn. N\u00e5r barnet sovner om natten, st\u00f8tter den konturformede designen hodet og nakken p\u00e5 en sk\u00e5nsom m\u00e5te og bidrar til en god sovestilling. De myke og behagelige materialene gir barnet en komfortabel og rolig s\u00f8vn.<\/div>\n<p>&nbsp;<\/p>\n<div class=\"auto-hide-last-sibling-br paragraph-qzbcQC paragraph-element br-paragraph-space\">Foreldre er begeistret for denne puten. \"Min 2 - \u00e5ring elsker Shy Bear Contour Pillow! Fargene er s\u00e5 livlige, og bj\u00f8rnem\u00f8nsteret er bed\u00e5rende. Den har blitt en favorittkompis n\u00e5r han skal sove og legge seg\", sier en forn\u00f8yd mamma. En annen pappa sier: \"Vi er imponert over kvaliteten. Det konturformede designet ser virkelig ut til \u00e5 st\u00f8tte barnets nakke godt. Det er et flott tillegg til senget\u00f8yet deres.\"<\/div>\n<p>&nbsp;<\/p>\n<div class=\"auto-hide-last-sibling-br paragraph-qzbcQC paragraph-element br-paragraph-space\">Shy Bear Contour Pillow kombinerer funksjonalitet, komfort og s\u00f8thet, noe som gj\u00f8r den til et ideelt valg for foreldre som \u00f8nsker et s\u00f8vntilbeh\u00f8r av h\u00f8y kvalitet som ogs\u00e5 gir barnet glede ved leggetid.<\/div>\n<\/div>\n<\/div>\n<\/div>\n<\/div>\n<\/div>\n<\/div>\n<\/div>\n<\/div>\n<\/div>\n<\/div>\n<div class=\"top-bcSEDJ\">\n<div class=\"container-jODEnh chrome70-container\"><\/div>\n<\/div>\n<\/div>\n<\/div>\n<\/div>\n<\/div>\n<\/div>\n<\/div>","protected":false},"excerpt":{"rendered":"<p>Shy Bear Contour Pillow er gjennomtenkt utformet for barn i alderen 1 - 3 \u00e5r. Med en spesifikasjon p\u00e5 51*.<em>27*<\/em>4\/3CM, og gir en skreddersydd passform for unge sovegjester. Den er tilgjengelig i sjarmerende nyanser - rosa, m\u00f8rkegr\u00f8nn og bl\u00e5 - og gir et livlig preg til ethvert soverom. Den er utsmykket med et s\u00f8tt, sjenert bj\u00f8rnem\u00f8nster som appellerer til barns fantasi. Den konturformede designen gir sk\u00e5nsom, men effektiv st\u00f8tte for hode og nakke, noe som fremmer en god sovestilling. Den er laget av myke, behagelige materialer og s\u00f8rger for en komfortabel og avslappende s\u00f8vn. Enten det er til middagsluren eller om natten, kombinerer denne puten funksjonalitet med s\u00f8t estetikk, noe som gj\u00f8r den til et perfekt valg for foreldre som \u00f8nsker kvalitet og sjarm i barnets senget\u00f8y.<\/p>","protected":false},"featured_media":3394,"comment_status":"open","ping_status":"closed","template":"","meta":{"_uag_custom_page_level_css":"","site-sidebar-layout":"default","site-content-layout":"","ast-site-content-layout":"default","site-content-style":"default","site-sidebar-style":"default","ast-global-header-display":"","ast-banner-title-visibility":"","ast-main-header-display":"","ast-hfb-above-header-display":"","ast-hfb-below-header-display":"","ast-hfb-mobile-header-display":"","site-post-title":"","ast-breadcrumbs-content":"","ast-featured-img":"","footer-sml-layout":"","ast-disable-related-posts":"","theme-transparent-header-meta":"default","adv-header-id-meta":"","stick-header-meta":"","header-above-stick-meta":"","header-main-stick-meta":"","header-below-stick-meta":"","astra-migrate-meta-layouts":"set","ast-page-background-enabled":"default","ast-page-background-meta":{"desktop":{"background-color":"","background-image":"","background-repeat":"repeat","background-position":"center center","background-size":"auto","background-attachment":"scroll","background-type":"","background-media":"","overlay-type":"","overlay-color":"","overlay-opacity":"","overlay-gradient":""},"tablet":{"background-color":"","background-image":"","background-repeat":"repeat","background-position":"center center","background-size":"auto","background-attachment":"scroll","background-type":"","background-media":"","overlay-type":"","overlay-color":"","overlay-opacity":"","overlay-gradient":""},"mobile":{"background-color":"","background-image":"","background-repeat":"repeat","background-position":"center center","background-size":"auto","background-attachment":"scroll","background-type":"","background-media":"","overlay-type":"","overlay-color":"","overlay-opacity":"","overlay-gradient":""}},"ast-content-background-meta":{"desktop":{"background-color":"var(--ast-global-color-5)","background-image":"","background-repeat":"repeat","background-position":"center center","background-size":"auto","background-attachment":"scroll","background-type":"","background-media":"","overlay-type":"","overlay-color":"","overlay-opacity":"","overlay-gradient":""},"tablet":{"background-color":"var(--ast-global-color-5)","background-image":"","background-repeat":"repeat","background-position":"center center","background-size":"auto","background-attachment":"scroll","background-type":"","background-media":"","overlay-type":"","overlay-color":"","overlay-opacity":"","overlay-gradient":""},"mobile":{"background-color":"var(--ast-global-color-5)","background-image":"","background-repeat":"repeat","background-position":"center center","background-size":"auto","background-attachment":"scroll","background-type":"","background-media":"","overlay-type":"","overlay-color":"","overlay-opacity":"","overlay-gradient":""}}},"product_brand":[],"product_cat":[56,42],"product_tag":[70,68,71,69],"class_list":{"0":"post-3393","1":"product","2":"type-product","3":"status-publish","4":"has-post-thumbnail","6":"product_cat-1-to-3-years","7":"product_cat-merchandise","8":"product_tag-babypillow","9":"product_tag-cuteanimalpillow","10":"product_tag-headshapesupport","11":"product_tag-kouniushapingpillow","12":"desktop-align-left","13":"tablet-align-left","14":"mobile-align-left","16":"first","17":"instock","18":"shipping-taxable","19":"product-type-simple"},"aioseo_notices":[],"uagb_featured_image_src":{"full":["https:\/\/babypillowwholesale.com\/wp-content\/uploads\/2025\/04\/1611.jpg",1000,1000,false],"thumbnail":["https:\/\/babypillowwholesale.com\/wp-content\/uploads\/2025\/04\/1611-150x150.jpg",150,150,true],"medium":["https:\/\/babypillowwholesale.com\/wp-content\/uploads\/2025\/04\/1611-300x300.jpg",300,300,true],"medium_large":["https:\/\/babypillowwholesale.com\/wp-content\/uploads\/2025\/04\/1611-768x768.jpg",768,768,true],"large":["https:\/\/babypillowwholesale.com\/wp-content\/uploads\/2025\/04\/1611.jpg",1000,1000,false],"1536x1536":["https:\/\/babypillowwholesale.com\/wp-content\/uploads\/2025\/04\/1611.jpg",1000,1000,false],"2048x2048":["https:\/\/babypillowwholesale.com\/wp-content\/uploads\/2025\/04\/1611.jpg",1000,1000,false],"trp-custom-language-flag":["https:\/\/babypillowwholesale.com\/wp-content\/uploads\/2025\/04\/1611.jpg",12,12,false],"woocommerce_thumbnail":["https:\/\/babypillowwholesale.com\/wp-content\/uploads\/2025\/04\/1611-300x300.jpg",300,300,true],"woocommerce_single":["https:\/\/babypillowwholesale.com\/wp-content\/uploads\/2025\/04\/1611-600x600.jpg",600,600,true],"woocommerce_gallery_thumbnail":["https:\/\/babypillowwholesale.com\/wp-content\/uploads\/2025\/04\/1611-100x100.jpg",100,100,true]},"uagb_author_info":{"display_name":"Etnen zhong","author_link":"https:\/\/babypillowwholesale.com\/nb\/author\/"},"uagb_comment_info":0,"uagb_excerpt":"The Shy Bear Contour Pillow is thoughtfully crafted for children aged 1 - 3 years. With its specification of 51*27*4\/3CM, it offers a tailored fit for young sleepers. Available in charming hues\u2014Pink, Dark Green, and Blue, it adds a vibrant touch to any bedroom. Adorned with a cute shy bear pattern, it appeals to children\u2019s&hellip;","jetpack_sharing_enabled":true,"_links":{"self":[{"href":"https:\/\/babypillowwholesale.com\/nb\/wp-json\/wp\/v2\/product\/3393","targetHints":{"allow":["GET"]}}],"collection":[{"href":"https:\/\/babypillowwholesale.com\/nb\/wp-json\/wp\/v2\/product"}],"about":[{"href":"https:\/\/babypillowwholesale.com\/nb\/wp-json\/wp\/v2\/types\/product"}],"replies":[{"embeddable":true,"href":"https:\/\/babypillowwholesale.com\/nb\/wp-json\/wp\/v2\/comments?post=3393"}],"wp:featuredmedia":[{"embeddable":true,"href":"https:\/\/babypillowwholesale.com\/nb\/wp-json\/wp\/v2\/media\/3394"}],"wp:attachment":[{"href":"https:\/\/babypillowwholesale.com\/nb\/wp-json\/wp\/v2\/media?parent=3393"}],"wp:term":[{"taxonomy":"product_brand","embeddable":true,"href":"https:\/\/babypillowwholesale.com\/nb\/wp-json\/wp\/v2\/product_brand?post=3393"},{"taxonomy":"product_cat","embeddable":true,"href":"https:\/\/babypillowwholesale.com\/nb\/wp-json\/wp\/v2\/product_cat?post=3393"},{"taxonomy":"product_tag","embeddable":true,"href":"https:\/\/babypillowwholesale.com\/nb\/wp-json\/wp\/v2\/product_tag?post=3393"}],"curies":[{"name":"wp","href":"https:\/\/api.w.org\/{rel}","templated":true}]}}