{"id":3389,"date":"2025-04-11T08:14:21","date_gmt":"2025-04-11T08:14:21","guid":{"rendered":"https:\/\/babypillowwholesale.com\/?post_type=product&#038;p=3389"},"modified":"2025-06-08T08:00:10","modified_gmt":"2025-06-08T08:00:10","slug":"heart-printed-shaping-pillow","status":"publish","type":"product","link":"https:\/\/babypillowwholesale.com\/nb\/product\/heart-printed-shaping-pillow\/","title":{"rendered":"Hjerte - Formende pute med trykk"},"content":{"rendered":"<div class=\"auto-hide-last-sibling-br paragraph-qzbcQC paragraph-element br-paragraph-space\" data-immersive-translate-walked=\"8e61f2e7-6af2-46e5-9672-3b9e4f4033d9\" data-immersive-translate-paragraph=\"1\">\n<div class=\"auto-hide-last-sibling-br paragraph-qzbcQC paragraph-element br-paragraph-space\">\n<div class=\"auto-hide-last-sibling-br paragraph-qzbcQC paragraph-element br-paragraph-space\">\n<div class=\"auto-hide-last-sibling-br paragraph-qzbcQC paragraph-element br-paragraph-space\">\n<div class=\"auto-hide-last-sibling-br paragraph-qzbcQC paragraph-element br-paragraph-space\">\n<div class=\"auto-hide-last-sibling-br paragraph-qzbcQC paragraph-element br-paragraph-space\">Vi presenterer Heart - Printed Shaping Pillow, en fengslende og uunnv\u00e6rlig sovepute som er skreddersydd for spedbarn i alderen 0 - 6 m\u00e5neder. Denne puten er en harmonisk blanding av skj\u00f8nnhet og funksjonalitet, med en overflate som fungerer som lerret for et herlig utvalg av tilfeldige trykk. Delikate hjerter, flagrende fugler og fine blomsterelementer danser over stoffet og skaper en visuell symfoni som beroliger sansene og fremkaller en f\u00f8lelse av varme og \u00f8mhet.<\/div>\n<p>&nbsp;<\/p>\n<div class=\"auto-hide-last-sibling-br paragraph-qzbcQC paragraph-element br-paragraph-space\">Puten er omhyggelig utformet og gir en sk\u00e5nsom, men likevel fast st\u00f8tte som er avgj\u00f8rende for \u00e5 forme og opprettholde babyens hode i de f\u00f8rste viktige m\u00e5nedene. Puten m\u00e5ler 27*.<em>26*<\/em>2,5 cm, passer den perfekt inn i babysengen og gir en koselig og trygg havn for den lille.<\/div>\n<p>&nbsp;<\/p>\n<div class=\"auto-hide-last-sibling-br paragraph-qzbcQC paragraph-element br-paragraph-space\">Se for deg at ditt dyrebare spedbarn ligger i barnesengen med hodet komfortabelt vugget av denne puten. Om dagen blir den et mykt og innbydende sted \u00e5 sove, og om natten gir den en f\u00f8lelse av trygghet og hjelper babyen din med \u00e5 sovne inn i en fredelig s\u00f8vn. Den tilf\u00f8rer ogs\u00e5 et snev av sjarm til barnerommet og gj\u00f8r det til et mer innbydende og hjertevarmende milj\u00f8.<\/div>\n<p>&nbsp;<\/p>\n<div class=\"auto-hide-last-sibling-br paragraph-qzbcQC paragraph-element br-paragraph-space\">Foreldrene har v\u00e6rt overstr\u00f8mmende i sine lovord om dette produktet. \"Jeg er helt forelsket i Heart - Printed Shaping Pillow! Den er ikke bare s\u00f8t, men ser ogs\u00e5 ut til \u00e5 holde babyen min s\u00e5 komfortabel. Trykkene er s\u00e5 s\u00f8te, og jeg elsker at den hjelper til med \u00e5 forme hodet\", sier en nybakt mamma. En pappa legger til: \"Vi har virkelig merket en forskjell i s\u00f8vnen til babyen v\u00e5r etter at vi begynte \u00e5 bruke denne puten. Den er godt laget, og designet passer perfekt til barnerommet v\u00e5rt. Et flott funn!\"<\/div>\n<p>&nbsp;<\/p>\n<div class=\"auto-hide-last-sibling-br paragraph-qzbcQC paragraph-element br-paragraph-space\">I bunn og grunn er den hjerteformende puten med trykk mer enn bare et senget\u00f8y; den er en kj\u00e6r del av babyens tidlige liv, og tilf\u00f8rer hvert eneste s\u00f8vnfylte \u00f8yeblikk komfort, s\u00f8thet og en f\u00f8lelse av trygghet.<\/div>\n<\/div>\n<\/div>\n<\/div>\n<\/div>\n<\/div>","protected":false},"excerpt":{"rendered":"<p>Heart - Printed Shaping Pillow er et sjarmerende og funksjonelt sovetilbeh\u00f8r designet for spedbarn i alderen 0 - 6 m\u00e5neder. Overflaten er utsmykket med nydelige, tilfeldige trykk av hjerter, fugler og blomsterelementer, noe som gir et s\u00f8tt og beroligende uttrykk. Den er laget med omhu og gir sk\u00e5nsom st\u00f8tte for \u00e5 forme og holde babyens hode p\u00e5 plass. M\u00e5ler 27* cm<em>26*<\/em>2,5 cm, passer den komfortabelt i babyens barneseng. Denne puten gir ikke bare et mykt og koselig hvilested for babyen, men tilf\u00f8rer ogs\u00e5 et snev av varme og s\u00f8thet til barnerommet, noe som gj\u00f8r den til et ideelt valg for \u00e5 sikre et fredelig s\u00f8vnmilj\u00f8 for den lille.<\/p>","protected":false},"featured_media":3390,"comment_status":"open","ping_status":"closed","template":"","meta":{"_uag_custom_page_level_css":"","site-sidebar-layout":"default","site-content-layout":"","ast-site-content-layout":"default","site-content-style":"default","site-sidebar-style":"default","ast-global-header-display":"","ast-banner-title-visibility":"","ast-main-header-display":"","ast-hfb-above-header-display":"","ast-hfb-below-header-display":"","ast-hfb-mobile-header-display":"","site-post-title":"","ast-breadcrumbs-content":"","ast-featured-img":"","footer-sml-layout":"","ast-disable-related-posts":"","theme-transparent-header-meta":"default","adv-header-id-meta":"","stick-header-meta":"","header-above-stick-meta":"","header-main-stick-meta":"","header-below-stick-meta":"","astra-migrate-meta-layouts":"set","ast-page-background-enabled":"default","ast-page-background-meta":{"desktop":{"background-color":"","background-image":"","background-repeat":"repeat","background-position":"center center","background-size":"auto","background-attachment":"scroll","background-type":"","background-media":"","overlay-type":"","overlay-color":"","overlay-opacity":"","overlay-gradient":""},"tablet":{"background-color":"","background-image":"","background-repeat":"repeat","background-position":"center center","background-size":"auto","background-attachment":"scroll","background-type":"","background-media":"","overlay-type":"","overlay-color":"","overlay-opacity":"","overlay-gradient":""},"mobile":{"background-color":"","background-image":"","background-repeat":"repeat","background-position":"center center","background-size":"auto","background-attachment":"scroll","background-type":"","background-media":"","overlay-type":"","overlay-color":"","overlay-opacity":"","overlay-gradient":""}},"ast-content-background-meta":{"desktop":{"background-color":"var(--ast-global-color-5)","background-image":"","background-repeat":"repeat","background-position":"center center","background-size":"auto","background-attachment":"scroll","background-type":"","background-media":"","overlay-type":"","overlay-color":"","overlay-opacity":"","overlay-gradient":""},"tablet":{"background-color":"var(--ast-global-color-5)","background-image":"","background-repeat":"repeat","background-position":"center center","background-size":"auto","background-attachment":"scroll","background-type":"","background-media":"","overlay-type":"","overlay-color":"","overlay-opacity":"","overlay-gradient":""},"mobile":{"background-color":"var(--ast-global-color-5)","background-image":"","background-repeat":"repeat","background-position":"center center","background-size":"auto","background-attachment":"scroll","background-type":"","background-media":"","overlay-type":"","overlay-color":"","overlay-opacity":"","overlay-gradient":""}}},"product_brand":[],"product_cat":[54,42],"product_tag":[70,68,71,69],"class_list":{"0":"post-3389","1":"product","2":"type-product","3":"status-publish","4":"has-post-thumbnail","6":"product_cat-0-to-6months","7":"product_cat-merchandise","8":"product_tag-babypillow","9":"product_tag-cuteanimalpillow","10":"product_tag-headshapesupport","11":"product_tag-kouniushapingpillow","12":"desktop-align-left","13":"tablet-align-left","14":"mobile-align-left","16":"first","17":"instock","18":"shipping-taxable","19":"product-type-simple"},"aioseo_notices":[],"uagb_featured_image_src":{"full":["https:\/\/babypillowwholesale.com\/wp-content\/uploads\/2025\/04\/1009.jpg",1000,1000,false],"thumbnail":["https:\/\/babypillowwholesale.com\/wp-content\/uploads\/2025\/04\/1009-150x150.jpg",150,150,true],"medium":["https:\/\/babypillowwholesale.com\/wp-content\/uploads\/2025\/04\/1009-300x300.jpg",300,300,true],"medium_large":["https:\/\/babypillowwholesale.com\/wp-content\/uploads\/2025\/04\/1009-768x768.jpg",768,768,true],"large":["https:\/\/babypillowwholesale.com\/wp-content\/uploads\/2025\/04\/1009.jpg",1000,1000,false],"1536x1536":["https:\/\/babypillowwholesale.com\/wp-content\/uploads\/2025\/04\/1009.jpg",1000,1000,false],"2048x2048":["https:\/\/babypillowwholesale.com\/wp-content\/uploads\/2025\/04\/1009.jpg",1000,1000,false],"trp-custom-language-flag":["https:\/\/babypillowwholesale.com\/wp-content\/uploads\/2025\/04\/1009.jpg",12,12,false],"woocommerce_thumbnail":["https:\/\/babypillowwholesale.com\/wp-content\/uploads\/2025\/04\/1009-300x300.jpg",300,300,true],"woocommerce_single":["https:\/\/babypillowwholesale.com\/wp-content\/uploads\/2025\/04\/1009-600x600.jpg",600,600,true],"woocommerce_gallery_thumbnail":["https:\/\/babypillowwholesale.com\/wp-content\/uploads\/2025\/04\/1009-100x100.jpg",100,100,true]},"uagb_author_info":{"display_name":"Etnen zhong","author_link":"https:\/\/babypillowwholesale.com\/nb\/author\/"},"uagb_comment_info":0,"uagb_excerpt":"The Heart - Printed Shaping Pillow is a charming and functional sleep accessory designed for infants aged 0 - 6 months. Its surface is adorned with lovely random prints of hearts, birds, and floral elements, creating a sweet and soothing visual appeal. Crafted with care, it provides gentle support to help shape and maintain the&hellip;","jetpack_sharing_enabled":true,"_links":{"self":[{"href":"https:\/\/babypillowwholesale.com\/nb\/wp-json\/wp\/v2\/product\/3389","targetHints":{"allow":["GET"]}}],"collection":[{"href":"https:\/\/babypillowwholesale.com\/nb\/wp-json\/wp\/v2\/product"}],"about":[{"href":"https:\/\/babypillowwholesale.com\/nb\/wp-json\/wp\/v2\/types\/product"}],"replies":[{"embeddable":true,"href":"https:\/\/babypillowwholesale.com\/nb\/wp-json\/wp\/v2\/comments?post=3389"}],"wp:featuredmedia":[{"embeddable":true,"href":"https:\/\/babypillowwholesale.com\/nb\/wp-json\/wp\/v2\/media\/3390"}],"wp:attachment":[{"href":"https:\/\/babypillowwholesale.com\/nb\/wp-json\/wp\/v2\/media?parent=3389"}],"wp:term":[{"taxonomy":"product_brand","embeddable":true,"href":"https:\/\/babypillowwholesale.com\/nb\/wp-json\/wp\/v2\/product_brand?post=3389"},{"taxonomy":"product_cat","embeddable":true,"href":"https:\/\/babypillowwholesale.com\/nb\/wp-json\/wp\/v2\/product_cat?post=3389"},{"taxonomy":"product_tag","embeddable":true,"href":"https:\/\/babypillowwholesale.com\/nb\/wp-json\/wp\/v2\/product_tag?post=3389"}],"curies":[{"name":"wp","href":"https:\/\/api.w.org\/{rel}","templated":true}]}}